{"id":28640,"date":"2017-02-16T09:16:27","date_gmt":"2017-02-16T08:16:27","guid":{"rendered":"http:\/\/mxajfmgl.preview.infomaniak.website\/?page_id=38"},"modified":"2024-08-19T11:42:45","modified_gmt":"2024-08-19T09:42:45","slug":"wine_courses","status":"publish","type":"page","link":"https:\/\/beverageinstitute.ch\/de\/wine_courses\/","title":{"rendered":"Weinkurse"},"content":{"rendered":"\n<div style=\"width: 525px;\" class=\"wp-video\"><video class=\"wp-video-shortcode\" id=\"video-28640-1\" width=\"525\" height=\"525\" preload=\"metadata\" controls=\"controls\"><source type=\"video\/mp4\" src=\"https:\/\/beverageinstitute.ch\/wp-content\/uploads\/2024\/08\/winecourses.mp4?_=1\" \/><a href=\"https:\/\/beverageinstitute.ch\/wp-content\/uploads\/2024\/08\/winecourses.mp4\">https:\/\/beverageinstitute.ch\/wp-content\/uploads\/2024\/08\/winecourses.mp4<\/a><\/video><\/div>\n\n\n\n<p>Alle unsere Kurse sind modular aufgebaut und bauen auf dem im vorherigen Modul erworbenen Wissen auf.<\/p>\n\n\n\n<p>Die Module k\u00f6nnen als eigenst\u00e4ndige Kurse belegt oder nacheinander abgeschlossen werden, um Ihr Wissen zu erweitern und eine Qualifikation zu erlangen. <\/p>\n\n\n\n<p>Alle unsere Kurse sind in Disziplinen gegliedert &#8211; <\/p>\n\n\n\n<ul class=\"wp-block-list\">\n<li><strong>Produktwissen &#8211; <em>Wein:<\/em><\/strong>\n<ul class=\"wp-block-list\">\n<li>Niveau 1 &#8211; Einf\u00fchrung in Wein und Schweizer Wein<\/li>\n\n\n\n<li>Niveau 2 &#8211; WSET\u00ae in Weine<\/li>\n\n\n\n<li>Niveau 3 &#8211; WSET\u00ae in Weine<\/li>\n\n\n\n<li>Niveau 3 &#8211; Advanced Zertifikatslehrgang in Schweizer Wein<\/li>\n<\/ul>\n<\/li>\n<\/ul>\n\n\n\n<ul class=\"wp-block-list\">\n<li><strong>Workshops <\/strong>zu bestimmten Themen bereichen, um das Wissen ohne den Druck einer Pr\u00fcfung zu vertiefen<\/li>\n<\/ul>\n\n\n\n<ul class=\"wp-block-list\">\n<li>Niveau 1 &#8211; Kurse sind einf\u00fchrend f\u00fcr das Thema &#8211; die Lehre und Bewertung finden alle am selben Tag <em>(ein-t\u00e4giger Kurs) <\/em>statt<\/li>\n\n\n\n<li>Niveau 2 &#8211; Kurse gehen tiefer in das Thema und decken in der Regel eine breitere Palette von Informationen. Kursdauer in der Regel drei Tage mit der Pr\u00fcfung am letzten Tag des Kurses<\/li>\n\n\n\n<li>Niveau 3 &#8211; Kurse basieren sich auf einem fundierten Vorkenntnis von Niveau 2 Wissen und gehen dann viel weiter. Man erwartet, dass die F\u00e4higkeit, verwendete Produktionsmethoden f\u00fcr ein bestimmtes Produkt erkannt und erkl\u00e4rt werden k\u00f6nnen<\/li>\n\n\n\n<li>Niveau 4 &#8211; Kurse verwenden faktische und theoretische Kenntnisse in breiten Kontexten innerhalb eines Arbeits- oder Studienbereichs und sind in der Lage, Kontexte zu analysieren und L\u00f6sungen anzupassen um Managemententscheidungen zu treffen<\/li>\n<\/ul>\n\n\n\n<p><em>Sollten Sie unsere Hilfe bei der Auswahl eines geeigneten Kurses, oder weitere Informationen zu unserenen Kursen<\/em> ben\u00f6tigen, z\u00f6gern Sie bitte nicht uns zu kontaktieren.<\/p>\n","protected":false},"excerpt":{"rendered":"<p>Alle unsere Kurse sind modular aufgebaut und bauen auf dem im vorherigen Modul erworbenen Wissen auf. Die Module k\u00f6nnen als eigenst\u00e4ndige Kurse belegt oder nacheinander abgeschlossen werden, um Ihr Wissen zu erweitern und eine Qualifikation zu erlangen. Alle unsere Kurse sind in Disziplinen gegliedert &#8211; Sollten Sie unsere Hilfe bei der Auswahl eines geeigneten Kurses, &hellip; <\/p>\n<p class=\"link-more\"><a href=\"https:\/\/beverageinstitute.ch\/de\/wine_courses\/\" class=\"more-link\"><span class=\"screen-reader-text\">\u201eWeinkurse\u201c <\/span>weiterlesen<\/a><\/p>\n","protected":false},"author":1,"featured_media":28876,"parent":0,"menu_order":0,"comment_status":"closed","ping_status":"closed","template":"","meta":{"footnotes":""},"class_list":["post-28640","page","type-page","status-publish","has-post-thumbnail","hentry"],"translation":{"provider":"WPGlobus","version":"3.0.2","language":"de","enabled_languages":["en","de","fr","it"],"languages":{"en":{"title":true,"content":true,"excerpt":false},"de":{"title":true,"content":true,"excerpt":false},"fr":{"title":true,"content":true,"excerpt":false},"it":{"title":true,"content":true,"excerpt":false}}},"_links":{"self":[{"href":"https:\/\/beverageinstitute.ch\/de\/wp-json\/wp\/v2\/pages\/28640","targetHints":{"allow":["GET"]}}],"collection":[{"href":"https:\/\/beverageinstitute.ch\/de\/wp-json\/wp\/v2\/pages"}],"about":[{"href":"https:\/\/beverageinstitute.ch\/de\/wp-json\/wp\/v2\/types\/page"}],"author":[{"embeddable":true,"href":"https:\/\/beverageinstitute.ch\/de\/wp-json\/wp\/v2\/users\/1"}],"replies":[{"embeddable":true,"href":"https:\/\/beverageinstitute.ch\/de\/wp-json\/wp\/v2\/comments?post=28640"}],"version-history":[{"count":17,"href":"https:\/\/beverageinstitute.ch\/de\/wp-json\/wp\/v2\/pages\/28640\/revisions"}],"predecessor-version":[{"id":36006,"href":"https:\/\/beverageinstitute.ch\/de\/wp-json\/wp\/v2\/pages\/28640\/revisions\/36006"}],"wp:featuredmedia":[{"embeddable":true,"href":"https:\/\/beverageinstitute.ch\/de\/wp-json\/wp\/v2\/media\/28876"}],"wp:attachment":[{"href":"https:\/\/beverageinstitute.ch\/de\/wp-json\/wp\/v2\/media?parent=28640"}],"curies":[{"name":"wp","href":"https:\/\/api.w.org\/{rel}","templated":true}]}}