{"id":28850,"date":"2020-12-26T23:52:55","date_gmt":"2020-12-26T22:52:55","guid":{"rendered":"https:\/\/beverageinstitute.ch\/?page_id=28850"},"modified":"2024-08-19T11:33:39","modified_gmt":"2024-08-19T09:33:39","slug":"brewing-courses","status":"publish","type":"page","link":"https:\/\/beverageinstitute.ch\/de\/brewing-courses\/","title":{"rendered":"Braukurse"},"content":{"rendered":"\n<div style=\"width: 525px;\" class=\"wp-video\"><video class=\"wp-video-shortcode\" id=\"video-28850-1\" width=\"525\" height=\"525\" preload=\"metadata\" controls=\"controls\"><source type=\"video\/mp4\" src=\"https:\/\/beverageinstitute.ch\/wp-content\/uploads\/2024\/08\/beercourses.mp4?_=1\" \/><a href=\"https:\/\/beverageinstitute.ch\/wp-content\/uploads\/2024\/08\/beercourses.mp4\">https:\/\/beverageinstitute.ch\/wp-content\/uploads\/2024\/08\/beercourses.mp4<\/a><\/video><\/div>\n\n\n\n<p>Alle unsere Kurse sind in Disziplinen gegliedert &#8211;&nbsp;<\/p>\n\n\n\n<ul class=\"wp-block-list\">\n<li><strong>Produktwissen &#8211; Bier<\/strong>\n<ul class=\"wp-block-list\">\n<li>Niveau 1 &#8211; Bier<strong> <\/strong>&#8211; Service, Hauptstile, Verkostung &amp; Fehlererkennung<\/li>\n\n\n\n<li>Niveau 2 &#8211; Qualifikation WSET\u00ae in Bier<\/li>\n<\/ul>\n<\/li>\n\n\n\n<li><strong>Produktion &#8211; Brauen<\/strong> &#8211; die technischen Details des Produktionsprozesses\n<ul class=\"wp-block-list\">\n<li>Zertifikat &#8211; Brauen in der Praxis<strong> <\/strong>&#8211; f\u00fcr alle, die gerade mit dem Brauen beginnen oder organisiert lernen m\u00f6chten<\/li>\n\n\n\n<li>Seminare &#8211; Brauen\n<ul class=\"wp-block-list\">\n<li>Fehlaromen in Bier erkennen und vermeiden<\/li>\n\n\n\n<li>Brauen unter Druck und F\u00fcllen von F\u00e4ssern unter Druck<\/li>\n<\/ul>\n<\/li>\n<\/ul>\n<\/li>\n<\/ul>\n\n\n\n<div style=\"width: 525px;\" class=\"wp-video\"><video class=\"wp-video-shortcode\" id=\"video-28850-2\" width=\"525\" height=\"525\" preload=\"metadata\" controls=\"controls\"><source type=\"video\/mp4\" src=\"https:\/\/beverageinstitute.ch\/wp-content\/uploads\/2024\/08\/brewingcourses.mp4?_=2\" \/><a href=\"https:\/\/beverageinstitute.ch\/wp-content\/uploads\/2024\/08\/brewingcourses.mp4\">https:\/\/beverageinstitute.ch\/wp-content\/uploads\/2024\/08\/brewingcourses.mp4<\/a><\/video><\/div>\n\n\n\n<p>Unsere Kurse sind so konzipiert, dass sie Sie durch die Abdeckung des praktischen Aspekts bei der Vorbereitung auf die Qualifikationen des Institute of Brewing and Distilling (IBD) unterst\u00fctzen<\/p>\n\n\n\n<ul>\n<li>Niveau 1 &#8211; Kurse sind Einf\u00fchrungskurse in die Materie &#8211; der Unterricht und die Bewertung finden alle am selben Tag statt <em>(eint\u00e4giger Kurs)<\/em><\/li>\n<li>Niveau 2 &#8211; Kurse gehen tiefer in die Materie ein und decken in der Regel ein breiteres Spektrum an Informationen ab. Die Kursdauer betr\u00e4gt in der Regel drei Tage mit der Pr\u00fcfung am letzten Tag des Kurses<\/li>\n<li>Niveau 3 &#8211; Kurse bauen auf den fundierten Vorkenntnissen von Niveau 2 auf und gehen dann deutlich weiter, wobei von Ihnen erwartet wird, dass Sie erkl\u00e4ren k\u00f6nnen, welche Produktionsmethoden eingesetzt wurden, um ein bestimmtes Produkt herzustellen<\/li>\n<li>Niveau\u00a0 4 &#8211; Kurse nutzen faktisches und theoretisches Wissen in breiten Zusammenh\u00e4ngen innerhalb eines Arbeits- oder Studienfeldes und Sie sind in der Lage, Zusammenh\u00e4nge zu analysieren und L\u00f6sungen anzupassen sowie Managemententscheidungen den Umst\u00e4nden entsprechend zu treffen<\/li>\n<\/ul>\n<p><em>Sollten Sie unsere Unterst\u00fctzung bei der Auswahl eines geeigneten Kurses ben\u00f6tigen oder weitere Informationen zu unseren Kursen w\u00fcnschen, z\u00f6gern Sie bitte nicht, uns zu kontaktieren<\/em><\/p>\n","protected":false},"excerpt":{"rendered":"<p>Alle unsere Kurse sind in Disziplinen gegliedert &#8211;&nbsp; Unsere Kurse sind so konzipiert, dass sie Sie durch die Abdeckung des praktischen Aspekts bei der Vorbereitung auf die Qualifikationen des Institute of Brewing and Distilling (IBD) unterst\u00fctzen Niveau 1 &#8211; Kurse sind Einf\u00fchrungskurse in die Materie &#8211; der Unterricht und die Bewertung finden alle am selben &hellip; <\/p>\n<p class=\"link-more\"><a href=\"https:\/\/beverageinstitute.ch\/de\/brewing-courses\/\" class=\"more-link\"><span class=\"screen-reader-text\">\u201eBraukurse\u201c <\/span>weiterlesen<\/a><\/p>\n","protected":false},"author":1,"featured_media":28886,"parent":0,"menu_order":0,"comment_status":"closed","ping_status":"closed","template":"","meta":{"footnotes":""},"class_list":["post-28850","page","type-page","status-publish","has-post-thumbnail","hentry"],"translation":{"provider":"WPGlobus","version":"3.0.2","language":"de","enabled_languages":["en","de","fr","it"],"languages":{"en":{"title":true,"content":true,"excerpt":false},"de":{"title":true,"content":true,"excerpt":false},"fr":{"title":true,"content":true,"excerpt":false},"it":{"title":true,"content":true,"excerpt":false}}},"_links":{"self":[{"href":"https:\/\/beverageinstitute.ch\/de\/wp-json\/wp\/v2\/pages\/28850","targetHints":{"allow":["GET"]}}],"collection":[{"href":"https:\/\/beverageinstitute.ch\/de\/wp-json\/wp\/v2\/pages"}],"about":[{"href":"https:\/\/beverageinstitute.ch\/de\/wp-json\/wp\/v2\/types\/page"}],"author":[{"embeddable":true,"href":"https:\/\/beverageinstitute.ch\/de\/wp-json\/wp\/v2\/users\/1"}],"replies":[{"embeddable":true,"href":"https:\/\/beverageinstitute.ch\/de\/wp-json\/wp\/v2\/comments?post=28850"}],"version-history":[{"count":36,"href":"https:\/\/beverageinstitute.ch\/de\/wp-json\/wp\/v2\/pages\/28850\/revisions"}],"predecessor-version":[{"id":35994,"href":"https:\/\/beverageinstitute.ch\/de\/wp-json\/wp\/v2\/pages\/28850\/revisions\/35994"}],"wp:featuredmedia":[{"embeddable":true,"href":"https:\/\/beverageinstitute.ch\/de\/wp-json\/wp\/v2\/media\/28886"}],"wp:attachment":[{"href":"https:\/\/beverageinstitute.ch\/de\/wp-json\/wp\/v2\/media?parent=28850"}],"curies":[{"name":"wp","href":"https:\/\/api.w.org\/{rel}","templated":true}]}}