{"id":28853,"date":"2020-12-26T23:54:05","date_gmt":"2020-12-26T22:54:05","guid":{"rendered":"https:\/\/beverageinstitute.ch\/?page_id=28853"},"modified":"2024-11-15T10:50:08","modified_gmt":"2024-11-15T09:50:08","slug":"distilling-courses","status":"publish","type":"page","link":"https:\/\/beverageinstitute.ch\/de\/distilling-courses\/","title":{"rendered":"Spirituosen und Destillationskurse"},"content":{"rendered":"\n<div style=\"width: 525px;\" class=\"wp-video\"><video class=\"wp-video-shortcode\" id=\"video-28853-1\" width=\"525\" height=\"525\" preload=\"metadata\" controls=\"controls\"><source type=\"video\/mp4\" src=\"https:\/\/beverageinstitute.ch\/wp-content\/uploads\/2024\/08\/spiritscourses.mp4?_=1\" \/><a href=\"https:\/\/beverageinstitute.ch\/wp-content\/uploads\/2024\/08\/spiritscourses.mp4\">https:\/\/beverageinstitute.ch\/wp-content\/uploads\/2024\/08\/spiritscourses.mp4<\/a><\/video><\/div>\n<p>Alle unsere Kurse sind modular aufgebaut und bauen auf dem im vorherigen Modul erworbenen Wissen auf.<\/p>\n<p>Die Module k\u00f6nnen als eigenst\u00e4ndige Kurse belegt oder nacheinander abgeschlossen werden, um Ihr Wissen zu erweitern und eine Qualifikation zu erlangen.<\/p>\n<p>Alle unsere Kurse sind in Disziplinen gegliedert &#8211;\u00a0<\/p>\n<ul>\n<li><strong>Produktwissen:\u00a0<\/strong> Spirituosen\n<ul>\n<li>Niveau 1 &#8211; Einf\u00fchrung in Spirituosen<\/li>\n<li>Niveau 2 &#8211; Spirituosen und Destillation<\/li>\n<li>Niveau 3 &#8211; WSET\u00ae Award in Spirituosen<\/li>\n<\/ul>\n<\/li>\n<\/ul>\n<div style=\"width: 525px;\" class=\"wp-video\"><video class=\"wp-video-shortcode\" id=\"video-28853-2\" width=\"525\" height=\"525\" preload=\"metadata\" controls=\"controls\"><source type=\"video\/mp4\" src=\"https:\/\/beverageinstitute.ch\/wp-content\/uploads\/2024\/08\/distilling.mp4?_=2\" \/><a href=\"https:\/\/beverageinstitute.ch\/wp-content\/uploads\/2024\/08\/distilling.mp4\">https:\/\/beverageinstitute.ch\/wp-content\/uploads\/2024\/08\/distilling.mp4<\/a><\/video><\/div>\n<p>Unsere Kurse <em>(destillieren) <\/em>sind so konzipiert, dass sie Sie durch die Abdeckung des praktischen Aspekts bei der Vorbereitung auf die Qualifikationen des Institute of Brewing and Distilling (IBD) unterst\u00fctzen.<\/p>\n<p><em>Bitte beachten Sie, dass wir mehr Erfahrung in der Herstellung von Spirituosen auf Getreidebasis und aromatisierten Spirituosen haben. Wenn Sie sich f\u00fcr das Brennen von Obst interessieren, empfehlen wir Ihnen die Brennkurse, die von Agroscope in der Schweiz angeboten werden<\/em><\/p>\n<ul>\n<li>Niveau 1 &#8211; Kurse sind Einf\u00fchrungskurse in die Materie &#8211; der Unterricht und die Bewertung finden alle am selben Tag statt\u00a0<em>(eint\u00e4giger Kurs)<\/em><\/li>\n<li>Niveau 2 &#8211; Kurse gehen tiefer in die Materie ein und decken in der Regel ein breiteres Spektrum an Informationen ab. Die Kursdauer betr\u00e4gt in der Regel drei Tage mit der Pr\u00fcfung am letzten Tag des Kurses<\/li>\n<li>Niveau 3 &#8211; Kurse bauen auf den fundierten Vorkenntnissen von Niveau 2 auf und gehen dann deutlich weiter, wobei von Ihnen erwartet wird, dass Sie erkl\u00e4ren k\u00f6nnen welche Produktionsmethoden eingesetzt wurden, um ein bestimmtes Produkt herzustellen<\/li>\n<li>Niveau 4 &#8211; Kurse nutzen faktisches und theoretisches Wissen in breiten Zusammenh\u00e4ngen innerhalb eines Arbeits- oder Studienfeldes und Sie sind in der Lage, Zusammenh\u00e4nge zu analysieren und L\u00f6sungen anzupassen sowie Managemententscheidungen den Umst\u00e4nden entsprechend zu treffen<\/li>\n<\/ul>\n<p><em>Solltes Sie unsere Unterst\u00fctzung bei der Auswahl eines geeigneten Kurses ben\u00f6tigen oder weitere Informationen zu unseren Kursen w\u00fcnschen, z\u00f6gern Sie bitte nicht, uns zu kontaktieren<\/em><\/p>\n","protected":false},"excerpt":{"rendered":"<p>Alle unsere Kurse sind modular aufgebaut und bauen auf dem im vorherigen Modul erworbenen Wissen auf. Die Module k\u00f6nnen als eigenst\u00e4ndige Kurse belegt oder nacheinander abgeschlossen werden, um Ihr Wissen zu erweitern und eine Qualifikation zu erlangen. Alle unsere Kurse sind in Disziplinen gegliedert &#8211;\u00a0 Produktwissen:\u00a0 Spirituosen Niveau 1 &#8211; Einf\u00fchrung in Spirituosen Niveau 2 &hellip; <\/p>\n<p class=\"link-more\"><a href=\"https:\/\/beverageinstitute.ch\/de\/distilling-courses\/\" class=\"more-link\"><span class=\"screen-reader-text\">\u201eSpirituosen und Destillationskurse\u201c <\/span>weiterlesen<\/a><\/p>\n","protected":false},"author":1,"featured_media":28889,"parent":0,"menu_order":0,"comment_status":"closed","ping_status":"closed","template":"","meta":{"footnotes":""},"class_list":["post-28853","page","type-page","status-publish","has-post-thumbnail","hentry"],"translation":{"provider":"WPGlobus","version":"3.0.2","language":"de","enabled_languages":["en","de","fr","it"],"languages":{"en":{"title":true,"content":true,"excerpt":false},"de":{"title":true,"content":true,"excerpt":false},"fr":{"title":true,"content":true,"excerpt":false},"it":{"title":true,"content":true,"excerpt":false}}},"_links":{"self":[{"href":"https:\/\/beverageinstitute.ch\/de\/wp-json\/wp\/v2\/pages\/28853","targetHints":{"allow":["GET"]}}],"collection":[{"href":"https:\/\/beverageinstitute.ch\/de\/wp-json\/wp\/v2\/pages"}],"about":[{"href":"https:\/\/beverageinstitute.ch\/de\/wp-json\/wp\/v2\/types\/page"}],"author":[{"embeddable":true,"href":"https:\/\/beverageinstitute.ch\/de\/wp-json\/wp\/v2\/users\/1"}],"replies":[{"embeddable":true,"href":"https:\/\/beverageinstitute.ch\/de\/wp-json\/wp\/v2\/comments?post=28853"}],"version-history":[{"count":47,"href":"https:\/\/beverageinstitute.ch\/de\/wp-json\/wp\/v2\/pages\/28853\/revisions"}],"predecessor-version":[{"id":36204,"href":"https:\/\/beverageinstitute.ch\/de\/wp-json\/wp\/v2\/pages\/28853\/revisions\/36204"}],"wp:featuredmedia":[{"embeddable":true,"href":"https:\/\/beverageinstitute.ch\/de\/wp-json\/wp\/v2\/media\/28889"}],"wp:attachment":[{"href":"https:\/\/beverageinstitute.ch\/de\/wp-json\/wp\/v2\/media?parent=28853"}],"curies":[{"name":"wp","href":"https:\/\/api.w.org\/{rel}","templated":true}]}}