{"id":28920,"date":"2020-12-27T11:57:00","date_gmt":"2020-12-27T10:57:00","guid":{"rendered":"https:\/\/beverageinstitute.ch\/?page_id=28920"},"modified":"2025-10-02T14:03:08","modified_gmt":"2025-10-02T12:03:08","slug":"pricing-wine-courses","status":"publish","type":"page","link":"https:\/\/beverageinstitute.ch\/de\/wine_courses\/pricing-wine-courses\/","title":{"rendered":"kurspreise &#8211; Weine"},"content":{"rendered":"\n<p><strong>Unsere Weinkurse<\/strong><\/p>\n<table style=\"border-collapse: collapse; width: 100%; height: 258px;\">\n<tbody>\n<tr style=\"height: 33px;\">\n<td style=\"width: 33.3333%; text-align: center; height: 33px;\"><strong>Kurs<\/strong><\/td>\n<td style=\"width: 33.3333%; text-align: center; height: 33px;\"><strong>mit Pr\u00fcfung<\/strong><\/td>\n<td style=\"width: 33.3333%; text-align: center; height: 33px;\"><strong>Kursdauer<\/strong><\/td>\n<\/tr>\n<tr style=\"height: 53px;\">\n<td style=\"width: 33.3333%; text-align: center; height: 53px;\">Niveau 1 &#8211; Einf\u00fchrung in Wein und Schweizer Weine<\/td>\n<td style=\"width: 33.3333%; text-align: center; height: 53px;\">CHF 360.&#8211;<\/td>\n<td style=\"width: 33.3333%; text-align: center; height: 53px;\">einen Tag<\/td>\n<\/tr>\n<tr style=\"height: 33px;\">\n<td style=\"width: 33.3333%; text-align: center; height: 33px;\">Niveau 2 &#8211; Qualifikation WSET\u00ae in Weine<\/td>\n<td style=\"width: 33.3333%; text-align: center; height: 33px;\">CHF 990.&#8211;<\/td>\n<td style=\"width: 33.3333%; text-align: center; height: 33px;\">3 Tage<\/td>\n<\/tr>\n<tr style=\"height: 53px;\">\n<td style=\"width: 33.3333%; text-align: center; height: 53px;\">Niveau 2 &#8211; Qualifikation WSET\u00ae in Weine* &#8211; <em>Fernstudium-Format<\/em><\/td>\n<td style=\"width: 33.3333%; text-align: center; height: 53px;\">CHF 445.&#8211;*<\/td>\n<td style=\"width: 33.3333%; text-align: center; height: 53px;\"><em>halber Tag f\u00fcr Verkostung und die Pr\u00fcfung in unseren R\u00e4umlichkeiten<\/em><\/td>\n<\/tr>\n<tr style=\"height: 33px;\">\n<td style=\"width: 33.3333%; text-align: center; height: 33px;\">Niveau 3 &#8211; Qualifikation WSET\u00ae in Weine<\/td>\n<td style=\"width: 33.3333%; text-align: center; height: 33px;\">CHF 1990.&#8211;<\/td>\n<td style=\"width: 33.3333%; text-align: center; height: 33px;\">6 Tage<\/td>\n<\/tr>\n<tr>\n<td style=\"width: 33.3333%; text-align: center;\">Niveau 3 &#8211; Qualifikation WSET\u00ae in Weine &#8211;\u00a0<em>Fernstudium-Format<\/em><\/td>\n<td style=\"width: 33.3333%; text-align: center;\">CHF 1280.&#8211;<\/td>\n<td style=\"width: 33.3333%; text-align: center;\"><em>halber Tag* f\u00fcr die Pr\u00fcfung in unseren Seminarr\u00e4umen<\/em><\/td>\n<\/tr>\n<tr style=\"height: 53px;\">\n<td style=\"width: 33.3333%; text-align: center; height: 53px;\">Niveau 3 &#8211; Advanced Zertifikat in Schweizer Weine<\/td>\n<td style=\"width: 33.3333%; text-align: center; height: 53px;\">CHF 890.&#8211;<\/td>\n<td style=\"width: 33.3333%; text-align: center; height: 53px;\">3 Tage<\/td>\n<\/tr>\n<\/tbody>\n<\/table>\n\n\n\n<p style=\"text-align: center;\"><strong>Unsere Seminare \u00fcber Wein<\/strong><\/p>\n<p style=\"text-align: center;\"><em>(die Workshops erlauben das vertiefte Lernen einer Materie, ohne den zus\u00e4tzlichen Stress einer Pr\u00fcfung<\/em><\/p>\n<table style=\"border-collapse: collapse; width: 100%;\">\n<tbody>\n<tr>\n<td style=\"width: 33.3333%; text-align: center;\"><strong>Workshop<\/strong><\/td>\n<td style=\"width: 33.3333%; text-align: center;\"><strong>ohne Pr\u00fcfung<\/strong><\/td>\n<td style=\"width: 33.3333%; text-align: center;\"><strong>Kursdauer<\/strong><\/td>\n<\/tr>\n<tr>\n<td style=\"width: 33.3333%; text-align: center;\">Champagner<\/td>\n<td style=\"width: 33.3333%; text-align: center;\">CHF 150.&#8211;<\/td>\n<td style=\"width: 33.3333%; text-align: center;\">1 Abend<\/td>\n<\/tr>\n<tr>\n<td style=\"width: 33.3333%; text-align: center;\">Portwein<\/td>\n<td style=\"width: 33.3333%; text-align: center;\">CHF 150.&#8211;<\/td>\n<td style=\"width: 33.3333%; text-align: center;\">1 Abend<\/td>\n<\/tr>\n<tr>\n<td style=\"width: 33.3333%; text-align: center;\">Welcher Wein zur Welche Speise<\/td>\n<td style=\"width: 33.3333%; text-align: center;\">CHF 280.&#8211;<\/td>\n<td style=\"width: 33.3333%; text-align: center;\">1 Tag<\/td>\n<\/tr>\n<tr>\n<td style=\"width: 33.3333%; text-align: center;\">Wine 4 Fun<\/td>\n<td style=\"width: 33.3333%; text-align: center;\"><em>auf Nachfrage<\/em><\/td>\n<td style=\"width: 33.3333%; text-align: center;\">1 Abend<\/td>\n<\/tr>\n<\/tbody>\n<\/table>\n","protected":false},"excerpt":{"rendered":"<p>Unsere Weinkurse Kurs mit Pr\u00fcfung Kursdauer Niveau 1 &#8211; Einf\u00fchrung in Wein und Schweizer Weine CHF 360.&#8211; einen Tag Niveau 2 &#8211; Qualifikation WSET\u00ae in Weine CHF 990.&#8211; 3 Tage Niveau 2 &#8211; Qualifikation WSET\u00ae in Weine* &#8211; Fernstudium-Format CHF 445.&#8211;* halber Tag f\u00fcr Verkostung und die Pr\u00fcfung in unseren R\u00e4umlichkeiten Niveau 3 &#8211; Qualifikation &hellip; <\/p>\n<p class=\"link-more\"><a href=\"https:\/\/beverageinstitute.ch\/de\/wine_courses\/pricing-wine-courses\/\" class=\"more-link\"><span class=\"screen-reader-text\">\u201ekurspreise &#8211; Weine\u201c <\/span>weiterlesen<\/a><\/p>\n","protected":false},"author":1,"featured_media":0,"parent":28640,"menu_order":7,"comment_status":"closed","ping_status":"closed","template":"","meta":{"footnotes":""},"class_list":["post-28920","page","type-page","status-publish","hentry"],"translation":{"provider":"WPGlobus","version":"3.0.2","language":"de","enabled_languages":["en","de","fr","it"],"languages":{"en":{"title":true,"content":true,"excerpt":false},"de":{"title":true,"content":true,"excerpt":false},"fr":{"title":true,"content":true,"excerpt":false},"it":{"title":true,"content":true,"excerpt":false}}},"_links":{"self":[{"href":"https:\/\/beverageinstitute.ch\/de\/wp-json\/wp\/v2\/pages\/28920","targetHints":{"allow":["GET"]}}],"collection":[{"href":"https:\/\/beverageinstitute.ch\/de\/wp-json\/wp\/v2\/pages"}],"about":[{"href":"https:\/\/beverageinstitute.ch\/de\/wp-json\/wp\/v2\/types\/page"}],"author":[{"embeddable":true,"href":"https:\/\/beverageinstitute.ch\/de\/wp-json\/wp\/v2\/users\/1"}],"replies":[{"embeddable":true,"href":"https:\/\/beverageinstitute.ch\/de\/wp-json\/wp\/v2\/comments?post=28920"}],"version-history":[{"count":101,"href":"https:\/\/beverageinstitute.ch\/de\/wp-json\/wp\/v2\/pages\/28920\/revisions"}],"predecessor-version":[{"id":37862,"href":"https:\/\/beverageinstitute.ch\/de\/wp-json\/wp\/v2\/pages\/28920\/revisions\/37862"}],"up":[{"embeddable":true,"href":"https:\/\/beverageinstitute.ch\/de\/wp-json\/wp\/v2\/pages\/28640"}],"wp:attachment":[{"href":"https:\/\/beverageinstitute.ch\/de\/wp-json\/wp\/v2\/media?parent=28920"}],"curies":[{"name":"wp","href":"https:\/\/api.w.org\/{rel}","templated":true}]}}