{"id":28922,"date":"2020-12-27T11:59:03","date_gmt":"2020-12-27T10:59:03","guid":{"rendered":"https:\/\/beverageinstitute.ch\/?page_id=28922"},"modified":"2025-04-23T09:55:38","modified_gmt":"2025-04-23T07:55:38","slug":"planning-your-studies-wine-courses","status":"publish","type":"page","link":"https:\/\/beverageinstitute.ch\/de\/wine_courses\/planning-your-studies-wine-courses\/","title":{"rendered":"Planung der Weiterbildung &#8211; Weinkurse"},"content":{"rendered":"\n<p><strong>Planung der Weiterbildung &#8211; Weinkurse<\/strong><\/p>\n<table style=\"border-collapse: collapse; width: 100%; height: 788px;\">\n<tbody>\n<tr style=\"height: 113px;\">\n<td style=\"width: 20%; text-align: center; height: 113px;\"><strong>Qualifikation<\/strong><\/td>\n<td style=\"width: 20%; text-align: center; height: 113px;\"><strong>Niveau 1 &#8211; Einf\u00fchrung in Wein und Schweizer Weine<\/strong><\/td>\n<td style=\"width: 20%; text-align: center; height: 113px;\"><strong>Niveau 2 &#8211; WSET\u00ae in Weine<\/strong><\/td>\n<td style=\"width: 20%; text-align: center; height: 113px;\"><strong>Niveau 3 &#8211; WSET\u00ae in Weine<\/strong><\/td>\n<td style=\"width: 20%; text-align: center; height: 113px;\"><strong>Niveau 3 &#8211; Advanced Zertifikat Schweizer Weine<\/strong><\/td>\n<\/tr>\n<tr>\n<td style=\"width: 20%; text-align: left;\">Sprache f\u00fcr Kursmaterial und Pr\u00fcfung<\/td>\n<td style=\"width: 20%; text-align: center;\">deutsch, franz\u00f6sisch oder englisch<\/td>\n<td style=\"width: 20%; text-align: center;\">deutsch, franz\u00f6sisch, englisch oder italienisch<\/td>\n<td style=\"width: 20%; text-align: center;\">deutsch, franz\u00f6sisch, englisch oder italienisch<\/td>\n<td style=\"width: 20%; text-align: center;\">deutsch, franz\u00f6sisch, oder englisch<\/td>\n<\/tr>\n<tr style=\"height: 33px;\">\n<td style=\"width: 20%; height: 33px; text-align: left;\">Prozent um zu Bestehen<\/td>\n<td style=\"width: 20%; text-align: center; height: 33px;\">60%<\/td>\n<td style=\"width: 20%; text-align: center; height: 33px;\">55%<\/td>\n<td style=\"width: 20%; text-align: center; height: 33px;\">55%<\/td>\n<td style=\"width: 20%; text-align: center; height: 33px;\">56%<\/td>\n<\/tr>\n<tr style=\"height: 53px;\">\n<td style=\"width: 20%; height: 53px; text-align: left;\">verliehene Berufsbezeichnung<\/td>\n<td style=\"width: 20%; text-align: center; height: 53px;\">&#8211;<\/td>\n<td style=\"width: 20%; text-align: center; height: 53px;\">WSET Certified L2<\/td>\n<td style=\"width: 20%; text-align: center; height: 53px;\">WSET Certified L3<\/td>\n<td style=\"width: 20%; text-align: center; height: 53px;\">Schweizer Wein Berater<\/td>\n<\/tr>\n<tr style=\"height: 33px;\">\n<td style=\"width: 20%; height: 33px; text-align: left;\">Pin\u00a0<em>(Badge)<\/em><\/td>\n<td style=\"width: 20%; text-align: center; height: 33px;\">&#8211;<\/td>\n<td style=\"width: 20%; text-align: center; height: 33px;\">\u221a<\/td>\n<td style=\"width: 20%; text-align: center; height: 33px;\">\u221a<\/td>\n<td style=\"width: 20%; text-align: center; height: 33px;\">&#8211;<\/td>\n<\/tr>\n<tr style=\"height: 53px;\">\n<td style=\"width: 20%; height: 53px; text-align: left;\">Unterricht durch Experte &#8211; mit Wein Qualifikationen<\/td>\n<td style=\"width: 20%; text-align: center; height: 53px;\">\u221a<\/td>\n<td style=\"width: 20%; text-align: center; height: 53px;\">\u221a<\/td>\n<td style=\"width: 20%; text-align: center; height: 53px;\">\u221a<\/td>\n<td style=\"width: 20%; text-align: center; height: 53px;\">\u221a<\/td>\n<\/tr>\n<tr style=\"height: 73px;\">\n<td style=\"width: 20%; height: 73px; text-align: left;\">Unterricht durch Ausbilder &#8211; mit Weiterbildungsqualifikationen<\/td>\n<td style=\"width: 20%; text-align: center; height: 73px;\">\u221a<\/td>\n<td style=\"width: 20%; text-align: center; height: 73px;\">\u221a<\/td>\n<td style=\"width: 20%; text-align: center; height: 73px;\">\u221a<\/td>\n<td style=\"width: 20%; text-align: center; height: 73px;\">\u221a<\/td>\n<\/tr>\n<tr style=\"height: 33px;\">\n<td style=\"width: 20%; height: 33px; text-align: left;\">Klassenkontakt &#8211; Tage<\/td>\n<td style=\"width: 20%; text-align: center; height: 33px;\">1<\/td>\n<td style=\"width: 20%; text-align: center; height: 33px;\">3<\/td>\n<td style=\"width: 20%; text-align: center; height: 33px;\">5<\/td>\n<td style=\"width: 20%; text-align: center; height: 33px;\">3<\/td>\n<\/tr>\n<tr style=\"height: 33px;\">\n<td style=\"width: 20%; height: 33px; text-align: left;\">Selbststudium in Stunden<\/td>\n<td style=\"width: 20%; text-align: center; height: 33px;\">2<\/td>\n<td style=\"width: 20%; text-align: center; height: 33px;\">18<\/td>\n<td style=\"width: 20%; text-align: center; height: 33px;\">48<\/td>\n<td style=\"width: 20%; text-align: center; height: 33px;\">32<\/td>\n<\/tr>\n<tr style=\"height: 33px;\">\n<td style=\"width: 20%; height: 33px; text-align: left;\">Verkostete Weine<\/td>\n<td style=\"width: 20%; text-align: center; height: 33px;\">12<\/td>\n<td style=\"width: 20%; text-align: center; height: 33px;\">40<\/td>\n<td style=\"width: 20%; text-align: center; height: 33px;\">60<\/td>\n<td style=\"width: 20%; text-align: center; height: 33px;\">50<\/td>\n<\/tr>\n<tr style=\"height: 33px;\">\n<td style=\"width: 20%; height: 33px; text-align: left;\">Pr\u00fcfungsmaterial in Textbuch<\/td>\n<td style=\"width: 20%; text-align: center; height: 33px;\">\u221a<\/td>\n<td style=\"width: 20%; text-align: center; height: 33px;\">\u221a<\/td>\n<td style=\"width: 20%; text-align: center; height: 33px;\">\u221a<\/td>\n<td style=\"width: 20%; text-align: center; height: 33px;\">\u221a<\/td>\n<\/tr>\n<tr style=\"height: 53px;\">\n<td style=\"width: 20%; height: 53px; text-align: left;\">Studium Unterst\u00fctzung durch eine eLearning Datenbank<\/td>\n<td style=\"width: 20%; text-align: center; height: 53px;\">&#8211;<\/td>\n<td style=\"width: 20%; text-align: center; height: 53px;\">\u221a<\/td>\n<td style=\"width: 20%; text-align: center; height: 53px;\">\u221a<\/td>\n<td style=\"width: 20%; text-align: center; height: 53px;\">\u221a<\/td>\n<\/tr>\n<tr style=\"height: 53px;\">\n<td style=\"width: 20%; height: 53px; text-align: left;\">Praktische \u00dcbung &#8211; Weine mit Speisen<\/td>\n<td style=\"width: 20%; text-align: center; height: 53px;\">\u221a<\/td>\n<td style=\"width: 20%; text-align: center; height: 53px;\">&#8211;<\/td>\n<td style=\"width: 20%; text-align: center; height: 53px;\">&#8211;<\/td>\n<td style=\"width: 20%; text-align: center; height: 53px;\">&#8211;<\/td>\n<\/tr>\n<tr style=\"height: 53px;\">\n<td style=\"width: 20%; height: 53px; text-align: left;\">Pr\u00fcfung Theorie &#8211; Multiple Choice Fragen<\/td>\n<td style=\"width: 20%; text-align: center; height: 53px;\">\u221a<\/td>\n<td style=\"width: 20%; text-align: center; height: 53px;\">\u221a<\/td>\n<td style=\"width: 20%; text-align: center; height: 53px;\">\u221a<\/td>\n<td style=\"width: 20%; text-align: center; height: 53px;\">\u221a<\/td>\n<\/tr>\n<tr style=\"height: 53px;\">\n<td style=\"width: 20%; height: 53px; text-align: left;\">Pr\u00fcfung Theorie &#8211; kurze Antworten<\/td>\n<td style=\"width: 20%; text-align: center; height: 53px;\">&#8211;<\/td>\n<td style=\"width: 20%; text-align: center; height: 53px;\">&#8211;<\/td>\n<td style=\"width: 20%; text-align: center; height: 53px;\">\u221a<\/td>\n<td style=\"width: 20%; text-align: center; height: 53px;\">\u221a<\/td>\n<\/tr>\n<tr style=\"height: 33px;\">\n<td style=\"width: 20%; height: 33px; text-align: left;\">Pr\u00fcfung &#8211; Blindverkostung<\/td>\n<td style=\"width: 20%; text-align: center; height: 33px;\">&#8211;<\/td>\n<td style=\"width: 20%; text-align: center; height: 33px;\">&#8211;<\/td>\n<td style=\"width: 20%; text-align: center; height: 33px;\">\u221a<\/td>\n<td style=\"width: 20%; text-align: center; height: 33px;\">\u221a<\/td>\n<\/tr>\n<tr style=\"height: 53px;\">\n<td style=\"width: 20%; height: 53px; text-align: left;\">Resultate<\/td>\n<td style=\"width: 20%; text-align: center; height: 53px;\">2 Wochen per Email<\/td>\n<td style=\"width: 20%; text-align: center; height: 53px;\">4 Wochen per Email<\/td>\n<td style=\"width: 20%; text-align: center; height: 53px;\">8 Wochen per Email<\/td>\n<td style=\"width: 20%; text-align: center; height: 53px;\">4 Wochen per Email<\/td>\n<\/tr>\n<\/tbody>\n<\/table>\n","protected":false},"excerpt":{"rendered":"<p>Planung der Weiterbildung &#8211; Weinkurse Qualifikation Niveau 1 &#8211; Einf\u00fchrung in Wein und Schweizer Weine Niveau 2 &#8211; WSET\u00ae in Weine Niveau 3 &#8211; WSET\u00ae in Weine Niveau 3 &#8211; Advanced Zertifikat Schweizer Weine Sprache f\u00fcr Kursmaterial und Pr\u00fcfung deutsch, franz\u00f6sisch oder englisch deutsch, franz\u00f6sisch, englisch oder italienisch deutsch, franz\u00f6sisch, englisch oder italienisch deutsch, franz\u00f6sisch, &hellip; <\/p>\n<p class=\"link-more\"><a href=\"https:\/\/beverageinstitute.ch\/de\/wine_courses\/planning-your-studies-wine-courses\/\" class=\"more-link\"><span class=\"screen-reader-text\">\u201ePlanung der Weiterbildung &#8211; Weinkurse\u201c <\/span>weiterlesen<\/a><\/p>\n","protected":false},"author":1,"featured_media":0,"parent":28640,"menu_order":6,"comment_status":"closed","ping_status":"closed","template":"","meta":{"footnotes":""},"class_list":["post-28922","page","type-page","status-publish","hentry"],"translation":{"provider":"WPGlobus","version":"3.0.2","language":"de","enabled_languages":["en","de","fr","it"],"languages":{"en":{"title":true,"content":true,"excerpt":false},"de":{"title":true,"content":true,"excerpt":false},"fr":{"title":true,"content":true,"excerpt":false},"it":{"title":true,"content":true,"excerpt":false}}},"_links":{"self":[{"href":"https:\/\/beverageinstitute.ch\/de\/wp-json\/wp\/v2\/pages\/28922","targetHints":{"allow":["GET"]}}],"collection":[{"href":"https:\/\/beverageinstitute.ch\/de\/wp-json\/wp\/v2\/pages"}],"about":[{"href":"https:\/\/beverageinstitute.ch\/de\/wp-json\/wp\/v2\/types\/page"}],"author":[{"embeddable":true,"href":"https:\/\/beverageinstitute.ch\/de\/wp-json\/wp\/v2\/users\/1"}],"replies":[{"embeddable":true,"href":"https:\/\/beverageinstitute.ch\/de\/wp-json\/wp\/v2\/comments?post=28922"}],"version-history":[{"count":15,"href":"https:\/\/beverageinstitute.ch\/de\/wp-json\/wp\/v2\/pages\/28922\/revisions"}],"predecessor-version":[{"id":37386,"href":"https:\/\/beverageinstitute.ch\/de\/wp-json\/wp\/v2\/pages\/28922\/revisions\/37386"}],"up":[{"embeddable":true,"href":"https:\/\/beverageinstitute.ch\/de\/wp-json\/wp\/v2\/pages\/28640"}],"wp:attachment":[{"href":"https:\/\/beverageinstitute.ch\/de\/wp-json\/wp\/v2\/media?parent=28922"}],"curies":[{"name":"wp","href":"https:\/\/api.w.org\/{rel}","templated":true}]}}