{"id":29017,"date":"2020-12-29T13:24:21","date_gmt":"2020-12-29T12:24:21","guid":{"rendered":"https:\/\/beverageinstitute.ch\/?page_id=29017"},"modified":"2024-08-17T15:02:22","modified_gmt":"2024-08-17T13:02:22","slug":"beverage-list-development","status":"publish","type":"page","link":"https:\/\/beverageinstitute.ch\/de\/operations-courses\/beverage-list-development\/","title":{"rendered":"Weinkarte und Kellerverwaltung"},"content":{"rendered":"\n<p class=\"p1\"><b><i>Wer sollte teilnehmen?<\/i><\/b><\/p>\n<p class=\"p1\">Der Kurs richtet sich an Studenten, die die Niveau 2 Qualifikation WSET\u00ae in Weine besitzen oder gleichwertige Kenntnisse nachweisen k\u00f6nnen. Es wird dringend empfohlen, die Niveau 3 Qualifikation WSET\u00ae in Weine zu absolvieren, bevor man sich f\u00fcr diesen Kurs anmeldet.<\/p>\n<p class=\"p1\">Der Kurs steht allen offen, die mindestens drei Jahre Erfahrung in der Restaurant-, Bar-, Hotel- und Catering-Branche haben. Die Kursteilnehmer sind auf dem Weg zu einer leitenden Position innerhalb der Abteilung oder haben diese bereits erreicht und m\u00fcssen mehr \u00fcber verschiedene Methoden zur Steigerung des Umsatzes und zur \u00dcberwachung des aktuellen Umsatzes lernen, um den Gewinn des Unternehmens in Zukunft zu verbessern.<\/p>\n<p class=\"p1\"><b><i>Wie werden Sie profitieren?<\/i><\/b><\/p>\n<p class=\"p1\">Der Kurs erm\u00f6glicht es Ihnen, das Verst\u00e4ndnis und die F\u00e4higkeiten zu erlangen, die notwendig sind, um die Weinkarte zu verwalten, um das Speisenangebot und das Image des Unternehmens zu erg\u00e4nzen. Die Kursteilnehmer werden auch in der Lage sein, die relevanten gesetzlichen und beh\u00f6rdlichen Anforderungen an Speisen und Getr\u00e4nke zu erkl\u00e4ren und zu befolgen.<\/p>\n<p class=\"p1\">Sie werden auch verstehen und in der Lage sein, den Weinkeller zu verwalten, um den Umsatz zu optimieren und das Budget f\u00fcr den Kauf alkoholischer Getr\u00e4nke einzuhalten.<\/p>\n<p class=\"p1\"><strong>Qualifikationsziele<\/strong><\/p>\n<p class=\"p1\">Nach Abschluss des Moduls wird der Kandidat in der Lage sein:<\/p>\n<ul class=\"ul1\">\n<li class=\"li1\">das Serviceteam mit Informationen zu versorgen, um Kunden \u00fcber verf\u00fcgbare Getr\u00e4nke zu beraten<\/li>\n<li class=\"li1\">die Relevanz von Getr\u00e4nkelisten f\u00fcr Men\u00fcpunkte zu \u00fcberwachen<\/li>\n<li class=\"li1\">Getr\u00e4nkesorten zu identifizieren, die als erg\u00e4nzend zu den einzelnen Lebensmittelgruppen angesehen werden<\/li>\n<li class=\"li1\">Produktinformationen von Lebensmittellieferanten zu nutzen, um komplement\u00e4re Getr\u00e4nke f\u00fcr deren Produkte zu identifizieren<\/li>\n<li class=\"li1\">alternative Getr\u00e4nkelisten f\u00fcr besondere Anl\u00e4sse und verschiedene Jahreszeiten zu entwickeln<\/li>\n<li class=\"li1\">separate Getr\u00e4nkelisten zu entwickeln, wenn unterschiedliche (oder keine) Speisekarten angeboten werden<\/li>\n<li class=\"li1\">Entwicklung von Getr\u00e4nkelisten, die verschiedene Men\u00fcs erg\u00e4nzen<\/li>\n<li class=\"li1\">pr\u00fcfen, ob die visuelle Gestaltung der Getr\u00e4nkelisten die Speisekarten und den Stil des Unternehmens erg\u00e4nzt<\/li>\n<li class=\"li1\">die Auswirkungen der Gesetzgebung in Bezug auf Lizenzen, Gewichte und Ma\u00dfe auf die Entwicklung von Getr\u00e4nkekarten zu erkl\u00e4ren<\/li>\n<li class=\"li1\">den Beitrag des Getr\u00e4nkeangebots zur Bruttogewinnspanne des Unternehmens zu erkl\u00e4ren<\/li>\n<li class=\"li1\">den Getr\u00e4nkebestand im Keller effektiv und unter Beachtung der Grunds\u00e4tze der Lagerrotation zu verwalten<\/li>\n<\/ul>\n<p><a href=\"https:\/\/beverageinstitute.ch\/de\/contact\/\" target=\"_blank\" rel=\"noopener\"><em><strong>Kontaktieren Sie uns, wenn Sie an diesem Kurs interessiert sind<\/strong><\/em><\/a><\/p>\n","protected":false},"excerpt":{"rendered":"<p>Wer sollte teilnehmen? Der Kurs richtet sich an Studenten, die die Niveau 2 Qualifikation WSET\u00ae in Weine besitzen oder gleichwertige Kenntnisse nachweisen k\u00f6nnen. Es wird dringend empfohlen, die Niveau 3 Qualifikation WSET\u00ae in Weine zu absolvieren, bevor man sich f\u00fcr diesen Kurs anmeldet. Der Kurs steht allen offen, die mindestens drei Jahre Erfahrung in der &hellip; <\/p>\n<p class=\"link-more\"><a href=\"https:\/\/beverageinstitute.ch\/de\/operations-courses\/beverage-list-development\/\" class=\"more-link\"><span class=\"screen-reader-text\">\u201eWeinkarte und Kellerverwaltung\u201c <\/span>weiterlesen<\/a><\/p>\n","protected":false},"author":1,"featured_media":28981,"parent":28855,"menu_order":3,"comment_status":"closed","ping_status":"closed","template":"","meta":{"footnotes":""},"class_list":["post-29017","page","type-page","status-publish","has-post-thumbnail","hentry"],"translation":{"provider":"WPGlobus","version":"3.0.2","language":"de","enabled_languages":["en","de","fr","it"],"languages":{"en":{"title":true,"content":true,"excerpt":false},"de":{"title":true,"content":true,"excerpt":false},"fr":{"title":true,"content":true,"excerpt":false},"it":{"title":true,"content":true,"excerpt":false}}},"_links":{"self":[{"href":"https:\/\/beverageinstitute.ch\/de\/wp-json\/wp\/v2\/pages\/29017","targetHints":{"allow":["GET"]}}],"collection":[{"href":"https:\/\/beverageinstitute.ch\/de\/wp-json\/wp\/v2\/pages"}],"about":[{"href":"https:\/\/beverageinstitute.ch\/de\/wp-json\/wp\/v2\/types\/page"}],"author":[{"embeddable":true,"href":"https:\/\/beverageinstitute.ch\/de\/wp-json\/wp\/v2\/users\/1"}],"replies":[{"embeddable":true,"href":"https:\/\/beverageinstitute.ch\/de\/wp-json\/wp\/v2\/comments?post=29017"}],"version-history":[{"count":30,"href":"https:\/\/beverageinstitute.ch\/de\/wp-json\/wp\/v2\/pages\/29017\/revisions"}],"predecessor-version":[{"id":35980,"href":"https:\/\/beverageinstitute.ch\/de\/wp-json\/wp\/v2\/pages\/29017\/revisions\/35980"}],"up":[{"embeddable":true,"href":"https:\/\/beverageinstitute.ch\/de\/wp-json\/wp\/v2\/pages\/28855"}],"wp:featuredmedia":[{"embeddable":true,"href":"https:\/\/beverageinstitute.ch\/de\/wp-json\/wp\/v2\/media\/28981"}],"wp:attachment":[{"href":"https:\/\/beverageinstitute.ch\/de\/wp-json\/wp\/v2\/media?parent=29017"}],"curies":[{"name":"wp","href":"https:\/\/api.w.org\/{rel}","templated":true}]}}