{"id":3,"date":"2020-12-26T11:42:44","date_gmt":"2020-12-26T11:42:44","guid":{"rendered":"https:\/\/beverageinstitute.ch\/?page_id=3"},"modified":"2021-01-12T09:30:33","modified_gmt":"2021-01-12T08:30:33","slug":"privacy-policy","status":"publish","type":"page","link":"https:\/\/beverageinstitute.ch\/de\/privacy-policy\/","title":{"rendered":"Datenschutzbestimmungen"},"content":{"rendered":"\n<p><strong>Wer wir sind<\/strong><br>Unsere Internetadresse lautet: https:\/\/www.beverageinstitute.ch.<\/p>\n\n\n\n<p><strong>Welche pers\u00f6nlichen Daten sammeln wir und warum sammeln wir sie?<\/strong><\/p>\n\n\n\n<p><strong>Bemerkungen<\/strong><br>Wenn Besucher Kommentare auf der Website hinterlassen, erfassen wir die Daten, die im Kommentarformular angezeigt werden, sowie die IP-Adresse und den Browser-User-Agent-String des Besuchers, um die Spam-Erkennung zu unterst\u00fctzen.<\/p>\n\n\n\n<p>Eine anonymisierte Zeichenfolge, die aus Ihrer E-Mail-Adresse erstellt wurde (auch als Hash bezeichnet), kann dem Gravatar-Service zur Verf\u00fcgung gestellt werden, um zu sehen, ob Sie ihn verwenden. Die Datenschutzrichtlinie f\u00fcr den Gravatar-Service finden Sie hier: https:\/\/automomattic.com\/privacy\/. Nach Genehmigung Ihres Kommentars ist Ihr Profilbild im Kontext Ihres Kommentars f\u00fcr die \u00d6ffentlichkeit sichtbar.<\/p>\n\n\n\n<p><strong>Medien<\/strong><br>Wenn Sie Bilder auf die Webseite hochladen, sollten Sie das Hochladen von Bildern mit eingebetteten Standortdaten (EXIF GPS) vermeiden. Besucher der Webseite k\u00f6nnen Standortdaten von Bildern auf der Website herunterladen und extrahieren.<\/p>\n\n\n\n<p><strong>Kontaktformulare<\/strong><br>Wir k\u00f6nnen Ihre pers\u00f6nlichen Daten verwenden, um Sie mit Newslettern, Marketing- oder Werbematerial und anderen Kursen, die Sie interessieren k\u00f6nnten, zu kontaktieren, nachdem Sie uns bei der Registrierung unter &#8222;Newsletter-Abonnement&#8220; diese Erlaubnis erteilt haben.<\/p>\n\n\n\n<p><strong>Kursreservierungen<\/strong><\/p>\n\n\n\n<p>Wir verwenden Google-Dienste zum Generieren von Karten und zur automatischen Vervollst\u00e4ndigung bei der Suche nach Ereignissen nach Standort, bei dem gem\u00e4\u00df den <a href=\"https:\/\/policies.google.com\/privacy\" target=\"_blank\" rel=\"noreferrer noopener\">Datenschutzrichtlinien von Google Daten<\/a> \u00fcber Ihren Browser erfasst werden k\u00f6nnen.<\/p>\n\n\n\n<p>Wir erfassen und speichern die Informationen, die Sie uns bei der Buchung \u00fcbermitteln, um die von Ihnen angeforderten Pl\u00e4tze bei unserer Veranstaltung zu reservieren und einen Anwesenheitsnachweis zu f\u00fchren.<\/p>\n\n\n\n<p>Wir sammeln und speichern Informationen, die Sie uns \u00fcber Veranstaltungen (und entsprechende Orte), die Sie auf unserer Website ver\u00f6ffentlichen m\u00f6chten, zukommen lassen.<\/p>\n\n\n\n<p>Wir k\u00f6nnen Cookies verwenden, um vor\u00fcbergehend Informationen \u00fcber eine laufende Buchung sowie Fehler- \/ Best\u00e4tigungsmeldungen w\u00e4hrend der \u00dcbermittlung oder Verwaltung Ihrer Veranstaltungen und Standorte zu speichern.<\/p>\n\n\n\n<p><strong>Cookies<\/strong><br>Wenn Sie einen Kommentar auf unserer Website hinterlassen, k\u00f6nnen Sie Ihren Namen, Ihre E-Mail-Adresse und Ihre Website in Cookies speichern. Diese dienen Ihrer Bequemlichkeit, damit Sie Ihre Daten nicht erneut eingeben m\u00fcssen, wenn Sie einen weiteren Kommentar hinterlassen. Diese Cookies dauern ein Jahr.<\/p>\n\n\n\n<p>Wenn Sie ein Konto haben und sich auf dieser Website anmelden, setzen wir ein tempor\u00e4res Cookie, um festzustellen, ob Ihr Browser Cookies akzeptiert. Dieser Cookie enth\u00e4lt keine pers\u00f6nlichen Daten und wird verworfen, wenn Sie Ihren Browser schlie\u00dfen.<\/p>\n\n\n\n<p>Wenn Sie sich anmelden, richten wir auch mehrere Cookies ein, um Ihre Login-Daten und Ihre Bildschirmauswahl zu speichern. Die Login-Cookies dauern zwei Tage, und die Cookies der Bildschirmoptionen dauern ein Jahr. Wenn Sie &#8222;Remember Me&#8220; ausw\u00e4hlen, wird Ihr Login f\u00fcr zwei Wochen beibehalten. Wenn Sie sich von Ihrem Konto abmelden, werden die Login-Cookies entfernt.<\/p>\n\n\n\n<p>Wenn Sie einen Artikel bearbeiten oder ver\u00f6ffentlichen, wird ein zus\u00e4tzlicher Cookie in Ihrem Browser gespeichert. Dieser Cookie enth\u00e4lt keine pers\u00f6nlichen Daten und zeigt lediglich die Post-ID des gerade bearbeiteten Artikels an. Es l\u00e4uft nach 1 Tag ab.<\/p>\n\n\n\n<p><strong>Eingebettete Inhalte von anderen Websites<\/strong><br>Artikel auf dieser Website k\u00f6nnen eingebettete Inhalte (z. B. Videos, Bilder, Artikel usw.) enthalten. Eingebettete Inhalte von anderen Websites verhalten sich genau so, als ob der Besucher die andere Website besucht h\u00e4tte.<\/p>\n\n\n\n<p>Diese Websites k\u00f6nnen Daten \u00fcber Sie sammeln, Cookies verwenden, zus\u00e4tzliches Tracking von Drittanbietern einbetten und Ihre Interaktion mit diesen eingebetteten Inhalten \u00fcberwachen, einschlie\u00dflich der R\u00fcckverfolgung Ihrer Interaktion mit den eingebetteten Inhalten, wenn Sie \u00fcber ein Konto verf\u00fcgen und bei dieser Website angemeldet sind.<\/p>\n\n\n\n<p><strong>Analysen<\/strong><br>Wie viele Website-Betreiber sammeln wir Informationen, die Ihr Browser sendet, wenn Sie unsere Website besuchen (&#8222;Protokolldaten&#8220;).<\/p>\n\n\n\n<p>Diese Protokolldaten k\u00f6nnen Informationen wie die IP-Adresse (Internet Protocol) Ihres Computers, den Browsertyp, die Browserversion, die von Ihnen besuchten Seiten unserer Site, die Uhrzeit und das Datum Ihres Besuchs, die auf diesen Seiten verbrachte Zeit und andere enthalten Statistiken.<\/p>\n\n\n\n<p>Dar\u00fcber hinaus k\u00f6nnen wir Dienste von Drittanbietern wie Google Analytics nutzen, die diese Daten erfassen, \u00fcberwachen und analysieren.<\/p>\n\n\n\n<p><strong>Mit wem teilen wir Ihre Daten?<\/strong><br>Wir verwenden Ihre pers\u00f6nlichen Informationen nur zur Bereitstellung und Verbesserung der Website.<\/p>\n\n\n\n<p>Gegebenenfalls, um Sie f\u00fcr eine Pr\u00fcfung beim Wine and Spirit Education Trust oder beim Institute of Brewing and Distilling zu registrieren.<\/p>\n\n\n\n<p>Durch die Nutzung der Website stimmen Sie der Sammlung und Verwendung von Informationen gem\u00e4\u00df dieser Richtlinie zu.<\/p>\n\n\n\n<p><strong>Wie lange behalten wir Ihre Daten bei?<\/strong><br>Wenn Sie einen Kommentar hinterlassen, bleiben der Kommentar und seine Metadaten unbegrenzt erhalten. Auf diese Weise k\u00f6nnen wir automatisch Folgekommentare erkennen und genehmigen, anstatt sie in einer Moderationswarteschlange abzulegen.<\/p>\n\n\n\n<p>F\u00fcr Nutzer, die sich auf unserer Website registrieren (falls vorhanden), speichern wir auch die pers\u00f6nlichen Informationen, die sie in ihrem Nutzerprofil bereitstellen. Alle Benutzer k\u00f6nnen ihre pers\u00f6nlichen Daten jederzeit sehen, bearbeiten oder l\u00f6schen (au\u00dfer sie k\u00f6nnen ihren Benutzernamen nicht \u00e4ndern). Website-Administratoren k\u00f6nnen diese Informationen ebenfalls anzeigen und bearbeiten.<\/p>\n\n\n\n<p><strong>Welche Rechte haben Sie \u00fcber Ihre Daten?<\/strong><br>Wenn Sie ein Konto auf dieser Website haben oder Kommentare hinterlassen haben, k\u00f6nnen Sie eine exportierte Datei der pers\u00f6nlichen Daten anfordern, die wir \u00fcber Sie gespeichert haben, einschlie\u00dflich aller Daten, die Sie uns zur Verf\u00fcgung gestellt haben. Sie k\u00f6nnen auch verlangen, dass wir pers\u00f6nliche Daten l\u00f6schen, die wir \u00fcber Sie gespeichert haben. Ausgenommen hiervon sind Daten, die wir zu administrativen, rechtlichen oder sicherheitsrelevanten Zwecken speichern m\u00fcssen.<\/p>\n\n\n\n<p><strong>Wo wir Ihre Daten senden<\/strong><br>Besucherkommentare k\u00f6nnen \u00fcber einen automatisierten Spam-Erkennungsdienst \u00fcberpr\u00fcft werden.<\/p>\n\n\n\n<p><strong>Ihre Kontaktinformationen<\/strong><br>Bei der Nutzung unserer Website bitten wir Sie m\u00f6glicherweise, uns bestimmte personenbezogene Daten zur Verf\u00fcgung zu stellen, die Sie verwenden k\u00f6nnen, um Sie zu kontaktieren oder zu identifizieren. Personenbezogene Daten k\u00f6nnen unter anderem Ihren Namen (&#8222;Pers\u00f6nliche Daten&#8220;) enthalten.<\/p>\n\n\n\n<p><strong>Wie sch\u00fctzen wir Ihre Daten?<\/strong><br>Die Sicherheit Ihrer pers\u00f6nlichen Daten ist uns wichtig, aber denken Sie daran, dass keine Methode der \u00dcbertragung \u00fcber das Internet oder die Methode der elektronischen Speicherung 100% sicher ist. Obwohl wir bestrebt sind, Ihre Daten mit kommerziell akzeptablen Mitteln zu sch\u00fctzen, k\u00f6nnen wir keine absolute Sicherheit garantieren.<\/p>\n\n\n\n<p><strong>\u00c4nderungen dieser Datenschutzrichtlinie<\/strong><br>Diese Datenschutzrichtlinie tritt am 19. Mai 2018 in Kraft und bleibt au\u00dfer in Bezug auf zuk\u00fcnftige \u00c4nderungen der Bestimmungen in Kraft, die unmittelbar nach der Ver\u00f6ffentlichung auf dieser Seite in Kraft treten.<\/p>\n\n\n\n<p>Wir behalten uns das Recht vor, unsere Datenschutzrichtlinie jederzeit zu aktualisieren oder zu \u00e4ndern, und Sie sollten diese Datenschutzrichtlinie regelm\u00e4\u00dfig \u00fcberpr\u00fcfen. Ihre fortgesetzte Nutzung des Service, nachdem wir \u00c4nderungen an der Datenschutzerkl\u00e4rung auf dieser Seite vorgenommen haben, stellt Ihre Anerkennung der \u00c4nderungen und Ihre Einwilligung zur Einhaltung der ge\u00e4nderten Datenschutzrichtlinie dar.<\/p>\n\n\n\n<p>Wenn wir wesentliche \u00c4nderungen an dieser Datenschutzerkl\u00e4rung vornehmen, werden wir Sie entweder \u00fcber die E-Mail-Adresse, die Sie uns zur Verf\u00fcgung gestellt haben, oder \u00fcber eine auff\u00e4llige Nachricht auf unserer Website informieren.<\/p>\n\n\n\n<p><strong>Kontaktieren Sie uns<\/strong><\/p>\n\n\n\n<p>Wenn Sie Fragen zu dieser Datenschutzrichtlinie haben, kontaktieren Sie uns.<\/p>\n","protected":false},"excerpt":{"rendered":"<p>Wer wir sindUnsere Internetadresse lautet: https:\/\/www.beverageinstitute.ch. Welche pers\u00f6nlichen Daten sammeln wir und warum sammeln wir sie? BemerkungenWenn Besucher Kommentare auf der Website hinterlassen, erfassen wir die Daten, die im Kommentarformular angezeigt werden, sowie die IP-Adresse und den Browser-User-Agent-String des Besuchers, um die Spam-Erkennung zu unterst\u00fctzen. Eine anonymisierte Zeichenfolge, die aus Ihrer E-Mail-Adresse erstellt wurde (auch &hellip; <\/p>\n<p class=\"link-more\"><a href=\"https:\/\/beverageinstitute.ch\/de\/privacy-policy\/\" class=\"more-link\"><span class=\"screen-reader-text\">\u201eDatenschutzbestimmungen\u201c <\/span>weiterlesen<\/a><\/p>\n","protected":false},"author":1,"featured_media":0,"parent":0,"menu_order":0,"comment_status":"closed","ping_status":"open","template":"","meta":{"footnotes":""},"class_list":["post-3","page","type-page","status-publish","hentry"],"translation":{"provider":"WPGlobus","version":"3.0.2","language":"de","enabled_languages":["en","de","fr","it"],"languages":{"en":{"title":true,"content":true,"excerpt":false},"de":{"title":true,"content":true,"excerpt":false},"fr":{"title":true,"content":true,"excerpt":false},"it":{"title":true,"content":true,"excerpt":false}}},"_links":{"self":[{"href":"https:\/\/beverageinstitute.ch\/de\/wp-json\/wp\/v2\/pages\/3","targetHints":{"allow":["GET"]}}],"collection":[{"href":"https:\/\/beverageinstitute.ch\/de\/wp-json\/wp\/v2\/pages"}],"about":[{"href":"https:\/\/beverageinstitute.ch\/de\/wp-json\/wp\/v2\/types\/page"}],"author":[{"embeddable":true,"href":"https:\/\/beverageinstitute.ch\/de\/wp-json\/wp\/v2\/users\/1"}],"replies":[{"embeddable":true,"href":"https:\/\/beverageinstitute.ch\/de\/wp-json\/wp\/v2\/comments?post=3"}],"version-history":[{"count":5,"href":"https:\/\/beverageinstitute.ch\/de\/wp-json\/wp\/v2\/pages\/3\/revisions"}],"predecessor-version":[{"id":29996,"href":"https:\/\/beverageinstitute.ch\/de\/wp-json\/wp\/v2\/pages\/3\/revisions\/29996"}],"wp:attachment":[{"href":"https:\/\/beverageinstitute.ch\/de\/wp-json\/wp\/v2\/media?parent=3"}],"curies":[{"name":"wp","href":"https:\/\/api.w.org\/{rel}","templated":true}]}}