{"id":32541,"date":"2022-05-16T11:40:18","date_gmt":"2022-05-16T09:40:18","guid":{"rendered":"https:\/\/beverageinstitute.ch\/?page_id=32541"},"modified":"2022-05-16T11:46:51","modified_gmt":"2022-05-16T09:46:51","slug":"port-sherry-madeira","status":"publish","type":"page","link":"https:\/\/beverageinstitute.ch\/de\/port-sherry-madeira\/","title":{"rendered":"Portwein, Sherry &#038; Madeira"},"content":{"rendered":"\n<p class=\"p1\">Am Ende dieses Seminars werden Sie in der Lage sein zu erkl\u00e4ren:<\/p>\n<ul>\n<li class=\"p1\">wie Portwein, Sherry und Madeira hergestellt werden. den Unterschied zwischen biologischem und oxidativem Ausbau und wie dieser den Stil des Weines beeinflusst.<span class=\"Apple-converted-space\">\u00a0<\/span><\/li>\n<li class=\"p1\">wie sich der Zeitpunkt der Anreicherung auf den Weinstil auswirkt<\/li>\n<li class=\"p1\">wie die einzelnen Stile von Portwein hergestellt werden und wie sie sich voneinander unterscheiden<\/li>\n<li class=\"p1\">wie die einzelnen Sherry-Stile hergestellt werden und wie sie sich voneinander unterscheiden<\/li>\n<li class=\"p1\">wie die einzelnen Madeira-Stile hergestellt werden und wie sie sich voneinander unterscheiden<\/li>\n<\/ul>\n<p class=\"p1\">Kurz gesagt, Sie werden in der Lage sein, sowohl Ihren Kollegen, der Gesch\u00e4ftsleitung als auch Ihren Kunden zu erkl\u00e4ren, wie die einzelnen Stile von Portwein hergestellt werden und welcher f\u00fcr den jeweiligen Anlass am besten geeignet ist, und einen Vorschlag f\u00fcr die Kombination von Wein und Speisen zu machen.<\/p>\n","protected":false},"excerpt":{"rendered":"<p>Am Ende dieses Seminars werden Sie in der Lage sein zu erkl\u00e4ren: wie Portwein, Sherry und Madeira hergestellt werden. den Unterschied zwischen biologischem und oxidativem Ausbau und wie dieser den Stil des Weines beeinflusst.\u00a0 wie sich der Zeitpunkt der Anreicherung auf den Weinstil auswirkt wie die einzelnen Stile von Portwein hergestellt werden und wie sie &hellip; <\/p>\n<p class=\"link-more\"><a href=\"https:\/\/beverageinstitute.ch\/de\/port-sherry-madeira\/\" class=\"more-link\"><span class=\"screen-reader-text\">\u201ePortwein, Sherry &#038; Madeira\u201c <\/span>weiterlesen<\/a><\/p>\n","protected":false},"author":1,"featured_media":32533,"parent":0,"menu_order":0,"comment_status":"closed","ping_status":"closed","template":"","meta":{"footnotes":""},"class_list":["post-32541","page","type-page","status-publish","has-post-thumbnail","hentry"],"translation":{"provider":"WPGlobus","version":"3.0.2","language":"de","enabled_languages":["en","de","fr","it"],"languages":{"en":{"title":true,"content":true,"excerpt":false},"de":{"title":true,"content":true,"excerpt":false},"fr":{"title":true,"content":true,"excerpt":false},"it":{"title":true,"content":true,"excerpt":false}}},"_links":{"self":[{"href":"https:\/\/beverageinstitute.ch\/de\/wp-json\/wp\/v2\/pages\/32541","targetHints":{"allow":["GET"]}}],"collection":[{"href":"https:\/\/beverageinstitute.ch\/de\/wp-json\/wp\/v2\/pages"}],"about":[{"href":"https:\/\/beverageinstitute.ch\/de\/wp-json\/wp\/v2\/types\/page"}],"author":[{"embeddable":true,"href":"https:\/\/beverageinstitute.ch\/de\/wp-json\/wp\/v2\/users\/1"}],"replies":[{"embeddable":true,"href":"https:\/\/beverageinstitute.ch\/de\/wp-json\/wp\/v2\/comments?post=32541"}],"version-history":[{"count":9,"href":"https:\/\/beverageinstitute.ch\/de\/wp-json\/wp\/v2\/pages\/32541\/revisions"}],"predecessor-version":[{"id":32551,"href":"https:\/\/beverageinstitute.ch\/de\/wp-json\/wp\/v2\/pages\/32541\/revisions\/32551"}],"wp:featuredmedia":[{"embeddable":true,"href":"https:\/\/beverageinstitute.ch\/de\/wp-json\/wp\/v2\/media\/32533"}],"wp:attachment":[{"href":"https:\/\/beverageinstitute.ch\/de\/wp-json\/wp\/v2\/media?parent=32541"}],"curies":[{"name":"wp","href":"https:\/\/api.w.org\/{rel}","templated":true}]}}