{"id":33431,"date":"2023-01-26T15:44:58","date_gmt":"2023-01-26T14:44:58","guid":{"rendered":"https:\/\/beverageinstitute.ch\/?page_id=33431"},"modified":"2024-07-03T14:50:26","modified_gmt":"2024-07-03T12:50:26","slug":"craft-brewing-in-practice","status":"publish","type":"page","link":"https:\/\/beverageinstitute.ch\/de\/brewing-courses\/craft-brewing-in-practice\/","title":{"rendered":"Zertifikatslehrgang &#8211; Craft Brauen in der Praxis"},"content":{"rendered":"\n<p><em>Vollst\u00e4ndiger Kurs \u00fcber 4 Kurstage<\/em><\/p>\n<p class=\"p1\"><b><i>Wer sollte teilnehmen?<\/i><\/b><\/p>\n<p class=\"p1\">Wenn Sie den Brauprozess selbst in die Hand nehmen und sich auf organisierte Art und Weise die notwendigen F\u00e4higkeiten aneignen m\u00f6chten, ist dieser Kurs ideal f\u00fcr Sie!<\/p>\n<p class=\"p1\">W\u00e4hrend des Kurses werden Sie die M\u00f6glichkeit haben, das im Unterricht Gelernte in die Praxis umzusetzen, und Ihr Erfolg wird sowohl im Unterricht als auch bei Ihnen allein \u00fcberpr\u00fcft. Sie werden Ihr Wissen sowohl verstehen als auch anwenden, um die gew\u00fcnschten Ergebnisse beim Brauen zu berechnen und zu \u00fcberwachen und gegebenenfalls Korrekturen vorzunehmen, um eine stabile und gleichbleibende Produktqualit\u00e4t bei jedem Sud zu erreichen.<br \/><br \/>F\u00fcr alle, die noch keine oder nur wenig praktische Erfahrung haben, vermittelt der Kurs &#8222;Brauen in der Praxis&#8220; alle Elemente, die Sie ben\u00f6tigen, um den Brauprozess zu beherrschen, Brauanlagen auf kleinem kommerziellen oder privatem Niveau auszuw\u00e4hlen und zu bedienen.<\/p>\n<p class=\"p1\">F\u00fcr Brauer, die bereits regelm\u00e4\u00dfig und auf professionellem Niveau brauen, bieten die Einzelseminare die M\u00f6glichkeit, ihre Kenntnisse \u00fcber einen bestimmten Aspekt des Brauprozesses zu vertiefen. Au\u00dferdem k\u00f6nnen sie sich das erforderliche Wissen aneignen, um auf gewerblichem Niveau die gesetzlichen Anforderungen sowie die Gesundheits- und Sicherheitsvorschriften zu erf\u00fcllen.<\/p>\n<p class=\"p1\"><b><i>Was wird geboten?<\/i><\/b><\/p>\n<p class=\"p1\">In jedem der Module konzentrieren wir uns auf einen bestimmten Aspekt des Bierbrauens und untersuchen die damit verbundenen M\u00f6glichkeiten. Nach Abschluss aller Module werden Sie ein tieferes Verst\u00e4ndnis sowohl der technischen als auch der chemischen Eigenschaften erlangt haben, die in diesem Zyklus des Bierbrauens eine Rolle spielen. Sie verf\u00fcgen dann \u00fcber das Wissen, um mit den Werkzeugen weiter zu experimentieren, um ein kommerziell lebensf\u00e4higes und stabiles Produkt herzustellen.<\/p>\n<p class=\"p1\">Am Ende des Kurses gibt es eine Bewertung, um zu \u00fcberpr\u00fcfen, ob die Lernergebnisse erreicht wurden. Wenn Sie die Pr\u00fcfung bestanden haben, erhalten Sie das &#8222;Zertifikat &#8211; Craft Brauen in der Praxis &#8222;.<\/p>\n<p><i>Bitte beachten Sie, dass der Kurs: &#8222;Brauen in der Praxis&#8220; aufgrund des praktischen Aspekts auf 6 Teilnehmer begrenzt ist. Bei bestimmten theoretischen Einheiten des Kurses k\u00f6nnen weitere Teilnehmer f\u00fcr einen Tag hinzukommen.<\/i><\/p>\n<p class=\"p1\">Der Kurs ist wie folgt organisiert:<\/p>\n<p class=\"p1\"><b>Tag 1<\/b> &#8211; Brauen in der Praxis<\/p>\n<p class=\"p1\">Im Laufe des Tages brauen wir ein Bier nach einem bestimmten, von der Gruppe gew\u00e4hlten Stil und lassen das Bier anschliessend unter Druck in unserem Unitank g\u00e4ren<\/p>\n<ul class=\"ul1\">\n<li class=\"li2\">Die Gesetzgebung in Bezug auf das Brauen &#8211; privater Gebrauch &amp; professionell<\/li>\n<li>Die Wahl des Malzes<\/li>\n<\/ul>\n<p class=\"p1\"><b>Tag 2<\/b> &#8211; Berechnungen zum Bierbrauen<\/p>\n<ul class=\"ul1\">\n<li class=\"li2\">Berechnung des Malzbedarfs<\/li>\n<li>Berechnung des Hopfenbedarfs<\/li>\n<li>Berechnung des Zuckerbedarfs f\u00fcr die Karbonisierung des Biers, das ein paar Tage vor dem Kurs zum G\u00e4ren gebracht wurde<\/li>\n<li>Praktisch &#8211; die H\u00e4lfte des Biers, das nun die G\u00e4rung abgeschlossen hat, wird in Flaschen abgef\u00fcllt, die andere H\u00e4lfte in ein &#8222;Cornelius&#8220; -Fass zur Karbonisierung gef\u00fcllt<\/li>\n<\/ul>\n<p class=\"p1\"><b>Tag 3<\/b> &#8211; HACCP und Qualit\u00e4tssicherung<\/p>\n<ul class=\"ul1\">\n<li class=\"li2\">HACCP und Qualit\u00e4tssicherung<\/li>\n<li>Verkostung des Biers, das wir letzte Woche abgef\u00fcllt haben<\/li>\n<li>Umf\u00fcllen des Biers vom Unitank in den Lagertank<\/li>\n<li>Bierfehler und wie man sie vermeidet<\/li>\n<li>CIP (clean-in-place)<\/li>\n<\/ul>\n<p class=\"p1\"><b>Tag 4<\/b> &#8211; Karbonisieren von Bier und F\u00fcllen von F\u00e4ssern unter Druck<\/p>\n<ul class=\"ul1\">\n<li class=\"li2\">Karbonisierung von Bier im Lagertank<\/li>\n<li>Pr\u00fcfen und Einstellen der Karbonisierung im Lagertank vor dem Abf\u00fcllen in das Fass<\/li>\n<li>Umf\u00fcllen des Biers in ein S-Fass<\/li>\n<li>CIP (clean-in-place)<\/li>\n<li>Reinigung der Fassbierleitungen<\/li>\n<\/ul>\n<p class=\"p1\">Bewertung:<\/p>\n<ul class=\"ul1\">\n<li class=\"li2\">Theorie &#8211; eine Pr\u00fcfung, die aus Multiple-Choice-Fragen, Kurzantworten und Berechnungen auf der Grundlage der behandelten Kursinhalte besteht<\/li>\n<\/ul>\n<p class=\"p1\">Wenn Sie die Pr\u00fcfung erfolgreich bestanden haben, erhalten Sie das Zertifikat: &#8222;Craft Brauen in der Praxis&#8220;<\/p>\n<p class=\"p1\"><b>Im Kurspreis inbegriffen sind:<\/b> das Kursmaterial, die Bierproben sowie die Zutaten, die bei der Bierherstellung verwendet werden.<\/p>\n<p class=\"p1\"><b>Erforderliche Vorkenntnisse f\u00fcr den Kurs:<\/b> Es ist von Vorteil, wenn Sie sich bereits mit dem Brauen befasst haben, ein theoretisches Verst\u00e4ndnis der Brauereigrundlagen ist jedoch ebenfalls von Vorteil.<\/p>\n<p class=\"p1\"><b>Lernstunden:<\/b> Es wird empfohlen, dass der Kandidat mindestens 24 Stunden (\u00fcber den gesamten Zeitraum des Kurses) f\u00fcr das Selbststudium aufwendet und auch die praktischen Hausaufgaben erledigt, um den vollen Nutzen aus dem Kurs zu ziehen.<\/p>\n<p class=\"p1\"><b>Bewertung:<\/b> ist sowohl theoretisch als auch praktisch, aber im Wesentlichen summativ und ist Teil des Abschlusses jedes Moduls, bevor man am n\u00e4chsten Modul des Kurses teilnehmen kann<\/p>\n<p class=\"p1\"><b>Lernergebnisse<\/b> &#8211; Am Ende dieses Kurses wird der Kandidat in der Lage sein:<\/p>\n<ul class=\"ul1\">\n<li class=\"li2\">ein Bier nach einer Spezifikation zu brauen<\/li>\n<li class=\"li2\">die Zugabe von Rohstoffen genau zu berechnen<\/li>\n<li class=\"li2\">die verschiedenen Schritte des Brauprozesses, wie Farbe, Karbonisierung und Erreichen der Zielgravit\u00e4t am Ende des Kochvorgangs, genau zu berechnen und zu steuern<\/li>\n<li class=\"li2\">Fehlaromen in den von Ihnen gebrauten Bieren zu vermeiden und Fehlaromen zu erkennen, falls sie auftreten<\/li>\n<li class=\"li2\">die wichtigsten Bierstile zu identifizieren und zu erkl\u00e4ren, welche Zutaten in jedem verwendet werden<\/li>\n<li class=\"li2\">zu erkl\u00e4ren, wie sich die Wahl des Malzes\/der M\u00e4lze auf jeden Stil auswirkt<\/li>\n<li class=\"li2\">die Wechselwirkungen von Malz und Hopfen mit den anderen Zutaten des Brauprozesses zu diskutieren: Wasser und Hefe<\/li>\n<li class=\"li2\">Dieser Kurs deckt die praktischen Elemente ab, die zum IBD-Abschluss &#8222;General Certificate in Brewing&#8220; f\u00fchren (nur in englischer Sprache erh\u00e4ltlich).<\/li>\n<\/ul>\n<p class=\"p1\"><i>Sollten Sie eine Ratenzahlung bevorzugen, ist dies m\u00f6glich. Nehmen Sie Kontakt mit uns auf, um Ihre Bed\u00fcrfnisse zu besprechen.<\/i><\/p>\n<p class=\"p1\"><b>Progression Routes &#8211; Weiterf\u00fchrendes Studium:<\/b><\/p>\n<p class=\"p1\"><b>Niveau 2 &#8211; Die Welt des Bieres:<\/b> Der Kurs eignet sich f\u00fcr alle F\u00e4lle, in denen ein gutes Niveau an Bierkenntnissen erforderlich ist, um die beruflichen F\u00e4higkeiten und Kompetenzen im Bereich Kundenservice und Verkauf im Gastgewerbe, in der Gastronomie und im Gro\u00dfhandel zu unterst\u00fctzen.<\/p>\n<p class=\"p1\"><b>IBD &#8211; General Certificate in Brewing:<\/b> <i>(Allgemeines Zertifikat im Brauwesen)<\/i> ist eine internationale Qualifikation, die die grundlegenden wissenschaftlichen Kenntnisse und das Verst\u00e4ndnis f\u00fcr die Prinzipien des Brauereiwesens best\u00e4tigt.<\/p>\n<p><a href=\"https:\/\/beverageinstitute.ch\/de\/product-category\/brew-courses\/\" target=\"_blank\" rel=\"noopener\"><em><strong>Um sich f\u00fcr einen unserer Braukurse anzumelden, bitte folgen Sie bitte diesen Link\u2026<\/strong><\/em><\/a><\/p>\n","protected":false},"excerpt":{"rendered":"<p>Vollst\u00e4ndiger Kurs \u00fcber 4 Kurstage Wer sollte teilnehmen? Wenn Sie den Brauprozess selbst in die Hand nehmen und sich auf organisierte Art und Weise die notwendigen F\u00e4higkeiten aneignen m\u00f6chten, ist dieser Kurs ideal f\u00fcr Sie! W\u00e4hrend des Kurses werden Sie die M\u00f6glichkeit haben, das im Unterricht Gelernte in die Praxis umzusetzen, und Ihr Erfolg wird &hellip; <\/p>\n<p class=\"link-more\"><a href=\"https:\/\/beverageinstitute.ch\/de\/brewing-courses\/craft-brewing-in-practice\/\" class=\"more-link\"><span class=\"screen-reader-text\">\u201eZertifikatslehrgang &#8211; Craft Brauen in der Praxis\u201c <\/span>weiterlesen<\/a><\/p>\n","protected":false},"author":1,"featured_media":28886,"parent":28850,"menu_order":3,"comment_status":"closed","ping_status":"closed","template":"","meta":{"footnotes":""},"class_list":["post-33431","page","type-page","status-publish","has-post-thumbnail","hentry"],"translation":{"provider":"WPGlobus","version":"3.0.2","language":"de","enabled_languages":["en","de","fr","it"],"languages":{"en":{"title":true,"content":true,"excerpt":false},"de":{"title":true,"content":true,"excerpt":false},"fr":{"title":true,"content":true,"excerpt":false},"it":{"title":true,"content":true,"excerpt":false}}},"_links":{"self":[{"href":"https:\/\/beverageinstitute.ch\/de\/wp-json\/wp\/v2\/pages\/33431","targetHints":{"allow":["GET"]}}],"collection":[{"href":"https:\/\/beverageinstitute.ch\/de\/wp-json\/wp\/v2\/pages"}],"about":[{"href":"https:\/\/beverageinstitute.ch\/de\/wp-json\/wp\/v2\/types\/page"}],"author":[{"embeddable":true,"href":"https:\/\/beverageinstitute.ch\/de\/wp-json\/wp\/v2\/users\/1"}],"replies":[{"embeddable":true,"href":"https:\/\/beverageinstitute.ch\/de\/wp-json\/wp\/v2\/comments?post=33431"}],"version-history":[{"count":67,"href":"https:\/\/beverageinstitute.ch\/de\/wp-json\/wp\/v2\/pages\/33431\/revisions"}],"predecessor-version":[{"id":35840,"href":"https:\/\/beverageinstitute.ch\/de\/wp-json\/wp\/v2\/pages\/33431\/revisions\/35840"}],"up":[{"embeddable":true,"href":"https:\/\/beverageinstitute.ch\/de\/wp-json\/wp\/v2\/pages\/28850"}],"wp:featuredmedia":[{"embeddable":true,"href":"https:\/\/beverageinstitute.ch\/de\/wp-json\/wp\/v2\/media\/28886"}],"wp:attachment":[{"href":"https:\/\/beverageinstitute.ch\/de\/wp-json\/wp\/v2\/media?parent=33431"}],"curies":[{"name":"wp","href":"https:\/\/api.w.org\/{rel}","templated":true}]}}