{"id":33520,"date":"2023-01-27T16:17:14","date_gmt":"2023-01-27T15:17:14","guid":{"rendered":"https:\/\/beverageinstitute.ch\/?page_id=33520"},"modified":"2024-02-12T12:28:01","modified_gmt":"2024-02-12T11:28:01","slug":"seminars-brewing-in-practice","status":"publish","type":"page","link":"https:\/\/beverageinstitute.ch\/de\/brewing-courses\/seminars-brewing-in-practice\/","title":{"rendered":"Seminare &#8211; Bierbrauen in der Praxis"},"content":{"rendered":"\n<p><em><strong>Wer sollte teilnehmen?<\/strong><\/em><\/p>\n<p>Haben Sie Unterschiede in den Aromen, dem Geschmack und m\u00f6glicherweise der Farbe Ihres Bieres zwischen verschiedenen Chargen? <br><br>Haben Sie Schwierigkeiten, zwischen verschiedenen Chargen ein Bier mit gleichem Geschmack, Aroma und Farbe herzustellen?<br><br>M\u00f6chten Sie einen anderen Bierstil herstellen, haben aber Schwierigkeiten bei der Rezepturentwicklung?<br><br>Dann haben wir ein Seminar, das genau das Richtige f\u00fcr Sie ist!<br><br>Unsere Seminare &#8222;Brauen in der Praxis&#8220; richten sich an Brauer, die regelm\u00e4\u00dfig und auf professionellem Niveau brauen. Die Workshops bieten erfahrenen Brauern die M\u00f6glichkeit, ihr Wissen \u00fcber einen bestimmten Aspekt des Brauprozesses zu vertiefen.<\/p>\n<p><em><strong>Wie werden Sie profitieren?<\/strong><\/em><\/p>\n<p>In den Seminaren konzentrieren wir uns auf einen bestimmten Aspekt des Bierbrauens und untersuchen die damit verbundenen M\u00f6glichkeiten. Am Ende der Workshops haben Sie ein tieferes Verst\u00e4ndnis sowohl f\u00fcr die technischen als auch f\u00fcr die chemischen Eigenschaften, die in diesem Braukreislauf eine Rolle spielen. Sie verf\u00fcgen dann \u00fcber das Wissen, um mit den Werkzeugen weiter zu experimentieren, um ein kommerziell nutzbares und stabiles Produkt herzustellen.&nbsp;<\/p>\n\n\n\n<table style=\"border-collapse: collapse; width: 100%;\">\n<tbody>\n<tr>\n<td style=\"width: 50%;\">\n<p class=\"p1\"><b><img loading=\"lazy\" decoding=\"async\" class=\"alignnone size-medium wp-image-31083\" src=\"https:\/\/beverageinstitute.ch\/wp-content\/uploads\/2021\/11\/off-flavor-featured-image-300x200.jpg\" alt=\"\" width=\"300\" height=\"200\" srcset=\"https:\/\/beverageinstitute.ch\/wp-content\/uploads\/2021\/11\/off-flavor-featured-image-300x200.jpg 300w, https:\/\/beverageinstitute.ch\/wp-content\/uploads\/2021\/11\/off-flavor-featured-image-350x233.jpg 350w, https:\/\/beverageinstitute.ch\/wp-content\/uploads\/2021\/11\/off-flavor-featured-image.jpg 600w\" sizes=\"auto, (max-width: 300px) 100vw, 300px\" \/>Fehlaromen und Qualit\u00e4tssicherung<\/b><\/p>\n<p class=\"p1\"><strong>Kursdauer:<\/strong> einen<em> Tag<\/em><\/p>\n<p class=\"p1\"><b><i>Preis<\/i>:\u00a0<\/b> CHF 320.&#8211;<\/p>\n<\/td>\n<td style=\"width: 50%;\">\n<p class=\"p1\">Die wichtigsten Fehlaromen, die wir als Biertrinker wahrnehmen, stammen aus zwei Hauptbereichen: w\u00e4hrend des Brauprozesses (und h\u00f6chstwahrscheinlich als Nebenprodukt der Hefegesundheit) und w\u00e4hrend der Verpackung und Handhabung.<\/p>\n<p class=\"p1\">Sie werden lernen, wie Sie Probleme mit Fehlaromen in Ihrem Bier erkennen und mit praktischen L\u00f6sungen vermeiden k\u00f6nnen.<\/p>\n<p class=\"p1\">Qualit\u00e4tskontrolle bietet eine umfassende Einf\u00fchrung in die Techniken, die f\u00fcr das kommerzielle Brauen erforderlich sind. Es ist f\u00fcr alle geeignet, die ihre Kenntnisse und F\u00e4higkeiten erweitern m\u00f6chten, um Qualit\u00e4t und Konsistenz ihrer Brauprodukte zu gew\u00e4hrleisten.<\/p>\n<p class=\"p1\">W\u00e4hrend des Seminars werden Sie die Brautechniken ins rechte Licht r\u00fccken, indem Sie sich auf die Anforderungen eines Programms zur Qualit\u00e4tssicherung konzentrieren und lernen, wie Sie bestimmte Techniken der Qualit\u00e4tskontrolle vor Ort in Ihrer Brauerei anwenden k\u00f6nnen.<\/p>\n<p class=\"p1\">Sie \u00fcben Techniken, die Sie dann direkt auf Ihren eigenen Brauprozess anwenden k\u00f6nnen. Wenn Sie Ihr eigenes Bier mitbringen m\u00f6chten, beraten wir Sie gerne w\u00e4hrend des Kurses.<\/p>\n<p class=\"p1\">\u00a0Bewertung:<\/p>\n<ul>\n<li class=\"p1\">Theorie &#8211; Multiple-Choice-Pr\u00fcfung am Ende des Moduls<\/li>\n<li class=\"p1\">Praxis &#8211; Blindverkostung und Erkennen von Fehlern<\/li>\n<\/ul>\n<\/td>\n<\/tr>\n<tr>\n<td style=\"width: 50%;\">\n<p class=\"p1\"><b><img loading=\"lazy\" decoding=\"async\" class=\"alignnone size-medium wp-image-31191\" src=\"https:\/\/beverageinstitute.ch\/wp-content\/uploads\/2021\/11\/calculator-300x225.jpg\" alt=\"\" width=\"300\" height=\"225\" srcset=\"https:\/\/beverageinstitute.ch\/wp-content\/uploads\/2021\/11\/calculator-300x225.jpg 300w, https:\/\/beverageinstitute.ch\/wp-content\/uploads\/2021\/11\/calculator-350x263.jpg 350w, https:\/\/beverageinstitute.ch\/wp-content\/uploads\/2021\/11\/calculator-1024x768.jpg 1024w, https:\/\/beverageinstitute.ch\/wp-content\/uploads\/2021\/11\/calculator-768x576.jpg 768w, https:\/\/beverageinstitute.ch\/wp-content\/uploads\/2021\/11\/calculator-1536x1152.jpg 1536w, https:\/\/beverageinstitute.ch\/wp-content\/uploads\/2021\/11\/calculator-2048x1536.jpg 2048w\" sizes=\"auto, (max-width: 300px) 100vw, 300px\" \/>Berechnungen beim Brauen<\/b><\/p>\n<p class=\"p1\"><strong>Kursdauer:<\/strong> <em>ein Tag<\/em><\/p>\n<p class=\"p1\"><em><strong>Preis:<\/strong><\/em> CHF 320.&#8211;<\/p>\n<\/td>\n<td style=\"width: 50%;\">\n<p class=\"p1\">Im Laufe des Seminars f\u00fchren wir Sie in die Brauberechnungen ein, die in jeder Phase des Brauprozesses zum Einsatz kommen: von der Bestimmung der verwendeten Malzmengen \u00fcber die Berechnung der IBUs eines Bieres bis hin zur genauen Berechnung der Karbonisierung eines Bieres.<\/p>\n<p class=\"p1\">Am Ende des Seminars:<\/p>\n<ul>\n<li class=\"p1\">Sie werden in der Lage sein, die Rohstoffzugaben genau zu berechnen.<\/li>\n<li class=\"p1\">Sie sind in der Lage, verschiedene Prozessschritte, wie Farbe, Kohlens\u00e4uregehalt und Erreichen der Zielgravit\u00e4t am Ende des Kochvorgangs, genau zu berechnen<\/li>\n<li class=\"p1\">Sie sind in der Lage, die Braueffizienz Ihrer Anlage genau zu berechnen.<\/li>\n<\/ul>\n<p class=\"p1\">Bewertung:<\/p>\n<ul>\n<li class=\"p1\">Theorie &#8211; eine Pr\u00fcfung, die sowohl aus Multiple-Choice-Fragen als auch aus Berechnungen auf der Grundlage der behandelten Kursinhalte besteht<\/li>\n<\/ul>\n<\/td>\n<\/tr>\n<tr>\n<td style=\"width: 50%;\">\n<p class=\"p1\"><b><img loading=\"lazy\" decoding=\"async\" class=\"alignnone size-medium wp-image-30893\" src=\"https:\/\/beverageinstitute.ch\/wp-content\/uploads\/2021\/08\/IMG_0084-300x225.jpg\" alt=\"\" width=\"300\" height=\"225\" srcset=\"https:\/\/beverageinstitute.ch\/wp-content\/uploads\/2021\/08\/IMG_0084-300x225.jpg 300w, https:\/\/beverageinstitute.ch\/wp-content\/uploads\/2021\/08\/IMG_0084-350x263.jpg 350w, https:\/\/beverageinstitute.ch\/wp-content\/uploads\/2021\/08\/IMG_0084-1024x768.jpg 1024w, https:\/\/beverageinstitute.ch\/wp-content\/uploads\/2021\/08\/IMG_0084-768x576.jpg 768w, https:\/\/beverageinstitute.ch\/wp-content\/uploads\/2021\/08\/IMG_0084-1536x1152.jpg 1536w, https:\/\/beverageinstitute.ch\/wp-content\/uploads\/2021\/08\/IMG_0084-2048x1536.jpg 2048w\" sizes=\"auto, (max-width: 300px) 100vw, 300px\" \/>Bierbrauen unter Druck und F\u00e4sser f\u00fcllen unter Druck<\/b><\/p>\n<p class=\"p1\"><strong>Kursdauer<\/strong>: <em>ein Tag<\/em><\/p>\n<p class=\"p1\"><em><strong>Preis<\/strong><\/em>: CHF 320.&#8211;<\/p>\n<\/td>\n<td style=\"width: 50%;\">\n<p class=\"p1\">Bei der traditionellen Schwerkraftg\u00e4rung wird das CO2 aus dem Bier entweichen gelassen. Dieser Prozess ist zwar einfach, erfordert aber auch ein umfangreiches Umf\u00fcllen vom ersten in den zweiten G\u00e4rbeh\u00e4lter bis zur Abf\u00fcllung in Flaschen und F\u00e4sser.<\/p>\n<p class=\"p1\">Durch das Umf\u00fcllen wird das Bier w\u00e4hrend der G\u00e4rung unerw\u00fcnschtem Sauerstoff ausgesetzt, was zu Problemen f\u00fchren kann.<\/p>\n<p class=\"p1\">Bei der Druckg\u00e4rung ist der G\u00e4rbeh\u00e4lter vollst\u00e4ndig verschlossen, und das CO2 ist im G\u00e4rbeh\u00e4lter eingeschlossen. Die Druckg\u00e4rung hat mehrere Vorteile:<\/p>\n<ul>\n<li class=\"p1\">das Bier kann bei h\u00f6heren Temperaturen g\u00e4ren<\/li>\n<li class=\"p1\">das Bier kann im Inneren des Beh\u00e4lters auf nat\u00fcrliche Weise karbonisieren<\/li>\n<li class=\"p1\">weniger Ester und Fuselgeschmack im Bier<\/li>\n<\/ul>\n<p class=\"p1\">Durch die Druckg\u00e4rung beendet das Bier den Prozess in demselben Gef\u00e4\u00df, in dem die G\u00e4rung begonnen hat.<\/p>\n<p class=\"p1\">W\u00e4hrend des Seminars zeigen wir Ihnen, wie Sie den G\u00e4rprozess kontrollieren, das Niveau der Karbonisierung \u00fcberpr\u00fcfen und besprechen, was zu tun ist, wenn die Karbonisierung nicht ausreicht (und wie Sie Probleme mit zu viel Karbonisierung vermeiden k\u00f6nnen&#8230;)<\/p>\n<p class=\"p1\">Anschlie\u00dfend werden wir das unter Druck stehende Bier in ein Fass umf\u00fcllen und w\u00e4hrend des Kurstages eine Qualit\u00e4tsbewertung unseres unter Druck stehenden Bieres vornehmen.<\/p>\n<p class=\"p1\">Bewertung:<\/p>\n<ul>\n<li class=\"p1\">Theorie &#8211; eine Pr\u00fcfung, bestehend aus Multiple-Choice-Fragen und Kurzantworten<\/li>\n<\/ul>\n<\/td>\n<\/tr>\n<tr>\n<td style=\"width: 50%;\">\n<p class=\"p1\"><b><img loading=\"lazy\" decoding=\"async\" class=\"alignnone size-medium wp-image-31085\" src=\"https:\/\/beverageinstitute.ch\/wp-content\/uploads\/2021\/11\/quality_brew-300x160.jpg\" alt=\"\" width=\"300\" height=\"160\" srcset=\"https:\/\/beverageinstitute.ch\/wp-content\/uploads\/2021\/11\/quality_brew-300x160.jpg 300w, https:\/\/beverageinstitute.ch\/wp-content\/uploads\/2021\/11\/quality_brew.jpg 307w\" sizes=\"auto, (max-width: 300px) 100vw, 300px\" \/>Gesetzliche Anforderungen an das Brauwesen und HACCP<\/b><\/p>\n<p class=\"p1\"><strong>Kursdauer:<\/strong> <em>ein Tag<\/em><\/p>\n<p class=\"p1\"><strong>Preis:<\/strong> CHF 320.&#8211;<\/p>\n<\/td>\n<td style=\"width: 50%;\">\n<p class=\"p1\">Dieses Seminar bietet eine umfassende Einf\u00fchrung in die gesetzlichen Anforderungen und die Einrichtung eines HACCP-Kontrollsystems f\u00fcr das gewerbliche Brauen. Es ist f\u00fcr alle geeignet, die ihre Kenntnisse und F\u00e4higkeiten erweitern m\u00f6chten, um die Qualit\u00e4t und Konsistenz ihrer Brauprodukte zu gew\u00e4hrleisten.<\/p>\n<p class=\"p1\">W\u00e4hrend des Seminars werden Sie die Brautechniken ins rechte Licht r\u00fccken, indem Sie sich auf die Anforderungen eines HACCP-Programms konzentrieren und lernen, wie Sie die Kontrolltechniken vor Ort in Ihrer Brauerei anwenden k\u00f6nnen.<\/p>\n<p class=\"p1\">Bewertung:<\/p>\n<ul>\n<li class=\"p1\">Theorie &#8211; eine Pr\u00fcfung, die aus Multiple-Choice-Fragen, Kurzantworten und Berechnungen auf der Grundlage der behandelten Kursinhalte besteht<\/li>\n<\/ul>\n<\/td>\n<\/tr>\n<\/tbody>\n<\/table>\n<p class=\"p1\"><a href=\"https:\/\/beverageinstitute.ch\/de\/product-category\/brew-courses\/\" target=\"_blank\" rel=\"noopener\"><em><strong>Um sich f\u00fcr eines unserer Brauseminare anzumelden, folgen Sie bitte diesem Link&#8230;<\/strong><\/em><\/a><\/p>\n","protected":false},"excerpt":{"rendered":"<p>Wer sollte teilnehmen? Haben Sie Unterschiede in den Aromen, dem Geschmack und m\u00f6glicherweise der Farbe Ihres Bieres zwischen verschiedenen Chargen? Haben Sie Schwierigkeiten, zwischen verschiedenen Chargen ein Bier mit gleichem Geschmack, Aroma und Farbe herzustellen? M\u00f6chten Sie einen anderen Bierstil herstellen, haben aber Schwierigkeiten bei der Rezepturentwicklung? Dann haben wir ein Seminar, das genau das &hellip; <\/p>\n<p class=\"link-more\"><a href=\"https:\/\/beverageinstitute.ch\/de\/brewing-courses\/seminars-brewing-in-practice\/\" class=\"more-link\"><span class=\"screen-reader-text\">\u201eSeminare &#8211; Bierbrauen in der Praxis\u201c <\/span>weiterlesen<\/a><\/p>\n","protected":false},"author":1,"featured_media":30894,"parent":28850,"menu_order":3,"comment_status":"closed","ping_status":"closed","template":"","meta":{"footnotes":""},"class_list":["post-33520","page","type-page","status-publish","has-post-thumbnail","hentry"],"translation":{"provider":"WPGlobus","version":"3.0.2","language":"de","enabled_languages":["en","de","fr","it"],"languages":{"en":{"title":true,"content":true,"excerpt":false},"de":{"title":true,"content":true,"excerpt":false},"fr":{"title":true,"content":true,"excerpt":false},"it":{"title":true,"content":true,"excerpt":false}}},"_links":{"self":[{"href":"https:\/\/beverageinstitute.ch\/de\/wp-json\/wp\/v2\/pages\/33520","targetHints":{"allow":["GET"]}}],"collection":[{"href":"https:\/\/beverageinstitute.ch\/de\/wp-json\/wp\/v2\/pages"}],"about":[{"href":"https:\/\/beverageinstitute.ch\/de\/wp-json\/wp\/v2\/types\/page"}],"author":[{"embeddable":true,"href":"https:\/\/beverageinstitute.ch\/de\/wp-json\/wp\/v2\/users\/1"}],"replies":[{"embeddable":true,"href":"https:\/\/beverageinstitute.ch\/de\/wp-json\/wp\/v2\/comments?post=33520"}],"version-history":[{"count":27,"href":"https:\/\/beverageinstitute.ch\/de\/wp-json\/wp\/v2\/pages\/33520\/revisions"}],"predecessor-version":[{"id":35142,"href":"https:\/\/beverageinstitute.ch\/de\/wp-json\/wp\/v2\/pages\/33520\/revisions\/35142"}],"up":[{"embeddable":true,"href":"https:\/\/beverageinstitute.ch\/de\/wp-json\/wp\/v2\/pages\/28850"}],"wp:featuredmedia":[{"embeddable":true,"href":"https:\/\/beverageinstitute.ch\/de\/wp-json\/wp\/v2\/media\/30894"}],"wp:attachment":[{"href":"https:\/\/beverageinstitute.ch\/de\/wp-json\/wp\/v2\/media?parent=33520"}],"curies":[{"name":"wp","href":"https:\/\/api.w.org\/{rel}","templated":true}]}}