{"id":34864,"date":"2023-10-12T14:55:59","date_gmt":"2023-10-12T12:55:59","guid":{"rendered":"https:\/\/beverageinstitute.ch\/?page_id=34864"},"modified":"2025-09-18T14:50:41","modified_gmt":"2025-09-18T12:50:41","slug":"champagne-specialist-understanding-and-recommending-champagne","status":"publish","type":"page","link":"https:\/\/beverageinstitute.ch\/de\/wine_courses\/champagne-specialist-understanding-and-recommending-champagne\/","title":{"rendered":"Niveau 4 &#8222;Champagner Spezialist &#8211; Verstehen und Empfehlen von Champagner&#8220;"},"content":{"rendered":"\n<ul>\n<li><img loading=\"lazy\" decoding=\"async\" class=\"wp-image-34927 alignright\" src=\"https:\/\/beverageinstitute.ch\/wp-content\/uploads\/2020\/12\/Logo_Official-Training-Champagne-Education-300x300.png\" alt=\"\" width=\"148\" height=\"148\" \/>Eine Vertiefungsausbildung \u00fcber die verschiedenen Champagnerweine und den Erwerb solider Kompetenzen in der Verkostung und Beratung von Champagnerweinen<br \/><br \/><\/li>\n<li>Ein Zertifikat, das vom Comit\u00e9 Champagne, der offiziellen Autorit\u00e4t f\u00fcr Champagnerweine, angeboten wird<\/li>\n<\/ul>\n\n\n\n<div class=\"wp-block-group is-vertical is-layout-flex wp-container-core-group-is-layout-8cf370e7 wp-block-group-is-layout-flex\">\n<p><strong><em>Wer sollte teilnehmen?<\/em><\/strong><\/p>\n\n\n\n<p>Dieser Kurs richtet sich an Weinh\u00e4ndler, Sommeliers, Restaurantfachleute, Fach- und F\u00fchrungskr\u00e4fte im Lebensmittelvertrieb, Eink\u00e4ufer und Verkaufspersonal in der Wein- und Spirituosenindustrie, Fachleute in der Weinbauindustrie, Fachleute im Weintourismus, Weinjournalisten, Importeure, Weinausbilder, Studenten im Hotel- und Gastst\u00e4ttengewerbe und in der Luxusindustrie.<\/p>\n\n\n\n<p>Ganz allgemein alle, die sich im Bereich der Empfehlung von Champagne-Weinen weiterbilden wollen.<\/p>\n\n\n\n<p><strong><em>Wie werden Sie profitieren?<\/em><\/strong><\/p>\n\n\n\n<p>Erfolgreiche Kandidaten werden in der Lage sein:<\/p>\n\n\n\n<ul class=\"wp-block-list\">\n<li>Etiketten von Champagne-Weinen zu verstehen und zu interpretieren<\/li>\n\n\n\n<li>Champagne-Weine zu beschreiben und zu beurteilen<\/li>\n\n\n\n<li>Champagne-Weine unter optimalen Bedingungen zu lagern und zu servieren<\/li>\n\n\n\n<li>einen Champagne-Wein zu empfehlen, indem sie die Erwartungen und Anforderungen des Kunden ermitteln und dann eine Reihe von Vorschl\u00e4gen entsprechend den Bed\u00fcrfnissen des Kunden machen<\/li>\n\n\n\n<li>wissen, wie man Speisen und Champagne-Weine kombiniert<\/li>\n<\/ul>\n\n\n\n<p>Um diese Qualifikation zu erlangen, m\u00fcssen die Kandidaten &#8211; erfolgreich abschlie\u00dfen:<\/p>\n\n\n\n<p>eine theoretische Bewertung&nbsp;<\/p>\n\n\n\n<ul class=\"wp-block-list\">\n<li>drei\u00dfig Multiple-Choice-Fragen<\/li>\n\n\n\n<li>eine praktische Pr\u00fcfung in Form von zwei kurzen schriftlichen Fragen<\/li>\n<\/ul>\n\n\n\n<p>praktische Pr\u00fcfung<\/p>\n\n\n\n<ul class=\"wp-block-list\">\n<li>Blindverkostung von zwei Champagnern<\/li>\n<\/ul>\n\n\n\n<p><em>N.B. Die Pr\u00fcfung wird benotet und das Zertifikat wird vom Comit\u00e9 Champagne in Frankreich ausgestellt.<\/em><\/p>\n\n\n\n<p><strong>Im Kurspreis inbegriffen sind:<\/strong> &#8211; das Kursmaterial, die Weinproben, die Pr\u00fcfung zum Champagner-Spezialisten, der Unterricht, der Zugang zum Studiensupport f\u00fcr die Dauer des Kurses<\/p>\n\n\n\n<p><strong>Erforderliche Vorkenntnisse f\u00fcr diesen Kurs:<\/strong> &#8211; es wird vorausgesetzt, dass alle Kursteilnehmer vor dem Kurs die <a href=\"https:\/\/www.champagne.education\/de\/online-schulung-champagne-mooc\" data-type=\"link\" data-id=\"https:\/\/www.champagne.education\/de\/online-schulung-champagne-mooc\" target=\"_blank\" rel=\"noreferrer noopener\">Champagne Education E-Learning-Zertifizierung<\/a> von Niveau 2 oder 3 absolviert und bestanden haben. Bitte schicken Sie uns eine Digitale Kopie des Zeugnises vor dem 1. Kurstag (Die eLearning Kurse und Pr\u00fcfungen der Champagne Education sind gratis). Es wird dringend empfohlen, dass Sie mindestens die Niveau 2 &#8211; WSET\u00ae Qualifikation in Weine erfolgreich abgeschlossen haben.<\/p>\n\n\n\n<p><em>Wenn Sie sich nicht sicher sind, kontaktieren Sie uns, damit wir Ihnen bei der Auswahl des Niveaus helfen k\u00f6nnen, das Ihren Bed\u00fcrfnissen und Zielen entspricht.<\/em><\/p>\n\n\n\n<p><strong>Gef\u00fchrte Lernstunden:<\/strong> &#8211; Es wird empfohlen, dass ein Kandidat mindestens 21 Lernstunden f\u00fcr den Abschluss des Programms einplant. Diese Stunden sind in der Regel eine Kombination aus Unterrichts- und Studienzeiten. Es wird auch empfohlen, dass die Unterrichtszeit nicht weniger als 12 Stunden betr\u00e4gt.<\/p>\n\n\n\n<p><strong>Progression Routes &#8211;<\/strong> nach erfolgreichem Abschluss des &#8222;Champagne Specialist&#8220;-Programms kann der Kandidat die folgende Qualifikation erlangen:<\/p>\n\n\n\n<p><strong>Niveau 3 &#8211; Qualifikation WSET\u00ae in Weine:<\/strong> &#8211; F\u00fcr Personen, die tiefer in die Welt der Weine eintauchen wollen, vermittelt diese Qualifikation ein detailliertes Verst\u00e4ndnis f\u00fcr die Faktoren, die Stil, Qualit\u00e4t und Preis beeinflussen. Sie werden lernen, Weine genau zu beurteilen und Ihr Wissen zu nutzen, um fundierte Entscheidungen zu treffen.<\/p>\n\n\n\n<p><em>Bitte merken Sie: &#8211; F\u00fcr die Teilnahme am Programm Level 3 &#8211; WSET\u00ae Award in Wines ist das Niveau 2 &#8211; WSET\u00ae Award in Wines oder ein gleichwertiges Ma\u00df an Erfahrung erforderlich.<\/em><\/p>\n\n\n\n<p><a href=\"https:\/\/beverageinstitute.ch\/de\/wine_courses\/level-2-wset-award-in-wines\/\" data-type=\"link\" data-id=\"https:\/\/beverageinstitute.ch\/de\/wine_courses\/level-2-wset-award-in-wines\/\"><strong><em><span style=\"text-decoration: underline;\">Um sich f\u00fcr den Kurs &#8222;Champagner-Spezialist&#8220; anzumelden, folgen Sie bitte diesem Link&#8230;<\/span><\/em><\/strong><\/a><\/p>\n<\/div>\n","protected":false},"excerpt":{"rendered":"<p>Eine Vertiefungsausbildung \u00fcber die verschiedenen Champagnerweine und den Erwerb solider Kompetenzen in der Verkostung und Beratung von Champagnerweinen Ein Zertifikat, das vom Comit\u00e9 Champagne, der offiziellen Autorit\u00e4t f\u00fcr Champagnerweine, angeboten wird Wer sollte teilnehmen? Dieser Kurs richtet sich an Weinh\u00e4ndler, Sommeliers, Restaurantfachleute, Fach- und F\u00fchrungskr\u00e4fte im Lebensmittelvertrieb, Eink\u00e4ufer und Verkaufspersonal in der Wein- und Spirituosenindustrie, &hellip; <\/p>\n<p class=\"link-more\"><a href=\"https:\/\/beverageinstitute.ch\/de\/wine_courses\/champagne-specialist-understanding-and-recommending-champagne\/\" class=\"more-link\"><span class=\"screen-reader-text\">\u201eNiveau 4 &#8222;Champagner Spezialist &#8211; Verstehen und Empfehlen von Champagner&#8220;\u201c <\/span>weiterlesen<\/a><\/p>\n","protected":false},"author":1,"featured_media":37720,"parent":28640,"menu_order":5,"comment_status":"closed","ping_status":"closed","template":"","meta":{"footnotes":""},"class_list":["post-34864","page","type-page","status-publish","has-post-thumbnail","hentry"],"translation":{"provider":"WPGlobus","version":"3.0.2","language":"de","enabled_languages":["en","de","fr","it"],"languages":{"en":{"title":true,"content":true,"excerpt":false},"de":{"title":true,"content":true,"excerpt":false},"fr":{"title":true,"content":true,"excerpt":false},"it":{"title":true,"content":true,"excerpt":false}}},"_links":{"self":[{"href":"https:\/\/beverageinstitute.ch\/de\/wp-json\/wp\/v2\/pages\/34864","targetHints":{"allow":["GET"]}}],"collection":[{"href":"https:\/\/beverageinstitute.ch\/de\/wp-json\/wp\/v2\/pages"}],"about":[{"href":"https:\/\/beverageinstitute.ch\/de\/wp-json\/wp\/v2\/types\/page"}],"author":[{"embeddable":true,"href":"https:\/\/beverageinstitute.ch\/de\/wp-json\/wp\/v2\/users\/1"}],"replies":[{"embeddable":true,"href":"https:\/\/beverageinstitute.ch\/de\/wp-json\/wp\/v2\/comments?post=34864"}],"version-history":[{"count":56,"href":"https:\/\/beverageinstitute.ch\/de\/wp-json\/wp\/v2\/pages\/34864\/revisions"}],"predecessor-version":[{"id":37962,"href":"https:\/\/beverageinstitute.ch\/de\/wp-json\/wp\/v2\/pages\/34864\/revisions\/37962"}],"up":[{"embeddable":true,"href":"https:\/\/beverageinstitute.ch\/de\/wp-json\/wp\/v2\/pages\/28640"}],"wp:featuredmedia":[{"embeddable":true,"href":"https:\/\/beverageinstitute.ch\/de\/wp-json\/wp\/v2\/media\/37720"}],"wp:attachment":[{"href":"https:\/\/beverageinstitute.ch\/de\/wp-json\/wp\/v2\/media?parent=34864"}],"curies":[{"name":"wp","href":"https:\/\/api.w.org\/{rel}","templated":true}]}}