{"id":38165,"date":"2026-05-14T07:39:05","date_gmt":"2026-05-14T05:39:05","guid":{"rendered":"https:\/\/beverageinstitute.ch\/?page_id=38165"},"modified":"2026-05-14T14:04:19","modified_gmt":"2026-05-14T12:04:19","slug":"level-3-wset-award-in-spirits","status":"publish","type":"page","link":"https:\/\/beverageinstitute.ch\/de\/distilling-courses\/level-3-wset-award-in-spirits\/","title":{"rendered":"Niveau 3 Qualifikation WSET\u00ae\u00a0in Spirituosen"},"content":{"rendered":"\n<p><em>Bitte beachten Sie, dass dieser Kurs ausschlie\u00dflich in englischer Sprache angeboten wird.<\/em><\/p>\n<p><em><strong>Wer kann teilnehmen?<\/strong><\/em><\/p>\n<p>Der WSET\u00ae Level 3 &#8211; Award in Spirits ist eine Qualifikation f\u00fcr Fortgeschrittene, die sich f\u00fcr Fachleute und Liebhaber richtet, die ein detailliertes Verst\u00e4ndnis der Spirituosen der Welt erlangen und die Verkostungsf\u00e4higkeiten entwickeln m\u00f6chten, die erforderlich sind, um eine destillierte Spirituosen pr\u00e4zise zu beschreiben und zu bewerten.<\/p>\n<p>Diese Qualifikation baut auf den Kenntnissen und F\u00e4higkeiten auf, die im Rahmen des WSET\u00ae Level 2 &#8211; Award in Spirits erworben wurden.<\/p>\n<p><em><strong>Was wird geboten?<\/strong><\/em><\/p>\n<p>Sie erwerben ein tiefgreifendes theoretisches Verst\u00e4ndnis der Techniken, die bei der Spirituosenherstellung zum Einsatz kommen, von der Verarbeitung der Rohstoffe bis hin zu den Arbeitsschritten nach der Destillation. Durch eine Kombination aus Verkostung und der Anwendung theoretischen Wissens lernen Sie, selbstbewusst zu erkl\u00e4ren, warum Spirituosen so aussehen und schmecken, wie sie es tun, und wie und warum sie sich voneinander unterscheiden.<\/p>\n<p><strong>Programm\u00fcbersicht<\/strong><\/p>\n<p>Einheit 1<\/p>\n<p>Ein detailliertes Verst\u00e4ndnins der bei der Spirituosenherstellung angewandten Techniken:<\/p>\n<ul>\n<li>Verarbeitung der Rohstoffe<\/li>\n<li>alkoholische G\u00e4rung<\/li>\n<li>Destillation<\/li>\n<li>Verfahren nach der Destillation<\/li>\n<\/ul>\n<p>Faktoren, die den Stil und die Qualit\u00e4t von Spirituosen beeinflussen, sowie detaillierte Betrachtung der wichtigsten Spirituosenkategorien :<\/p>\n<ul>\n<li>Scotch Whisky<\/li>\n<li>Bourbon<\/li>\n<li>Rye Whiskey<\/li>\n<li>Tennessee Whiskey<\/li>\n<li>Cognac<\/li>\n<li>Armagnac<\/li>\n<li>Karibischer Rum<\/li>\n<li>Tequila<\/li>\n<li>Mezcal<\/li>\n<li>Wodka<\/li>\n<li>Gin<\/li>\n<\/ul>\n<p>Ein \u00dcberblick \u00fcber 23 weitere Spirituosenkategorien mit Schwerpuntk auf:<\/p>\n<ul>\n<li>den wichtigsten Herstellungsverfahren<\/li>\n<li>den wichtigsten Stilen<\/li>\n<li>den wichtigsten Begriffen auf dem Etikett<\/li>\n<\/ul>\n<p>Einheit 2<\/p>\n<ul>\n<li>Wie man Spirituosen nach dem &#8222;Level 3 &#8211; WSET\u00ae Systematic Approach to Tasting Spirits\u00ae&#8220; verkostet und beschreibt<\/li>\n<\/ul>\n<p><strong>Pr\u00fcfung:\u00a0<\/strong>Die zweieinhalbst\u00fcndige Pr\u00fcfung ohne Hilfsmittel besteht aus zwei Teilen:<\/p>\n<p><em><strong>Enheit 1:\u00a0<\/strong><\/em>eine zweiteilige Theoriepr\u00fcfung<\/p>\n<ul>\n<li>Teil 1 besteht aus 50 Multiple-Choice-Fragen<\/li>\n<li>Teil 2 besteht aus Kurzantwortfragen<\/li>\n<\/ul>\n<p><em><strong>Einheit 2:\u00a0<\/strong><\/em>eine Verkostungspr\u00fcfung mit zwei Spirituosenproben, die blind verkostet werden<\/p>\n<p>Um die Qualifikation zu erwerben, m\u00fcssen Sie sowohl den ersten Teil der Theoriepr\u00fcfung (Einheit 1) als auch die Verkostungspr\u00fcfung (Einheit 2) bestehen.<\/p>\n<p><em>Bitte beachten Sie, dass die WSET\u00ae ab dem 1. August 2025 nur noch digitale Zertifikate ausstellt und dass vor Ihrer Pr\u00fcfung ein Verwaltungsprozess durchlaufen werden muss, um sicherzustellen, dass Sie Zugriff auf das digitale Zertifikat erhalten.<\/em><\/p>\n<p><strong>Im Kurspreis enthalten sind:\u00a0<\/strong> die Kursunterlagen, die Pr\u00fcfung des Wine and Spirit Education Trust\u00a0<em>(die in \u00fcber 80 L\u00e4ndern weltweit anerkannt ist), <\/em>der Unterricht, sowie der Zugang zu unseren Lernplattform w\u00e4hrend der gesamten Kursdauer.<\/p>\n<p><strong>Erforderliche Vorkenntnisse:\u00a0<\/strong>Der Kurs steht Teilnehmern offen, die \u00fcber eine der folgenden Qualifikationen Verf\u00fcgen: Niveau 2 Qualifikation WSET\u00ae in Spirituosen, SBU-Diplom, IBA-Diplom. Wir empfehlen jedoch unseren Niveau 2 Zertifikat &#8222;Spirituosen-Spezialist&#8220; Kurs, der zwei Drittel des Kursmaterials f\u00fcr den Niveau 3 Qualifikation WSET\u00ae in Spirituosen abdeckt.<\/p>\n<p><em>Wir bieten auch eine Online-Aufnahmepr\u00fcfung f\u00fcr den Niveau 3 Qualifikation WSET\u00ae in Spirituosen an &#8211; die Teilnahme an dieser Pr\u00fcfung ist kostenlos.<\/em><\/p>\n<p><em>Hinweis: Wenn Sie nicht sicher sind, kontaktieren Sie uns, damit wir Ihnen helfen k\u00f6nnen, das f\u00fcr Ihre Ziele passende Kursniveau auszuw\u00e4hlen.<\/em><\/p>\n<p><strong>Zeitlicher Aufwand:\u00a0<\/strong> Es wird empfohlen, dass die Studierenden 84 Stunden f\u00fcr das erfolgreiche Absolvieren des aus zwei Modulen bestehenden Programms einplanen. Diese Zeit setzt sich in der Regel aus Pr\u00e4senzunterricht und Selbststudium.<\/p>\n<p><strong>Lernziele &#8211;\u00a0<\/strong>Am Ende dieses Kurses sind die Teilnehmer in der Lage:<\/p>\n<ul>\n<li>die wichtigsten Faktoren der Spirituosenherstellung zu verstehen und zu erkennen, wie diese Stil und Qualit\u00e4t beeinfl\u00fcssen<\/li>\n<li>die wesentlichen Merkmale und die Kennzeichnung ausgew\u00e4hlter Spirituosen aus aller Welt sowie den Einfluss rechtlicher Rahmenbedingungen und Produktionsentcheidungen auf deren Stil und Qualit\u00e4t zu verstehen<\/li>\n<li>die wesentlichen Merkmale anderer namentlich genannter Spirituosen aus aller Welt, deren Kennzeichnungsbegriffe und die wichtigsten getroffenen Produktionsentscheidungen zu kennen<\/li>\n<li>die wesentlichen Merkmale ausgew\u00e4hlter Spirituosen aus aller Welt zu beschreiben und anhand dieser Beschreibung die Art und Kategorie der Spirituose zu bestimmen. Das Qualit\u00e4tsniveau zu bestimmen und dies zu begr\u00fcnden<\/li>\n<\/ul>\n<p><strong>Weiterbildungsm\u00f6glichkeiten<\/strong> &#8211; Nach Abschlu\u00df des Niveau 3 Qualifikation WSET\u00ae in Spirituosen k\u00f6nnten folgende Kurse f\u00fcr Sie Interessant sein:<\/p>\n<ul>\n<li>Niveau 1 Einf\u00fchrung in die Destillation und Aromatisierung von Spirituosen<\/li>\n<li>Niveau 2 Qualifikation WSET\u00ae in Weine<\/li>\n<li>Niveau 3 Qualifikation WSET\u00ae in Weine\u00a0<\/li>\n<li>Niveau 3 Advanced Zertifikat in Scxhweizer Weine<\/li>\n<li>Niveau 4 Champagner-Spezialist<\/li>\n<li>Niveau 1 Einf\u00fchrung in Bier und Bierservice<\/li>\n<li>Niveau 2 Qualifikation WSET\u00ae in Bier<\/li>\n<\/ul>\n<p><em>Bitte beachten Sie: F\u00fcr die Teilnahme am Niveau 3 Qualifikation WSET\u00ae in Weine ist der Niveau 2 Qualifikation WSET\u00ae in Weine oder ein gleichwertiges Wissensniveau erforderlich.<\/em><\/p>\n<p>Um sich f\u00fcr einen Niveau 3 Qualifikation WSET\u00ae in Spirituosenkurs anzumelden, folgen Sie bitte <a href=\"https:\/\/beverageinstitute.ch\/de\/product-category\/spirits-courses\/\" target=\"_blank\" rel=\"noopener\">diesem Link\u2026<\/a><\/p>\n\n\n\n\n","protected":false},"excerpt":{"rendered":"<p>Bitte beachten Sie, dass dieser Kurs ausschlie\u00dflich in englischer Sprache angeboten wird. Wer kann teilnehmen? Der WSET\u00ae Level 3 &#8211; Award in Spirits ist eine Qualifikation f\u00fcr Fortgeschrittene, die sich f\u00fcr Fachleute und Liebhaber richtet, die ein detailliertes Verst\u00e4ndnis der Spirituosen der Welt erlangen und die Verkostungsf\u00e4higkeiten entwickeln m\u00f6chten, die erforderlich sind, um eine destillierte &hellip; <\/p>\n<p class=\"link-more\"><a href=\"https:\/\/beverageinstitute.ch\/de\/distilling-courses\/level-3-wset-award-in-spirits\/\" class=\"more-link\"><span class=\"screen-reader-text\">\u201eNiveau 3 Qualifikation WSET\u00ae\u00a0in Spirituosen\u201c <\/span>weiterlesen<\/a><\/p>\n","protected":false},"author":1,"featured_media":30810,"parent":28853,"menu_order":0,"comment_status":"closed","ping_status":"closed","template":"","meta":{"footnotes":""},"class_list":["post-38165","page","type-page","status-publish","has-post-thumbnail","hentry"],"translation":{"provider":"WPGlobus","version":"3.0.2","language":"de","enabled_languages":["en","de","fr","it"],"languages":{"en":{"title":true,"content":true,"excerpt":false},"de":{"title":true,"content":true,"excerpt":false},"fr":{"title":true,"content":true,"excerpt":false},"it":{"title":true,"content":true,"excerpt":false}}},"_links":{"self":[{"href":"https:\/\/beverageinstitute.ch\/de\/wp-json\/wp\/v2\/pages\/38165","targetHints":{"allow":["GET"]}}],"collection":[{"href":"https:\/\/beverageinstitute.ch\/de\/wp-json\/wp\/v2\/pages"}],"about":[{"href":"https:\/\/beverageinstitute.ch\/de\/wp-json\/wp\/v2\/types\/page"}],"author":[{"embeddable":true,"href":"https:\/\/beverageinstitute.ch\/de\/wp-json\/wp\/v2\/users\/1"}],"replies":[{"embeddable":true,"href":"https:\/\/beverageinstitute.ch\/de\/wp-json\/wp\/v2\/comments?post=38165"}],"version-history":[{"count":8,"href":"https:\/\/beverageinstitute.ch\/de\/wp-json\/wp\/v2\/pages\/38165\/revisions"}],"predecessor-version":[{"id":38239,"href":"https:\/\/beverageinstitute.ch\/de\/wp-json\/wp\/v2\/pages\/38165\/revisions\/38239"}],"up":[{"embeddable":true,"href":"https:\/\/beverageinstitute.ch\/de\/wp-json\/wp\/v2\/pages\/28853"}],"wp:featuredmedia":[{"embeddable":true,"href":"https:\/\/beverageinstitute.ch\/de\/wp-json\/wp\/v2\/media\/30810"}],"wp:attachment":[{"href":"https:\/\/beverageinstitute.ch\/de\/wp-json\/wp\/v2\/media?parent=38165"}],"curies":[{"name":"wp","href":"https:\/\/api.w.org\/{rel}","templated":true}]}}