{"id":37822,"date":"2025-09-16T13:09:32","date_gmt":"2025-09-16T11:09:32","guid":{"rendered":"https:\/\/beverageinstitute.ch\/?post_type=product&#038;p=37822"},"modified":"2026-01-07T09:56:37","modified_gmt":"2026-01-07T08:56:37","slug":"livello-1-introduzione-al-vino-formazione-a-distanza","status":"publish","type":"product","link":"https:\/\/beverageinstitute.ch\/de\/product\/livello-1-introduzione-al-vino-formazione-a-distanza\/","title":{"rendered":"Livello 1 &#8211; Introduzione al vino &#8211; formazione a distanza"},"content":{"rendered":"<ul>\n<li>imparate al vostro ritmo e secondo i vostri tempi, anche l&#8217;esame si svolge online.Potete iniziare il corso in qualsiasi momento, imparare al vostro ritmo e sostenere l&#8217;esame online.<br \/>\nL&#8217;accesso ai materiali del corso online e all&#8217;esame \u00e8 limitato a 30 giorni.<\/li>\n<\/ul>\n<p>Il prezzo del corso non include i campioni di vino, che possono essere acquistati da Vinovae o sul mercato locale.<\/p>\n<ul>\n<li style=\"text-align: left;\"><span style=\"font-family: 'trebuchet ms', geneva, sans-serif; font-size: 12pt;\">Create il vostro profilo e accedete per prenotare il vostro posto in questo corso.<\/span><\/li>\n<\/ul>\n<p><span style=\"font-family: 'trebuchet ms', geneva, sans-serif; font-size: 12pt;\"><em>N.B. Accettiamo pagamenti con carta di credito o di debito attraverso il sistema SumUp, ma \u00e8 possibile pagare anche tramite bonifico bancario. Si prega di notare che \u00e8 necessario completare i dati di registrazione, al fine di completare il processo di registrazione il pi\u00f9 rapidamente possibile.<\/em><\/span><\/p>\n<p class=\"p1\">\n","protected":false},"excerpt":{"rendered":"<h6><strong>Chi pu\u00f2 partecipare?<\/strong><\/h6>\n<p>Il corso si rivolge a tutti coloro che sono interessati al vino ma che hanno poche o nessuna conoscenza del vino. Dato che ci troviamo in un paese produttore di vino, vi presenteremo anche le principali variet\u00e0 di uva prodotte in Svizzera.<\/p>\n<h6><strong>Quali sono I benefici del corso?<\/strong><\/h6>\n<p>L&#8217;obiettivo del corso \u00e8 quello di offrire un livello introduttivo di conoscenza su come viene fatto il vino e sui principali stili di vino e vitigni nel mondo. Saremo anche in grado di testare alcuni principi di abbinamento tra cibo e vino.<\/p>\n<p><strong>Programma del corso<\/strong><\/p>\n<ul>\n<li>le principali variet\u00e0 di uve da vino bianco<\/li>\n<li>le principali variet\u00e0 di uve da vino rosso<\/li>\n<li>le principali variet\u00e0 di uva ros\u00e9<\/li>\n<li>leggere l&#8217;etichetta del vino<\/li>\n<li>l&#8217;abbinamento cibo-vino<\/li>\n<li>degustazione del vino utilizzando l&#8217;approccio sistematico WSET\u00ae Livello 2 alla degustazione\u00a9 del vino<\/li>\n<li>le temperature di conservazione e di servizio del vino<\/li>\n<\/ul>\n<h6><strong>Per ottenere la qualificazione di livello 1 sar\u00e0 richiesto di candidati:<\/strong><\/h6>\n<p>Unit\u00e0 I (Teoria)<br \/>\n\u2022\u00a0\u00a0 \u00a0un esame a scelta multipla di 30 domande<\/p>\n<p>Durata dell\u2019esercizio con limitazioni di tempo:<br \/>\n\u2022\u00a0\u00a0 \u00a0quarantacinque (45) minuti.<\/p>\n<p>L\u2019esame sar\u00e0 segnato da l\u2019\u00e9cole du vin S\u00e0rl in Svizzera.<\/p>\n<p><em>N.B. <span id=\"result_box\" class=\"\" lang=\"it\"><span class=\"hps\">I corsi<\/span> <span class=\"hps\">di vino svizzero sono attualmente disponibili solo in<\/span> <span class=\"hps\">lingua<\/span> francese, tedesco o inglese<span class=\"\">,<\/span> <span class=\"hps\">si prega di<\/span> <span class=\"hps\">tener conto<\/span> <span class=\"hps\">della lingua<\/span><span class=\"\">, cos\u00ec come<\/span> <span class=\"hps\">la<\/span> <span class=\"hps\">data del corso<\/span> <span class=\"hps\">al momento della registrazione<\/span><\/span><\/em><\/p>\n<p><strong><span class=\"\" lang=\"it\"><span class=\"hps\">Richiesta conoscenza preliminare per il corso:\u00a0<\/span><\/span><\/strong><span class=\"\" lang=\"it\"><span class=\"hps\">&#8211; nessuno<br \/>\n<\/span><\/span><\/p>\n<p><span class=\"\" lang=\"it\"><span class=\"hps\"><em>(N.B. se non sei sicuro, contattaci, affinch\u00e9 possiamo aiutarti a scegliere il livello del corso secondo le tue esigenze e obiettivi).<\/em><\/span><\/span><\/p>\n<p>Potete iniziare il corso in qualsiasi momento, imparare al vostro ritmo e sostenere l&#8217;esame online.<br \/>\nL&#8217;accesso ai materiali del corso online e all&#8217;esame \u00e8 limitato a 30 giorni. Il prezzo del corso non include i campioni di vino, che possono essere acquistati da Vinovae o sul mercato locale.<\/p>\n","protected":false},"featured_media":30619,"template":"","meta":[],"product_brand":[],"product_cat":[204,21],"product_tag":[],"class_list":{"0":"post-37822","1":"product","2":"type-product","3":"status-publish","4":"has-post-thumbnail","6":"product_cat-formation-a-distance-fernstudium-formazione-a-distanza","7":"product_cat-l1-intro-wine","9":"first","10":"instock","11":"shipping-taxable","12":"purchasable","13":"product-type-simple"},"translation":{"provider":"WPGlobus","version":"3.0.2","language":"de","enabled_languages":["en","de","fr","it"],"languages":{"en":{"title":true,"content":true,"excerpt":true},"de":{"title":false,"content":false,"excerpt":false},"fr":{"title":false,"content":false,"excerpt":false},"it":{"title":false,"content":false,"excerpt":false}}},"_links":{"self":[{"href":"https:\/\/beverageinstitute.ch\/de\/wp-json\/wp\/v2\/product\/37822","targetHints":{"allow":["GET"]}}],"collection":[{"href":"https:\/\/beverageinstitute.ch\/de\/wp-json\/wp\/v2\/product"}],"about":[{"href":"https:\/\/beverageinstitute.ch\/de\/wp-json\/wp\/v2\/types\/product"}],"wp:featuredmedia":[{"embeddable":true,"href":"https:\/\/beverageinstitute.ch\/de\/wp-json\/wp\/v2\/media\/30619"}],"wp:attachment":[{"href":"https:\/\/beverageinstitute.ch\/de\/wp-json\/wp\/v2\/media?parent=37822"}],"wp:term":[{"taxonomy":"product_brand","embeddable":true,"href":"https:\/\/beverageinstitute.ch\/de\/wp-json\/wp\/v2\/product_brand?post=37822"},{"taxonomy":"product_cat","embeddable":true,"href":"https:\/\/beverageinstitute.ch\/de\/wp-json\/wp\/v2\/product_cat?post=37822"},{"taxonomy":"product_tag","embeddable":true,"href":"https:\/\/beverageinstitute.ch\/de\/wp-json\/wp\/v2\/product_tag?post=37822"}],"curies":[{"name":"wp","href":"https:\/\/api.w.org\/{rel}","templated":true}]}}