{"id":37880,"date":"2025-10-15T11:17:54","date_gmt":"2025-10-15T09:17:54","guid":{"rendered":"https:\/\/beverageinstitute.ch\/?post_type=product&#038;p=37880"},"modified":"2025-10-15T11:21:30","modified_gmt":"2025-10-15T09:21:30","slug":"vins-suisses-schweizer-weine-19-10-2026-francais-deutsch-fribourg-cloture-des-inscriptions-anmeldeschluss-05-10-2026","status":"publish","type":"product","link":"https:\/\/beverageinstitute.ch\/de\/product\/vins-suisses-schweizer-weine-19-10-2026-francais-deutsch-fribourg-cloture-des-inscriptions-anmeldeschluss-05-10-2026\/","title":{"rendered":"Vins suisses \/ Schweizer Weine &#8211; 19.10.2026 &#8211; fran\u00e7ais \/ deutsch &#8211; Fribourg &#8211; cl\u00f4ture des inscriptions \/ Anmeldeschluss 05.10.2026"},"content":{"rendered":"<table style=\"border-collapse: collapse; width: 100%;\">\n<tbody>\n<tr>\n<td style=\"width: 50%; text-align: center;\" colspan=\"2\"><strong>Certificat avanc\u00e9 en vins Suisses<\/strong><\/p>\n<p>Instruction bilingue, mat\u00e9riel d&#8217;\u00e9tude en langue fran\u00e7aise ou allemande<\/td>\n<td style=\"width: 50%; text-align: center;\" colspan=\"2\"><strong>Advanced Zertifikatslerhgang &#8211; Schweizer Weine<\/strong><\/p>\n<p>Zweisprachige Unterricht, Kursmaterial in der deutsche oder franz\u00f6sische Sprache<\/td>\n<\/tr>\n<tr>\n<td style=\"width: 50%; text-align: center;\" colspan=\"2\"><strong>Lundi, le 19 octobre 2026<\/strong><\/td>\n<td style=\"width: 50%; text-align: center;\" colspan=\"2\"><strong>Montag, den 19. Oktober 2026<\/strong><\/td>\n<\/tr>\n<tr>\n<td style=\"width: 15.8621%; text-align: center;\"><em>\u00e0 partir de : 08:15<\/em><\/td>\n<td style=\"width: 34.1379%; text-align: center;\"><em>Bienvenue<\/em><\/td>\n<td style=\"width: 17.0689%; text-align: center;\"><em>ab 08:15<\/em><\/td>\n<td style=\"width: 32.9311%; text-align: center;\"><em>Willkommen<\/em><\/td>\n<\/tr>\n<tr>\n<td style=\"width: 15.8621%; text-align: center;\">08:30<\/td>\n<td style=\"width: 34.1379%; text-align: center;\">Introduction au cours et aux objectifs<\/td>\n<td style=\"width: 17.0689%; text-align: center;\">08:30<\/td>\n<td style=\"width: 32.9311%; text-align: center;\">Einf\u00fchrung in die Lernziele und den Kurs<\/td>\n<\/tr>\n<tr>\n<td style=\"width: 15.8621%; text-align: center;\">09:00<\/td>\n<td style=\"width: 34.1379%; text-align: center;\">Viticulture &amp; vinification (bio et autres m\u00e9thodes)<\/td>\n<td style=\"width: 17.0689%; text-align: center;\">09:00<\/td>\n<td style=\"width: 32.9311%; text-align: center;\">Weinbaur &amp; Weinbereitung (Bio &amp; andere Methoden)<\/td>\n<\/tr>\n<tr>\n<td style=\"width: 15.8621%; text-align: center;\">11:00<\/td>\n<td style=\"width: 34.1379%; text-align: center;\">Le vignoble Suisse<\/td>\n<td style=\"width: 17.0689%; text-align: center;\">11:00<\/td>\n<td style=\"width: 32.9311%; text-align: center;\">Der Schweizer Weinberg<\/td>\n<\/tr>\n<tr>\n<td style=\"width: 15.8621%; text-align: center;\">11:15<\/td>\n<td style=\"width: 34.1379%; text-align: center;\">Valais, la r\u00e9gion et ses vins<\/td>\n<td style=\"width: 17.0689%; text-align: center;\">11:15<\/td>\n<td style=\"width: 32.9311%; text-align: center;\">Wallis, die Region &amp; die Weine<\/td>\n<\/tr>\n<tr>\n<td style=\"width: 15.8621%; text-align: center;\"><em>12:00<\/em><\/td>\n<td style=\"width: 34.1379%; text-align: center;\"><em>Pause d\u00e9jeuner<\/em><\/td>\n<td style=\"width: 17.0689%; text-align: center;\"><em>12:00<\/em><\/td>\n<td style=\"width: 32.9311%; text-align: center;\"><em>Mittagspause<\/em><\/td>\n<\/tr>\n<tr>\n<td style=\"width: 15.8621%; text-align: center;\">13:00<\/td>\n<td style=\"width: 34.1379%; text-align: center;\">Vaud, la r\u00e9gion et ses vins<\/td>\n<td style=\"width: 17.0689%; text-align: center;\">13:00<\/td>\n<td style=\"width: 32.9311%; text-align: center;\">Waadt, die Region &amp; die Weine<\/td>\n<\/tr>\n<tr>\n<td style=\"width: 15.8621%; text-align: center;\">14:30<\/td>\n<td style=\"width: 34.1379%; text-align: center;\">Gen\u00e8ve, la r\u00e9gion et ses vins<\/td>\n<td style=\"width: 17.0689%; text-align: center;\">14:30<\/td>\n<td style=\"width: 32.9311%; text-align: center;\">Genf, die Region &amp; die Weine<\/td>\n<\/tr>\n<tr>\n<td style=\"width: 15.8621%; text-align: center;\" colspan=\"2\"><strong>Lundi, le 26 octobre 2026<\/strong><\/td>\n<td style=\"width: 17.0689%; text-align: center;\" colspan=\"2\"><strong>Montag, den 26. Oktober 2026<\/strong><\/td>\n<\/tr>\n<tr>\n<td style=\"width: 15.8621%; text-align: center;\"><em>\u00e0 partir de : 08:15<\/em><\/td>\n<td style=\"width: 34.1379%; text-align: center;\">Bienvenue<\/td>\n<td style=\"width: 17.0689%; text-align: center;\"><em>ab 08:15<\/em><\/td>\n<td style=\"width: 32.9311%; text-align: center;\"><em>Willkommen<\/em><\/td>\n<\/tr>\n<tr>\n<td style=\"width: 15.8621%; text-align: center;\">08:30<\/td>\n<td style=\"width: 34.1379%; text-align: center;\">Les trois lacs &#8211; la r\u00e9gion et ses vins<\/td>\n<td style=\"width: 17.0689%; text-align: center;\">08:30<\/td>\n<td style=\"width: 32.9311%; text-align: center;\">Die Drei Seen &#8211; die Region &amp; die Weine<\/td>\n<\/tr>\n<tr>\n<td style=\"width: 15.8621%; text-align: center;\"><em>12:00<\/em><\/td>\n<td style=\"width: 34.1379%; text-align: center;\"><em>Pause d\u00e9jeuner<\/em><\/td>\n<td style=\"width: 17.0689%; text-align: center;\"><em>12:00<\/em><\/td>\n<td style=\"width: 32.9311%; text-align: center;\"><em>Mittagspause<\/em><\/td>\n<\/tr>\n<tr>\n<td style=\"width: 15.8621%; text-align: center;\">13:00<\/td>\n<td style=\"width: 34.1379%; text-align: center;\">Ticino, la r\u00e9gion et ses vins<\/td>\n<td style=\"width: 17.0689%; text-align: center;\">13:00<\/td>\n<td style=\"width: 32.9311%; text-align: center;\">Tessin, die Region &amp; die Weine<\/td>\n<\/tr>\n<tr>\n<td style=\"width: 15.8621%; text-align: center;\">14:30<\/td>\n<td style=\"width: 34.1379%; text-align: center;\">La Suisse Occidentale, la r\u00e9gion et ses vins<\/td>\n<td style=\"width: 17.0689%; text-align: center;\">14:30<\/td>\n<td style=\"width: 32.9311%; text-align: center;\">Ostschweiz, die Region &amp; die Weine<\/td>\n<\/tr>\n<tr>\n<td style=\"width: 15.8621%; text-align: center;\"><em>16:30<\/em><\/td>\n<td style=\"width: 34.1379%; text-align: center;\"><em>Questions et fin de la deuxi\u00e8me journ\u00e9e du cours<\/em><\/td>\n<td style=\"width: 17.0689%; text-align: center;\"><em>16:30<\/em><\/td>\n<td style=\"width: 32.9311%; text-align: center;\"><em>Fragen &amp; Ende des zweiten Kurstages<\/em><\/td>\n<\/tr>\n<\/tbody>\n<\/table>\n<ul>\n<li>Veuillez noter que ce cours est organis\u00e9 en partenariat avec GastroFribourg. Veuillez contacter le s\u00e9cretariat de <a href=\"https:\/\/www.gastrofribourg.ch\/fr\/formation\/cours-de-perfectionnement\/les-vins-suisses-niveau-2\" target=\"_blank\" rel=\"noopener\">GastroFribourg pour r\u00e9server votre place<\/a><\/li>\n<li>Bitte merken Sie dass der Kurs wird in Zusammenarbeit mit GastroFribourg angeboten. Bitte kontaktieren Sie <a href=\"https:\/\/www.gastrofribourg.ch\/de\/bildung\/weiterbildungskurse\/schweizer-weine-niveau-2\" target=\"_blank\" rel=\"noopener\">GastroFribourg um Ihren Platz auf den Kurs zu reservieren<\/a><\/li>\n<\/ul>\n","protected":false},"excerpt":{"rendered":"<p>Certificat avanc\u00e9 en vins Suisses Instruction bilingue, mat\u00e9riel d&#8217;\u00e9tude en langue fran\u00e7aise ou allemande Advanced Zertifikatslerhgang &#8211; Schweizer Weine Zweisprachige Unterricht, Kursmaterial in der deutsche oder franz\u00f6sische Sprache Lundi, le 19 octobre 2026 Montag, den 19. Oktober 2026 \u00e0 partir de : 08:15 Bienvenue ab 08:15 Willkommen 08:30 Introduction au cours et aux objectifs 08:30 &hellip; <\/p>\n<p class=\"link-more\"><a href=\"https:\/\/beverageinstitute.ch\/de\/product\/vins-suisses-schweizer-weine-19-10-2026-francais-deutsch-fribourg-cloture-des-inscriptions-anmeldeschluss-05-10-2026\/\" class=\"more-link\"><span class=\"screen-reader-text\">\u201eVins suisses \/ Schweizer Weine &#8211; 19.10.2026 &#8211; fran\u00e7ais \/ deutsch &#8211; Fribourg &#8211; cl\u00f4ture des inscriptions \/ Anmeldeschluss 05.10.2026\u201c <\/span>weiterlesen<\/a><\/p>\n","protected":false},"featured_media":30706,"template":"","meta":[],"product_brand":[],"product_cat":[20,25],"product_tag":[],"class_list":{"0":"post-37880","1":"product","2":"type-product","3":"status-publish","4":"has-post-thumbnail","6":"product_cat-wine-courses","7":"product_cat-l3_wine_courses","9":"first","10":"instock","11":"shipping-taxable","12":"product-type-simple"},"translation":{"provider":"WPGlobus","version":"3.0.2","language":"de","enabled_languages":["en","de","fr","it"],"languages":{"en":{"title":true,"content":true,"excerpt":false},"de":{"title":false,"content":false,"excerpt":false},"fr":{"title":false,"content":false,"excerpt":false},"it":{"title":false,"content":false,"excerpt":false}}},"_links":{"self":[{"href":"https:\/\/beverageinstitute.ch\/de\/wp-json\/wp\/v2\/product\/37880","targetHints":{"allow":["GET"]}}],"collection":[{"href":"https:\/\/beverageinstitute.ch\/de\/wp-json\/wp\/v2\/product"}],"about":[{"href":"https:\/\/beverageinstitute.ch\/de\/wp-json\/wp\/v2\/types\/product"}],"wp:featuredmedia":[{"embeddable":true,"href":"https:\/\/beverageinstitute.ch\/de\/wp-json\/wp\/v2\/media\/30706"}],"wp:attachment":[{"href":"https:\/\/beverageinstitute.ch\/de\/wp-json\/wp\/v2\/media?parent=37880"}],"wp:term":[{"taxonomy":"product_brand","embeddable":true,"href":"https:\/\/beverageinstitute.ch\/de\/wp-json\/wp\/v2\/product_brand?post=37880"},{"taxonomy":"product_cat","embeddable":true,"href":"https:\/\/beverageinstitute.ch\/de\/wp-json\/wp\/v2\/product_cat?post=37880"},{"taxonomy":"product_tag","embeddable":true,"href":"https:\/\/beverageinstitute.ch\/de\/wp-json\/wp\/v2\/product_tag?post=37880"}],"curies":[{"name":"wp","href":"https:\/\/api.w.org\/{rel}","templated":true}]}}