{"id":37881,"date":"2025-10-15T11:22:46","date_gmt":"2025-10-15T09:22:46","guid":{"rendered":"https:\/\/beverageinstitute.ch\/?post_type=product&#038;p=37881"},"modified":"2025-10-15T11:24:17","modified_gmt":"2025-10-15T09:24:17","slug":"comment-reconnaitre-les-aromes-et-les-saveurs-du-vin-02-11-2026-fribourg-cloture-des-inscriptions-le-19-10-2026","status":"publish","type":"product","link":"https:\/\/beverageinstitute.ch\/de\/product\/comment-reconnaitre-les-aromes-et-les-saveurs-du-vin-02-11-2026-fribourg-cloture-des-inscriptions-le-19-10-2026\/","title":{"rendered":"comment reconna\u00eetre les ar\u00f4mes et les saveurs du vin &#8211; 02.11.2026 Fribourg &#8211; cl\u00f4ture des inscriptions le 19.10.2026"},"content":{"rendered":"<p>Gr\u00e2ce \u00e0 une s\u00e9rie d&#8217;exercices au cours de la journ\u00e9e, nous vous pr\u00e9senterons les principales saveurs et ar\u00f4mes des principaux c\u00e9pages utilis\u00e9s pour produire des vins dans le monde entier.<\/p>\n<p>A la fin du s\u00e9minaire, vous serez capable de :<\/p>\n<ul>\n<li>reconna\u00eetre les principales saveurs et les principaux ar\u00f4mes de quelques-uns des principaux c\u00e9pages utilis\u00e9s pour produire du vin dans le monde entier<\/li>\n<li>reconna\u00eetre les d\u00e9fauts les plus courants dans le vin<\/li>\n<li>comprendre la diff\u00e9rence entre un ar\u00f4me (ou une saveur) primaire, secondaire et tertiaire dans le vin<\/li>\n<\/ul>\n<ul>\n<li>Veuillez noter que ce cours est organis\u00e9 en partenariat avec GastroFribourg. Veuillez contacter le s\u00e9cretariat de <a href=\"https:\/\/www.gastrofribourg.ch\/fr\/formation\/cours-de-perfectionnement\/analyse-sensorielle-du-vin\" target=\"_blank\" rel=\"noopener\">GastroFribourg pour r\u00e9server votre place<\/a><\/li>\n<li>Bitte merken Sie dass der Kurs wird in Zusammenarbeit mit GastroFribourg angeboten. Bitte kontaktieren Sie <a href=\"https:\/\/www.gastrofribourg.ch\/de\/bildung\/weiterbildungskurse\/sensorische-analyse-von-wein\" target=\"_blank\" rel=\"noopener\">GastroFribourg um Ihren Platz auf den Kurs zu reservieren<\/a><\/li>\n<\/ul>\n","protected":false},"excerpt":{"rendered":"<p>Si vous appr\u00e9ciez la s\u00e9rie &#8222;Gouttes de Dieu&#8220; ou avez \u00e9t\u00e9 fascin\u00e9 par le documentaire &#8222;Somm&#8220; et souhaitez savoir comment ils peuvent reconna\u00eetre les ar\u00f4mes dans le vin, rejoignez notre s\u00e9minaire : &#8222;Analyse sensorielle &#8211; Vin&#8220; le 1 novembre 2026 \u00e0 Fribourg<\/p>\n","protected":false},"featured_media":33804,"template":"","meta":[],"product_brand":[],"product_cat":[20,69],"product_tag":[165,166,164,167,168,163],"class_list":{"0":"post-37881","1":"product","2":"type-product","3":"status-publish","4":"has-post-thumbnail","6":"product_cat-wine-courses","7":"product_cat-workshops","8":"product_tag-analyse","9":"product_tag-analyse-sensorielle","10":"product_tag-analyse-sensorielle-vin","11":"product_tag-reconnaitre-aromes","12":"product_tag-reconnaitre-saveurs","13":"product_tag-vin","15":"first","16":"instock","17":"shipping-taxable","18":"product-type-simple"},"translation":{"provider":"WPGlobus","version":"3.0.2","language":"de","enabled_languages":["en","de","fr","it"],"languages":{"en":{"title":true,"content":true,"excerpt":true},"de":{"title":false,"content":false,"excerpt":false},"fr":{"title":false,"content":false,"excerpt":false},"it":{"title":false,"content":false,"excerpt":false}}},"_links":{"self":[{"href":"https:\/\/beverageinstitute.ch\/de\/wp-json\/wp\/v2\/product\/37881","targetHints":{"allow":["GET"]}}],"collection":[{"href":"https:\/\/beverageinstitute.ch\/de\/wp-json\/wp\/v2\/product"}],"about":[{"href":"https:\/\/beverageinstitute.ch\/de\/wp-json\/wp\/v2\/types\/product"}],"wp:featuredmedia":[{"embeddable":true,"href":"https:\/\/beverageinstitute.ch\/de\/wp-json\/wp\/v2\/media\/33804"}],"wp:attachment":[{"href":"https:\/\/beverageinstitute.ch\/de\/wp-json\/wp\/v2\/media?parent=37881"}],"wp:term":[{"taxonomy":"product_brand","embeddable":true,"href":"https:\/\/beverageinstitute.ch\/de\/wp-json\/wp\/v2\/product_brand?post=37881"},{"taxonomy":"product_cat","embeddable":true,"href":"https:\/\/beverageinstitute.ch\/de\/wp-json\/wp\/v2\/product_cat?post=37881"},{"taxonomy":"product_tag","embeddable":true,"href":"https:\/\/beverageinstitute.ch\/de\/wp-json\/wp\/v2\/product_tag?post=37881"}],"curies":[{"name":"wp","href":"https:\/\/api.w.org\/{rel}","templated":true}]}}