{"id":38027,"date":"2026-01-21T14:39:34","date_gmt":"2026-01-21T13:39:34","guid":{"rendered":"https:\/\/beverageinstitute.ch\/?post_type=product&#038;p=38027"},"modified":"2026-03-10T11:19:48","modified_gmt":"2026-03-10T10:19:48","slug":"niveau-2-diplome-wset-en-vins-francais-29-05-2026-berne-cloture-des-inscriptions-le-15-05-2026","status":"publish","type":"product","link":"https:\/\/beverageinstitute.ch\/de\/product\/niveau-2-diplome-wset-en-vins-francais-29-05-2026-berne-cloture-des-inscriptions-le-15-05-2026\/","title":{"rendered":"Niveau 2 &#8211; dipl\u00f4me WSET\u00ae en vins &#8211; fran\u00e7ais &#8211; 29.05.2026 &#8211; Berne &#8211; cl\u00f4ture des inscriptions le 15.05.2026"},"content":{"rendered":"<table class=\" aligncenter\" align=\"center\">\n<tbody>\n<tr>\n<td colspan=\"2\"><strong>Niveau 2 &#8211; dipl\u00f4me WSET\u00ae en Vins<\/strong><\/p>\n<p>Instruction, mat\u00e9riel d&#8217;\u00e9tude et l&#8217;examen en langue fran\u00e7aise<\/td>\n<\/tr>\n<tr>\n<td><\/td>\n<td><strong>Vendredi, le 29 Mai 2026<\/strong><\/td>\n<\/tr>\n<tr>\n<td><em>\u00e0 partir de: 08:15<\/em><\/td>\n<td><em>Bienvenue<\/em><\/td>\n<\/tr>\n<tr>\n<td>08:30<\/td>\n<td>Introduction au cours et les objectifs<\/p>\n<p>WSET\u00ae Niveau 2 technique de d\u00e9gustation<\/p>\n<p>Association vins et mets<\/td>\n<\/tr>\n<tr>\n<td>10:30<\/td>\n<td>Facteurs qui influence la production des vins rouges<\/p>\n<p>Pinot Noir, Zinfandel<\/td>\n<\/tr>\n<tr>\n<td>12:00<\/td>\n<td><em>Pause d\u00e9jeuner<\/em><\/td>\n<\/tr>\n<tr>\n<td>13:00<\/td>\n<td>Facteurs qui influence la production des vins blancs, des vins doux et des vins ros\u00e9s<\/p>\n<p>Riesling, Chenin Blanc, S\u00e9millon, Furmint<\/td>\n<\/tr>\n<tr>\n<td>16:30<\/td>\n<td><em>Questions et fin de la premi\u00e8re journ\u00e9e du cours<br \/>\n<\/em><\/td>\n<\/tr>\n<tr>\n<td><\/td>\n<td><strong>Vendredi, le 5 juin 2026<\/strong><\/td>\n<\/tr>\n<tr>\n<td><em>\u00e0 partir de: 08:15<\/em><\/td>\n<td><em>Bienvenue<\/em><\/td>\n<\/tr>\n<tr>\n<td>08:30<\/td>\n<td>Chardonnay, Sauvignon Blanc, Pinot Gris, Gewurztraminer, Viognier, Albari\u00f1o<\/td>\n<\/tr>\n<tr>\n<td>10:30<\/td>\n<td>Merlot, Cabernet Sauvignon et Syrah \/ Shiraz<\/td>\n<\/tr>\n<tr>\n<td><em>12:00<\/em><\/td>\n<td><em>Pause d\u00e9jeuner<\/em><\/td>\n<\/tr>\n<tr>\n<td>13:00<\/td>\n<td>Gamay, Grenache, Tempranillo, Carmen\u00e8re, Malbec, Pinotage<\/td>\n<\/tr>\n<tr>\n<td><em>16:30<\/em><\/td>\n<td><em>Questions et fin de la deuxi\u00e8me journ\u00e9e du cours<br \/>\n<\/em><\/td>\n<\/tr>\n<tr>\n<td><\/td>\n<td><strong>Vendredi, le 12 juin 2026<\/strong><\/td>\n<\/tr>\n<tr>\n<td><em>\u00e0 partir de: 08:15<\/em><\/td>\n<td><em>Bienvenue<\/em><\/td>\n<\/tr>\n<tr>\n<td>08:30<\/td>\n<td>Cortese, Garganega, Verdicchio, Fiano<\/p>\n<p>Nebbiolo, Barbera, Corvina, Sangiovese, Montepulciano, Zinfandel\/Primitivo<\/p>\n<p>Activit\u00e9 de revision &#8211; d\u00e9gustation<\/td>\n<\/tr>\n<tr>\n<td>10:30<\/td>\n<td>Les vins mousseux<\/p>\n<p>Les vins fortifi\u00e9s<\/td>\n<\/tr>\n<tr>\n<td>12:00<\/td>\n<td>Questions et Feedback<\/td>\n<\/tr>\n<tr>\n<td>12:10<\/td>\n<td><em>Pause d\u00e9jeuner<\/em><\/td>\n<\/tr>\n<tr>\n<td>14:00<\/td>\n<td>WSET\u00ae Niveau 2 en Vins &#8211; l&#8217;examen<\/td>\n<\/tr>\n<tr>\n<td>16:30<\/td>\n<td><em>Fin du cours et de l&#8217;examen<br \/>\n<\/em><\/td>\n<\/tr>\n<\/tbody>\n<\/table>\n<ul>\n<li>Veuillez cr\u00e9er votre profil et connectez-vous afin de pouvoir r\u00e9server votre place sur ce cours.<\/li>\n<li><em>Nous avons besoin que vous pour compl\u00e9tez les informations d&#8217;inscription, qui incluent votre date de naissance afin de terminer le processus d&#8217;inscription le plus rapidement possible pour vous.<\/em><\/li>\n<\/ul>\n<p><em>N.B. Nous acceptons les paiements par carte de cr\u00e9dit \u00e0 travers le syst\u00e8me de SumUp, mais vous pouvez aussi payer par virement bancaire.\u00a0<\/em><\/p>\n<p class=\"p1\"><b>Aide financi\u00e8re:<\/b><\/p>\n<p class=\"p1\">Pour ceux d&#8217;entre vous qui sont employ\u00e9s ou responsables d&#8217;un restaurant, d&#8217;un h\u00f4tel, d&#8217;un bar ou d&#8217;une bo\u00eete de nuit dans l&#8217;un des cantons suivants, il est possible de b\u00e9n\u00e9ficier d&#8217;une subvention pour le prix du cours.<\/p>\n<p class=\"p1\">Les cantons avec lesquels nous avons actuellement un accord sont:<\/p>\n<ul class=\"ul1\">\n<li class=\"li2\">Fribourg<\/li>\n<li class=\"li2\">Gen\u00e8ve &#8211; il est possible de demander &#8222;<a href=\"https:\/\/www.ge.ch\/parcourir\/aides-financieres-argent-impots\/aides-formation\"><span class=\"s1\">une bourse ou un pr\u00eat<\/span><\/a>&#8220; aupr\u00e9s du Canton<\/li>\n<li class=\"li2\">Jura<\/li>\n<li class=\"li2\">Neuch\u00e2tel<\/li>\n<li class=\"li2\">Valais &#8211; ritzy formation continue<\/li>\n<\/ul>\n<p class=\"p2\"><em>Pour les g\u00e9rants et employ\u00e9s d\u2019un restaurant, bar, h\u00f4tel ou un club de nuit (soumis \u00e0 la CCNT) dans un Canton qui n\u2019offre pas une subvention pour la formation continue, nous vous accordons un rabais de 10% sur le prix du cours dans nos locaux principaux et aussi dans le Canton de Ticino. Veuillez nous contacter pour en savoir plus.<\/em><\/p>\n<p>Veuillez utiliser le code: YP6W6WE2 pendant votre inscription.<\/p>\n<p class=\"p3\">Pour les cantons pour lesquels nous avons actuellement un accord, contactez-nous et nous vous aiderons dans vos d\u00e9marches. Nous nous r\u00e9jouissons de vous accueillir au prochain cours.<\/p>\n","protected":false},"excerpt":{"rendered":"<p><strong><em data-rich-text-format-boundary=\"true\">A qui s&#8217;adresse-t-il?<\/em><\/strong><\/p>\n<p>Cette formation professionnelle est destin\u00e9e aux employ\u00e9s dans le commerce des vins ou aux employ\u00e9s dans la restauration et les bars et qui ont une connaissance de base \/ scolaire des produits et souhaitent ajouter \u00e0 leur actif une qualification reconnue.<\/p>\n<p>Formation pertinente l\u00e0 o\u00f9 des connaissances sont exig\u00e9es afin de maintenir et am\u00e9liorer\u00a0 les standards de qualit\u00e9s dans cette industrie, par exemple dans le service \u00e0 la client\u00e8le et les fonctions de ventes de l\u2019h\u00f4tellerie, gastronomie, commerce du vin&#8230;<\/p>\n<p>Ce cours peut aussi \u00eatre b\u00e9n\u00e9fique pour tout amateur qui souhaite en apprendre plus sur le sujet et ce d\u2019une mani\u00e8re \u201dprofessionnelle\u201d.<\/p>\n<p><strong><em data-rich-text-format-boundary=\"true\">Qu&#8217;apporte t-il?<\/em><\/strong><\/p>\n<p>Les candidats qui se qualifieront pourront d\u00e9crire et comparer les styles de vins produits \u00e0 partir de c\u00e9pages importants sur le plan international et r\u00e9gional, interpr\u00e9ter les \u00e9tiquettes de vin des principales r\u00e9gions vinicoles du monde et donner des conseils de base sur la s\u00e9lection et le service appropri\u00e9s, ainsi que comprendre les principes de la d\u00e9gustation et de l&#8217;\u00e9valuation du vin.<\/p>\n<p><strong data-rich-text-format-boundary=\"true\">Connaissances requises pour acc\u00e9der au cours:<\/strong>\u00a0&#8211; Aucune, mais un avantage d&#8217;avoir suivi le Niveau 1 Introduction au vin et aux vins suisses. Autrement d&#8217;avoir termin\u00e9 un apprentissage en Suisse.<\/p>\n<p><em data-rich-text-format-boundary=\"true\">(N.B. si vous n&#8217;\u00eates pas s\u00fbr, contactez-nous, afin que nous puissions vous aider \u00e0 choisir le niveau du cours en fonction de vos besoins et de vos objectifs).<\/em><\/p>\n<p><em><strong>Lieu du cours:<img loading=\"lazy\" decoding=\"async\" class=\" wp-image-37100 alignright\" src=\"https:\/\/beverageinstitute.ch\/wp-content\/uploads\/2025\/03\/Screenshot-2025-03-28-at-17.21.36-300x260.png\" alt=\"\" width=\"174\" height=\"150\" srcset=\"https:\/\/beverageinstitute.ch\/wp-content\/uploads\/2025\/03\/Screenshot-2025-03-28-at-17.21.36-300x260.png 300w, https:\/\/beverageinstitute.ch\/wp-content\/uploads\/2025\/03\/Screenshot-2025-03-28-at-17.21.36-350x303.png 350w, https:\/\/beverageinstitute.ch\/wp-content\/uploads\/2025\/03\/Screenshot-2025-03-28-at-17.21.36-1024x887.png 1024w, https:\/\/beverageinstitute.ch\/wp-content\/uploads\/2025\/03\/Screenshot-2025-03-28-at-17.21.36-768x666.png 768w, https:\/\/beverageinstitute.ch\/wp-content\/uploads\/2025\/03\/Screenshot-2025-03-28-at-17.21.36.png 1244w\" sizes=\"auto, (max-width: 174px) 100vw, 174px\" \/><\/strong><\/em><\/p>\n<p>The Beverage Institute<\/p>\n<p>Bernapark 1<\/p>\n<p>CH-3066 Stettlen<\/p>\n<p><em>Arr\u00eat \u00e0 la gare de &#8222;Deisswil&#8220;, 14 minutes avec le S7 de la gare principale de Berne, train toutes les 15 minutes.<\/em><\/p>\n","protected":false},"featured_media":30797,"template":"","meta":[],"product_brand":[],"product_cat":[20,22],"product_tag":[112,210,208,209,79,80],"class_list":{"0":"post-38027","1":"product","2":"type-product","3":"status-publish","4":"has-post-thumbnail","6":"product_cat-wine-courses","7":"product_cat-l2-wset-wines","8":"product_tag-cours-wine","9":"product_tag-n1wset","10":"product_tag-niveau-1-vins-suisse","11":"product_tag-vin-suisse","12":"product_tag-wset","13":"product_tag-wset-niveau-2","15":"first","16":"instock","17":"shipping-taxable","18":"purchasable","19":"product-type-simple"},"translation":{"provider":"WPGlobus","version":"3.0.2","language":"de","enabled_languages":["en","de","fr","it"],"languages":{"en":{"title":true,"content":true,"excerpt":true},"de":{"title":false,"content":false,"excerpt":false},"fr":{"title":false,"content":false,"excerpt":false},"it":{"title":false,"content":false,"excerpt":false}}},"_links":{"self":[{"href":"https:\/\/beverageinstitute.ch\/de\/wp-json\/wp\/v2\/product\/38027","targetHints":{"allow":["GET"]}}],"collection":[{"href":"https:\/\/beverageinstitute.ch\/de\/wp-json\/wp\/v2\/product"}],"about":[{"href":"https:\/\/beverageinstitute.ch\/de\/wp-json\/wp\/v2\/types\/product"}],"wp:featuredmedia":[{"embeddable":true,"href":"https:\/\/beverageinstitute.ch\/de\/wp-json\/wp\/v2\/media\/30797"}],"wp:attachment":[{"href":"https:\/\/beverageinstitute.ch\/de\/wp-json\/wp\/v2\/media?parent=38027"}],"wp:term":[{"taxonomy":"product_brand","embeddable":true,"href":"https:\/\/beverageinstitute.ch\/de\/wp-json\/wp\/v2\/product_brand?post=38027"},{"taxonomy":"product_cat","embeddable":true,"href":"https:\/\/beverageinstitute.ch\/de\/wp-json\/wp\/v2\/product_cat?post=38027"},{"taxonomy":"product_tag","embeddable":true,"href":"https:\/\/beverageinstitute.ch\/de\/wp-json\/wp\/v2\/product_tag?post=38027"}],"curies":[{"name":"wp","href":"https:\/\/api.w.org\/{rel}","templated":true}]}}