{"id":38034,"date":"2026-01-21T15:01:59","date_gmt":"2026-01-21T14:01:59","guid":{"rendered":"https:\/\/beverageinstitute.ch\/?post_type=product&#038;p=38034"},"modified":"2026-01-22T09:07:26","modified_gmt":"2026-01-22T08:07:26","slug":"livello-1-introduzione-alla-birra-il-servizio-di-birra-24-04-2026-berna-le-iscrizioni-chiudono-il-15-aprile-2026","status":"publish","type":"product","link":"https:\/\/beverageinstitute.ch\/de\/product\/livello-1-introduzione-alla-birra-il-servizio-di-birra-24-04-2026-berna-le-iscrizioni-chiudono-il-15-aprile-2026\/","title":{"rendered":"Livello 1 &#8211; Introduzione alla birra, &#038; il servizio di birra &#8211; 24.04.2026 &#8211; Berna &#8211; Le iscrizioni chiudono il 15 aprile 2026"},"content":{"rendered":"<table style=\"border-collapse: collapse; width: 100%; height: 350px;\">\n<tbody>\n<tr style=\"height: 99px;\">\n<td style=\"width: 100%; text-align: center; height: 99px;\" colspan=\"2\"><strong>Livello 1 &#8211; Introduzione alla birra &amp; il servizio di birra<\/strong><\/p>\n<p>IIstruzioni e materiale didattico in lingua italiana<\/td>\n<\/tr>\n<tr style=\"height: 25px;\">\n<td style=\"width: 100%; text-align: center; height: 25px;\" colspan=\"2\"><strong>Venerd\u00ec <\/strong><strong>24 aprile 2026<\/strong><\/td>\n<\/tr>\n<tr style=\"height: 25px;\">\n<td style=\"width: 50%; text-align: center; height: 25px;\"><em>da: 08:15<\/em><\/td>\n<td style=\"width: 50%; text-align: center; height: 25px;\"><em>Benvenuti<\/em><\/td>\n<\/tr>\n<tr style=\"height: 25px;\">\n<td style=\"width: 50%; text-align: center; height: 25px;\">08:30<\/td>\n<td style=\"width: 50%; text-align: center; height: 25px;\">Introduzione al corso e risultati di apprendimento<\/td>\n<\/tr>\n<tr style=\"height: 51px;\">\n<td style=\"width: 50%; text-align: center; height: 51px;\">08:40<\/td>\n<td style=\"width: 50%; text-align: center; height: 51px;\">Il processo di fermentazione e gli ingredienti principali<\/td>\n<\/tr>\n<tr>\n<td style=\"width: 50%; text-align: center;\">10:00<\/td>\n<td style=\"width: 50%; text-align: center;\">Degustazione e valutazione della birra<\/td>\n<\/tr>\n<tr style=\"height: 25px;\">\n<td style=\"width: 50%; text-align: center; height: 25px;\">10:30<\/td>\n<td style=\"width: 50%; text-align: center; height: 25px;\">I principali stili di birra<\/td>\n<\/tr>\n<tr style=\"height: 25px;\">\n<td style=\"width: 50%; text-align: center; height: 25px;\"><em>12:00<\/em><\/td>\n<td style=\"width: 50%; text-align: center; height: 25px;\"><em>pausa pranzo<\/em><\/td>\n<\/tr>\n<tr style=\"height: 25px;\">\n<td style=\"width: 50%; text-align: center; height: 25px;\">13:00<\/td>\n<td style=\"width: 50%; text-align: center; height: 25px;\">I sapori della birra e come valutarli<\/td>\n<\/tr>\n<tr style=\"height: 25px;\">\n<td style=\"width: 50%; text-align: center; height: 25px;\">14:30<\/td>\n<td style=\"width: 50%; text-align: center; height: 25px;\">Conservazione e servizio della birra<\/td>\n<\/tr>\n<tr>\n<td style=\"width: 50%; text-align: center;\">15:00<\/td>\n<td style=\"width: 50%; text-align: center;\">Domande e feedback<\/td>\n<\/tr>\n<tr>\n<td style=\"width: 50%; text-align: center;\"><em>15:10<\/em><\/td>\n<td style=\"width: 50%; text-align: center;\"><em>breve pausa<\/em><\/td>\n<\/tr>\n<tr>\n<td style=\"width: 50%; text-align: center;\">15:15<\/td>\n<td style=\"width: 50%; text-align: center;\">Esame<\/td>\n<\/tr>\n<tr>\n<td style=\"width: 50%; text-align: center;\"><em>16:30<\/em><\/td>\n<td style=\"width: 50%; text-align: center;\">fine dell&#8217;esame e del corso<\/td>\n<\/tr>\n<\/tbody>\n<\/table>\n<ul>\n<li style=\"text-align: left;\"><span style=\"font-family: 'trebuchet ms', geneva, sans-serif; font-size: 12pt;\">Create il vostro profilo e accedete per prenotare il vostro posto in questo corso.<\/span><\/li>\n<\/ul>\n<p><span style=\"font-family: 'trebuchet ms', geneva, sans-serif; font-size: 12pt;\"><em>N.B. Accettiamo pagamenti con carta di credito o di debito attraverso il sistema SumUp, ma \u00e8 possibile pagare anche tramite bonifico bancario. Si prega di notare che \u00e8 necessario completare i dati di registrazione, al fine di completare il processo di registrazione il pi\u00f9 rapidamente possibile.<\/em><\/span><\/p>\n<p class=\"p1\"><b>Assistenza finanziaria:<\/b><b><\/b><\/p>\n<p class=\"p1\">Per coloro che sono impiegati o responsabili di un ristorante, albergo, bar o night club in dei seguenti cantoni, c&#8217;\u00e8 la possibilit\u00e0 di essere sovvenzionati per la quota del corso.<\/p>\n<p class=\"p1\">I cantoni con cui abbiamo attualmente un accordo sono:<\/p>\n<ul class=\"ul1\">\n<li class=\"li2\">Friburgo<\/li>\n<li class=\"li2\">Ginevra &#8211; \u00e8 possibile chiedere &#8222;<a href=\"https:\/\/www.ge.ch\/parcourir\/aides-financieres-argent-impots\/aides-formation\" target=\"_blank\" rel=\"noopener\"><span class=\"s1\">una sovvenzione o un prestito<\/span><\/a>&#8220; al Cantone<\/li>\n<li class=\"li2\">Jura<\/li>\n<li class=\"li2\">Neuch\u00e2tel<\/li>\n<li class=\"li2\">Vallese &#8211; formazione continua ritzy<\/li>\n<\/ul>\n<p class=\"p1\"><em>Per i gestori e i dipendenti di un ristorante, bar, albergo o locale notturno (soggetto alla CCNL) in un Cantone che non offre un sussidio per la formazione continua, offriamo uno sconto del 10% sul prezzo del corso presso la nostra sede principale e anche nel Canton Ticino. Contattateci per saperne di pi\u00f9.<\/em><\/p>\n<p>Si prega di utilizzare il codice: YP6W6WE2 al momento della registrazione.<\/p>\n<p class=\"p1\">Per i cantoni con cui abbiamo attualmente un accordo, contattateci e vi assisteremo nel processo. Saremo lieti di dare il benvenuto al vostro prossimo corso.<\/p>\n","protected":false},"excerpt":{"rendered":"<p><strong><em>Chi dovrebbe partecipare?<\/em><\/strong><\/p>\n<p>Il livello 1 &#8211; Introduzione alla birra, degustazione e servizio della birra, \u00e8 un corso essenziale per tutti coloro che devono suggerire e servire la birra in modo appropriato in un ristorante, hotel o bar.<\/p>\n<p>Questo corso \u00e8 anche appropriato per i consumatori semplicemente interessati a saperne di pi\u00f9 sulla birra in generale e su come godersi la birra in modo appropriato allo stile che hanno scelto.<\/p>\n<p><strong><em>Come ne trarrete vantaggio?<\/em><\/strong><\/p>\n<p>Imparerai come \u00e8 fatta la birra, i suoi ingredienti e come influiscono sul sapore. Assaggerai una gamma di stili di birra e imparerai anche a riconoscere alcuni dei difetti pi\u00f9 comuni.<\/p>\n<p>Come conservare la birra, mantenere e pulire le attrezzature per il servizio in un ambiente alimentare.<\/p>\n<p>Alla fine del corso, sarai in grado di comunicare con cognizione di causa sulla birra con clienti e professionisti, il che migliorer\u00e0 il tuo status professionale nella professione.<\/p>\n<p><i>N.B. se non siete sicuri, contattateci, in modo da potervi aiutare a scegliere il livello del corso in base alle vostre esigenze e ai vostri obiettivi.<\/i><\/p>\n<p><!-- \/wp:list --><\/p>\n<p><em><strong>Luogo:<img loading=\"lazy\" decoding=\"async\" class=\" wp-image-37100 alignright\" src=\"https:\/\/beverageinstitute.ch\/wp-content\/uploads\/2025\/03\/Screenshot-2025-03-28-at-17.21.36-300x260.png\" alt=\"\" width=\"143\" height=\"124\" srcset=\"https:\/\/beverageinstitute.ch\/wp-content\/uploads\/2025\/03\/Screenshot-2025-03-28-at-17.21.36-300x260.png 300w, https:\/\/beverageinstitute.ch\/wp-content\/uploads\/2025\/03\/Screenshot-2025-03-28-at-17.21.36-350x303.png 350w, https:\/\/beverageinstitute.ch\/wp-content\/uploads\/2025\/03\/Screenshot-2025-03-28-at-17.21.36-1024x887.png 1024w, https:\/\/beverageinstitute.ch\/wp-content\/uploads\/2025\/03\/Screenshot-2025-03-28-at-17.21.36-768x666.png 768w, https:\/\/beverageinstitute.ch\/wp-content\/uploads\/2025\/03\/Screenshot-2025-03-28-at-17.21.36.png 1244w\" sizes=\"auto, (max-width: 143px) 100vw, 143px\" \/><\/strong><\/em><\/p>\n<p>The Beverage Institute<\/p>\n<p>Bernapark 1<\/p>\n<p>CH-3066 Stettlen<\/p>\n<p><em>Stazione ferroviaria di \u201cDeisswil\u201d, 14 minuti con la S7 dalla stazione centrale di Berna, treno ogni 15 minuti.<\/em><\/p>\n","protected":false},"featured_media":31354,"template":"","meta":[],"product_brand":[],"product_cat":[130],"product_tag":[99,102,100,101,98],"class_list":{"0":"post-38034","1":"product","2":"type-product","3":"status-publish","4":"has-post-thumbnail","6":"product_cat-beer-courses","7":"product_tag-beer-service","8":"product_tag-level-1-beer","9":"product_tag-niveau-1","10":"product_tag-niveau-1-biere","11":"product_tag-service-biere","13":"first","14":"instock","15":"shipping-taxable","16":"purchasable","17":"product-type-simple"},"translation":{"provider":"WPGlobus","version":"3.0.2","language":"de","enabled_languages":["en","de","fr","it"],"languages":{"en":{"title":true,"content":true,"excerpt":true},"de":{"title":false,"content":false,"excerpt":false},"fr":{"title":false,"content":false,"excerpt":false},"it":{"title":false,"content":false,"excerpt":false}}},"_links":{"self":[{"href":"https:\/\/beverageinstitute.ch\/de\/wp-json\/wp\/v2\/product\/38034","targetHints":{"allow":["GET"]}}],"collection":[{"href":"https:\/\/beverageinstitute.ch\/de\/wp-json\/wp\/v2\/product"}],"about":[{"href":"https:\/\/beverageinstitute.ch\/de\/wp-json\/wp\/v2\/types\/product"}],"wp:featuredmedia":[{"embeddable":true,"href":"https:\/\/beverageinstitute.ch\/de\/wp-json\/wp\/v2\/media\/31354"}],"wp:attachment":[{"href":"https:\/\/beverageinstitute.ch\/de\/wp-json\/wp\/v2\/media?parent=38034"}],"wp:term":[{"taxonomy":"product_brand","embeddable":true,"href":"https:\/\/beverageinstitute.ch\/de\/wp-json\/wp\/v2\/product_brand?post=38034"},{"taxonomy":"product_cat","embeddable":true,"href":"https:\/\/beverageinstitute.ch\/de\/wp-json\/wp\/v2\/product_cat?post=38034"},{"taxonomy":"product_tag","embeddable":true,"href":"https:\/\/beverageinstitute.ch\/de\/wp-json\/wp\/v2\/product_tag?post=38034"}],"curies":[{"name":"wp","href":"https:\/\/api.w.org\/{rel}","templated":true}]}}