{"id":38056,"date":"2026-02-03T11:08:49","date_gmt":"2026-02-03T10:08:49","guid":{"rendered":"https:\/\/beverageinstitute.ch\/?post_type=product&#038;p=38056"},"modified":"2026-03-11T11:17:57","modified_gmt":"2026-03-11T10:17:57","slug":"niveau-1-einfuhrung-in-spirituosen-01-05-2026-bern-anmeldeschluss-am-23-04-2026","status":"publish","type":"product","link":"https:\/\/beverageinstitute.ch\/de\/product\/niveau-1-einfuhrung-in-spirituosen-01-05-2026-bern-anmeldeschluss-am-23-04-2026\/","title":{"rendered":"Niveau 1 -Einf\u00fchrung in Spirituosen &#8211; 01.05.2026 Bern Anmeldeschluss am 23.04.2026"},"content":{"rendered":"<table style=\"border-collapse: collapse; width: 82.9283%;\">\n<tbody>\n<tr>\n<td style=\"width: 41.1003%; text-align: center;\" colspan=\"2\"><strong>\u00a0<\/strong><\/p>\n<p><strong>Niveau 1 &#8211; Einf\u00fchrung in Spirituosen<\/strong><\/p>\n<p>Unterricht, Kursmaterial und Pr\u00fcfung in der deutsche Sprache<\/td>\n<\/tr>\n<tr>\n<td style=\"width: 41.1003%; text-align: center;\" colspan=\"2\"><strong>Freitag, den 1. Mai 2026<\/strong><\/td>\n<\/tr>\n<tr>\n<td style=\"width: 41.1003%; text-align: center;\"><em>an 08:15<\/em><\/td>\n<td style=\"width: 41.1003%; text-align: center;\"><em>Willkommen<\/em><\/td>\n<\/tr>\n<tr>\n<td style=\"width: 41.1003%; text-align: center;\">08:30<\/td>\n<td style=\"width: 41.1003%; text-align: center;\">Kurseinf\u00fchrung und die Lernziele<\/td>\n<\/tr>\n<tr>\n<td style=\"width: 41.1003%; text-align: center;\">08:40<\/td>\n<td style=\"width: 41.1003%; text-align: center;\">Praktischer Ansatz zur Verkostung von Spirituosen<\/td>\n<\/tr>\n<tr>\n<td style=\"width: 41.1003%; text-align: center;\">09:30<\/td>\n<td style=\"width: 41.1003%; text-align: center;\">Ein kurzer \u00dcberblick \u00fcber den Destillationsprozess<\/td>\n<\/tr>\n<tr>\n<td style=\"width: 41.1003%; text-align: center;\">10:00<\/td>\n<td style=\"width: 41.1003%; text-align: center;\">Stile von Spirituosen<\/td>\n<\/tr>\n<tr>\n<td style=\"width: 41.1003%; text-align: center;\"><em>11:30<\/em><\/td>\n<td style=\"width: 41.1003%; text-align: center;\"><em>Mittagspause<\/em><\/td>\n<\/tr>\n<tr>\n<td style=\"width: 41.1003%; text-align: center;\">12:30<\/td>\n<td style=\"width: 41.1003%; text-align: center;\">Spirituosengesetzgebung in der Schweiz<\/td>\n<\/tr>\n<tr>\n<td style=\"width: 41.1003%; text-align: center;\">14:00<\/td>\n<td style=\"width: 41.1003%; text-align: center;\">Andere Spirituosenstile<\/td>\n<\/tr>\n<tr>\n<td style=\"width: 41.1003%; text-align: center;\">15:00<\/td>\n<td style=\"width: 41.1003%; text-align: center;\">Fragen &amp; Revision<\/td>\n<\/tr>\n<tr>\n<td style=\"width: 41.1003%; text-align: center;\">15:10<\/td>\n<td style=\"width: 41.1003%; text-align: center;\">Pr\u00fcfung<\/td>\n<\/tr>\n<tr>\n<td style=\"width: 41.1003%; text-align: center;\"><em>16:30<\/em><\/td>\n<td style=\"width: 41.1003%; text-align: center;\"><em>Ende der Pr\u00fcfung und des Kurses<\/em><\/td>\n<\/tr>\n<\/tbody>\n<\/table>\n<ul>\n<li style=\"font-size: 1rem;\">Bitte erstellen Sie Ihren Profil und dann einloggen, um Ihre Teilnahme beim Kurs zu reservieren.<\/li>\n<\/ul>\n<p><em>N.B. Wir akzeptieren Zahlungen per Maestro oder Kreditkarte durch das System von SumUp aber eine Bank\u00fcberweisung w\u00e4re auch m\u00f6glich. Bitte f\u00fcllen Sie die Anmeldungsinformationen aus, damit wir den Registrierungsprozess f\u00fcr Sie so schnell wie m\u00f6glich abschliessen k\u00f6nnen.<\/em><\/p>\n<p><strong>Finanzielle Unterst\u00fctzung<\/strong><\/p>\n<p class=\"p1\">F\u00fcr Personen, die in einem Restaurant, Hotel, einer Bar oder einem Nachtclub in einem der folgenden Kantone angestellt oder verantwortlich sind, besteht die M\u00f6glichkeit einer Subventionierung der Kursgeb\u00fchr.<\/p>\n<p class=\"p1\">Die Kantone, mit denen wir derzeit ein Abkommen haben, sind:<\/p>\n<ul class=\"ul1\">\n<li class=\"li2\">Fribourg<\/li>\n<li class=\"li2\">Genf &#8211; es ist m\u00f6glich, beim Kanton &#8222;<a href=\"https:\/\/www.ge.ch\/parcourir\/aides-financieres-argent-impots\/aides-formation\" target=\"_blank\" rel=\"noopener\"><span class=\"s1\">ein Stipendium oder ein Darlehen<\/span><\/a>&#8220; zu beantragen<\/li>\n<li class=\"li2\">Jura<\/li>\n<li class=\"li2\">Neuenburg<\/li>\n<li class=\"li2\">Wallis &#8211; ritzy Weiterbildung<\/li>\n<\/ul>\n<p class=\"p1\"><em>F\u00fcr Gesch\u00e4ftsf\u00fchrer und Angestellte eines Restaurants, einer Bar, eines Hotels oder eines Nachtclubs (dem L-GAV unterstellt) in einem Kanton der keine Subventionen f\u00fcr die Weiterbildung anbietet, bieten wir eine Erm\u00e4\u00dfigung von 10% auf den Preis des Kurses in unserem Hauptgeb\u00e4ude und auch im Kanton Tessin. Bitte kontaktieren Sie uns, um mehr dar\u00fcber zu wissen.<\/em><\/p>\n<p>Bitte verwenden Sie bei Ihrer Anmeldung f\u00fcr den Kurs den Code: YP6W6WE2<\/p>\n<p class=\"p1\">F\u00fcr die Kantone, mit denen wir bereits eine Vereinbarung getroffen haben, k\u00f6nnen Sie sich mit uns in Verbindung setzen, und wir werden Sie bei der Abwicklung unterst\u00fctzen. Wir freuen uns darauf, Sie beim n\u00e4chsten Kurs begr\u00fcssen zu d\u00fcrfen<\/p>\n","protected":false},"excerpt":{"rendered":"<p><em><strong>Wer sollte teilnehmen?<\/strong><\/em><\/p>\n<p>Dieser Kurs richtet sich sowohl an Fachleuten als auch an Amateure, die sich f\u00fcr Spirituosen und Lik\u00f6re interessieren.<\/p>\n<p>W\u00e4hrend dieses Kurses lernen Sie, wie man Spirituosen verkostet, <em>(was nicht dasselbe ist wie das Verkosten von Wein\u2026)<\/em> und auch die Prinzipien der Destillation und die Auswirkungen der Reifung zu verstehen.<\/p>\n<p><em><strong>Was wird geboten?<\/strong><\/em><\/p>\n<p>Am Ende des Kurses werden Sie Folgendes verstehen k\u00f6nnen:<\/p>\n<ul>\n<li>Einfluss der Herstellungsmethoden auf die Eigenschaften von Spirituosen und Lik\u00f6ren<\/li>\n<li>die Auswirkungen des Rohmaterials auf die Vorgehensweise bei der Herstellungsmethoden<\/li>\n<li>Merkmale der wichtigsten Spirituosen und Lik\u00f6re der Welt<\/li>\n<li>Bewertung einer Spirituose<\/li>\n<\/ul>\n<p><em><strong>Lerninhalte &#8211; \u00dcbersicht<\/strong><\/em><\/p>\n<ul>\n<li>Rohzutaten<\/li>\n<li>Herstellung<\/li>\n<li>Die wichtigsten Arten von Spirituosen<\/li>\n<li>Verkostung von Spirituosen<\/li>\n<\/ul>\n<p><em><strong>Pr\u00fcfungsbedingungen f\u00fcr das Niveau 1 &#8211; Einf\u00fchrung in Spirituosen<\/strong><\/em><\/p>\n<p>Erfolgreich abschliessen:<\/p>\n<ul>\n<li>eine Pr\u00fcfung, die sowohl aus Multiple-Choice-Fragen als auch aus Kurzantworten besteht<\/li>\n<\/ul>\n<p><em>Bitte merken Sie: Unterricht, Studienmaterial und Pr\u00fcfung in deutscher Sprache<\/em><\/p>\n<p><strong>Was im Kurs enthalten ist: <\/strong>&#8211; Studienmaterial, Spirituosenproben, Pr\u00fcfung und Unterricht<\/p>\n<p><strong>Ben\u00f6tigte Vorkenntnisse: <\/strong>Keine Vorkenntnisse<\/p>\n<p><em>N.B. Wenn Sie nicht sicher sind, kontaktieren Sie uns, damit wir Ihnen helfen k\u00f6nnen, die Kursstufe nach Ihren Bed\u00fcrfnissen und Zielen zu w\u00e4hlen<\/em><\/p>\n<p><em><strong>Standort:<img loading=\"lazy\" decoding=\"async\" class=\" wp-image-37100 alignright\" src=\"https:\/\/beverageinstitute.ch\/wp-content\/uploads\/2025\/03\/Screenshot-2025-03-28-at-17.21.36-300x260.png\" alt=\"\" width=\"143\" height=\"124\" srcset=\"https:\/\/beverageinstitute.ch\/wp-content\/uploads\/2025\/03\/Screenshot-2025-03-28-at-17.21.36-300x260.png 300w, https:\/\/beverageinstitute.ch\/wp-content\/uploads\/2025\/03\/Screenshot-2025-03-28-at-17.21.36-350x303.png 350w, https:\/\/beverageinstitute.ch\/wp-content\/uploads\/2025\/03\/Screenshot-2025-03-28-at-17.21.36-1024x887.png 1024w, https:\/\/beverageinstitute.ch\/wp-content\/uploads\/2025\/03\/Screenshot-2025-03-28-at-17.21.36-768x666.png 768w, https:\/\/beverageinstitute.ch\/wp-content\/uploads\/2025\/03\/Screenshot-2025-03-28-at-17.21.36.png 1244w\" sizes=\"auto, (max-width: 143px) 100vw, 143px\" \/><\/strong><\/em><\/p>\n<p>The Beverage Institute<\/p>\n<p>Bernapark 1<\/p>\n<p>CH-3066 Stettlen<\/p>\n<p><em>Bahnhof &#8222;Deisswil&#8220; , 14 Minuten mit dem S7 vom Hauptbahnhof Bern, Zug alle 14 Minuten.<\/em><\/p>\n","protected":false},"featured_media":32789,"template":"","meta":[],"product_brand":[],"product_cat":[27],"product_tag":[213,217,221,220,218,215,216,155,214,79,219],"class_list":{"0":"post-38056","1":"product","2":"type-product","3":"status-publish","4":"has-post-thumbnail","6":"product_cat-spirits-courses","7":"product_tag-edelbrand-sommelier","8":"product_tag-edelbrandkurs","9":"product_tag-l2-spirits-wset","10":"product_tag-l2wset","11":"product_tag-spirituosen_profi","12":"product_tag-spirituosen-sommelier","13":"product_tag-spirituosen-spezialist","14":"product_tag-spirituosenkurs","15":"product_tag-spirituosensommelier","16":"product_tag-wset","17":"product_tag-wset-spirituosen","19":"first","20":"instock","21":"shipping-taxable","22":"purchasable","23":"product-type-simple"},"translation":{"provider":"WPGlobus","version":"3.0.2","language":"de","enabled_languages":["en","de","fr","it"],"languages":{"en":{"title":true,"content":true,"excerpt":true},"de":{"title":false,"content":false,"excerpt":false},"fr":{"title":false,"content":false,"excerpt":false},"it":{"title":false,"content":false,"excerpt":false}}},"_links":{"self":[{"href":"https:\/\/beverageinstitute.ch\/de\/wp-json\/wp\/v2\/product\/38056","targetHints":{"allow":["GET"]}}],"collection":[{"href":"https:\/\/beverageinstitute.ch\/de\/wp-json\/wp\/v2\/product"}],"about":[{"href":"https:\/\/beverageinstitute.ch\/de\/wp-json\/wp\/v2\/types\/product"}],"wp:featuredmedia":[{"embeddable":true,"href":"https:\/\/beverageinstitute.ch\/de\/wp-json\/wp\/v2\/media\/32789"}],"wp:attachment":[{"href":"https:\/\/beverageinstitute.ch\/de\/wp-json\/wp\/v2\/media?parent=38056"}],"wp:term":[{"taxonomy":"product_brand","embeddable":true,"href":"https:\/\/beverageinstitute.ch\/de\/wp-json\/wp\/v2\/product_brand?post=38056"},{"taxonomy":"product_cat","embeddable":true,"href":"https:\/\/beverageinstitute.ch\/de\/wp-json\/wp\/v2\/product_cat?post=38056"},{"taxonomy":"product_tag","embeddable":true,"href":"https:\/\/beverageinstitute.ch\/de\/wp-json\/wp\/v2\/product_tag?post=38056"}],"curies":[{"name":"wp","href":"https:\/\/api.w.org\/{rel}","templated":true}]}}