{"id":38061,"date":"2026-02-03T11:22:21","date_gmt":"2026-02-03T10:22:21","guid":{"rendered":"https:\/\/beverageinstitute.ch\/?post_type=product&#038;p=38061"},"modified":"2026-03-11T11:18:49","modified_gmt":"2026-03-11T10:18:49","slug":"niveau-2-zertifikat-spirituosen-spezialist-deutsch-16-06-2026-bern-anmeldeschluss-am-08-06-2026","status":"publish","type":"product","link":"https:\/\/beverageinstitute.ch\/de\/product\/niveau-2-zertifikat-spirituosen-spezialist-deutsch-16-06-2026-bern-anmeldeschluss-am-08-06-2026\/","title":{"rendered":"Niveau 2 &#8211; Zertifikat Spirituosen-Spezialist &#8211; deutsch &#8211; 16.06.2026 &#8211; Bern &#8211; Anmeldeschluss am 08.06.2026"},"content":{"rendered":"<table class=\" aligncenter\" align=\"center\">\n<tbody>\n<tr>\n<td colspan=\"2\">\u00a0<strong>Niveau 2 &#8211; Zertifikat Spirituosen-Spezialist<\/strong><\/p>\n<p>Willkommen ab 08:15<\/p>\n<p>Kursstart um 08:30 &#8211; Unterricht, Kursmaterial und Pr\u00fcfung in der deutsche Sprache<\/td>\n<\/tr>\n<tr>\n<td><\/td>\n<td><strong>Dienstag, den 16. Juni 2026<\/strong><\/td>\n<\/tr>\n<tr>\n<td><em>ab 08:15<\/em><\/td>\n<td><em>Willkommen<\/em><\/td>\n<\/tr>\n<tr>\n<td>08:30<\/td>\n<td>Kurseinf\u00fchrung und Lernziele<\/td>\n<\/tr>\n<tr>\n<td>08:40<\/td>\n<td>Praktischer Ansatz zur Verkostung von Spirituosen<\/td>\n<\/tr>\n<tr>\n<td>09:40<\/td>\n<td>Statistiken und Trends in der Welt der Spirituosen<\/td>\n<\/tr>\n<tr>\n<td>10:00<\/td>\n<td>Prinzipien der Spirituosenherstellung<\/td>\n<\/tr>\n<tr>\n<td><em>11:30<\/em><\/td>\n<td><em>Mittagspause<\/em><\/td>\n<\/tr>\n<tr>\n<td>12:30<\/td>\n<td>Fruchtbr\u00e4nde &#8211; Cognac, Armagnac<\/td>\n<\/tr>\n<tr>\n<td>14:00<\/td>\n<td>Trester, Pisco, Calvados<\/td>\n<\/tr>\n<tr>\n<td>15:00<\/td>\n<td>Rum &amp; Rhum agricole<\/td>\n<\/tr>\n<tr>\n<td>16:30<\/td>\n<td><em>Fragen und Ende vom ersten Kurstag<\/em><\/td>\n<\/tr>\n<tr>\n<td><\/td>\n<td><strong>Dienstag, den 23. Juni 2026<\/strong><\/td>\n<\/tr>\n<tr>\n<td><em>ab 08:15<\/em><\/td>\n<td><em>Willkommen<\/em><\/td>\n<\/tr>\n<tr>\n<td>08:30<\/td>\n<td>Obstbr\u00e4nde in der Schweiz und im benachbarten Ausland<\/td>\n<\/tr>\n<tr>\n<td>09:30<\/td>\n<td>Scotch Whisky &#8211; Blended und Single Malt<\/td>\n<\/tr>\n<tr>\n<td><em>11:30<\/em><\/td>\n<td><em>Mittagspause<\/em><\/td>\n<\/tr>\n<tr>\n<td>12:30<\/td>\n<td>Bourbon, Tennessee, Rye Whiskey<\/td>\n<\/tr>\n<tr>\n<td>14:30<\/td>\n<td>Irish Whiskey, Kanada &amp; Japan<\/td>\n<\/tr>\n<tr>\n<td>15:00<\/td>\n<td>Agave Spirituosen &#8211; Tequila, Mezcal<\/td>\n<\/tr>\n<tr>\n<td>16:30<\/td>\n<td><em>Fragen und Ende vom zweiten Kurstag<\/em><\/td>\n<\/tr>\n<tr>\n<td><\/td>\n<td><strong>Dienstag, den 30. Juni 2026<\/strong><\/td>\n<\/tr>\n<tr>\n<td><em>ab 08:15<\/em><\/td>\n<td><em>Willkommen<\/em><\/td>\n<\/tr>\n<tr>\n<td>08:30<\/td>\n<td>Asiatische Spirituosen<\/td>\n<\/tr>\n<tr>\n<td>10:00<\/td>\n<td>Wodka &amp; Aromatisierte Spirituosen<\/td>\n<\/tr>\n<tr>\n<td>11:30<\/td>\n<td><em>Mittagspause<\/em><\/td>\n<\/tr>\n<tr>\n<td>12:30<\/td>\n<td>Aromatisierte Weine &amp; Lik\u00f6re<\/td>\n<\/tr>\n<tr>\n<td>15:00<\/td>\n<td>Fragen und Revision<\/td>\n<\/tr>\n<tr>\n<td><em>15:20<\/em><\/td>\n<td><em>Kurze Pause<\/em><\/td>\n<\/tr>\n<tr>\n<td>15:30<\/td>\n<td>Niveau 2 &#8211; Zertifikat in Spirituosen &#8211; die Pr\u00fcfung<\/td>\n<\/tr>\n<tr>\n<td>16:30<\/td>\n<td><em>Ende der Pr\u00fcfung und des Kurses<\/em><\/td>\n<\/tr>\n<\/tbody>\n<\/table>\n<ul>\n<li>Bitte erstellen Sie Ihren Profil und dann einloggen, um Ihre Teilnahme beim Kurs zu reservieren. Danach, folgen Sie diesen Link um den Anmeldungsprozess zu vervollst\u00e4ndigen, in dem Sie f\u00fcr den Kurs ihrer Wahl bezahlen<\/li>\n<\/ul>\n<p><em>N.B. Wir akzeptieren Zahlungen per Kreditkarte durch das SumUp System aber eine Bank\u00fcberweisung w\u00e4re auch m\u00f6glich. Bitte f\u00fcllen Sie die Anmeldungsinformationen aus, damit wir den Registrierungsprozess f\u00fcr Sie so schnell wie m\u00f6glich abschliessen k\u00f6nnen.<\/em><\/p>\n<p class=\"p1\"><b>Finanzielle Unterst\u00fctzung:<\/b><b><\/b><\/p>\n<p class=\"p1\">F\u00fcr Personen, die in einem Restaurant, Hotel, einer Bar oder einem Nachtclub in einem der folgenden Kantone angestellt oder verantwortlich sind, besteht die M\u00f6glichkeit einer Subventionierung der Kursgeb\u00fchr.<\/p>\n<p class=\"p1\">Die Kantone, mit denen wir derzeit ein Abkommen haben, sind:<\/p>\n<ul class=\"ul1\">\n<li class=\"li2\">Fribourg<\/li>\n<li class=\"li2\">Genf &#8211; es ist m\u00f6glich, beim Kanton &#8222;<a href=\"https:\/\/www.ge.ch\/parcourir\/aides-financieres-argent-impots\/aides-formation\"><span class=\"s1\">ein Stipendium oder ein Darlehen<\/span><\/a>&#8220; zu beantragen<\/li>\n<li class=\"li2\">Jura<\/li>\n<li class=\"li2\">Neuenburg<\/li>\n<li class=\"li2\">Wallis &#8211; ritzy Weiterbildung<\/li>\n<\/ul>\n<p class=\"p1\"><em>F\u00fcr Gesch\u00e4ftsf\u00fchrer und Angestellte eines Restaurants, einer Bar, eines Hotels oder eines Nachtclubs (dem L-GAV unterstellt) in einem Kanton der keine Subventionen f\u00fcr die Weiterbildung anbietet, bieten wir eine Erm\u00e4\u00dfigung von 10% auf den Preis des Kurses in unserem Hauptgeb\u00e4ude und auch im Kanton Tessin. Bitte kontaktieren Sie uns, um mehr dar\u00fcber zu wissen.<\/em><\/p>\n<p>Bitte verwenden Sie bei Ihrer Anmeldung f\u00fcr den Kurs den Code: YP6W6WE2<\/p>\n<p class=\"p1\">F\u00fcr die Kantone, mit denen wir bereits eine Vereinbarung getroffen haben, k\u00f6nnen Sie sich mit uns in Verbindung setzen, und wir werden Sie bei der Abwicklung unterst\u00fctzen. Wir freuen uns darauf, Sie beim n\u00e4chsten Kurs begr\u00fcssen zu d\u00fcrfen<\/p>\n","protected":false},"excerpt":{"rendered":"<h6><em><strong>Was wird geboten?<\/strong><\/em><\/h6>\n<p><!-- wp:paragraph --><\/p>\n<p>Dieser Kurs wurde f\u00fcr alle konzipiert, die in der Spirituosenbranche t\u00e4tig sind: Markenbotschafter, Vertrieb, Marketing f\u00fcr Gro\u00dfh\u00e4ndler oder alle, die in der Dienstleistungsbranche an der Rezeption arbeiten, sei es in einem Hotel, Restaurant, einer Bar, einem Nachtclub oder im Event-Catering. Markttrends und aktuelle Statistiken zu Marken und Getr\u00e4nkekonsum sind ein integraler Bestandteil des Kurses.<!-- \/wp:paragraph --><\/p>\n<h6><strong><em>Lerninhalt &#8211; \u00dcbersicht<\/em><\/strong><\/h6>\n<ul>\n<li><strong style=\"font-size: 1rem;\"><strong style=\"font-size: 1rem;\"><!-- wp:list --><\/strong><\/strong>\n<ul class=\"wp-block-list\">\n<li style=\"list-style-type: none;\">\n<ul class=\"wp-block-list\"><!-- wp:list-item --><\/p>\n<li>der Spirituosenmarkt und Trends<\/li>\n<\/ul>\n<\/li>\n<\/ul>\n<p><!-- \/wp:list-item --> <!-- wp:list-item --><\/p>\n<ul class=\"wp-block-list\">\n<li style=\"list-style-type: none;\">\n<ul class=\"wp-block-list\">\n<li>Herstellung &#8211; Ans\u00e4tze zur Destillation<\/li>\n<\/ul>\n<\/li>\n<\/ul>\n<p><!-- \/wp:list-item --> <!-- wp:list-item --><\/p>\n<ul class=\"wp-block-list\">\n<li style=\"list-style-type: none;\">\n<ul class=\"wp-block-list\">\n<li>Brandy, Cognac, Armagnac, Grappa, Pisco, Calvados, Obstbr\u00e4nde<\/li>\n<\/ul>\n<\/li>\n<\/ul>\n<p><!-- \/wp:list-item --> <!-- wp:list-item --><\/p>\n<ul class=\"wp-block-list\">\n<li style=\"list-style-type: none;\">\n<ul class=\"wp-block-list\">\n<li>Rum, Rhum Agricole, Rhum Industriel<\/li>\n<\/ul>\n<\/li>\n<\/ul>\n<p><!-- \/wp:list-item --> <!-- wp:list-item --><\/p>\n<ul class=\"wp-block-list\">\n<li style=\"list-style-type: none;\">\n<ul class=\"wp-block-list\">\n<li>Agavenbr\u00e4nde &#8211; Tequila, Mezcal, Bacanora, Raicilla, Sotol<\/li>\n<\/ul>\n<\/li>\n<\/ul>\n<p><!-- \/wp:list-item --> <!-- wp:list-item --><\/p>\n<ul class=\"wp-block-list\">\n<li style=\"list-style-type: none;\">\n<ul class=\"wp-block-list\">\n<li>Whisky (Scotch, Canada), Whiskey (Irish &amp; andere), Bourbon<\/li>\n<\/ul>\n<\/li>\n<\/ul>\n<p><!-- \/wp:list-item --> <!-- wp:list-item --><\/p>\n<ul class=\"wp-block-list\">\n<li style=\"list-style-type: none;\">\n<ul class=\"wp-block-list\">\n<li>Asiatische Spirituosen &#8211; Baijiu, Awamori, Sch\u00f4ch\u00fb<\/li>\n<\/ul>\n<\/li>\n<\/ul>\n<p><!-- \/wp:list-item --> <!-- wp:list-item --><\/p>\n<ul class=\"wp-block-list\">\n<li style=\"list-style-type: none;\">\n<ul class=\"wp-block-list\">\n<li>Wodka &amp; aromatisierte Spirituosen &#8211; Gin, Genever, Absinth, Pastis, Ouzo, Raki, Cinc\u00f3n\u2026<\/li>\n<\/ul>\n<\/li>\n<\/ul>\n<p><!-- \/wp:list-item --> <!-- wp:list-item --><\/p>\n<ul class=\"wp-block-list\">\n<li style=\"list-style-type: none;\">\n<ul class=\"wp-block-list\">\n<li>Aromatisierte Weine (Wermut) &amp; Bitter<\/li>\n<\/ul>\n<\/li>\n<\/ul>\n<p><!-- \/wp:list-item --> <!-- wp:list-item --><\/p>\n<ul class=\"wp-block-list\">\n<li style=\"list-style-type: none;\">\n<ul class=\"wp-block-list\">\n<li>Lik\u00f6re<\/li>\n<\/ul>\n<\/li>\n<\/ul>\n<p><!-- \/wp:list-item --><\/p>\n<p><strong style=\"font-size: 1rem;\"><!-- \/wp:list -->Dieser Kurs beinhaltet im Preis:<\/strong><span style=\"font-size: 1rem;\"> &#8211; Die Kursunterlagen, die Spirituosenproben, sowie die Pr\u00fcfung, die Unterricht sowie den Zugang zu die Studiums-Unterst\u00fctzungs-Webseite<\/span><\/p>\n<p><strong>Erforderliche Kenntnisse f\u00fcr die Teilnahme am Kurs:\u00a0<\/strong>&#8211; Keine, aber wir emfehlen Ihnen unbedingt, den Kurs Niveau 1 &#8211; Einf\u00fchrung in die Spirituosen und als Option, den Kurs Niveau 1 &#8211; Einf\u00fchrung in das Destillieren und Aromatisieren von Spirituosen in der Praxis abgeschlossen und erfolgreich bestanden zu haben.<\/li>\n<\/ul>\n<p><em><strong>Standort:<img loading=\"lazy\" decoding=\"async\" class=\" wp-image-37100 alignright\" src=\"https:\/\/beverageinstitute.ch\/wp-content\/uploads\/2025\/03\/Screenshot-2025-03-28-at-17.21.36-300x260.png\" alt=\"\" width=\"143\" height=\"124\" srcset=\"https:\/\/beverageinstitute.ch\/wp-content\/uploads\/2025\/03\/Screenshot-2025-03-28-at-17.21.36-300x260.png 300w, https:\/\/beverageinstitute.ch\/wp-content\/uploads\/2025\/03\/Screenshot-2025-03-28-at-17.21.36-350x303.png 350w, https:\/\/beverageinstitute.ch\/wp-content\/uploads\/2025\/03\/Screenshot-2025-03-28-at-17.21.36-1024x887.png 1024w, https:\/\/beverageinstitute.ch\/wp-content\/uploads\/2025\/03\/Screenshot-2025-03-28-at-17.21.36-768x666.png 768w, https:\/\/beverageinstitute.ch\/wp-content\/uploads\/2025\/03\/Screenshot-2025-03-28-at-17.21.36.png 1244w\" sizes=\"auto, (max-width: 143px) 100vw, 143px\" \/><\/strong><\/em><\/p>\n<p>The Beverage Institute<\/p>\n<p>Bernapark 1<\/p>\n<p>CH-3066 Stettlen<\/p>\n<p><em>Bahnhof &#8222;Deisswil&#8220; , 14 Minutes mit dem S7 vom Hauptbahnhof Bern, Zug alle 14 Minuten.<\/em><\/p>\n<p><!-- wp:paragraph --><\/p>\n<p><!-- \/wp:paragraph --><\/p>\n<p><!-- \/wp:paragraph --><\/p>\n","protected":false},"featured_media":36701,"template":"","meta":[],"product_brand":[],"product_cat":[27],"product_tag":[213,217,221,220,218,215,216,155,214,79,219],"class_list":{"0":"post-38061","1":"product","2":"type-product","3":"status-publish","4":"has-post-thumbnail","6":"product_cat-spirits-courses","7":"product_tag-edelbrand-sommelier","8":"product_tag-edelbrandkurs","9":"product_tag-l2-spirits-wset","10":"product_tag-l2wset","11":"product_tag-spirituosen_profi","12":"product_tag-spirituosen-sommelier","13":"product_tag-spirituosen-spezialist","14":"product_tag-spirituosenkurs","15":"product_tag-spirituosensommelier","16":"product_tag-wset","17":"product_tag-wset-spirituosen","19":"first","20":"instock","21":"shipping-taxable","22":"purchasable","23":"product-type-simple"},"translation":{"provider":"WPGlobus","version":"3.0.2","language":"de","enabled_languages":["en","de","fr","it"],"languages":{"en":{"title":true,"content":true,"excerpt":true},"de":{"title":false,"content":false,"excerpt":false},"fr":{"title":false,"content":false,"excerpt":false},"it":{"title":false,"content":false,"excerpt":false}}},"_links":{"self":[{"href":"https:\/\/beverageinstitute.ch\/de\/wp-json\/wp\/v2\/product\/38061","targetHints":{"allow":["GET"]}}],"collection":[{"href":"https:\/\/beverageinstitute.ch\/de\/wp-json\/wp\/v2\/product"}],"about":[{"href":"https:\/\/beverageinstitute.ch\/de\/wp-json\/wp\/v2\/types\/product"}],"wp:featuredmedia":[{"embeddable":true,"href":"https:\/\/beverageinstitute.ch\/de\/wp-json\/wp\/v2\/media\/36701"}],"wp:attachment":[{"href":"https:\/\/beverageinstitute.ch\/de\/wp-json\/wp\/v2\/media?parent=38061"}],"wp:term":[{"taxonomy":"product_brand","embeddable":true,"href":"https:\/\/beverageinstitute.ch\/de\/wp-json\/wp\/v2\/product_brand?post=38061"},{"taxonomy":"product_cat","embeddable":true,"href":"https:\/\/beverageinstitute.ch\/de\/wp-json\/wp\/v2\/product_cat?post=38061"},{"taxonomy":"product_tag","embeddable":true,"href":"https:\/\/beverageinstitute.ch\/de\/wp-json\/wp\/v2\/product_tag?post=38061"}],"curies":[{"name":"wp","href":"https:\/\/api.w.org\/{rel}","templated":true}]}}