{"id":38085,"date":"2026-02-16T10:01:25","date_gmt":"2026-02-16T09:01:25","guid":{"rendered":"https:\/\/beverageinstitute.ch\/?post_type=product&#038;p=38085"},"modified":"2026-03-10T11:02:01","modified_gmt":"2026-03-10T10:02:01","slug":"niveau-3-wset-qualifikation-in-wein-fernstudium-prufung-am-6-dezember-2026-anmeldungschluss-am-2-oktober-2026","status":"publish","type":"product","link":"https:\/\/beverageinstitute.ch\/de\/product\/niveau-3-wset-qualifikation-in-wein-fernstudium-prufung-am-6-dezember-2026-anmeldungschluss-am-2-oktober-2026\/","title":{"rendered":"Niveau 3 &#8211; WSET\u00ae Qualifikation in Wein &#8211; Fernstudium Pr\u00fcfung am 6. Dezember 2026 &#8211; Anmeldungschluss am 2. Oktober 2026"},"content":{"rendered":"<h6><span style=\"font-size: 12pt;\"><em><strong>Wer kann teilnehmen?<\/strong><\/em><\/span><\/h6>\n<p>Der Kurs kann von Studierenden belegt werden, die die Niveau 2 &#8211; Qualifikation WSET\u00ae in Weine erworben haben, oder gleichwertige Kenntnisse nachweisen k\u00f6nnen. Es wird dringend empfohlen, vor die Niveau 3 Qualifikation WSET\u00ae in Weine die Niveau 2 &#8211; Qualifikation WSET\u00ae in Weine vollst\u00e4ndig absolvieren.<\/p>\n<p><em><strong>Was wird geboten?<\/strong><\/em><\/p>\n<p>Diese Qualifikation vermittelt eine eingehende Analyse der wichtigsten Weine der Welt. Zum Kurs geh\u00f6ren auch eingehende Verkostungen, um Produktstile und Qualit\u00e4ten erkennen zu lernen. Die Verkostung ist ein integrales Bestandteil des Kurses.<\/p>\n<p>Die Niveau 3 &#8211; Qualifikation WSET\u00ae in Weine vermittelt ein fundiertes Wissen \u00fcber die Faktoren, die sich auf Stil, Qualit\u00e4t und Preis der wichtigsten Still-, Schaum- und gespriteten Weine der Welt auswirken. Die Qualifikation wird ein detailliertes Produktwissen vermittelt, das zum Beispiel bei der Sortimentgestaltung im Einzelhandel oder in der Gastronomie helfen kann.<\/p>\n<p>Die erfolgreiche Kandidaten k\u00f6nnen dem Charakter der wichtigsten Weine beschreiben und die Hauptfaktoren wiedergeben k\u00f6nnen, die Stil, Qualit\u00e4t und Preis beeinfl\u00fcssen. Dadurch sind sie in der Lage, direkt die Gesch\u00e4ftsleitung zu beraten, Kundenanfragen zu beantworten und Weine in den verschiedensten Situationen fachkundig auszuw\u00e4hlen.<\/p>\n<p><strong>Ben\u00f6tigte Vorkenntnisse:\u00a0<\/strong>&#8211; Niveau 2 &#8211; Qualifikation WSET\u00ae in Weine oder ein entsprechendes Erfahrungsniveau, ist bevorzugt um in das Niveau 3 &#8211; Qualifikation WSET\u00ae in Weine anmelden zu d\u00fcrfen<\/p>\n<p><em>(Bitte merken Sie: wenn Sie sich nicht sicher sind, kontaktieren Sie uns, damit wir Ihnen helfen k\u00f6nnen, die Kursstufe nach Ihren Bed\u00fcrfnissen und Zielen zu w\u00e4hlen)<\/em><\/p>\n<p>Bitte beachten Sie, dass von Ihnen erwartet wird, dass Sie den Kurs und die Pr\u00fcfung zum angegebenen Termin absolvieren. Sollten Sie nicht in der Lage sein, die Pr\u00fcfung zum angegebenen Termin abzulegen, m\u00fcssen Sie vor dem Pr\u00fcfungstermin ein \u00e4rztliches Attest vorlegen.<br \/>\nNach Vorlage des \u00e4rztlichen Attests haben Sie sechs Monate Zeit, die Pr\u00fcfung (Niveau 3 &#8211; Qualifikation WSET\u00ae in Weine) abzulegen.<\/p>\n<p class=\"p1\"><b>Finanzielle Unterst\u00fctzung:<\/b><\/p>\n<p class=\"p1\">F\u00fcr Personen, die in einem Restaurant, Hotel, einer Bar oder einem Nachtclub in einem der folgenden Kantone angestellt oder verantwortlich sind, besteht die M\u00f6glichkeit einer Subventionierung der Kursgeb\u00fchr.<\/p>\n<p class=\"p1\">Die Kantone, mit denen wir derzeit ein Abkommen haben, sind:<\/p>\n<ul class=\"ul1\">\n<li class=\"li2\">Fribourg<\/li>\n<li class=\"li2\">Genf &#8211; es ist m\u00f6glich, beim Kanton &#8222;<a href=\"https:\/\/www.ge.ch\/parcourir\/aides-financieres-argent-impots\/aides-formation\"><span class=\"s1\">ein Stipendium oder ein Darlehen<\/span><\/a>&#8220; zu beantragen<\/li>\n<li class=\"li2\">Jura<\/li>\n<li class=\"li2\">Neuenburg<\/li>\n<li class=\"li2\">Wallis &#8211; ritzy Weiterbildung<\/li>\n<\/ul>\n<p class=\"p1\"><em>F\u00fcr Gesch\u00e4ftsf\u00fchrer und Angestellte eines Restaurants, einer Bar, eines Hotels oder eines Nachtclubs (dem L-GAV unterstellt) in einem Kanton der keine Subventionen f\u00fcr die Weiterbildung anbietet, bieten wir eine Erm\u00e4\u00dfigung von 10% auf den Preis des Kurses in unserem Hauptgeb\u00e4ude und auch im Kanton Tessin. Bitte kontaktieren Sie uns, um mehr dar\u00fcber zu wissen.<\/em><\/p>\n<p>Bitte verwenden Sie bei Ihrer Anmeldung f\u00fcr den Kurs den Code: YP6W6WE2<\/p>\n<p class=\"p1\">F\u00fcr die Kantone, mit denen wir bereits eine Vereinbarung getroffen haben, k\u00f6nnen Sie sich mit uns in Verbindung setzen, und wir werden Sie bei der Abwicklung unterst\u00fctzen. Wir freuen uns darauf, Sie beim n\u00e4chsten Kurs begr\u00fcssen zu d\u00fcrfen<\/p>\n","protected":false},"excerpt":{"rendered":"<p><span style=\"font-size: 12pt;\">Was im Kurs enthalten ist: <\/span><\/p>\n<ul>\n<li><span style=\"font-size: 12pt;\">Studienmaterialien<\/span><\/li>\n<li>Am Samstag den 3. Oktober 2026 von 13:30 bis 16:00 Uhr in Biel &#8211; Einf\u00fchrung in den Kurs und die Pr\u00fcfungsanforderungen, die sowohl die Blindverkostung als auch die Theoriepr\u00fcfung umfassen.<em> (Obligatorische Teilnahme an diesem Kurstag!)<\/em><\/li>\n<li><span style=\"font-size: 12pt;\">Zugang zur Studium-Unterst\u00fctzung Webseite f\u00fcr die Dauer des Kurses,<\/span><\/li>\n<li><span style=\"font-size: 12pt;\">am Sonntag, den 6. Dezember 2026 die WSET\u00ae Pr\u00fcfung in unseren R\u00e4umlichkeiten in Deisswil, Bern<\/span><\/li>\n<\/ul>\n<p class=\"p1\"><span style=\"font-size: 12pt;\">Wir schlagen vor, das &#8222;<a href=\"https:\/\/www.e-tasting.com\/products\/level-3-wines-tasting-kit\" target=\"_blank\" rel=\"noopener noreferrer\">Verkostungskit<\/a>&#8220; von Vinovae zu bestellen, indem Sie dem Link folgen. <em>&#8211; der Registrierungscode f\u00fcr Vinovae wird Ihnen nach Abschluss des Registrierungsprozesses elektronisch zugesandt<\/em><\/span><\/p>\n<p class=\"p1\"><span style=\"font-size: 12pt;\">Sollten Sie Fragen haben, z\u00f6gern Sie nicht, uns zu kontaktieren<\/span><\/p>\n<p><span style=\"font-size: 12pt;\"><span style=\"font-family: 'trebuchet ms', geneva, sans-serif;\">Pr\u00fcfungsstandort: The Beverage Institute,\u00a0<\/span>\u00a0<span style=\"font-family: trebuchet ms, geneva, sans-serif;\">Bernapark 1, 3066 Stettlen<\/span><\/span><\/p>\n<p>Bitte beachten Sie, dass von Ihnen erwartet wird, dass Sie den Kurs und die Pr\u00fcfung zum angegebenen Termin absolvieren. Sollten Sie nicht in der Lage sein, die Pr\u00fcfung zum angegebenen Termin abzulegen, m\u00fcssen Sie vor dem Pr\u00fcfungstermin ein \u00e4rztliches Attest vorlegen.<br \/>\nNach Vorlage des \u00e4rztlichen Attests haben Sie sechs Monate Zeit, die Pr\u00fcfung (Niveau 3 &#8211; Qualifikation WSET\u00ae in Weine) abzulegen.<\/p>\n","protected":false},"featured_media":30798,"template":"","meta":[],"product_brand":[],"product_cat":[25],"product_tag":[196],"class_list":{"0":"post-38085","1":"product","2":"type-product","3":"status-publish","4":"has-post-thumbnail","6":"product_cat-l3_wine_courses","7":"product_tag-weinkurs","9":"first","10":"instock","11":"purchasable","12":"product-type-simple"},"translation":{"provider":"WPGlobus","version":"3.0.2","language":"de","enabled_languages":["en","de","fr","it"],"languages":{"en":{"title":true,"content":true,"excerpt":true},"de":{"title":false,"content":false,"excerpt":false},"fr":{"title":false,"content":false,"excerpt":false},"it":{"title":false,"content":false,"excerpt":false}}},"_links":{"self":[{"href":"https:\/\/beverageinstitute.ch\/de\/wp-json\/wp\/v2\/product\/38085","targetHints":{"allow":["GET"]}}],"collection":[{"href":"https:\/\/beverageinstitute.ch\/de\/wp-json\/wp\/v2\/product"}],"about":[{"href":"https:\/\/beverageinstitute.ch\/de\/wp-json\/wp\/v2\/types\/product"}],"wp:featuredmedia":[{"embeddable":true,"href":"https:\/\/beverageinstitute.ch\/de\/wp-json\/wp\/v2\/media\/30798"}],"wp:attachment":[{"href":"https:\/\/beverageinstitute.ch\/de\/wp-json\/wp\/v2\/media?parent=38085"}],"wp:term":[{"taxonomy":"product_brand","embeddable":true,"href":"https:\/\/beverageinstitute.ch\/de\/wp-json\/wp\/v2\/product_brand?post=38085"},{"taxonomy":"product_cat","embeddable":true,"href":"https:\/\/beverageinstitute.ch\/de\/wp-json\/wp\/v2\/product_cat?post=38085"},{"taxonomy":"product_tag","embeddable":true,"href":"https:\/\/beverageinstitute.ch\/de\/wp-json\/wp\/v2\/product_tag?post=38085"}],"curies":[{"name":"wp","href":"https:\/\/api.w.org\/{rel}","templated":true}]}}