{"id":38091,"date":"2026-02-16T10:35:15","date_gmt":"2026-02-16T09:35:15","guid":{"rendered":"https:\/\/beverageinstitute.ch\/?post_type=product&#038;p=38091"},"modified":"2026-03-10T11:20:57","modified_gmt":"2026-03-10T10:20:57","slug":"formation-a-distance-niveau-2-diplome-wset-en-vins-francais-examen-le-04-07-2026-berne-cloture-des-inscriptions-le-15-05-2026","status":"publish","type":"product","link":"https:\/\/beverageinstitute.ch\/de\/product\/formation-a-distance-niveau-2-diplome-wset-en-vins-francais-examen-le-04-07-2026-berne-cloture-des-inscriptions-le-15-05-2026\/","title":{"rendered":"Formation \u00e0 distance Niveau 2 &#8211; dipl\u00f4me WSET\u00ae en vins &#8211; fran\u00e7ais &#8211; examen le 04.07.2026 &#8211; Berne &#8211; cl\u00f4ture des inscriptions le 15.05.2026"},"content":{"rendered":"<table class=\" aligncenter\" align=\"center\">\n<tbody>\n<tr>\n<td colspan=\"2\"><strong>Niveau 2 &#8211; dipl\u00f4me WSET\u00ae en Vins<\/strong><\/p>\n<p>Instruction, mat\u00e9riel d&#8217;\u00e9tude et l&#8217;examen en langue fran\u00e7aise<\/td>\n<\/tr>\n<tr>\n<td><\/td>\n<td><strong>Samedi, le 4 juillet 2026<\/strong><\/td>\n<\/tr>\n<tr>\n<td><em>\u00e0 partir de: 13:30<\/em><\/td>\n<td><em>Bienvenue<\/em><\/td>\n<\/tr>\n<tr>\n<td>13:45<\/td>\n<td>WSET\u00ae Niveau 2 t\u00e9chnique de d\u00e9gustation<\/p>\n<p>Association vins et mets<\/td>\n<\/tr>\n<tr>\n<td>15:30<\/td>\n<td>examen Niveau 2 dipl\u00f4me WSET\u00ae en vins<\/td>\n<\/tr>\n<tr>\n<td>16:30<\/td>\n<td><em>Fin de l&#8217;examen<\/em><\/td>\n<\/tr>\n<\/tbody>\n<\/table>\n<ul>\n<li>Veuillez cr\u00e9er votre profil et connectez-vous afin de pouvoir r\u00e9server votre place sur ce cours.<\/li>\n<li><em>Nous avons besoin que vous pour compl\u00e9tez les informations d&#8217;inscription, qui incluent votre date de naissance afin de terminer le processus d&#8217;inscription le plus rapidement possible pour vous.<\/em><\/li>\n<\/ul>\n<p><em>N.B. Nous acceptons les paiements par carte de cr\u00e9dit \u00e0 travers le syst\u00e8me de SumUp, mais vous pouvez aussi payer par virement bancaire.\u00a0<\/em><\/p>\n<p class=\"p1\"><b>Aide financi\u00e8re:<\/b><\/p>\n<p class=\"p1\">Pour ceux d&#8217;entre vous qui sont employ\u00e9s ou responsables d&#8217;un restaurant, d&#8217;un h\u00f4tel, d&#8217;un bar ou d&#8217;une bo\u00eete de nuit dans l&#8217;un des cantons suivants, il est possible de b\u00e9n\u00e9ficier d&#8217;une subvention pour le prix du cours.<\/p>\n<p class=\"p1\">Les cantons avec lesquels nous avons actuellement un accord sont:<\/p>\n<ul class=\"ul1\">\n<li class=\"li2\">Fribourg<\/li>\n<li class=\"li2\">Gen\u00e8ve &#8211; il est possible de demander &#8222;<a href=\"https:\/\/www.ge.ch\/parcourir\/aides-financieres-argent-impots\/aides-formation\"><span class=\"s1\">une bourse ou un pr\u00eat<\/span><\/a>&#8220; aupr\u00e9s du Canton<\/li>\n<li class=\"li2\">Jura<\/li>\n<li class=\"li2\">Neuch\u00e2tel<\/li>\n<li class=\"li2\">Valais &#8211; ritzy formation continue<\/li>\n<\/ul>\n<p class=\"p2\"><em>Pour les g\u00e9rants et employ\u00e9s d\u2019un restaurant, bar, h\u00f4tel ou un club de nuit (soumis \u00e0 la CCNT) dans un Canton qui n\u2019offre pas une subvention pour la formation continue, nous vous accordons un rabais de 10% sur le prix du cours dans nos locaux principaux et aussi dans le Canton de Ticino. Veuillez nous contacter pour en savoir plus.<\/em><\/p>\n<p>Veuillez utiliser le code: YP6W6WE2 pendant votre inscription.<\/p>\n<p class=\"p3\">Pour les cantons pour lesquels nous avons actuellement un accord, contactez-nous et nous vous aiderons dans vos d\u00e9marches. Nous nous r\u00e9jouissons de vous accueillir au prochain cours.<\/p>\n","protected":false},"excerpt":{"rendered":"<p><strong><em data-rich-text-format-boundary=\"true\">A qui s&#8217;adresse-t-il?<\/em><\/strong><\/p>\n<p>Cette formation professionnelle est destin\u00e9e aux employ\u00e9s dans le commerce des vins ou aux employ\u00e9s dans la restauration et les bars et qui ont une connaissance de base \/ scolaire des produits et souhaitent ajouter \u00e0 leur actif une qualification reconnue.<\/p>\n<p>Formation pertinente l\u00e0 o\u00f9 des connaissances sont exig\u00e9es afin de maintenir et am\u00e9liorer\u00a0 les standards de qualit\u00e9s dans cette industrie, par exemple dans le service \u00e0 la client\u00e8le et les fonctions de ventes de l\u2019h\u00f4tellerie, gastronomie, commerce du vin&#8230;<\/p>\n<p>Ce cours peut aussi \u00eatre b\u00e9n\u00e9fique pour tout amateur qui souhaite en apprendre plus sur le sujet et ce d\u2019une mani\u00e8re \u201dprofessionnelle\u201d.<\/p>\n<p><strong><em data-rich-text-format-boundary=\"true\">Qu&#8217;apporte t-il?<\/em><\/strong><\/p>\n<p>Les candidats qui se qualifieront pourront d\u00e9crire et comparer les styles de vins produits \u00e0 partir de c\u00e9pages importants sur le plan international et r\u00e9gional, interpr\u00e9ter les \u00e9tiquettes de vin des principales r\u00e9gions vinicoles du monde et donner des conseils de base sur la s\u00e9lection et le service appropri\u00e9s, ainsi que comprendre les principes de la d\u00e9gustation et de l&#8217;\u00e9valuation du vin.<\/p>\n<p><strong data-rich-text-format-boundary=\"true\">Connaissances requises pour acc\u00e9der au cours:<\/strong>\u00a0&#8211; Aucune, mais un avantage d&#8217;avoir suivi le Niveau 1 Introduction au vin et aux vins suisses. Autrement d&#8217;avoir termin\u00e9 un apprentissage en Suisse.<\/p>\n<p>Cette formation \u00e0 distance suit l&#8217;approche de l&#8217;apprentissage autodirig\u00e9. Cela signifie que vous \u00eates responsable de votre apprentissage et que vous devez suivre les le\u00e7ons individuelles dans l&#8217;ordre. \u00c0 la fin de chaque \u00ab le\u00e7on \u00bb, vous devrez passer un petit \u00ab test \u00bb et vous devrez \u00ab r\u00e9ussir \u00bb chacun de ces tests afin de pouvoir passer \u00e0 la le\u00e7on suivante.<\/p>\n<p>Nos candidats provenant de professions diff\u00e9rentes et ayant des horaires de travail vari\u00e9s, il n&#8217;y a pas d&#8217;heure sp\u00e9cifique pour \u00eatre en ligne pour une vid\u00e9oconf\u00e9rence. Les le\u00e7ons individuelles vous aident et vous guident tout au long de l&#8217;apprentissage et vous indiquent quand d\u00e9guster quels vins.<\/p>\n<p>Nous vous sugg\u00e9rons de commander vos vins aupr\u00e8s de <em><strong><a href=\"https:\/\/e-tasting.com\/products\/kit-de-degustation-de-vin-wset-niveau-2\" target=\"_blank\" rel=\"noopener\">Vinovae<\/a><\/strong><\/em> en cr\u00e9ant votre compte au cours et d&#8217;utiliser le code : <strong>BEVERAGE5<\/strong><br \/>\nqui vous permettra de b\u00e9n\u00e9ficier d&#8217;une petite r\u00e9duction sur votre commande Vinovae.<\/p>\n<p>Vous recevrez \u00e9galement de notre part, dans une enveloppe s\u00e9par\u00e9e, une s\u00e9rie de questions ouvertes \u00e9crites afin d&#8217;\u00e9valuer votre apprentissage de mani\u00e8re diff\u00e9rente. Les r\u00e9ponses \u00e0 nos questions sont disponibles dans votre module en ligne du cours, que vous pouvez consulter d\u00e8s que vous \u00eates pr\u00eat.<\/p>\n<p>Si vous pr\u00e9f\u00e9rez passer l&#8217;examen dans le confort de votre domicile ou de votre bureau, cela est possible, mais nous devons organiser cela s\u00e9par\u00e9ment avec le WSET\u00ae et le co\u00fbt est de 160 CHF en plus des frais de cours.<em> (Ce service vous sera factur\u00e9 s\u00e9par\u00e9ment). Remarque : les instructions relatives \u00e0 la surveillance \u00e0 distance et l&#8217;examen, sont disponibles uniquement en langue anglaise. Vous devrez vous filmer avant et pendant l&#8217;examen \u00e0 l&#8217;aide de votre t\u00e9l\u00e9phone portable.<\/em><\/p>\n<p><em data-rich-text-format-boundary=\"true\">(N.B. si vous n&#8217;\u00eates pas s\u00fbr, contactez-nous, afin que nous puissions vous aider \u00e0 choisir le niveau du cours en fonction de vos besoins et de vos objectifs).<\/em><\/p>\n<p><em><strong>Lieu de l&#8217;examen:<img loading=\"lazy\" decoding=\"async\" class=\" wp-image-37100 alignright\" src=\"https:\/\/beverageinstitute.ch\/wp-content\/uploads\/2025\/03\/Screenshot-2025-03-28-at-17.21.36-300x260.png\" alt=\"\" width=\"174\" height=\"150\" srcset=\"https:\/\/beverageinstitute.ch\/wp-content\/uploads\/2025\/03\/Screenshot-2025-03-28-at-17.21.36-300x260.png 300w, https:\/\/beverageinstitute.ch\/wp-content\/uploads\/2025\/03\/Screenshot-2025-03-28-at-17.21.36-350x303.png 350w, https:\/\/beverageinstitute.ch\/wp-content\/uploads\/2025\/03\/Screenshot-2025-03-28-at-17.21.36-1024x887.png 1024w, https:\/\/beverageinstitute.ch\/wp-content\/uploads\/2025\/03\/Screenshot-2025-03-28-at-17.21.36-768x666.png 768w, https:\/\/beverageinstitute.ch\/wp-content\/uploads\/2025\/03\/Screenshot-2025-03-28-at-17.21.36.png 1244w\" sizes=\"auto, (max-width: 174px) 100vw, 174px\" \/><\/strong><\/em><\/p>\n<p>The Beverage Institute<\/p>\n<p>Bernapark 1<\/p>\n<p>CH-3066 Stettlen<\/p>\n<p><em>Arr\u00eat \u00e0 la gare de &#8222;Deisswil&#8220;, 14 minutes avec le S7 de la gare principale de Berne, train toutes les 15 minutes.<\/em><\/p>\n","protected":false},"featured_media":30797,"template":"","meta":[],"product_brand":[],"product_cat":[204,20,22],"product_tag":[112,210,208,209,79,80],"class_list":{"0":"post-38091","1":"product","2":"type-product","3":"status-publish","4":"has-post-thumbnail","6":"product_cat-formation-a-distance-fernstudium-formazione-a-distanza","7":"product_cat-wine-courses","8":"product_cat-l2-wset-wines","9":"product_tag-cours-wine","10":"product_tag-n1wset","11":"product_tag-niveau-1-vins-suisse","12":"product_tag-vin-suisse","13":"product_tag-wset","14":"product_tag-wset-niveau-2","16":"first","17":"instock","18":"shipping-taxable","19":"purchasable","20":"product-type-simple"},"translation":{"provider":"WPGlobus","version":"3.0.2","language":"de","enabled_languages":["en","de","fr","it"],"languages":{"en":{"title":true,"content":true,"excerpt":true},"de":{"title":false,"content":false,"excerpt":false},"fr":{"title":false,"content":false,"excerpt":false},"it":{"title":false,"content":false,"excerpt":false}}},"_links":{"self":[{"href":"https:\/\/beverageinstitute.ch\/de\/wp-json\/wp\/v2\/product\/38091","targetHints":{"allow":["GET"]}}],"collection":[{"href":"https:\/\/beverageinstitute.ch\/de\/wp-json\/wp\/v2\/product"}],"about":[{"href":"https:\/\/beverageinstitute.ch\/de\/wp-json\/wp\/v2\/types\/product"}],"wp:featuredmedia":[{"embeddable":true,"href":"https:\/\/beverageinstitute.ch\/de\/wp-json\/wp\/v2\/media\/30797"}],"wp:attachment":[{"href":"https:\/\/beverageinstitute.ch\/de\/wp-json\/wp\/v2\/media?parent=38091"}],"wp:term":[{"taxonomy":"product_brand","embeddable":true,"href":"https:\/\/beverageinstitute.ch\/de\/wp-json\/wp\/v2\/product_brand?post=38091"},{"taxonomy":"product_cat","embeddable":true,"href":"https:\/\/beverageinstitute.ch\/de\/wp-json\/wp\/v2\/product_cat?post=38091"},{"taxonomy":"product_tag","embeddable":true,"href":"https:\/\/beverageinstitute.ch\/de\/wp-json\/wp\/v2\/product_tag?post=38091"}],"curies":[{"name":"wp","href":"https:\/\/api.w.org\/{rel}","templated":true}]}}