{"id":38095,"date":"2026-02-16T16:41:57","date_gmt":"2026-02-16T15:41:57","guid":{"rendered":"https:\/\/beverageinstitute.ch\/?post_type=product&#038;p=38095"},"modified":"2026-03-10T07:28:29","modified_gmt":"2026-03-10T06:28:29","slug":"formazione-per-specialisti-dello-champagne-12-10-2026-berna-le-iscrizioni-si-chiudono-il-28-09-2026","status":"publish","type":"product","link":"https:\/\/beverageinstitute.ch\/de\/product\/formazione-per-specialisti-dello-champagne-12-10-2026-berna-le-iscrizioni-si-chiudono-il-28-09-2026\/","title":{"rendered":"Formazione per specialisti dello champagne &#8211; 12.10.2026 &#8211; Berna &#8211; le iscrizioni si chiudono il 28.09.2026"},"content":{"rendered":"<p><em><strong>&#8222;Specialista dello Champagne&#8220;<\/strong> &#8211; comprendere e consigliare i vini dello Champagne<\/em><\/p>\n<table style=\"border-collapse: collapse; width: 100%; height: 621px;\">\n<tbody>\n<tr style=\"height: 26px;\">\n<td style=\"width: 12.5862%; text-align: center; height: 26px;\" colspan=\"2\"><strong>Luned\u00ec, il 12 ottobre 2026<\/strong><\/td>\n<\/tr>\n<tr style=\"height: 26px;\">\n<td style=\"width: 12.5862%; height: 26px;\"><em>08:20<\/em><\/td>\n<td style=\"width: 87.4138%; height: 26px;\"><em>Bienvenuti<\/em><\/td>\n<\/tr>\n<tr style=\"height: 101px;\">\n<td style=\"width: 12.5862%; height: 101px;\">08:30<\/td>\n<td style=\"width: 87.4138%; height: 101px;\">Introduzione al corso e obiettivi<\/p>\n<p>Champagne &#8211; conoscenza<\/td>\n<\/tr>\n<tr style=\"height: 26px;\">\n<td style=\"width: 12.5862%; height: 26px;\">08:50<\/td>\n<td style=\"width: 87.4138%; height: 26px;\">Degustazione, abbinamento dello Champagne al cibo<\/td>\n<\/tr>\n<tr style=\"height: 26px;\">\n<td style=\"width: 12.5862%; height: 26px;\">11:00<\/td>\n<td style=\"width: 87.4138%; height: 26px;\">Pratica &#8211; Champagne con cibo<\/td>\n<\/tr>\n<tr style=\"height: 26px;\">\n<td style=\"width: 12.5862%; height: 26px;\"><em>12:00<\/em><\/td>\n<td style=\"width: 87.4138%; height: 26px;\"><em>Pausa pranzo<\/em><\/td>\n<\/tr>\n<tr style=\"height: 26px;\">\n<td style=\"width: 12.5862%; height: 26px;\">13:00<\/td>\n<td style=\"width: 87.4138%; height: 26px;\">Champagne &#8211; terroir, vitigni e viticoltura<\/td>\n<\/tr>\n<tr style=\"height: 26px;\">\n<td style=\"width: 12.5862%; height: 26px;\">15:30<\/td>\n<td style=\"width: 87.4138%; height: 26px;\">&#8222;gioco della connoscenza dello champagne&#8220;<\/td>\n<\/tr>\n<tr style=\"height: 26px;\">\n<td style=\"width: 12.5862%; height: 26px;\"><em>16:30<\/em><\/td>\n<td style=\"width: 87.4138%; height: 26px;\"><em>Domande e fine del primo giorno di corso<\/em><\/td>\n<\/tr>\n<tr style=\"height: 26px;\">\n<td style=\"width: 12.5862%; text-align: center; height: 26px;\" colspan=\"2\"><strong>Marted\u00ec, il 13 ottobre 2026<\/strong><\/td>\n<\/tr>\n<tr style=\"height: 26px;\">\n<td style=\"width: 12.5862%; height: 26px;\"><em>08:20<\/em><\/td>\n<td style=\"width: 87.4138%; height: 26px;\"><em>Bienvenuti<\/em><\/td>\n<\/tr>\n<tr style=\"height: 26px;\">\n<td style=\"width: 12.5862%; height: 26px;\">08:30<\/td>\n<td style=\"width: 87.4138%; height: 26px;\">Il metodo Champagne, l&#8217;invecchiamento e l&#8217;assemblaggio<\/td>\n<\/tr>\n<tr style=\"height: 26px;\">\n<td style=\"width: 12.5862%; height: 26px;\">10:30<\/td>\n<td style=\"width: 87.4138%; height: 26px;\">Pratica &#8211; Maestro di cantina<\/td>\n<\/tr>\n<tr style=\"height: 26px;\">\n<td style=\"width: 12.5862%; height: 26px;\"><em>12:00<\/em><\/td>\n<td style=\"width: 87.4138%; height: 26px;\"><em>Pausa pranzo<\/em><\/td>\n<\/tr>\n<tr style=\"height: 26px;\">\n<td style=\"width: 12.5862%; height: 26px;\">13:00<\/td>\n<td style=\"width: 87.4138%; height: 26px;\">Consigliare lo champagne<\/td>\n<\/tr>\n<tr style=\"height: 26px;\">\n<td style=\"width: 12.5862%; height: 26px;\">14:00<\/td>\n<td style=\"width: 87.4138%; height: 26px;\">Pratica &#8211; Commerciante di vino<\/td>\n<\/tr>\n<tr style=\"height: 26px;\">\n<td style=\"width: 12.5862%; height: 26px;\"><em>14:45<\/em><\/td>\n<td style=\"width: 87.4138%; height: 26px;\"><em>Domande, feedback e revisioni<\/em><\/td>\n<\/tr>\n<tr style=\"height: 26px;\">\n<td style=\"width: 12.5862%; height: 26px;\">15:00<\/td>\n<td style=\"width: 87.4138%; height: 26px;\">Esame<\/td>\n<\/tr>\n<tr style=\"height: 26px;\">\n<td style=\"width: 12.5862%; height: 26px;\"><em>16:30<\/em><\/td>\n<td style=\"width: 87.4138%; height: 26px;\"><em>Fine dell&#8217;esame e del corso<\/em><\/td>\n<\/tr>\n<\/tbody>\n<\/table>\n<ul>\n<li><em>Si prega di creare il proprio profilo e di effettuare il login per prenotare il proprio posto in questo corso.<\/em><br \/>\n<em>Abbiamo bisogno che completiate i dati di registrazione, che includono la vostra data di nascita, per poter completare il processo di registrazione il pi\u00f9 velocemente possibile.<\/em><em>N.B. Accettiamo pagamenti con carta di credito attraverso il sistema SumUp, ma \u00e8 possibile pagare anche tramite bonifico bancari<\/em><\/li>\n<\/ul>\n<p class=\"p1\"><b>Assistenza finanziaria:<\/b><b><\/b><\/p>\n<p class=\"p1\">Per coloro che sono impiegati o responsabili di un ristorante, albergo, bar o night club in dei seguenti cantoni, c&#8217;\u00e8 la possibilit\u00e0 di essere sovvenzionati per la quota del corso.<\/p>\n<p class=\"p1\">I cantoni con cui abbiamo attualmente un accordo sono:<\/p>\n<ul class=\"ul1\">\n<li class=\"li2\">Friburgo<\/li>\n<li class=\"li2\">Ginevra &#8211; \u00e8 possibile chiedere &#8222;<a href=\"https:\/\/www.ge.ch\/parcourir\/aides-financieres-argent-impots\/aides-formation\"><span class=\"s1\">una sovvenzione o un prestito<\/span><\/a>&#8220; al Cantone<\/li>\n<li class=\"li2\">Jura<\/li>\n<li class=\"li2\">Neuch\u00e2tel<\/li>\n<li class=\"li2\">Vallese &#8211; formazione continua ritzy<\/li>\n<\/ul>\n<p class=\"p1\"><em>Per i gestori e i dipendenti di un ristorante, bar, albergo o locale notturno (soggetto alla CCNL) in un Cantone che non offre un sussidio per la formazione continua, offriamo uno sconto del 10% sul prezzo del corso presso la nostra sede principale e anche nel Canton Ticino. Contattateci per saperne di pi\u00f9.<\/em><\/p>\n<p>Si prega di utilizzare il codice: YP6W6WE2 al momento della registrazione.<\/p>\n<p class=\"p1\">Per i cantoni con cui abbiamo attualmente un accordo, contattateci e vi assisteremo nel processo. Saremo lieti di dare il benvenuto al vostro prossimo corso.<\/p>\n","protected":false},"excerpt":{"rendered":"<p>Corso per il conseguimento del certificato: &#8222;Specialiste dello champagne&#8220; &#8211; comprendere e consigliare i vini di Champagne<\/p>\n<ul>\n<li>Una formazione approfondita sui diversi vini della Champagne e l&#8217;acquisizione di solide competenze nella degustazione e nella consulenza sui vini della Champagne.<\/li>\n<li>Un certificato offerto dal Comit\u00e9 Champagne, l&#8217;autorit\u00e0 ufficiale per i vini di Champagne<\/li>\n<\/ul>\n<p class=\"p1\"><b><i>chi dovrebbe partecipare?<\/i><\/b><\/p>\n<p class=\"p1\">Questo corso \u00e8 rivolto a enotecari, sommelier, professionisti della ristorazione, professionisti e dirigenti della distribuzione alimentare, buyer e personale di vendita dell&#8217;industria del vino e degli alcolici, professionisti dell&#8217;industria vitivinicola, professionisti del turismo del vino, giornalisti enologici, importatori, formatori di vino, studenti dell&#8217;industria alberghiera e della ristorazione e dell&#8217;industria del lusso.<\/p>\n<p class=\"p1\">Pi\u00f9 in generale, chiunque voglia approfondire le proprie conoscenze nel campo della raccomandazione dei vini di Champagne.<\/p>\n<p class=\"p1\"><b><i>quali vantaggi ne trarrete?<\/i><\/b><\/p>\n<p class=\"p1\">I candidati selezionati saranno in grado di:<\/p>\n<ul>\n<li class=\"p1\">comprendere e interpretare le etichette dei vini di Champagne<\/li>\n<li class=\"p1\">descrivere e valutare i vini di Champagne<\/li>\n<li class=\"p1\">sapere come conservare e servire i vini di Champagne in condizioni ottimali<\/li>\n<li class=\"p1\">consigliare un vino di Champagne accertando le aspettative e le esigenze del cliente e quindi fare una gamma di proposte in base alle sue necessit\u00e0<\/li>\n<li class=\"p1\">saper abbinare il cibo ai vini di Champagne<\/li>\n<\/ul>\n<p class=\"p1\"><b>Per ottenere questa qualifica, i candidati dovranno <\/b>&#8211; completare con successo:<\/p>\n<p class=\"p1\">una valutazione teorica<\/p>\n<ul>\n<li class=\"p1\">trenta domande a scelta multipla<\/li>\n<li class=\"p1\">un caso pratico sotto forma di due brevi domande a risposta scritta<\/li>\n<\/ul>\n<p class=\"p1\">valutazione pratica<\/p>\n<ul>\n<li class=\"p1\">degustazione alla cieca di due champagne<\/li>\n<\/ul>\n<p><b>Formazione preliminare richiesta per questo corso:<\/b> &#8211; \u00e8 necessario che tutti i partecipanti al corso abbiano seguit e superato la <a href=\"https:\/\/www.champagne.education\/it\/e-learning-champagne-mooc\" target=\"_blank\" rel=\"noopener\">certificazione gratuita di livello 1 a 3 di Champagne Education E-Learning<\/a> prima del corso. Si raccomanda vivamente di aver completato con successo almeno la qualifica di livello 2 &#8211; WSET\u00ae in Vini <em>(o una qualifica simile)<\/em>.<\/p>\n<p class=\"p1\"><i>N.B. L&#8217;esame sar\u00e0 valutato e il certificato sar\u00e0 rilasciato dal Comit\u00e9 Champagne in Francia.<\/i><\/p>\n<p class=\"p1\"><span style=\"font-size: 12pt;\"><b>Sede del corso:<img loading=\"lazy\" decoding=\"async\" class=\" wp-image-37100 alignright\" src=\"https:\/\/beverageinstitute.ch\/wp-content\/uploads\/2025\/03\/Screenshot-2025-03-28-at-17.21.36-300x260.png\" alt=\"\" width=\"169\" height=\"146\" srcset=\"https:\/\/beverageinstitute.ch\/wp-content\/uploads\/2025\/03\/Screenshot-2025-03-28-at-17.21.36-300x260.png 300w, https:\/\/beverageinstitute.ch\/wp-content\/uploads\/2025\/03\/Screenshot-2025-03-28-at-17.21.36-350x303.png 350w, https:\/\/beverageinstitute.ch\/wp-content\/uploads\/2025\/03\/Screenshot-2025-03-28-at-17.21.36-1024x887.png 1024w, https:\/\/beverageinstitute.ch\/wp-content\/uploads\/2025\/03\/Screenshot-2025-03-28-at-17.21.36-768x666.png 768w, https:\/\/beverageinstitute.ch\/wp-content\/uploads\/2025\/03\/Screenshot-2025-03-28-at-17.21.36.png 1244w\" sizes=\"auto, (max-width: 169px) 100vw, 169px\" \/><\/b><\/span><\/p>\n<p class=\"p1\"><span style=\"font-size: 12pt;\">The Beverage Institute<\/span><\/p>\n<p>Bernapark 1<\/p>\n<p><span style=\"font-size: 12pt;\">CH-3066 Stettlen<\/span><\/p>\n<p><em><span style=\"font-size: 12pt;\">Con la S7 ogni quindici minuti dalla stazione centrale di Berna, viaggio di 14 minuti.<\/span><\/em><\/p>\n","protected":false},"featured_media":34927,"template":"","meta":[],"product_brand":[],"product_cat":[173],"product_tag":[],"class_list":{"0":"post-38095","1":"product","2":"type-product","3":"status-publish","4":"has-post-thumbnail","6":"product_cat-champagne-specialist","8":"first","9":"instock","10":"shipping-taxable","11":"purchasable","12":"product-type-simple"},"translation":{"provider":"WPGlobus","version":"3.0.2","language":"de","enabled_languages":["en","de","fr","it"],"languages":{"en":{"title":true,"content":true,"excerpt":true},"de":{"title":false,"content":false,"excerpt":false},"fr":{"title":false,"content":false,"excerpt":false},"it":{"title":false,"content":false,"excerpt":false}}},"_links":{"self":[{"href":"https:\/\/beverageinstitute.ch\/de\/wp-json\/wp\/v2\/product\/38095","targetHints":{"allow":["GET"]}}],"collection":[{"href":"https:\/\/beverageinstitute.ch\/de\/wp-json\/wp\/v2\/product"}],"about":[{"href":"https:\/\/beverageinstitute.ch\/de\/wp-json\/wp\/v2\/types\/product"}],"wp:featuredmedia":[{"embeddable":true,"href":"https:\/\/beverageinstitute.ch\/de\/wp-json\/wp\/v2\/media\/34927"}],"wp:attachment":[{"href":"https:\/\/beverageinstitute.ch\/de\/wp-json\/wp\/v2\/media?parent=38095"}],"wp:term":[{"taxonomy":"product_brand","embeddable":true,"href":"https:\/\/beverageinstitute.ch\/de\/wp-json\/wp\/v2\/product_brand?post=38095"},{"taxonomy":"product_cat","embeddable":true,"href":"https:\/\/beverageinstitute.ch\/de\/wp-json\/wp\/v2\/product_cat?post=38095"},{"taxonomy":"product_tag","embeddable":true,"href":"https:\/\/beverageinstitute.ch\/de\/wp-json\/wp\/v2\/product_tag?post=38095"}],"curies":[{"name":"wp","href":"https:\/\/api.w.org\/{rel}","templated":true}]}}