{"id":38126,"date":"2026-03-16T17:14:14","date_gmt":"2026-03-16T16:14:14","guid":{"rendered":"https:\/\/beverageinstitute.ch\/?post_type=product&#038;p=38126"},"modified":"2026-03-17T07:15:21","modified_gmt":"2026-03-17T06:15:21","slug":"niveau-1-einfuhrung-in-wein-29-04-2026-deutsch-bern-anmeldeschluss-am-22-04-2026","status":"publish","type":"product","link":"https:\/\/beverageinstitute.ch\/de\/product\/niveau-1-einfuhrung-in-wein-29-04-2026-deutsch-bern-anmeldeschluss-am-22-04-2026\/","title":{"rendered":"Niveau 1 &#8211; Einf\u00fchrung in Wein &#8211; 29.04.2026 &#8211; deutsch &#8211; Bern &#8211; Anmeldeschluss am 22.04.2026"},"content":{"rendered":"<table style=\"border-collapse: collapse; width: 100%;\">\n<tbody>\n<tr>\n<td style=\"width: 50%; text-align: center;\" colspan=\"2\"><strong>Niveau 1 &#8211; Einf\u00fchrung in Wein &amp; Schweizer Wein Zertifikatslehrgang<\/strong><\/p>\n<p>Unterricht, Kursmaterial und Pr\u00fcfung in der deutsche Sprache<\/p>\n<p><strong>Mittwoch, den 29. April 2026<\/strong><\/td>\n<\/tr>\n<tr>\n<td style=\"width: 50%; text-align: center;\"><em>ab 08:45<\/em><\/td>\n<td style=\"width: 50%; text-align: center;\"><em>Willkommen<\/em><\/td>\n<\/tr>\n<tr>\n<td style=\"width: 50%; text-align: center;\">09:00<\/td>\n<td style=\"width: 50%; text-align: center;\">Kurseinf\u00fchrung und die Lernziele<\/td>\n<\/tr>\n<tr>\n<td style=\"width: 50%; text-align: center;\">09:10<\/td>\n<td style=\"width: 50%; text-align: center;\">Der Schweizer Weinberg<\/td>\n<\/tr>\n<tr>\n<td style=\"width: 50%; text-align: center;\">10:00<\/td>\n<td style=\"width: 50%; text-align: center;\">Die Weissweine<\/td>\n<\/tr>\n<tr>\n<td style=\"width: 50%; text-align: center;\"><em>11:30<\/em><\/td>\n<td style=\"width: 50%; text-align: center;\"><em>Mittagspause<\/em><\/td>\n<\/tr>\n<tr>\n<td style=\"width: 50%; text-align: center;\">12:30<\/td>\n<td style=\"width: 50%; text-align: center;\">Die Rotweine \/ Ros\u00e9weine<\/td>\n<\/tr>\n<tr>\n<td style=\"width: 50%; text-align: center;\">13:30<\/td>\n<td style=\"width: 50%; text-align: center;\">Praktische \u00dcbung &#8211; Weine mit Speisen<\/td>\n<\/tr>\n<tr>\n<td style=\"width: 50%; text-align: center;\">15:15<\/td>\n<td style=\"width: 50%; text-align: center;\">Fragen und Revision<\/td>\n<\/tr>\n<tr>\n<td style=\"width: 50%; text-align: center;\"><em>15:30<\/em><\/td>\n<td style=\"width: 50%; text-align: center;\"><em>Kurze Pause<\/em><\/td>\n<\/tr>\n<tr>\n<td style=\"width: 50%; text-align: center;\">15:45<\/td>\n<td style=\"width: 50%; text-align: center;\">Pr\u00fcfung<\/td>\n<\/tr>\n<tr>\n<td style=\"width: 50%; text-align: center;\"><em>17:00<\/em><\/td>\n<td style=\"width: 50%; text-align: center;\"><em>Ende der Pr\u00fcfung und des Kurses<\/em><\/td>\n<\/tr>\n<\/tbody>\n<\/table>\n<ul>\n<li style=\"font-size: 1rem;\">Bitte erstellen Sie Ihren Profil und dann einloggen, um Ihre Teilnahme beim Kurs zu reservieren.<\/li>\n<\/ul>\n<p><em>N.B. Wir akzeptieren Zahlungen per Maestro oder Kreditkarte durch das System von SumUp aber eine Bank\u00fcberweisung w\u00e4re auch m\u00f6glich. Bitte f\u00fcllen Sie die Anmeldungsinformationen aus, damit wir den Registrierungsprozess f\u00fcr Sie so schnell wie m\u00f6glich abschliessen k\u00f6nnen.<\/em><\/p>\n<p><strong>Finanzielle Unterst\u00fctzung<\/strong><\/p>\n<p class=\"p1\">F\u00fcr Personen, die in einem Restaurant, Hotel, einer Bar oder einem Nachtclub in einem der folgenden Kantone angestellt oder verantwortlich sind, besteht die M\u00f6glichkeit einer Subventionierung der Kursgeb\u00fchr.<\/p>\n<p class=\"p1\">Die Kantone, mit denen wir derzeit ein Abkommen haben, sind:<\/p>\n<ul class=\"ul1\">\n<li class=\"li2\">Fribourg<\/li>\n<li class=\"li2\">Genf &#8211; es ist m\u00f6glich, beim Kanton &#8222;<a href=\"https:\/\/www.ge.ch\/parcourir\/aides-financieres-argent-impots\/aides-formation\" target=\"_blank\" rel=\"noopener\"><span class=\"s1\">ein Stipendium oder ein Darlehen<\/span><\/a>&#8220; zu beantragen<\/li>\n<li class=\"li2\">Jura<\/li>\n<li class=\"li2\">Neuenburg<\/li>\n<li class=\"li2\">Wallis &#8211; ritzy Weiterbildung<\/li>\n<\/ul>\n<p class=\"p1\"><em>F\u00fcr Gesch\u00e4ftsf\u00fchrer und Angestellte eines Restaurants, einer Bar, eines Hotels oder eines Nachtclubs (dem L-GAV unterstellt) in einem Kanton der keine Subventionen f\u00fcr die Weiterbildung anbietet, bieten wir eine Erm\u00e4\u00dfigung von 10% auf den Preis des Kurses in unserem Hauptgeb\u00e4ude und auch im Kanton Tessin. Bitte kontaktieren Sie uns, um mehr dar\u00fcber zu wissen.<\/em><\/p>\n<p class=\"p1\">F\u00fcr die Kantone, mit denen wir bereits eine Vereinbarung getroffen haben, k\u00f6nnen Sie sich mit uns in Verbindung setzen, und wir werden Sie bei der Abwicklung unterst\u00fctzen. Wir freuen uns darauf, Sie beim n\u00e4chsten Kurs begr\u00fcssen zu d\u00fcrfen<\/p>\n","protected":false},"excerpt":{"rendered":"<h6><strong><em>Wer kann teilnehmen?<br \/>\n<\/em><\/strong><\/h6>\n<p>Der Kurs richtet sich an alle, die sich f\u00fcr Wein interessieren, aber wenig oder keine Weinkenntnisse haben. Da wir uns in einem Weinanbauland befinden, werden wir Sie auch in die wichtigsten in der Schweiz produzierten Rebsorten einf\u00fchren.<\/p>\n<h6><strong><em>Was wird geboten?<br \/>\n<\/em><\/strong><\/h6>\n<p>Ziel des Kurses ist es, ein einf\u00fchrendes Wissen dar\u00fcber zu vermitteln, wie Wein hergestellt wird und die wichtigsten Weinstile und Rebsorten der Welt kennen zu lernen. Wir werden auch in der Lage sein, einige Prinzipien f\u00fcr die Abstimmung von Speisen und Wein zu testen.<\/p>\n<p><em><strong>Standort:<img loading=\"lazy\" decoding=\"async\" class=\" wp-image-37100 alignright\" src=\"https:\/\/beverageinstitute.ch\/wp-content\/uploads\/2025\/03\/Screenshot-2025-03-28-at-17.21.36-300x260.png\" alt=\"\" width=\"143\" height=\"124\" srcset=\"https:\/\/beverageinstitute.ch\/wp-content\/uploads\/2025\/03\/Screenshot-2025-03-28-at-17.21.36-300x260.png 300w, https:\/\/beverageinstitute.ch\/wp-content\/uploads\/2025\/03\/Screenshot-2025-03-28-at-17.21.36-350x303.png 350w, https:\/\/beverageinstitute.ch\/wp-content\/uploads\/2025\/03\/Screenshot-2025-03-28-at-17.21.36-1024x887.png 1024w, https:\/\/beverageinstitute.ch\/wp-content\/uploads\/2025\/03\/Screenshot-2025-03-28-at-17.21.36-768x666.png 768w, https:\/\/beverageinstitute.ch\/wp-content\/uploads\/2025\/03\/Screenshot-2025-03-28-at-17.21.36.png 1244w\" sizes=\"auto, (max-width: 143px) 100vw, 143px\" \/><\/strong><\/em><\/p>\n<p>The Beverage Institute<\/p>\n<p>Bernapark 1<\/p>\n<p>CH-3066 Stettlen<\/p>\n<p><em>Bahnhof &#8222;Deisswil&#8220; , 14 Minuten mit dem S7 vom Hauptbahnhof Bern, Zug alle 14 Minuten.<\/em><\/p>\n","protected":false},"featured_media":30619,"template":"","meta":[],"product_brand":[],"product_cat":[21],"product_tag":[237,236,235,207,196],"class_list":{"0":"post-38126","1":"product","2":"type-product","3":"status-publish","4":"has-post-thumbnail","6":"product_cat-l1-intro-wine","7":"product_tag-einfuhrung-wein","8":"product_tag-l1wset","9":"product_tag-niveau-1-wset","10":"product_tag-seeland-weinkurs","11":"product_tag-weinkurs","13":"first","14":"instock","15":"shipping-taxable","16":"purchasable","17":"product-type-simple"},"translation":{"provider":"WPGlobus","version":"3.0.2","language":"de","enabled_languages":["en","de","fr","it"],"languages":{"en":{"title":true,"content":true,"excerpt":true},"de":{"title":false,"content":false,"excerpt":false},"fr":{"title":false,"content":false,"excerpt":false},"it":{"title":false,"content":false,"excerpt":false}}},"_links":{"self":[{"href":"https:\/\/beverageinstitute.ch\/de\/wp-json\/wp\/v2\/product\/38126","targetHints":{"allow":["GET"]}}],"collection":[{"href":"https:\/\/beverageinstitute.ch\/de\/wp-json\/wp\/v2\/product"}],"about":[{"href":"https:\/\/beverageinstitute.ch\/de\/wp-json\/wp\/v2\/types\/product"}],"wp:featuredmedia":[{"embeddable":true,"href":"https:\/\/beverageinstitute.ch\/de\/wp-json\/wp\/v2\/media\/30619"}],"wp:attachment":[{"href":"https:\/\/beverageinstitute.ch\/de\/wp-json\/wp\/v2\/media?parent=38126"}],"wp:term":[{"taxonomy":"product_brand","embeddable":true,"href":"https:\/\/beverageinstitute.ch\/de\/wp-json\/wp\/v2\/product_brand?post=38126"},{"taxonomy":"product_cat","embeddable":true,"href":"https:\/\/beverageinstitute.ch\/de\/wp-json\/wp\/v2\/product_cat?post=38126"},{"taxonomy":"product_tag","embeddable":true,"href":"https:\/\/beverageinstitute.ch\/de\/wp-json\/wp\/v2\/product_tag?post=38126"}],"curies":[{"name":"wp","href":"https:\/\/api.w.org\/{rel}","templated":true}]}}