{"id":38139,"date":"2026-04-11T12:27:32","date_gmt":"2026-04-11T10:27:32","guid":{"rendered":"https:\/\/beverageinstitute.ch\/?post_type=product&#038;p=38139"},"modified":"2026-04-11T13:01:16","modified_gmt":"2026-04-11T11:01:16","slug":"livello-3-qualifica-wset-in-vini-formazione-a-distanza-esame-et-introduzione-al-corso-in-lugano-le-iscrizioni-chiudono-il-6-ottobre-2026","status":"publish","type":"product","link":"https:\/\/beverageinstitute.ch\/de\/product\/livello-3-qualifica-wset-in-vini-formazione-a-distanza-esame-et-introduzione-al-corso-in-lugano-le-iscrizioni-chiudono-il-6-ottobre-2026\/","title":{"rendered":"Livello 3 &#8211; qualifica WSET in Vini, formazione a distanza, esame et introduzione al corso in Lugano &#8211; Le iscrizioni chiudono il 6 ottobre 2026"},"content":{"rendered":"<p>Questo \u00e8 un corso di impostazione decisamente professionale, progettato per portare a una conoscenza approfondita di una vasta gamma di vini. L&#8217;attenzione \u00e8 concetrata sugli elementi che influenzano lo stile, la qualit\u00e0 e il prezzo di vini prodotti nelle principali regioni vitivinicoli del mondo.<\/p>\n<p>Grande importanza \u00e8 inoltre data alle dettagliate degustazioni, nel corso del quali imparete ad indeficare lo stile e il livello qualitativo di vini del mondo.<\/p>\n<p>La Qualifica WSET\u00ae livello 3 &#8211; vini \u00e8 progettato per fornire una conoscenza approfondita dei fattori che rappresentano lo stile, la qualit\u00e0 e il prezzo dei principali vini tranquili, spumanti e fortificate del mondo. La qualifica sar\u00e0 aiutare coloro che sono tenuti a effettuare le valutazioni professionali dei vini per quanto riguarda il loro stile, qualit\u00e0 e prezzo. La qualifica fornisce le conoscenze di prodotto in-profondit\u00e0 richiesta per sostenere competenze professionali e le competenze, ad esempio nella scelta dei prodotti nei settori del commercio al dettaglio e alberghiero.<\/p>\n<p>I candidati saranno in grado di descrivere le caratteristiche dei principali vini del mondo e di fornire informazioni sui fattori chiave che influenzano lo stile, qualit\u00e0 e prezzo. Saranno di consequenza in grado di consigliare la gestione, per rispondere alle richieste dei clienti autorevlmente, e per effetuare le selezioni informate di vini in una variet\u00e0 di situazioni.<\/p>\n<p><strong>\u00e9same finale\u00a0<\/strong><\/p>\n<p>\u00e9 composto di due parte, una di teoria e una degustazione alla cieca.<\/p>\n<p>L&#8217;esame di teoria \u00e8 a sua volta subdiviso in due parti, un questionario a risposta multipla con 50 domande, pi\u00f9 4 domande aperte a risposta libera. Il tempo complessivo a disposizione per queste due parte \u00e8 di 2 ore.<\/p>\n<p>Per ottenere il certificato \u00e8 necessario un punteggio minimo del 56% sia per la teoria sia per la parte pratica.<\/p>\n<p>Il prezzo del corso include:<\/p>\n<ul>\n<li style=\"list-style-type: none;\">\n<ul>\n<li>la mezza giornata introduttiva al materiale didattico, l&#8217;accesso al sito di supporto allo studio e l&#8217;esame<\/li>\n<li>il materiale didattico<\/li>\n<li>l&#8217;accesso al sito di supporto allo studio per tutta la durata del corso<\/li>\n<li>l&#8217;esame<\/li>\n<\/ul>\n<\/li>\n<\/ul>\n<p><em>N.B. Si prega di notare che questo corso sar\u00e0 tenuto in lingua inglese con chiarimenti in lingua italiana.<\/em><\/p>\n<p>L&#8217;esame si svolger\u00e0 in lingua inglese.<\/p>\n<p>Tuttavia, se si preferisce seguire il corso di studio online, ricevere il materiale didattico e sostenere l&#8217;esame in lingua francese o tedesca, ci\u00f2 \u00e8 possibile. Si prega di contattarci prima di iscriversi al corso in modo da poter soddisfare le vostre esigenze.<\/p>\n<p><em>(N.B. Se avete dubbi, contattateci: saremo lieti di aiutarvi a scegliere il livello del corso pi\u00f9 adatto alle vostre esigenze e ai vostri obiettivi).<\/em><\/p>\n<p>Si prega di notare che \u00e8 necessario completare il corso e sostenere l&#8217;esame nella data specificata. Se non siete in grado di sostenere l&#8217;esame nella data specificata, dovete fornire un certificato medico prima della data dell&#8217;esame.<\/p>\n<p>Dopo aver presentato il certificato medico, avrete sei mesi di tempo per sostenere l&#8217;esame (Livello 3 &#8211; Qualifica WSET\u00ae in Vini).<\/p>\n<p>Sede del corso: Lugano<em> (a confirmare)\u00a0<\/em><\/p>\n<p>Vi preghiamo di creare il vostro profilo ed effettuare l&#8217;accesso per iscrivervi al corso.<\/p>\n<p>N.B. Accettiamo pagamenti con carte di debito e di credito tramite il sistema SumUp, ma \u00e8 possibile anche effettuare un bonifico bancario. Vi preghiamo di compilare i dati di iscrizione in modo da poter completare la procedura di registrazione il pi\u00f9 rapidamente possibile.<\/p>\n<p><strong>Aiuti finanziari:<\/strong><\/p>\n<p>Per coloro che sono dipendenti o dirigenti di un ristorante, hotel, bar o locale notturno in uno dei seguenti cantoni, \u00e8 possibile beneficiare di un contributo per coprire i costi del corso. I cantoni con cui abbiamo attualmente un accordo sono:<\/p>\n<ul>\n<li style=\"list-style-type: none;\">\n<ul>\n<li>Friburgo<\/li>\n<li>Ginevra &#8211; \u00e8 possibile richiedere \u201c<a href=\"https:\/\/www.ge.ch\/parcourir\/aides-financieres-argent-impots\/aides-formation\" target=\"_blank\" rel=\"noopener\">una sovvenzione o un prestito<\/a>\u201d al Cantone<\/li>\n<li>Giura<\/li>\n<li>Neuch\u00e2tel<\/li>\n<li>Vallese &#8211; ritzy formation continue<\/li>\n<\/ul>\n<\/li>\n<\/ul>\n<p>Per i dirigenti e i dipendenti di un ristorante, bar, hotel o discoteca in un Cantone che non offre un sussidio per la formazione continua, offriamo uno sconto del 10% sul prezzo del corso presso la nostra sede principale e anche nel Cantone Ticino.<\/p>\n<p>Contattateci per saperne di pi\u00f9. Per i cantoni con cui abbiamo attualmente un accordo, contattateci e vi aiuteremo con le formalit\u00e0 necessarie.<\/p>\n<p>Utilizzate il codice: YP6W6WE2 al momento dell&#8217;iscrizione.<\/p>\n<p>Per i cantoni con cui abbiamo un accordo, contattateci e vi assisteremo nel processo. Non vediamo l&#8217;ora di darvi il benvenuto al prossimo corso.<\/p>\n","protected":false},"excerpt":{"rendered":"<p><em>Nuovo materiale didattico a partire da agosto 2026; potremo ordinarlo per voi a partire dal 1\u00b0 luglio 2026<\/em><\/p>\n<p>Cosa \u00e8 compreso nel corso:<\/p>\n<ul>\n<li style=\"list-style-type: none;\">\n<ul>\n<li>materiale didattico<\/li>\n<li>ottobre 2026 dalle 09:00 alle 12:00: introduzione alla degustazione e alla valutazione in presenza a Lugano <em>(la partecipazione \u00e8 obbligatoria!)<\/em><br \/>\naccesso al sito di studio per tutta la durata del corso<\/li>\n<li>dicembre 2026, esame WSET\u00ae presso una aula in Lugano <em>(a confirmare)<\/em>.<\/li>\n<\/ul>\n<\/li>\n<\/ul>\n<p>Vi consigliamo di ordinare il <a href=\"https:\/\/www.e-tasting.com\/en\/products\/level-3-wines-tasting-kit\" target=\"_blank\" rel=\"noopener\">\u201ckit di degustazione\u201d da Vinovae seguendo il link.<\/a> &#8211; Il codice di registrazione Vinovae vi sar\u00e0 inviato elettronicamente al termine della procedura di registrazione. In caso di domande, non esitate a contattarci.<\/p>\n<p>Si prega di notare che \u00e8 prevista la partecipazione al corso e lo svolgimento dell&#8217;esame nella data indicata. Se non siete in grado di sostenere l&#8217;esame nella data indicata, dovete presentare un certificato medico prima della data d&#8217;esame. Dopo aver presentato il certificato medico, avete sei mesi di tempo per sostenere l&#8217;esame (Livello 3 &#8211; WSET\u00ae Award in Wine).<\/p>\n","protected":false},"featured_media":30798,"template":"","meta":[],"product_brand":[],"product_cat":[20,25],"product_tag":[243,239,238,242,79,241,240],"class_list":{"0":"post-38139","1":"product","2":"type-product","3":"status-publish","4":"has-post-thumbnail","6":"product_cat-wine-courses","7":"product_cat-l3_wine_courses","8":"product_tag-corsi-vino","9":"product_tag-l2vini","10":"product_tag-l3-vini","11":"product_tag-livello-3-wset","12":"product_tag-wset","13":"product_tag-wsetvini","14":"product_tag-wsetvino","16":"first","17":"instock","18":"purchasable","19":"product-type-simple"},"translation":{"provider":"WPGlobus","version":"3.0.2","language":"de","enabled_languages":["en","de","fr","it"],"languages":{"en":{"title":true,"content":true,"excerpt":true},"de":{"title":false,"content":false,"excerpt":false},"fr":{"title":false,"content":false,"excerpt":false},"it":{"title":false,"content":false,"excerpt":false}}},"_links":{"self":[{"href":"https:\/\/beverageinstitute.ch\/de\/wp-json\/wp\/v2\/product\/38139","targetHints":{"allow":["GET"]}}],"collection":[{"href":"https:\/\/beverageinstitute.ch\/de\/wp-json\/wp\/v2\/product"}],"about":[{"href":"https:\/\/beverageinstitute.ch\/de\/wp-json\/wp\/v2\/types\/product"}],"wp:featuredmedia":[{"embeddable":true,"href":"https:\/\/beverageinstitute.ch\/de\/wp-json\/wp\/v2\/media\/30798"}],"wp:attachment":[{"href":"https:\/\/beverageinstitute.ch\/de\/wp-json\/wp\/v2\/media?parent=38139"}],"wp:term":[{"taxonomy":"product_brand","embeddable":true,"href":"https:\/\/beverageinstitute.ch\/de\/wp-json\/wp\/v2\/product_brand?post=38139"},{"taxonomy":"product_cat","embeddable":true,"href":"https:\/\/beverageinstitute.ch\/de\/wp-json\/wp\/v2\/product_cat?post=38139"},{"taxonomy":"product_tag","embeddable":true,"href":"https:\/\/beverageinstitute.ch\/de\/wp-json\/wp\/v2\/product_tag?post=38139"}],"curies":[{"name":"wp","href":"https:\/\/api.w.org\/{rel}","templated":true}]}}