{"id":38162,"date":"2026-04-23T12:50:38","date_gmt":"2026-04-23T10:50:38","guid":{"rendered":"https:\/\/beverageinstitute.ch\/?post_type=product&#038;p=38162"},"modified":"2026-04-23T12:59:38","modified_gmt":"2026-04-23T10:59:38","slug":"niveau-2-wset-en-vin-in-weine-francais-deutsch-22-06-2026-sierre-vs-cloture-des-inscriptions-anmeldeschluss-am-08-06-2026","status":"publish","type":"product","link":"https:\/\/beverageinstitute.ch\/de\/product\/niveau-2-wset-en-vin-in-weine-francais-deutsch-22-06-2026-sierre-vs-cloture-des-inscriptions-anmeldeschluss-am-08-06-2026\/","title":{"rendered":"Niveau 2 &#8211; WSET\u00ae en Vin \/ in Weine &#8211; fran\u00e7ais \/ deutsch &#8211; 22.06.2026 &#8211; Sierre VS &#8211; cl\u00f4ture des inscriptions\/Anmeldeschluss am 08.06.2026"},"content":{"rendered":"<table class=\" aligncenter\" style=\"width: 105.907%; height: 2682px;\" align=\"center\">\n<tbody>\n<tr style=\"height: 257px;\">\n<td style=\"width: 49.3844%; height: 257px;\" colspan=\"2\"><strong>Niveau &#8211; 2 WSET\u00ae en Vins<br \/>\n<\/strong>Instruction bilingue en langue fran\u00e7aise et allemande, le mat\u00e9riel d&#8217;\u00e9tude et l&#8217;examen en langue fran\u00e7aise ou allemande<\/td>\n<td style=\"width: 96.2617%; height: 257px;\" colspan=\"2\"><strong>Niveau 2 &#8211; WSET\u00ae in Weine<\/strong><\/p>\n<p>Zweisprachige Unterricht in der deutsche und franz\u00f6sische Sprache. Kursmaterial und Pr\u00fcfung in der deutsche oder franz\u00f6sische Sprache<\/td>\n<\/tr>\n<tr style=\"height: 26px;\">\n<td style=\"width: 16.2411%; height: 26px;\" colspan=\"2\"><strong>Lundi, le 22 juin 2026<\/strong><\/td>\n<td style=\"width: 96.2617%; height: 26px;\" colspan=\"2\"><strong>Montag, den 22. Juni 2026<\/strong><\/td>\n<\/tr>\n<tr style=\"height: 106px;\">\n<td style=\"width: 16.2411%; height: 106px;\"><em>\u00e0 partir de: 08:15<\/em><\/td>\n<td style=\"width: 33.1433%; height: 106px;\"><em>Bienvenue<\/em><\/td>\n<td style=\"width: 10.0008%; height: 106px;\"><em>ab 08:15<\/em><\/td>\n<td style=\"width: 86.2609%; height: 106px;\"><em>Willkommen<\/em><\/td>\n<\/tr>\n<tr style=\"height: 231px;\">\n<td style=\"width: 16.2411%; height: 231px;\">08:30<\/td>\n<td style=\"width: 33.1433%; height: 231px;\">Introduction au cours et les objectifs<\/p>\n<p>Niveau 2 &#8211; WSET\u00ae technique de d\u00e9gustation<\/p>\n<p>Association vins et mets<\/td>\n<td style=\"width: 10.0008%; height: 231px;\">08:30<\/td>\n<td style=\"width: 86.2609%; height: 231px;\">Kurseinf\u00fchrung und die Lernziele<\/p>\n<p>Niveau 2 &#8211; WSET\u00ae Verkostungstechnik<\/p>\n<p>Welcher Wein mit Welche Speise<\/td>\n<\/tr>\n<tr style=\"height: 127px;\">\n<td style=\"width: 16.2411%; height: 127px;\">10:30<\/td>\n<td style=\"width: 33.1433%; height: 127px;\">Facteurs qui influence la production des vins rouges<\/p>\n<p>Pinot Noir, Zinfandel<\/td>\n<td style=\"width: 10.0008%; height: 127px;\">10:30<\/td>\n<td style=\"width: 86.2609%; height: 127px;\">Faktoren die die Herstellung von Rotweine beeinflussen<\/p>\n<p>Pinot Noir, Zinfandel<\/td>\n<\/tr>\n<tr style=\"height: 26px;\">\n<td style=\"width: 16.2411%; height: 26px;\">12:00<\/td>\n<td style=\"width: 33.1433%; height: 26px;\"><em>Pause d\u00e9jeuner<\/em><\/td>\n<td style=\"width: 10.0008%; height: 26px;\"><em>12:00<\/em><\/td>\n<td style=\"width: 86.2609%; height: 26px;\"><em>Mittagspause<\/em><\/td>\n<\/tr>\n<tr style=\"height: 207px;\">\n<td style=\"width: 16.2411%; height: 207px;\">13:00<\/td>\n<td style=\"width: 33.1433%; height: 207px;\">Facteurs qui influence la production des vins blancs, des vins doux et des vins ros\u00e9s<\/p>\n<p>Riesling, Chenin Blanc, S\u00e9millon, Furmint<\/td>\n<td style=\"width: 10.0008%; height: 207px;\">13:00<\/td>\n<td style=\"width: 86.2609%; height: 207px;\">Faktoren die die Herstellung von Weisswein, S\u00fcsswein und Ros\u00e9wein beeinflussen<\/p>\n<p>Riesling, Chenin Blanc, S\u00e9millon, Furmint<\/td>\n<\/tr>\n<tr style=\"height: 53px;\">\n<td style=\"width: 16.2411%; height: 53px;\"><em>16:30<\/em><\/td>\n<td style=\"width: 33.1433%; height: 53px;\"><em>Questions et fin de la premi\u00e8re journ\u00e9e du cours<br \/>\n<\/em><\/td>\n<td style=\"width: 10.0008%; height: 53px;\"><em>16:30<\/em><\/td>\n<td style=\"width: 86.2609%; height: 53px;\"><em>Fragen und Ende vom ersten Kurstag<\/em><\/td>\n<\/tr>\n<tr style=\"height: 26px;\">\n<td style=\"width: 16.2411%; height: 26px;\" colspan=\"2\"><strong>Lundi, le 29 juin 2026<\/strong><\/td>\n<td style=\"width: 10.0008%; height: 26px;\" colspan=\"2\"><strong>Montag, den 29. Juni 2026<\/strong><\/td>\n<\/tr>\n<tr style=\"height: 106px;\">\n<td style=\"width: 16.2411%; height: 106px;\"><em>\u00e0 partir de: 08:15<\/em><\/td>\n<td style=\"width: 33.1433%; height: 106px;\"><em>Bienvenue<\/em><\/td>\n<td style=\"width: 10.0008%; height: 106px;\"><em>ab 08:15<\/em><\/td>\n<td style=\"width: 86.2609%; height: 106px;\"><em>Willkommen<\/em><\/td>\n<\/tr>\n<tr style=\"height: 106px;\">\n<td style=\"width: 16.2411%; height: 106px;\">08:30<\/td>\n<td style=\"width: 33.1433%; height: 106px;\">Chardonnay, Sauvignon Blanc, Pinot Gris, Gewurztraminer, Viognier, Albari\u00f1o<\/td>\n<td style=\"width: 10.0008%; height: 106px;\">08:30<\/td>\n<td style=\"width: 86.2609%; height: 106px;\">Chardonnay, Sauvignon Blanc, Pinot Gris, Gewurztraminer, Viognier, Albari\u00f1o<\/td>\n<\/tr>\n<tr style=\"height: 53px;\">\n<td style=\"width: 16.2411%; height: 53px;\">10:30<\/td>\n<td style=\"width: 33.1433%; height: 53px;\">Merlot, Cabernet Sauvignon, Syrah \/ Shiraz<\/td>\n<td style=\"width: 10.0008%; height: 53px;\">10:30<\/td>\n<td style=\"width: 86.2609%; height: 53px;\">Merlot, Cabernet Sauvignon, Syrah \/ Shiraz<\/td>\n<\/tr>\n<tr style=\"height: 26px;\">\n<td style=\"width: 16.2411%; height: 26px;\"><em>12:00<\/em><\/td>\n<td style=\"width: 33.1433%; height: 26px;\"><em>Pause d\u00e9jeuner<\/em><\/td>\n<td style=\"width: 10.0008%; height: 26px;\"><em>12:00<\/em><\/td>\n<td style=\"width: 86.2609%; height: 26px;\"><em>Mittagspause<\/em><\/td>\n<\/tr>\n<tr style=\"height: 79px;\">\n<td style=\"width: 16.2411%; height: 79px;\">13:00<\/td>\n<td style=\"width: 33.1433%; height: 79px;\">Gamay, Grenache, Tempranillo, Carmen\u00e8re, Malbec, Pinotage<\/td>\n<td style=\"width: 10.0008%; height: 79px;\">13:00<\/td>\n<td style=\"width: 86.2609%; height: 79px;\">Gamay, Grenache, Tempranillo, Carmen\u00e8re, Malbec, Pinotage<\/td>\n<\/tr>\n<tr style=\"height: 53px;\">\n<td style=\"width: 16.2411%; height: 53px;\"><em>16:30<\/em><\/td>\n<td style=\"width: 33.1433%; height: 53px;\"><em>Questions et fin de la deuxi\u00e8me journ\u00e9e du cours<br \/>\n<\/em><\/td>\n<td style=\"width: 10.0008%; height: 53px;\"><em>16:30<\/em><\/td>\n<td style=\"width: 86.2609%; height: 53px;\"><em>Fragen und Ende vom zweiten Kurstag<\/em><\/td>\n<\/tr>\n<tr style=\"height: 26px;\">\n<td style=\"width: 16.2411%; height: 26px;\" colspan=\"2\"><strong>Lundi, le 6 juillet 2026<\/strong><\/td>\n<td style=\"width: 10.0008%; height: 26px;\" colspan=\"2\"><strong>Montag, den 6. Juli 2026<\/strong><\/td>\n<\/tr>\n<tr style=\"height: 58px;\">\n<td style=\"width: 16.2411%; height: 58px;\"><em>\u00e0 partir de: 08:15<\/em><\/td>\n<td style=\"width: 33.1433%; height: 58px;\"><em>Bienvenue<\/em><\/td>\n<td style=\"width: 10.0008%; height: 58px;\"><em>ab 08:15<\/em><\/td>\n<td style=\"width: 86.2609%; height: 58px;\"><em>Willkommen<\/em><\/td>\n<\/tr>\n<tr style=\"height: 281px;\">\n<td style=\"width: 16.2411%; height: 281px;\">08:30<\/td>\n<td style=\"width: 33.1433%; height: 281px;\">Cortese, Garganega, Verdicchio, Fiano<\/p>\n<p>Nebbiolo, Barbera, Corvina, Sangiovese, Montepulciano, Zinfandel\/Primitivo<\/p>\n<p>Activit\u00e9 de revision &#8211; d\u00e9gustation<\/td>\n<td style=\"width: 10.0008%; height: 281px;\">08:30<\/td>\n<td style=\"width: 86.2609%; height: 281px;\">Cortese, Garganega, Verdicchio, Fiano<\/p>\n<p>Nebbiolo, Barbera, Corvina, Sangiovese, Montepulciano, Zinfandel\/Primitivo<\/p>\n<p>Revisionsaktivit\u00e4t<\/p>\n<p>&nbsp;<\/td>\n<\/tr>\n<tr style=\"height: 26px;\">\n<td style=\"width: 16.2411%; height: 26px;\">10:30<\/td>\n<td style=\"width: 33.1433%; height: 26px;\">Les vins mousseux<\/td>\n<td style=\"width: 10.0008%; height: 26px;\">10:30<\/td>\n<td style=\"width: 86.2609%; height: 26px;\">Schaumweine<\/td>\n<\/tr>\n<tr style=\"height: 26px;\">\n<td style=\"width: 16.2411%; height: 26px;\"><em>12:00<\/em><\/td>\n<td style=\"width: 33.1433%; height: 26px;\"><em>Pause d\u00e9jeuner<\/em><\/td>\n<td style=\"width: 10.0008%; height: 26px;\"><em>12:00<\/em><\/td>\n<td style=\"width: 86.2609%; height: 26px;\"><em>Mittagspause<\/em><\/td>\n<\/tr>\n<tr style=\"height: 26px;\">\n<td style=\"width: 16.2411%; height: 26px;\">13:00<\/td>\n<td style=\"width: 33.1433%; height: 26px;\">Les vins fortifi\u00e9s<\/td>\n<td style=\"width: 10.0008%; height: 26px;\">13:00<\/td>\n<td style=\"width: 86.2609%; height: 26px;\">gespritete Weine<\/td>\n<\/tr>\n<tr style=\"height: 26px;\">\n<td style=\"width: 16.2411%; height: 26px;\">14:30<\/td>\n<td style=\"width: 33.1433%; height: 26px;\">Questions et Feedback<\/td>\n<td style=\"width: 10.0008%; height: 26px;\">14:30<\/td>\n<td style=\"width: 86.2609%; height: 26px;\">Fragen und Feedback<\/td>\n<\/tr>\n<tr style=\"height: 26px;\">\n<td style=\"width: 16.2411%; height: 26px;\">14:45<\/td>\n<td style=\"width: 33.1433%; height: 26px;\"><em>Pause<\/em><\/td>\n<td style=\"width: 10.0008%; height: 26px;\"><em>14:45<\/em><\/td>\n<td style=\"width: 86.2609%; height: 26px;\"><em>Pause<\/em><\/td>\n<\/tr>\n<tr style=\"height: 53px;\">\n<td style=\"width: 16.2411%; height: 53px;\">15:00<\/td>\n<td style=\"width: 33.1433%; height: 53px;\">Niveau 2 &#8211; WSET\u00ae en vins &#8211; l&#8217;examen<\/td>\n<td style=\"width: 10.0008%; height: 53px;\">15:00<\/td>\n<td style=\"width: 86.2609%; height: 53px;\">Niveau 2 &#8211; WSET\u00ae in Weine &#8211; die Pr\u00fcfung<\/td>\n<\/tr>\n<tr style=\"height: 53px;\">\n<td style=\"width: 16.2411%; height: 53px;\"><em>16:30<\/em><\/td>\n<td style=\"width: 33.1433%; height: 53px;\"><em>Fin du cours et de l&#8217;examen<\/em><\/td>\n<td style=\"width: 10.0008%; height: 53px;\"><em>16:30<\/em><\/td>\n<td style=\"width: 86.2609%; height: 53px;\"><em>Ende vom Kurs und die Pr\u00fcfung<\/em><\/td>\n<\/tr>\n<\/tbody>\n<\/table>\n<ul>\n<li>Veuillez noter que ce cours est organis\u00e9 en partenariat avec ritzy formation continue. Veuillez contacter le s\u00e9cretariat de <a href=\"https:\/\/www.ritzy.ch\/fr\/course\/wset-niveau-2-ou-3-certificat-en-vins\/\" target=\"_blank\" rel=\"noopener\">ritzy formation continue pour r\u00e9server votre place<\/a><\/li>\n<li>Bitte merken Sie dass der Kurs wird in Zusammenarbeit mit ritzy Weiterbildung angeboten. Bitte kontaktieren Sie <a href=\"https:\/\/www.ritzy.ch\/course\/wset-niveau-2-oder-3-award-in-wein\/\" target=\"_blank\" rel=\"noopener\">ritzy Weiterbildung um Ihren Platz auf den Kurs zu reservieren<\/a><\/li>\n<\/ul>\n<p>&nbsp;<\/p>\n","protected":false},"excerpt":{"rendered":"<p><span style=\"font-size: 10pt;\">Lieu du cours \/ Kursstandort:<\/span><\/p>\n<p><span style=\"font-size: 10pt;\">ritzy formation continue \/ ritzy Weiterbildung<\/span><\/p>\n<p><span style=\"font-size: 10pt;\">Technoark, Technop\u00f4le 3<\/span><\/p>\n<p><span style=\"font-size: 10pt;\">3960 Sierre\/Siders<\/span><\/p>\n","protected":false},"featured_media":30797,"template":"","meta":[],"product_brand":[],"product_cat":[20,22],"product_tag":[208,79,80],"class_list":{"0":"post-38162","1":"product","2":"type-product","3":"status-publish","4":"has-post-thumbnail","6":"product_cat-wine-courses","7":"product_cat-l2-wset-wines","8":"product_tag-niveau-1-vins-suisse","9":"product_tag-wset","10":"product_tag-wset-niveau-2","12":"first","13":"instock","14":"shipping-taxable","15":"product-type-simple"},"translation":{"provider":"WPGlobus","version":"3.0.2","language":"de","enabled_languages":["en","de","fr","it"],"languages":{"en":{"title":true,"content":true,"excerpt":true},"de":{"title":false,"content":false,"excerpt":false},"fr":{"title":false,"content":false,"excerpt":false},"it":{"title":false,"content":false,"excerpt":false}}},"_links":{"self":[{"href":"https:\/\/beverageinstitute.ch\/de\/wp-json\/wp\/v2\/product\/38162","targetHints":{"allow":["GET"]}}],"collection":[{"href":"https:\/\/beverageinstitute.ch\/de\/wp-json\/wp\/v2\/product"}],"about":[{"href":"https:\/\/beverageinstitute.ch\/de\/wp-json\/wp\/v2\/types\/product"}],"wp:featuredmedia":[{"embeddable":true,"href":"https:\/\/beverageinstitute.ch\/de\/wp-json\/wp\/v2\/media\/30797"}],"wp:attachment":[{"href":"https:\/\/beverageinstitute.ch\/de\/wp-json\/wp\/v2\/media?parent=38162"}],"wp:term":[{"taxonomy":"product_brand","embeddable":true,"href":"https:\/\/beverageinstitute.ch\/de\/wp-json\/wp\/v2\/product_brand?post=38162"},{"taxonomy":"product_cat","embeddable":true,"href":"https:\/\/beverageinstitute.ch\/de\/wp-json\/wp\/v2\/product_cat?post=38162"},{"taxonomy":"product_tag","embeddable":true,"href":"https:\/\/beverageinstitute.ch\/de\/wp-json\/wp\/v2\/product_tag?post=38162"}],"curies":[{"name":"wp","href":"https:\/\/api.w.org\/{rel}","templated":true}]}}