{"id":28640,"date":"2017-02-16T09:16:27","date_gmt":"2017-02-16T08:16:27","guid":{"rendered":"http:\/\/mxajfmgl.preview.infomaniak.website\/?page_id=38"},"modified":"2024-08-19T11:42:45","modified_gmt":"2024-08-19T09:42:45","slug":"wine_courses","status":"publish","type":"page","link":"https:\/\/beverageinstitute.ch\/fr\/wine_courses\/","title":{"rendered":"Cours de vins"},"content":{"rendered":"\n<div style=\"width: 525px;\" class=\"wp-video\"><video class=\"wp-video-shortcode\" id=\"video-28640-1\" width=\"525\" height=\"525\" preload=\"metadata\" controls=\"controls\"><source type=\"video\/mp4\" src=\"https:\/\/beverageinstitute.ch\/wp-content\/uploads\/2024\/08\/winecourses.mp4?_=1\" \/><a href=\"https:\/\/beverageinstitute.ch\/wp-content\/uploads\/2024\/08\/winecourses.mp4\">https:\/\/beverageinstitute.ch\/wp-content\/uploads\/2024\/08\/winecourses.mp4<\/a><\/video><\/div>\n\n\n\n<p>Tous nos cours sont con\u00e7us sur une base modulaire qui s&rsquo;appuie sur les connaissances acquises dans le module pr\u00e9c\u00e9dent.<\/p>\n\n\n\n<p>Les modules peuvent \u00eatre suivis en tant que cours autonomes ou \u00eatre compl\u00e9t\u00e9s successivement en construisant vos connaissances afin d&rsquo;obtenir une qualification.<\/p>\n\n\n\n<p>Tous nos cours sont organis\u00e9s par disciplines &#8211;<\/p>\n\n\n\n<ul class=\"wp-block-list\">\n<li><strong>Connaissances des produits<\/strong> &#8211; <em><strong>Vins<\/strong><\/em>\n<ul class=\"wp-block-list\">\n<li>Niveau 1 &#8211; Introduction au vin et aux vins suisses<\/li>\n\n\n\n<li>Niveau 2 &#8211; WSET\u00ae en vins<\/li>\n\n\n\n<li>Niveau 3 &#8211; WSET\u00ae en vins<\/li>\n\n\n\n<li>Niveau 3 &#8211; Certificat avanc\u00e9 en vins suisses<\/li>\n<\/ul>\n<\/li>\n<\/ul>\n\n\n\n<ul class=\"wp-block-list\">\n<li><strong>Ateliers<\/strong>: <strong> <\/strong>sur les domaines sp\u00e9cifiques afin d&rsquo;acco\u00eetre des connaissances sans la pression d&rsquo;un examen<\/li>\n<\/ul>\n\n\n\n<ul class=\"wp-block-list\">\n<li>Niveau 1 &#8211; les cours sont introductifs \u00e0 la mati\u00e8re &#8211; l&rsquo;enseignement et l&rsquo;\u00e9valuation se d\u00e9roulent le m\u00eame jour <em>(cours d&rsquo;une journ\u00e9e)<\/em><\/li>\n\n\n\n<li>Niveau 2 &#8211; les cours approfondissent le sujet et couvrent g\u00e9n\u00e9ralement une plus large gamme d&rsquo;informations. Dur\u00e9 du cours habituellement trois jours avec l&rsquo;examen le dernier jour du cours<\/li>\n\n\n\n<li>Niveau 3 &#8211; les cours sont bas\u00e9s sur une connaissance pr\u00e9alable approfondie des connaissances de niveau 2 et vont beaucoup plus loin, o\u00f9 vous \u00eates en mesure d&rsquo;expliquer les m\u00e9thodes de production utilis\u00e9es pour produire un produit sp\u00e9cifique<\/li>\n\n\n\n<li>Niveau 4 &#8211; les cours utilisent des connaissances factuelles et th\u00e9oriques dans de vastes contextes dans un domaine de travail ou d&rsquo;\u00e9tude et vous pouvez analyser les contextes et adapter les solutions et prendre des d\u00e9cisions de gestion selon les circonstances<\/li>\n<\/ul>\n\n\n\n<p><em>Si vous avez besoin d&rsquo;aide pour choisir un cours appropri\u00e9, ou si vous avez besoin de plus d&rsquo;informations sur nos cours, n&rsquo;h\u00e9sitez pas \u00e0 nous contacter.<\/em><\/p>\n","protected":false},"excerpt":{"rendered":"<p>Tous nos cours sont con\u00e7us sur une base modulaire qui s&rsquo;appuie sur les connaissances acquises dans le module pr\u00e9c\u00e9dent. Les modules peuvent \u00eatre suivis en tant que cours autonomes ou \u00eatre compl\u00e9t\u00e9s successivement en construisant vos connaissances afin d&rsquo;obtenir une qualification. Tous nos cours sont organis\u00e9s par disciplines &#8211; Si vous avez besoin d&rsquo;aide pour &hellip; <\/p>\n<p class=\"link-more\"><a href=\"https:\/\/beverageinstitute.ch\/fr\/wine_courses\/\" class=\"more-link\">Continuer la lecture<span class=\"screen-reader-text\"> de &laquo;&nbsp;Cours de vins&nbsp;&raquo;<\/span><\/a><\/p>\n","protected":false},"author":1,"featured_media":28876,"parent":0,"menu_order":0,"comment_status":"closed","ping_status":"closed","template":"","meta":{"footnotes":""},"class_list":["post-28640","page","type-page","status-publish","has-post-thumbnail","hentry"],"translation":{"provider":"WPGlobus","version":"3.0.2","language":"fr","enabled_languages":["en","de","fr","it"],"languages":{"en":{"title":true,"content":true,"excerpt":false},"de":{"title":true,"content":true,"excerpt":false},"fr":{"title":true,"content":true,"excerpt":false},"it":{"title":true,"content":true,"excerpt":false}}},"_links":{"self":[{"href":"https:\/\/beverageinstitute.ch\/fr\/wp-json\/wp\/v2\/pages\/28640","targetHints":{"allow":["GET"]}}],"collection":[{"href":"https:\/\/beverageinstitute.ch\/fr\/wp-json\/wp\/v2\/pages"}],"about":[{"href":"https:\/\/beverageinstitute.ch\/fr\/wp-json\/wp\/v2\/types\/page"}],"author":[{"embeddable":true,"href":"https:\/\/beverageinstitute.ch\/fr\/wp-json\/wp\/v2\/users\/1"}],"replies":[{"embeddable":true,"href":"https:\/\/beverageinstitute.ch\/fr\/wp-json\/wp\/v2\/comments?post=28640"}],"version-history":[{"count":17,"href":"https:\/\/beverageinstitute.ch\/fr\/wp-json\/wp\/v2\/pages\/28640\/revisions"}],"predecessor-version":[{"id":36006,"href":"https:\/\/beverageinstitute.ch\/fr\/wp-json\/wp\/v2\/pages\/28640\/revisions\/36006"}],"wp:featuredmedia":[{"embeddable":true,"href":"https:\/\/beverageinstitute.ch\/fr\/wp-json\/wp\/v2\/media\/28876"}],"wp:attachment":[{"href":"https:\/\/beverageinstitute.ch\/fr\/wp-json\/wp\/v2\/media?parent=28640"}],"curies":[{"name":"wp","href":"https:\/\/api.w.org\/{rel}","templated":true}]}}