{"id":28920,"date":"2020-12-27T11:57:00","date_gmt":"2020-12-27T10:57:00","guid":{"rendered":"https:\/\/beverageinstitute.ch\/?page_id=28920"},"modified":"2025-10-02T14:03:08","modified_gmt":"2025-10-02T12:03:08","slug":"pricing-wine-courses","status":"publish","type":"page","link":"https:\/\/beverageinstitute.ch\/fr\/wine_courses\/pricing-wine-courses\/","title":{"rendered":"nos tarifs &#8211; cours de vin"},"content":{"rendered":"\n<p><strong>Nos cours sur le vin<\/strong><\/p>\n<table style=\"border-collapse: collapse; width: 100%;\">\n<tbody>\n<tr>\n<td style=\"width: 33.3333%; text-align: center;\"><strong>cours<\/strong><\/td>\n<td style=\"width: 33.3333%; text-align: center;\"><strong>avec examen<\/strong><\/td>\n<td style=\"width: 33.3333%; text-align: center;\"><strong>dur\u00e9e du cours<\/strong><\/td>\n<\/tr>\n<tr>\n<td style=\"width: 33.3333%; text-align: center;\">\n<p>Niveau 1 &#8211; Introduction au vin et aux vins Suisse<\/p>\n<\/td>\n<td style=\"width: 33.3333%; text-align: center;\">CHF 360.&#8211;<\/td>\n<td style=\"width: 33.3333%; text-align: center;\">cours d&rsquo;une journ\u00e9e<\/td>\n<\/tr>\n<tr>\n<td style=\"width: 33.3333%; text-align: center;\">Niveau 2 &#8211; dipl\u00f4me WSET\u00ae en Vins<\/td>\n<td style=\"width: 33.3333%; text-align: center;\">CHF 990.&#8211;<\/td>\n<td style=\"width: 33.3333%; text-align: center;\">cours sur trois jours<\/td>\n<\/tr>\n<tr>\n<td style=\"width: 33.3333%; text-align: center;\">Niveau 2 &#8211; dipl\u00f4me WSET\u00ae en Vins &#8211; <em>formation \u00e0 distance*<\/em><\/td>\n<td style=\"width: 33.3333%; text-align: center;\">CHF 445.&#8211;*<\/td>\n<td style=\"width: 33.3333%; text-align: center;\"><em>demi-journ\u00e9e en personne pour la d\u00e9gustation et l&rsquo;examen de Niveau 2<\/em><\/td>\n<\/tr>\n<tr>\n<td style=\"width: 33.3333%; text-align: center;\">Niveau 3 &#8211; dipl\u00f4me WSET\u00ae en Vins<\/td>\n<td style=\"width: 33.3333%; text-align: center;\">CHF 1990.&#8211;<\/td>\n<td style=\"width: 33.3333%; text-align: center;\">cours sur six jours<\/td>\n<\/tr>\n<tr>\n<td style=\"width: 33.3333%; text-align: center;\">Niveau 3 &#8211; dipl\u00f4me WSET\u00ae en Vins &#8211; <em>formation \u00e0 distance<\/em>\u00a0<\/td>\n<td style=\"width: 33.3333%; text-align: center;\">CHF 1280.&#8211;<\/td>\n<td style=\"width: 33.3333%; text-align: center;\"><em>une demi-journ\u00e9e* pour l&rsquo;examen dans nos salles de formation<\/em><\/td>\n<\/tr>\n<tr>\n<td style=\"width: 33.3333%; text-align: center;\">Niveau 3 &#8211; Certificat avanc\u00e9 &#8211; vins Suisses<\/td>\n<td style=\"width: 33.3333%; text-align: center;\">CHF 890.&#8211;<\/td>\n<td style=\"width: 33.3333%; text-align: center;\">cours sur trois jours<\/td>\n<\/tr>\n<\/tbody>\n<\/table>\n<p>\u00a0<\/p>\n<p>\u00a0<\/p>\n\n\n\n<p><strong>Nos ateliers sur le vin<\/strong><\/p>\n<p><em>(nos ateliers offrent la possibilit\u00e9 d&rsquo;apprendre plus sur un sujet sp\u00e9cifique, sans le stress suppl\u00e9mentaire d&rsquo;un examen)<\/em><\/p>\n<table style=\"border-collapse: collapse; width: 100%;\">\n<tbody>\n<tr>\n<td style=\"width: 33.3333%; text-align: center;\"><strong>atelier<\/strong><\/td>\n<td style=\"width: 33.3333%; text-align: center;\"><strong>sans examen<\/strong><\/td>\n<td style=\"width: 33.3333%; text-align: center;\"><strong>dur\u00e9e de l&rsquo;atelier<\/strong><\/td>\n<\/tr>\n<tr>\n<td style=\"width: 33.3333%; text-align: center;\">Champagne<\/td>\n<td style=\"width: 33.3333%; text-align: center;\">CHF 150.&#8211;<\/td>\n<td style=\"width: 33.3333%; text-align: center;\">1 soir\u00e9<\/td>\n<\/tr>\n<tr>\n<td style=\"width: 33.3333%; text-align: center;\">Porto<\/td>\n<td style=\"width: 33.3333%; text-align: center;\">CHF 150.&#8211;<\/td>\n<td style=\"width: 33.3333%; text-align: center;\">1 soir\u00e9e<\/td>\n<\/tr>\n<tr>\n<td style=\"width: 33.3333%; text-align: center;\">Association des vins et des mets<\/td>\n<td style=\"width: 33.3333%; text-align: center;\">CHF 280.&#8211;<\/td>\n<td style=\"width: 33.3333%; text-align: center;\">1 journ\u00e9e<\/td>\n<\/tr>\n<tr>\n<td style=\"width: 33.3333%; text-align: center;\">Wine 4 Fun<\/td>\n<td style=\"width: 33.3333%; text-align: center;\"><em>sur demande<\/em><\/td>\n<td style=\"width: 33.3333%; text-align: center;\">1 soir\u00e9e<\/td>\n<\/tr>\n<\/tbody>\n<\/table>\n","protected":false},"excerpt":{"rendered":"<p>Nos cours sur le vin cours avec examen dur\u00e9e du cours Niveau 1 &#8211; Introduction au vin et aux vins Suisse CHF 360.&#8211; cours d&rsquo;une journ\u00e9e Niveau 2 &#8211; dipl\u00f4me WSET\u00ae en Vins CHF 990.&#8211; cours sur trois jours Niveau 2 &#8211; dipl\u00f4me WSET\u00ae en Vins &#8211; formation \u00e0 distance* CHF 445.&#8211;* demi-journ\u00e9e en personne &hellip; <\/p>\n<p class=\"link-more\"><a href=\"https:\/\/beverageinstitute.ch\/fr\/wine_courses\/pricing-wine-courses\/\" class=\"more-link\">Continuer la lecture<span class=\"screen-reader-text\"> de &laquo;&nbsp;nos tarifs &#8211; cours de vin&nbsp;&raquo;<\/span><\/a><\/p>\n","protected":false},"author":1,"featured_media":0,"parent":28640,"menu_order":7,"comment_status":"closed","ping_status":"closed","template":"","meta":{"footnotes":""},"class_list":["post-28920","page","type-page","status-publish","hentry"],"translation":{"provider":"WPGlobus","version":"3.0.2","language":"fr","enabled_languages":["en","de","fr","it"],"languages":{"en":{"title":true,"content":true,"excerpt":false},"de":{"title":true,"content":true,"excerpt":false},"fr":{"title":true,"content":true,"excerpt":false},"it":{"title":true,"content":true,"excerpt":false}}},"_links":{"self":[{"href":"https:\/\/beverageinstitute.ch\/fr\/wp-json\/wp\/v2\/pages\/28920","targetHints":{"allow":["GET"]}}],"collection":[{"href":"https:\/\/beverageinstitute.ch\/fr\/wp-json\/wp\/v2\/pages"}],"about":[{"href":"https:\/\/beverageinstitute.ch\/fr\/wp-json\/wp\/v2\/types\/page"}],"author":[{"embeddable":true,"href":"https:\/\/beverageinstitute.ch\/fr\/wp-json\/wp\/v2\/users\/1"}],"replies":[{"embeddable":true,"href":"https:\/\/beverageinstitute.ch\/fr\/wp-json\/wp\/v2\/comments?post=28920"}],"version-history":[{"count":101,"href":"https:\/\/beverageinstitute.ch\/fr\/wp-json\/wp\/v2\/pages\/28920\/revisions"}],"predecessor-version":[{"id":37862,"href":"https:\/\/beverageinstitute.ch\/fr\/wp-json\/wp\/v2\/pages\/28920\/revisions\/37862"}],"up":[{"embeddable":true,"href":"https:\/\/beverageinstitute.ch\/fr\/wp-json\/wp\/v2\/pages\/28640"}],"wp:attachment":[{"href":"https:\/\/beverageinstitute.ch\/fr\/wp-json\/wp\/v2\/media?parent=28920"}],"curies":[{"name":"wp","href":"https:\/\/api.w.org\/{rel}","templated":true}]}}