{"id":28922,"date":"2020-12-27T11:59:03","date_gmt":"2020-12-27T10:59:03","guid":{"rendered":"https:\/\/beverageinstitute.ch\/?page_id=28922"},"modified":"2025-04-23T09:55:38","modified_gmt":"2025-04-23T07:55:38","slug":"planning-your-studies-wine-courses","status":"publish","type":"page","link":"https:\/\/beverageinstitute.ch\/fr\/wine_courses\/planning-your-studies-wine-courses\/","title":{"rendered":"planification de vos \u00e9tudes &#8211; cours vins"},"content":{"rendered":"\n<p><strong>Planification de vos \u00e9tudes \/ votre formation continue<\/strong><\/p>\n<table style=\"border-collapse: collapse; width: 100%; height: 450px;\">\n<tbody>\n<tr style=\"height: 93px;\">\n<td style=\"width: 20%; text-align: center; height: 93px;\"><strong>Qualification<\/strong><\/td>\n<td style=\"width: 20%; text-align: center; height: 93px;\"><strong>Niveau 1 &#8211; Introduction au vin et aux vins Suisses<\/strong><\/td>\n<td style=\"width: 20%; text-align: center; height: 93px;\"><strong>Niveau 2 &#8211; WSET\u00ae en vins<\/strong><\/td>\n<td style=\"width: 20%; text-align: center; height: 93px;\"><strong>Niveau 3 &#8211; WSET\u00ae en vins<\/strong><\/td>\n<td style=\"width: 20%; text-align: center; height: 93px;\"><strong>Niveau 3 &#8211; Certificat avanc\u00e9 en vins Suisses<\/strong><\/td>\n<\/tr>\n<tr>\n<td style=\"width: 20%; text-align: left;\">Langue pour le mat\u00e9riel d&rsquo;\u00e9tude et l&rsquo;examen<\/td>\n<td style=\"width: 20%; text-align: center;\">fran\u00e7ais, allemand ou anglais<\/td>\n<td style=\"width: 20%; text-align: center;\">fran\u00e7ais, allemand ou anglais<\/td>\n<td style=\"width: 20%; text-align: center;\">fran\u00e7ais, allemand ou anglais<\/td>\n<td style=\"width: 20%; text-align: center;\">fran\u00e7ais, allemand ou anglais<\/td>\n<\/tr>\n<tr style=\"height: 73px;\">\n<td style=\"width: 20%; height: 73px; text-align: left;\">Pourcentage pour r\u00e9ussir l&rsquo;examen<\/td>\n<td style=\"width: 20%; text-align: center; height: 73px;\">60%<\/td>\n<td style=\"width: 20%; text-align: center; height: 73px;\">55%<\/td>\n<td style=\"width: 20%; text-align: center; height: 73px;\">55%<\/td>\n<td style=\"width: 20%; text-align: center; height: 73px;\">56%<\/td>\n<\/tr>\n<tr style=\"height: 53px;\">\n<td style=\"width: 20%; height: 53px; text-align: left;\">Titre professionnel<\/td>\n<td style=\"width: 20%; text-align: center; height: 53px;\">&#8211;<\/td>\n<td style=\"width: 20%; text-align: center; height: 53px;\">WSET\u00ae Certified L2<\/td>\n<td style=\"width: 20%; text-align: center; height: 53px;\">WSET Certified L3<\/td>\n<td style=\"width: 20%; text-align: center; height: 53px;\">Conseiller en vins suisses<\/td>\n<\/tr>\n<tr style=\"height: 33px;\">\n<td style=\"width: 20%; height: 33px; text-align: left;\">Pin (Badge)<\/td>\n<td style=\"width: 20%; text-align: center; height: 33px;\">&#8211;<\/td>\n<td style=\"width: 20%; text-align: center; height: 33px;\">\u221a<\/td>\n<td style=\"width: 20%; text-align: center; height: 33px;\">\u221a<\/td>\n<td style=\"width: 20%; text-align: center; height: 33px;\">&#8211;<\/td>\n<\/tr>\n<tr style=\"height: 33px;\">\n<td style=\"width: 20%; height: 33px; text-align: left;\">Enseignement par un expert avec des qualifications dans le vin<\/td>\n<td style=\"width: 20%; text-align: center; height: 33px;\">\u221a<\/td>\n<td style=\"width: 20%; text-align: center; height: 33px;\">\u221a<\/td>\n<td style=\"width: 20%; text-align: center; height: 33px;\">\u221a<\/td>\n<td style=\"width: 20%; text-align: center; height: 33px;\">\u221a<\/td>\n<\/tr>\n<tr style=\"height: 33px;\">\n<td style=\"width: 20%; height: 33px; text-align: left;\">Enseignement par un educateur avec des qualifications dans l&rsquo;enseignement<\/td>\n<td style=\"width: 20%; text-align: center; height: 33px;\">\u221a<\/td>\n<td style=\"width: 20%; text-align: center; height: 33px;\">\u221a<\/td>\n<td style=\"width: 20%; text-align: center; height: 33px;\">\u221a<\/td>\n<td style=\"width: 20%; text-align: center; height: 33px;\">\u221a<\/td>\n<\/tr>\n<tr style=\"height: 33px;\">\n<td style=\"width: 20%; height: 33px; text-align: left;\">Contacte de classe en nombre des jours<\/td>\n<td style=\"width: 20%; text-align: center; height: 33px;\">1<\/td>\n<td style=\"width: 20%; text-align: center; height: 33px;\">3<\/td>\n<td style=\"width: 20%; text-align: center; height: 33px;\">5<\/td>\n<td style=\"width: 20%; text-align: center; height: 33px;\">3<\/td>\n<\/tr>\n<tr style=\"height: 33px;\">\n<td style=\"width: 20%; height: 33px; text-align: left;\">Heures d&rsquo;\u00e9tude personnelle<\/td>\n<td style=\"width: 20%; text-align: center; height: 33px;\">2<\/td>\n<td style=\"width: 20%; text-align: center; height: 33px;\">18<\/td>\n<td style=\"width: 20%; text-align: center; height: 33px;\">48<\/td>\n<td style=\"width: 20%; text-align: center; height: 33px;\">32<\/td>\n<\/tr>\n<tr style=\"height: 33px;\">\n<td style=\"width: 20%; height: 33px; text-align: left;\">Vins d\u00e9gust\u00e9s<\/td>\n<td style=\"width: 20%; text-align: center; height: 33px;\">12<\/td>\n<td style=\"width: 20%; text-align: center; height: 33px;\">40<\/td>\n<td style=\"width: 20%; text-align: center; height: 33px;\">60<\/td>\n<td style=\"width: 20%; text-align: center; height: 33px;\">50<\/td>\n<\/tr>\n<tr style=\"height: 33px;\">\n<td style=\"width: 20%; height: 33px; text-align: left;\">Tout le mat\u00e9riel de l&rsquo;examen dans le support du cours\u00a0<em>(livre)<\/em><\/td>\n<td style=\"width: 20%; text-align: center; height: 33px;\">\u221a<\/td>\n<td style=\"width: 20%; text-align: center; height: 33px;\">\u221a<\/td>\n<td style=\"width: 20%; text-align: center; height: 33px;\">\u221a<\/td>\n<td style=\"width: 20%; text-align: center; height: 33px;\">\u221a<\/td>\n<\/tr>\n<tr>\n<td style=\"width: 20%; text-align: left;\">Site internet de soutien d&rsquo;\u00e9tude<\/td>\n<td style=\"width: 20%; text-align: center;\">&#8211;<\/td>\n<td style=\"width: 20%; text-align: center;\">\u221a<\/td>\n<td style=\"width: 20%; text-align: center;\">\u221a<\/td>\n<td style=\"width: 20%; text-align: center;\">\u221a<\/td>\n<\/tr>\n<tr>\n<td style=\"width: 20%; text-align: left;\">Examen th\u00e9orique &#8211; choix multiple<\/td>\n<td style=\"width: 20%; text-align: center;\">\u221a<\/td>\n<td style=\"width: 20%; text-align: center;\">\u221a<\/td>\n<td style=\"width: 20%; text-align: center;\">\u221a<\/td>\n<td style=\"width: 20%; text-align: center;\">\u221a<\/td>\n<\/tr>\n<tr>\n<td style=\"width: 20%; text-align: left;\">Exercice pratique &#8211; association vins et mets<\/td>\n<td style=\"width: 20%; text-align: center;\">\u221a<\/td>\n<td style=\"width: 20%; text-align: center;\">&#8211;<\/td>\n<td style=\"width: 20%; text-align: center;\">&#8211;<\/td>\n<td style=\"width: 20%; text-align: center;\">&#8211;<\/td>\n<\/tr>\n<tr>\n<td style=\"width: 20%; text-align: left;\">Examen th\u00e9orique &#8211; r\u00e9ponses courtes<\/td>\n<td style=\"width: 20%; text-align: center;\">&#8211;<\/td>\n<td style=\"width: 20%; text-align: center;\">&#8211;<\/td>\n<td style=\"width: 20%; text-align: center;\">\u221a<\/td>\n<td style=\"width: 20%; text-align: center;\">\u221a<\/td>\n<\/tr>\n<tr>\n<td style=\"width: 20%; text-align: left;\">Examen &#8211; d\u00e9gustation \u00e0 l&rsquo;aveugle<\/td>\n<td style=\"width: 20%; text-align: center;\">&#8211;<\/td>\n<td style=\"width: 20%; text-align: center;\">&#8211;<\/td>\n<td style=\"width: 20%; text-align: center;\">\u221a<\/td>\n<td style=\"width: 20%; text-align: center;\">\u221a<\/td>\n<\/tr>\n<tr>\n<td style=\"width: 20%; text-align: center;\">R\u00e9sultats annonc\u00e9s apr\u00e8s la date de l&rsquo;examen<\/td>\n<td style=\"width: 20%; text-align: center;\">2 semaines par email<\/td>\n<td style=\"width: 20%; text-align: center;\">4 semaines par email<\/td>\n<td style=\"width: 20%; text-align: center;\">8 semaines par email<\/td>\n<td style=\"width: 20%; text-align: center;\">4 semaines par email<\/td>\n<\/tr>\n<\/tbody>\n<\/table>\n<p>\u00a0<\/p>\n","protected":false},"excerpt":{"rendered":"<p>Planification de vos \u00e9tudes \/ votre formation continue Qualification Niveau 1 &#8211; Introduction au vin et aux vins Suisses Niveau 2 &#8211; WSET\u00ae en vins Niveau 3 &#8211; WSET\u00ae en vins Niveau 3 &#8211; Certificat avanc\u00e9 en vins Suisses Langue pour le mat\u00e9riel d&rsquo;\u00e9tude et l&rsquo;examen fran\u00e7ais, allemand ou anglais fran\u00e7ais, allemand ou anglais fran\u00e7ais, &hellip; <\/p>\n<p class=\"link-more\"><a href=\"https:\/\/beverageinstitute.ch\/fr\/wine_courses\/planning-your-studies-wine-courses\/\" class=\"more-link\">Continuer la lecture<span class=\"screen-reader-text\"> de &laquo;&nbsp;planification de vos \u00e9tudes &#8211; cours vins&nbsp;&raquo;<\/span><\/a><\/p>\n","protected":false},"author":1,"featured_media":0,"parent":28640,"menu_order":6,"comment_status":"closed","ping_status":"closed","template":"","meta":{"footnotes":""},"class_list":["post-28922","page","type-page","status-publish","hentry"],"translation":{"provider":"WPGlobus","version":"3.0.2","language":"fr","enabled_languages":["en","de","fr","it"],"languages":{"en":{"title":true,"content":true,"excerpt":false},"de":{"title":true,"content":true,"excerpt":false},"fr":{"title":true,"content":true,"excerpt":false},"it":{"title":true,"content":true,"excerpt":false}}},"_links":{"self":[{"href":"https:\/\/beverageinstitute.ch\/fr\/wp-json\/wp\/v2\/pages\/28922","targetHints":{"allow":["GET"]}}],"collection":[{"href":"https:\/\/beverageinstitute.ch\/fr\/wp-json\/wp\/v2\/pages"}],"about":[{"href":"https:\/\/beverageinstitute.ch\/fr\/wp-json\/wp\/v2\/types\/page"}],"author":[{"embeddable":true,"href":"https:\/\/beverageinstitute.ch\/fr\/wp-json\/wp\/v2\/users\/1"}],"replies":[{"embeddable":true,"href":"https:\/\/beverageinstitute.ch\/fr\/wp-json\/wp\/v2\/comments?post=28922"}],"version-history":[{"count":15,"href":"https:\/\/beverageinstitute.ch\/fr\/wp-json\/wp\/v2\/pages\/28922\/revisions"}],"predecessor-version":[{"id":37386,"href":"https:\/\/beverageinstitute.ch\/fr\/wp-json\/wp\/v2\/pages\/28922\/revisions\/37386"}],"up":[{"embeddable":true,"href":"https:\/\/beverageinstitute.ch\/fr\/wp-json\/wp\/v2\/pages\/28640"}],"wp:attachment":[{"href":"https:\/\/beverageinstitute.ch\/fr\/wp-json\/wp\/v2\/media?parent=28922"}],"curies":[{"name":"wp","href":"https:\/\/api.w.org\/{rel}","templated":true}]}}