{"id":28924,"date":"2020-12-27T12:01:22","date_gmt":"2020-12-27T11:01:22","guid":{"rendered":"https:\/\/beverageinstitute.ch\/?page_id=28924"},"modified":"2025-11-27T10:56:08","modified_gmt":"2025-11-27T09:56:08","slug":"matching-wine-with-food-by-preparation-method","status":"publish","type":"page","link":"https:\/\/beverageinstitute.ch\/fr\/wine_courses\/matching-wine-with-food-by-preparation-method\/","title":{"rendered":"Quel vin avec quel plat &#8211; atelier"},"content":{"rendered":"\n<p>Le fait d&rsquo;associer le vin avec le plat est un cas d&rsquo;apprentissage. Il existe des principes qui doivent \u00eatre suivis, mais comme la plupart des r\u00e8gles, il y a toujours des exceptions et nous pouvons utiliser les exceptions pour r\u00e9ussir un repas comme une \u00ab\u00a0experience \u00e0 retenir!\u00a0\u00bb<\/p>\n<p>Au cours de la journ\u00e9e, nous vous pr\u00e9senterons les principes de l&rsquo;harmonisation des plats et des vins, puis nous examinerons ces r\u00e8gles pratiquement, en utilisant diff\u00e9rentes m\u00e9thodes de cuisson, textures et saveurs pour comprendre ce qui fonctionne et pourquoi, ainsi que la fa\u00e7on dont certains \u00ab\u00a0probl\u00e8mes\u00a0\u00bb peuvent \u00eatre \u00e9vit\u00e9s et transform\u00e9s en exp\u00e9riences positives potentielles que nos invit\u00e9s se souviendront et appr\u00e9cieront!<\/p>\n<p><strong>Connaissances ant\u00e9rieures requises:\u00a0<\/strong>&#8211; Niveau 2 &#8211; WSET\u00ae en vins, un avantage d&rsquo;avoir suivi et pass\u00e9 le Niveau 3 &#8211; WSET\u00ae en vins ou un niveau d&rsquo;exp\u00e9rience \u00e9quivalent<\/p>\n<p><strong>Heures d&rsquo;apprentissage guid\u00e9es:\u00a0<\/strong>le temps d&rsquo;\u00e9tude est limit\u00e9 \u00e0 la dur\u00e9e r\u00e9elle du cours<\/p>\n<p><strong>R\u00e9sultats d&rsquo;apprentissage\u00a0<\/strong>&#8211; \u00e0 la fin de cet atelier, les candidats seront en mesure de:<\/p>\n<ul>\n<li>faire correspondre les plats au vin, suivre les principes et les connaissances acquises au cours de cet atelier<\/li>\n<li>adapter les principes du vin et de l&rsquo;assortiment du plat en tenant compte des pr\u00e9f\u00e9rences personnelles de chaque invit\u00e9<\/li>\n<li>comprendre les principaux effets de la texture, du poids, des \u00e9pices sur les styles de vin individuels<\/li>\n<li>appliquer des crit\u00e8res de correspondance aux plats et au vin sur l&rsquo;offre pour am\u00e9liorer l&rsquo;exp\u00e9rience culinaire des clients<\/li>\n<\/ul>\n<p><a href=\"https:\/\/beverageinstitute.ch\/fr\/product-category\/workshops\/\" target=\"_blank\" rel=\"noopener\"><em><strong>pour choisir et s&rsquo;inscrire \u00e0 un atelier, veuillez suivre ce lien\u2026<\/strong><\/em><\/a><\/p>\n","protected":false},"excerpt":{"rendered":"<p>Le fait d&rsquo;associer le vin avec le plat est un cas d&rsquo;apprentissage. Il existe des principes qui doivent \u00eatre suivis, mais comme la plupart des r\u00e8gles, il y a toujours des exceptions et nous pouvons utiliser les exceptions pour r\u00e9ussir un repas comme une \u00ab\u00a0experience \u00e0 retenir!\u00a0\u00bb Au cours de la journ\u00e9e, nous vous pr\u00e9senterons &hellip; <\/p>\n<p class=\"link-more\"><a href=\"https:\/\/beverageinstitute.ch\/fr\/wine_courses\/matching-wine-with-food-by-preparation-method\/\" class=\"more-link\">Continuer la lecture<span class=\"screen-reader-text\"> de &laquo;&nbsp;Quel vin avec quel plat &#8211; atelier&nbsp;&raquo;<\/span><\/a><\/p>\n","protected":false},"author":1,"featured_media":37959,"parent":28640,"menu_order":5,"comment_status":"closed","ping_status":"closed","template":"","meta":{"footnotes":""},"class_list":["post-28924","page","type-page","status-publish","has-post-thumbnail","hentry"],"translation":{"provider":"WPGlobus","version":"3.0.2","language":"fr","enabled_languages":["en","de","fr","it"],"languages":{"en":{"title":true,"content":true,"excerpt":false},"de":{"title":true,"content":true,"excerpt":false},"fr":{"title":true,"content":true,"excerpt":false},"it":{"title":true,"content":true,"excerpt":false}}},"_links":{"self":[{"href":"https:\/\/beverageinstitute.ch\/fr\/wp-json\/wp\/v2\/pages\/28924","targetHints":{"allow":["GET"]}}],"collection":[{"href":"https:\/\/beverageinstitute.ch\/fr\/wp-json\/wp\/v2\/pages"}],"about":[{"href":"https:\/\/beverageinstitute.ch\/fr\/wp-json\/wp\/v2\/types\/page"}],"author":[{"embeddable":true,"href":"https:\/\/beverageinstitute.ch\/fr\/wp-json\/wp\/v2\/users\/1"}],"replies":[{"embeddable":true,"href":"https:\/\/beverageinstitute.ch\/fr\/wp-json\/wp\/v2\/comments?post=28924"}],"version-history":[{"count":16,"href":"https:\/\/beverageinstitute.ch\/fr\/wp-json\/wp\/v2\/pages\/28924\/revisions"}],"predecessor-version":[{"id":29290,"href":"https:\/\/beverageinstitute.ch\/fr\/wp-json\/wp\/v2\/pages\/28924\/revisions\/29290"}],"up":[{"embeddable":true,"href":"https:\/\/beverageinstitute.ch\/fr\/wp-json\/wp\/v2\/pages\/28640"}],"wp:featuredmedia":[{"embeddable":true,"href":"https:\/\/beverageinstitute.ch\/fr\/wp-json\/wp\/v2\/media\/37959"}],"wp:attachment":[{"href":"https:\/\/beverageinstitute.ch\/fr\/wp-json\/wp\/v2\/media?parent=28924"}],"curies":[{"name":"wp","href":"https:\/\/api.w.org\/{rel}","templated":true}]}}