{"id":28933,"date":"2020-12-28T09:28:41","date_gmt":"2020-12-28T08:28:41","guid":{"rendered":"https:\/\/beverageinstitute.ch\/?page_id=28933"},"modified":"2025-08-09T12:15:19","modified_gmt":"2025-08-09T10:15:19","slug":"planning-your-studies-spirits","status":"publish","type":"page","link":"https:\/\/beverageinstitute.ch\/fr\/distilling-courses\/planning-your-studies-spirits\/","title":{"rendered":"Planification de vos \u00e9tudes &#8211; spiritueux"},"content":{"rendered":"\n<p><strong>Cours sur les spiritueux<\/strong><\/p>\n<table style=\"border-collapse: collapse; width: 100%; height: 789px;\">\n<tbody>\n<tr style=\"height: 73px;\">\n<td style=\"width: 25%; text-align: center; height: 73px;\"><strong>Qualification<\/strong><\/td>\n<td style=\"width: 12.5%; text-align: center;\"><strong>Niveau 1 &#8211; Introduction aux spiritueux<\/strong><\/td>\n<td style=\"width: 12.5%; text-align: center;\"><strong>Niveau 2 &#8211; Certificat de Sp\u00e9cialiste en spiritueux<\/strong><\/td>\n<\/tr>\n<tr>\n<td style=\"width: 25%;\">Langues disponibles pour le mat\u00e9riel d&rsquo;\u00e9tude et les examens<\/td>\n<td style=\"width: 12.5%; text-align: center;\">fran\u00e7aise, allemande, anglaise ou italienne<\/td>\n<td style=\"width: 12.5%; text-align: center;\">fran\u00e7aise, allemande, anglaise ou italienne<\/td>\n<\/tr>\n<tr style=\"height: 53px;\">\n<td style=\"width: 25%; height: 53px;\">Pourcentage pour r\u00e9ussir l&rsquo;examen<\/td>\n<td style=\"width: 12.5%; text-align: center;\">70%<\/td>\n<td style=\"width: 12.5%; text-align: center;\">56%<\/td>\n<\/tr>\n<tr style=\"height: 93px;\">\n<td style=\"width: 25%; height: 93px;\">Enseignement par un expert &#8211; avec des qualifications dans les spiritueux<\/td>\n<td style=\"width: 12.5%; text-align: center;\">\u221a<\/td>\n<td style=\"width: 12.5%; text-align: center;\">\u221a<\/td>\n<\/tr>\n<tr style=\"height: 93px;\">\n<td style=\"width: 25%; height: 93px;\">Enseignemetn par un expert &#8211; avec des qualifications dans l&rsquo;enseignement<\/td>\n<td style=\"width: 12.5%; text-align: center;\">\u221a<\/td>\n<td style=\"width: 12.5%; text-align: center;\">\u221a<\/td>\n<\/tr>\n<tr style=\"height: 53px;\">\n<td style=\"width: 25%; height: 53px;\">Contact de classe en jours<\/td>\n<td style=\"width: 12.5%; text-align: center;\">1<\/td>\n<td style=\"width: 12.5%; text-align: center;\">3<\/td>\n<\/tr>\n<tr style=\"height: 53px;\">\n<td style=\"width: 25%; height: 53px;\">Heures d&rsquo;\u00e9tude personnelle<\/td>\n<td style=\"width: 12.5%; text-align: center;\">0<\/td>\n<td style=\"width: 12.5%; text-align: center;\">18<\/td>\n<\/tr>\n<tr style=\"height: 33px;\">\n<td style=\"width: 25%; height: 33px;\">Spiritueux d\u00e9gust\u00e9s<\/td>\n<td style=\"width: 12.5%; text-align: center;\">12<\/td>\n<td style=\"width: 12.5%; text-align: center;\">60<\/td>\n<\/tr>\n<tr style=\"height: 73px;\">\n<td style=\"width: 25%; height: 73px;\">Examen th\u00e9orique &#8211; questions au choix multiple<\/td>\n<td style=\"width: 12.5%; text-align: center;\">\u221a<\/td>\n<td style=\"width: 12.5%; text-align: center;\">\u221a<\/td>\n<\/tr>\n<tr style=\"height: 73px;\">\n<td style=\"width: 25%; height: 73px;\">Examen th\u00e9orique &#8211; questions \u00e0 r\u00e9ponse courte<\/td>\n<td style=\"width: 12.5%; text-align: center;\">&#8211;<\/td>\n<td style=\"width: 12.5%; text-align: center;\">\u221a<\/td>\n<\/tr>\n<tr style=\"height: 73px;\">\n<td style=\"width: 25%; height: 73px;\">Examen pratique &#8211; d\u00e9gustation \u00e0 l&rsquo;aveugle<\/td>\n<td style=\"width: 12.5%; text-align: center;\">&#8211;<\/td>\n<td style=\"width: 12.5%; text-align: center;\">\u221a<\/td>\n<\/tr>\n<tr style=\"height: 33px;\">\n<td style=\"width: 25%; height: 33px;\">R\u00e9sultas annonc\u00e9s apr\u00e8s l&rsquo;examen<\/td>\n<td style=\"width: 12.5%; text-align: center;\">2 semaines par email<\/td>\n<td style=\"width: 12.5%; text-align: center;\">2 semaines par email<\/td>\n<\/tr>\n<\/tbody>\n<\/table>\n<p>\u00a0<\/p>\n\n\n\n<p style=\"text-align: center;\"><span style=\"font-family: 'trebuchet ms', geneva; font-size: 10pt;\">\u00a0<\/span><\/p>\n","protected":false},"excerpt":{"rendered":"<p>Cours sur les spiritueux Qualification Niveau 1 &#8211; Introduction aux spiritueux Niveau 2 &#8211; Certificat de Sp\u00e9cialiste en spiritueux Langues disponibles pour le mat\u00e9riel d&rsquo;\u00e9tude et les examens fran\u00e7aise, allemande, anglaise ou italienne fran\u00e7aise, allemande, anglaise ou italienne Pourcentage pour r\u00e9ussir l&rsquo;examen 70% 56% Enseignement par un expert &#8211; avec des qualifications dans les spiritueux &hellip; <\/p>\n<p class=\"link-more\"><a href=\"https:\/\/beverageinstitute.ch\/fr\/distilling-courses\/planning-your-studies-spirits\/\" class=\"more-link\">Continuer la lecture<span class=\"screen-reader-text\"> de &laquo;&nbsp;Planification de vos \u00e9tudes &#8211; spiritueux&nbsp;&raquo;<\/span><\/a><\/p>\n","protected":false},"author":1,"featured_media":0,"parent":28853,"menu_order":3,"comment_status":"closed","ping_status":"closed","template":"","meta":{"footnotes":""},"class_list":["post-28933","page","type-page","status-publish","hentry"],"translation":{"provider":"WPGlobus","version":"3.0.2","language":"fr","enabled_languages":["en","de","fr","it"],"languages":{"en":{"title":true,"content":true,"excerpt":false},"de":{"title":true,"content":true,"excerpt":false},"fr":{"title":true,"content":true,"excerpt":false},"it":{"title":true,"content":true,"excerpt":false}}},"_links":{"self":[{"href":"https:\/\/beverageinstitute.ch\/fr\/wp-json\/wp\/v2\/pages\/28933","targetHints":{"allow":["GET"]}}],"collection":[{"href":"https:\/\/beverageinstitute.ch\/fr\/wp-json\/wp\/v2\/pages"}],"about":[{"href":"https:\/\/beverageinstitute.ch\/fr\/wp-json\/wp\/v2\/types\/page"}],"author":[{"embeddable":true,"href":"https:\/\/beverageinstitute.ch\/fr\/wp-json\/wp\/v2\/users\/1"}],"replies":[{"embeddable":true,"href":"https:\/\/beverageinstitute.ch\/fr\/wp-json\/wp\/v2\/comments?post=28933"}],"version-history":[{"count":47,"href":"https:\/\/beverageinstitute.ch\/fr\/wp-json\/wp\/v2\/pages\/28933\/revisions"}],"predecessor-version":[{"id":37745,"href":"https:\/\/beverageinstitute.ch\/fr\/wp-json\/wp\/v2\/pages\/28933\/revisions\/37745"}],"up":[{"embeddable":true,"href":"https:\/\/beverageinstitute.ch\/fr\/wp-json\/wp\/v2\/pages\/28853"}],"wp:attachment":[{"href":"https:\/\/beverageinstitute.ch\/fr\/wp-json\/wp\/v2\/media?parent=28933"}],"curies":[{"name":"wp","href":"https:\/\/api.w.org\/{rel}","templated":true}]}}