{"id":28935,"date":"2020-12-28T09:30:09","date_gmt":"2020-12-28T08:30:09","guid":{"rendered":"https:\/\/beverageinstitute.ch\/?page_id=28935"},"modified":"2025-08-09T12:05:55","modified_gmt":"2025-08-09T10:05:55","slug":"pricing-spirits-courses","status":"publish","type":"page","link":"https:\/\/beverageinstitute.ch\/fr\/distilling-courses\/pricing-spirits-courses\/","title":{"rendered":"nos tarifs &#8211; spiritueux"},"content":{"rendered":"\n<p><strong>Nos tarifs &#8211; cours sur les spiritueux<\/strong><\/p>\n<table style=\"border-collapse: collapse; width: 100%; height: 205px;\">\n<tbody>\n<tr style=\"height: 20px;\">\n<td style=\"width: 33.3333%; text-align: center; height: 20px;\"><strong>cours<\/strong><\/td>\n<td style=\"width: 33.3333%; text-align: center; height: 20px;\"><strong>avec examen<\/strong><\/td>\n<td style=\"width: 33.3333%; text-align: center; height: 20px;\"><strong>dur\u00e9e du cours<\/strong><\/td>\n<\/tr>\n<tr style=\"height: 41px;\">\n<td style=\"width: 33.3333%; text-align: center; height: 41px;\">Niveau 1 &#8211; Introduction aux spiritueux<\/td>\n<td style=\"width: 33.3333%; text-align: center; height: 41px;\">CHF 280.&#8211;<\/td>\n<td style=\"width: 33.3333%; text-align: center; height: 41px;\">une journ\u00e9e<\/td>\n<\/tr>\n<tr>\n<td style=\"width: 33.3333%; text-align: center;\">Niveau 2 &#8211; Certificat de Sp\u00e9cialiste en Spiritueux<\/td>\n<td style=\"width: 33.3333%; text-align: center;\">CHF 780.&#8211;<\/td>\n<td style=\"width: 33.3333%; text-align: center;\">trois jours<\/td>\n<\/tr>\n<\/tbody>\n<\/table>\n\n\n\n<p><strong>Nos tarifs &#8211; ateliers sur les spiritueux<\/strong><\/p>\n<table style=\"border-collapse: collapse; width: 100%; height: 140px;\">\n<tbody>\n<tr style=\"height: 20px;\">\n<td style=\"width: 33.3333%; text-align: center; height: 20px;\"><strong>ateliers<\/strong><\/td>\n<td style=\"width: 33.3333%; text-align: center; height: 20px;\"><strong>sans examen<\/strong><\/td>\n<td style=\"width: 33.3333%; text-align: center; height: 20px;\"><strong>dur\u00e9e<\/strong><\/td>\n<\/tr>\n<tr style=\"height: 20px;\">\n<td style=\"width: 33.3333%; text-align: center; height: 20px;\">Whisky &amp; Whiskey<\/td>\n<td style=\"width: 33.3333%; text-align: center; height: 20px;\">CHF 150.&#8211;<\/td>\n<td style=\"width: 33.3333%; text-align: center; height: 20px;\">un soir<\/td>\n<\/tr>\n<tr style=\"height: 20px;\">\n<td style=\"width: 33.3333%; text-align: center; height: 20px;\">Whisky &amp; Whiskey<\/td>\n<td style=\"width: 33.3333%; text-align: center; height: 20px;\">CHF 360.&#8211;<\/td>\n<td style=\"width: 33.3333%; text-align: center; height: 20px;\">une journ\u00e9e<\/td>\n<\/tr>\n<tr style=\"height: 20px;\">\n<td style=\"width: 33.3333%; text-align: center; height: 20px;\">Rum &amp; rhum agricole<\/td>\n<td style=\"width: 33.3333%; text-align: center; height: 20px;\">CHF 150.&#8211;<\/td>\n<td style=\"width: 33.3333%; text-align: center; height: 20px;\">un soir<\/td>\n<\/tr>\n<tr style=\"height: 20px;\">\n<td style=\"width: 33.3333%; text-align: center; height: 20px;\">Rum &amp; rhum agricole<\/td>\n<td style=\"width: 33.3333%; text-align: center; height: 20px;\">CHF 360.&#8211;<\/td>\n<td style=\"width: 33.3333%; text-align: center; height: 20px;\">une journ\u00e9e<\/td>\n<\/tr>\n<tr style=\"height: 20px;\">\n<td style=\"width: 33.3333%; text-align: center; height: 20px;\">Gin &amp; spiritueux aromatis\u00e9s<\/td>\n<td style=\"width: 33.3333%; text-align: center; height: 20px;\">CHF 150.&#8211;<\/td>\n<td style=\"width: 33.3333%; text-align: center; height: 20px;\">un soir<\/td>\n<\/tr>\n<tr style=\"height: 20px;\">\n<td style=\"width: 33.3333%; text-align: center; height: 20px;\">Gin &amp; spiritueux aromatis\u00e9s<\/td>\n<td style=\"width: 33.3333%; text-align: center; height: 20px;\">CHF 360.&#8211;<\/td>\n<td style=\"width: 33.3333%; text-align: center; height: 20px;\">une journ\u00e9e<\/td>\n<\/tr>\n<\/tbody>\n<\/table>\n<p><strong>Nos tarifs &#8211; cours sur la distillation<\/strong><\/p>\n<table style=\"border-collapse: collapse; width: 100%;\">\n<tbody>\n<tr>\n<td style=\"width: 33.3333%; text-align: center;\"><strong>cours<\/strong><\/td>\n<td style=\"width: 33.3333%; text-align: center;\"><strong>avec examen<\/strong><\/td>\n<td style=\"width: 33.3333%; text-align: center;\"><strong>dur\u00e9e du cours<\/strong><\/td>\n<\/tr>\n<tr>\n<td style=\"width: 33.3333%;\">Introduction \u00e0 la distillation en pratique<\/td>\n<td style=\"width: 33.3333%; text-align: center;\">CHF 240.&#8211;<\/td>\n<td style=\"width: 33.3333%; text-align: center;\">une journ\u00e9e<\/td>\n<\/tr>\n<tr>\n<td style=\"width: 33.3333%;\">La distillation artisanale en pratique &#8211; cours avanc\u00e9<\/td>\n<td style=\"width: 33.3333%; text-align: center;\">CHF<\/td>\n<td style=\"width: 33.3333%; text-align: center;\">trois jours<\/td>\n<\/tr>\n<tr>\n<td style=\"width: 33.3333%;\">\u00a0<\/td>\n<td style=\"width: 33.3333%; text-align: center;\">\u00a0<\/td>\n<td style=\"width: 33.3333%; text-align: center;\">\u00a0<\/td>\n<\/tr>\n<\/tbody>\n<\/table>\n","protected":false},"excerpt":{"rendered":"<p>Nos tarifs &#8211; cours sur les spiritueux cours avec examen dur\u00e9e du cours Niveau 1 &#8211; Introduction aux spiritueux CHF 280.&#8211; une journ\u00e9e Niveau 2 &#8211; Certificat de Sp\u00e9cialiste en Spiritueux CHF 780.&#8211; trois jours Nos tarifs &#8211; ateliers sur les spiritueux ateliers sans examen dur\u00e9e Whisky &amp; Whiskey CHF 150.&#8211; un soir Whisky &amp; &hellip; <\/p>\n<p class=\"link-more\"><a href=\"https:\/\/beverageinstitute.ch\/fr\/distilling-courses\/pricing-spirits-courses\/\" class=\"more-link\">Continuer la lecture<span class=\"screen-reader-text\"> de &laquo;&nbsp;nos tarifs &#8211; spiritueux&nbsp;&raquo;<\/span><\/a><\/p>\n","protected":false},"author":1,"featured_media":0,"parent":28853,"menu_order":4,"comment_status":"closed","ping_status":"closed","template":"","meta":{"footnotes":""},"class_list":["post-28935","page","type-page","status-publish","hentry"],"translation":{"provider":"WPGlobus","version":"3.0.2","language":"fr","enabled_languages":["en","de","fr","it"],"languages":{"en":{"title":true,"content":true,"excerpt":false},"de":{"title":true,"content":true,"excerpt":false},"fr":{"title":true,"content":true,"excerpt":false},"it":{"title":true,"content":true,"excerpt":false}}},"_links":{"self":[{"href":"https:\/\/beverageinstitute.ch\/fr\/wp-json\/wp\/v2\/pages\/28935","targetHints":{"allow":["GET"]}}],"collection":[{"href":"https:\/\/beverageinstitute.ch\/fr\/wp-json\/wp\/v2\/pages"}],"about":[{"href":"https:\/\/beverageinstitute.ch\/fr\/wp-json\/wp\/v2\/types\/page"}],"author":[{"embeddable":true,"href":"https:\/\/beverageinstitute.ch\/fr\/wp-json\/wp\/v2\/users\/1"}],"replies":[{"embeddable":true,"href":"https:\/\/beverageinstitute.ch\/fr\/wp-json\/wp\/v2\/comments?post=28935"}],"version-history":[{"count":90,"href":"https:\/\/beverageinstitute.ch\/fr\/wp-json\/wp\/v2\/pages\/28935\/revisions"}],"predecessor-version":[{"id":37732,"href":"https:\/\/beverageinstitute.ch\/fr\/wp-json\/wp\/v2\/pages\/28935\/revisions\/37732"}],"up":[{"embeddable":true,"href":"https:\/\/beverageinstitute.ch\/fr\/wp-json\/wp\/v2\/pages\/28853"}],"wp:attachment":[{"href":"https:\/\/beverageinstitute.ch\/fr\/wp-json\/wp\/v2\/media?parent=28935"}],"curies":[{"name":"wp","href":"https:\/\/api.w.org\/{rel}","templated":true}]}}