{"id":28962,"date":"2020-12-28T10:06:25","date_gmt":"2020-12-28T09:06:25","guid":{"rendered":"https:\/\/beverageinstitute.ch\/?page_id=28962"},"modified":"2023-09-06T10:38:45","modified_gmt":"2023-09-06T08:38:45","slug":"pricing-distilling-courses","status":"publish","type":"page","link":"https:\/\/beverageinstitute.ch\/fr\/distilling-courses\/pricing-distilling-courses\/","title":{"rendered":"nos tarifs &#8211; cours de distillation"},"content":{"rendered":"\n<table style=\"border-collapse: collapse; width: 100%;\">\n<tbody>\n<tr>\n<td style=\"width: 33.3333%;\"><strong>Cours<\/strong><\/td>\n<td style=\"width: 33.3333%; text-align: center;\"><strong>dur\u00e9e<\/strong><\/td>\n<td style=\"width: 33.3333%; text-align: center;\"><strong>prix du cours<\/strong><\/td>\n<\/tr>\n<tr>\n<td style=\"width: 33.3333%;\">Introduction \u00e0 la distillation en pratique<\/td>\n<td style=\"width: 33.3333%; text-align: center;\">1 journ\u00e9e<\/td>\n<td style=\"width: 33.3333%; text-align: center;\">CHF 240.&#8211;<\/td>\n<\/tr>\n<tr>\n<td style=\"width: 33.3333%;\">La distillation artisanale en pratique &#8211; cours avanc\u00e9<\/td>\n<td style=\"width: 33.3333%; text-align: center;\">3 jours<\/td>\n<td style=\"width: 33.3333%; text-align: center;\">CHF<\/td>\n<\/tr>\n<tr>\n<td style=\"width: 33.3333%;\">\u00a0<\/td>\n<td style=\"width: 33.3333%; text-align: center;\">\u00a0<\/td>\n<td style=\"width: 33.3333%; text-align: center;\">\u00a0<\/td>\n<\/tr>\n<\/tbody>\n<\/table>\n","protected":false},"excerpt":{"rendered":"<p>Cours dur\u00e9e prix du cours Introduction \u00e0 la distillation en pratique 1 journ\u00e9e CHF 240.&#8211; La distillation artisanale en pratique &#8211; cours avanc\u00e9 3 jours CHF \u00a0 \u00a0 \u00a0<\/p>\n","protected":false},"author":1,"featured_media":0,"parent":28853,"menu_order":7,"comment_status":"closed","ping_status":"closed","template":"","meta":{"footnotes":""},"class_list":["post-28962","page","type-page","status-publish","hentry"],"translation":{"provider":"WPGlobus","version":"3.0.2","language":"fr","enabled_languages":["en","de","fr","it"],"languages":{"en":{"title":true,"content":true,"excerpt":false},"de":{"title":true,"content":true,"excerpt":false},"fr":{"title":true,"content":true,"excerpt":false},"it":{"title":true,"content":true,"excerpt":false}}},"_links":{"self":[{"href":"https:\/\/beverageinstitute.ch\/fr\/wp-json\/wp\/v2\/pages\/28962","targetHints":{"allow":["GET"]}}],"collection":[{"href":"https:\/\/beverageinstitute.ch\/fr\/wp-json\/wp\/v2\/pages"}],"about":[{"href":"https:\/\/beverageinstitute.ch\/fr\/wp-json\/wp\/v2\/types\/page"}],"author":[{"embeddable":true,"href":"https:\/\/beverageinstitute.ch\/fr\/wp-json\/wp\/v2\/users\/1"}],"replies":[{"embeddable":true,"href":"https:\/\/beverageinstitute.ch\/fr\/wp-json\/wp\/v2\/comments?post=28962"}],"version-history":[{"count":10,"href":"https:\/\/beverageinstitute.ch\/fr\/wp-json\/wp\/v2\/pages\/28962\/revisions"}],"predecessor-version":[{"id":34737,"href":"https:\/\/beverageinstitute.ch\/fr\/wp-json\/wp\/v2\/pages\/28962\/revisions\/34737"}],"up":[{"embeddable":true,"href":"https:\/\/beverageinstitute.ch\/fr\/wp-json\/wp\/v2\/pages\/28853"}],"wp:attachment":[{"href":"https:\/\/beverageinstitute.ch\/fr\/wp-json\/wp\/v2\/media?parent=28962"}],"curies":[{"name":"wp","href":"https:\/\/api.w.org\/{rel}","templated":true}]}}