{"id":29017,"date":"2020-12-29T13:24:21","date_gmt":"2020-12-29T12:24:21","guid":{"rendered":"https:\/\/beverageinstitute.ch\/?page_id=29017"},"modified":"2024-08-17T15:02:22","modified_gmt":"2024-08-17T13:02:22","slug":"beverage-list-development","status":"publish","type":"page","link":"https:\/\/beverageinstitute.ch\/fr\/operations-courses\/beverage-list-development\/","title":{"rendered":"Gestion de la carte des vins et de la cave"},"content":{"rendered":"\n<p class=\"p1\"><b><i>qui doit participer ?<\/i><\/b><\/p>\n<p class=\"p1\">Ce cours est ouvert aux \u00e9tudiants titulaires du WSET\u00ae Level 2 in Wines ou qui peuvent d\u00e9montrer des connaissances \u00e9quivalentes. Il est fortement recommand\u00e9 aux \u00e9tudiants de compl\u00e9ter la qualification WSET\u00ae niveau 3 en vins avant de s&rsquo;inscrire \u00e0 ce cours.<\/p>\n<p class=\"p1\">Le cours est ouvert \u00e0 tous ceux qui ont au moins trois ans d&rsquo;exp\u00e9rience dans le secteur de la restauration, des bars, de l&rsquo;h\u00f4tellerie et de l&rsquo;alimentation. L&rsquo;\u00e9tudiant est en train d&rsquo;\u00e9voluer ou a d\u00e9j\u00e0 \u00e9volu\u00e9 vers un poste de superviseur au sein du service et a besoin d&rsquo;en savoir plus sur les diff\u00e9rentes m\u00e9thodes d&rsquo;augmentation des ventes, le suivi des ventes actuelles en vue d&rsquo;am\u00e9liorer les r\u00e9sultats de l&rsquo;entreprise \u00e0 l&rsquo;avenir.<\/p>\n<p class=\"p1\"><b><i>Quels sont les avantages de cette formation ?<\/i><\/b><\/p>\n<p class=\"p1\">Ce cours vous permettra d&rsquo;acqu\u00e9rir la compr\u00e9hension et les comp\u00e9tences n\u00e9cessaires pour g\u00e9rer la carte des vins afin de compl\u00e9ter l&rsquo;offre alimentaire et l&rsquo;image de l&rsquo;organisation. L&rsquo;\u00e9tudiant sera \u00e9galement en mesure d&rsquo;expliquer et de suivre les exigences l\u00e9gislatives et r\u00e9glementaires applicables aux services de restauration.<\/p>\n<p class=\"p1\">Vous comprendrez et serez en mesure de g\u00e9rer la cave en vue d&rsquo;optimiser les ventes et de respecter le budget d&rsquo;achat des boissons alcoolis\u00e9es.<\/p>\n<p class=\"p1\"><b>Objectifs de qualification<\/b><\/p>\n<p class=\"p1\">\u00c0 l&rsquo;issue de ce module, le candidat sera capable de :<\/p>\n<ul class=\"ul1\">\n<li class=\"li1\">fournir \u00e0 l&rsquo;\u00e9quipe de service des informations pour conseiller les clients sur les boissons disponibles<\/li>\n<li class=\"li1\">contr\u00f4ler la pertinence des listes de boissons par rapport aux \u00e9l\u00e9ments du menu<\/li>\n<li class=\"li1\">d&rsquo;identifier les vari\u00e9t\u00e9s de boissons consid\u00e9r\u00e9es comme compl\u00e9mentaires \u00e0 chaque groupe d&rsquo;aliments<\/li>\n<li class=\"li1\">d&rsquo;utiliser les informations sur les produits fournies par les fournisseurs de denr\u00e9es alimentaires pour les aider \u00e0 identifier les boissons compl\u00e9mentaires \u00e0 leurs produits<\/li>\n<li class=\"li1\">\u00e9laborer des listes de boissons diff\u00e9rentes pour les occasions sp\u00e9ciales et les diff\u00e9rentes p\u00e9riodes de l&rsquo;ann\u00e9e<\/li>\n<li class=\"li1\">\u00e9laborer des listes de boissons distinctes lorsque des menus alimentaires diff\u00e9rents (ou inexistants) sont propos\u00e9s<\/li>\n<li class=\"li1\">\u00e9laborer des listes de boissons qui compl\u00e8tent diff\u00e9rents menus<\/li>\n<li class=\"li1\">v\u00e9rifier que la conception visuelle des listes de boissons compl\u00e8te les menus alimentaires et le style de l&rsquo;organisation<\/li>\n<li class=\"li1\">expliquer l&rsquo;impact de la l\u00e9gislation relative aux licences, aux poids et aux mesures sur l&rsquo;\u00e9laboration des cartes des boissons<\/li>\n<li class=\"li1\">expliquer la contribution de l&rsquo;offre de boissons \u00e0 la marge b\u00e9n\u00e9ficiaire brute d&rsquo;une organisation<\/li>\n<li class=\"li1\">g\u00e9rer efficacement le stock de boissons dans la cave en respectant les principes de rotation des stocks<\/li>\n<\/ul>\n<p>\u00a0<\/p>\n\n\n\n<p><a href=\"https:\/\/beverageinstitute.ch\/fr\/contact\/\" target=\"_blank\" rel=\"noopener\"><em><strong>contactez-nous, si vous \u00eates int\u00e9ress\u00e9 par ce cours<\/strong><\/em><\/a><\/p>\n","protected":false},"excerpt":{"rendered":"<p>qui doit participer ? Ce cours est ouvert aux \u00e9tudiants titulaires du WSET\u00ae Level 2 in Wines ou qui peuvent d\u00e9montrer des connaissances \u00e9quivalentes. Il est fortement recommand\u00e9 aux \u00e9tudiants de compl\u00e9ter la qualification WSET\u00ae niveau 3 en vins avant de s&rsquo;inscrire \u00e0 ce cours. Le cours est ouvert \u00e0 tous ceux qui ont au &hellip; <\/p>\n<p class=\"link-more\"><a href=\"https:\/\/beverageinstitute.ch\/fr\/operations-courses\/beverage-list-development\/\" class=\"more-link\">Continuer la lecture<span class=\"screen-reader-text\"> de &laquo;&nbsp;Gestion de la carte des vins et de la cave&nbsp;&raquo;<\/span><\/a><\/p>\n","protected":false},"author":1,"featured_media":28981,"parent":28855,"menu_order":3,"comment_status":"closed","ping_status":"closed","template":"","meta":{"footnotes":""},"class_list":["post-29017","page","type-page","status-publish","has-post-thumbnail","hentry"],"translation":{"provider":"WPGlobus","version":"3.0.2","language":"fr","enabled_languages":["en","de","fr","it"],"languages":{"en":{"title":true,"content":true,"excerpt":false},"de":{"title":true,"content":true,"excerpt":false},"fr":{"title":true,"content":true,"excerpt":false},"it":{"title":true,"content":true,"excerpt":false}}},"_links":{"self":[{"href":"https:\/\/beverageinstitute.ch\/fr\/wp-json\/wp\/v2\/pages\/29017","targetHints":{"allow":["GET"]}}],"collection":[{"href":"https:\/\/beverageinstitute.ch\/fr\/wp-json\/wp\/v2\/pages"}],"about":[{"href":"https:\/\/beverageinstitute.ch\/fr\/wp-json\/wp\/v2\/types\/page"}],"author":[{"embeddable":true,"href":"https:\/\/beverageinstitute.ch\/fr\/wp-json\/wp\/v2\/users\/1"}],"replies":[{"embeddable":true,"href":"https:\/\/beverageinstitute.ch\/fr\/wp-json\/wp\/v2\/comments?post=29017"}],"version-history":[{"count":30,"href":"https:\/\/beverageinstitute.ch\/fr\/wp-json\/wp\/v2\/pages\/29017\/revisions"}],"predecessor-version":[{"id":35980,"href":"https:\/\/beverageinstitute.ch\/fr\/wp-json\/wp\/v2\/pages\/29017\/revisions\/35980"}],"up":[{"embeddable":true,"href":"https:\/\/beverageinstitute.ch\/fr\/wp-json\/wp\/v2\/pages\/28855"}],"wp:featuredmedia":[{"embeddable":true,"href":"https:\/\/beverageinstitute.ch\/fr\/wp-json\/wp\/v2\/media\/28981"}],"wp:attachment":[{"href":"https:\/\/beverageinstitute.ch\/fr\/wp-json\/wp\/v2\/media?parent=29017"}],"curies":[{"name":"wp","href":"https:\/\/api.w.org\/{rel}","templated":true}]}}