{"id":29255,"date":"2020-12-31T16:42:55","date_gmt":"2020-12-31T15:42:55","guid":{"rendered":"https:\/\/beverageinstitute.ch\/?page_id=29255"},"modified":"2026-02-27T13:25:58","modified_gmt":"2026-02-27T12:25:58","slug":"level-3-wset-in-wines","status":"publish","type":"page","link":"https:\/\/beverageinstitute.ch\/fr\/wine_courses\/level-3-wset-in-wines\/","title":{"rendered":"Niveau 3 &#8211; Dipl\u00f4me WSET\u00ae en vins"},"content":{"rendered":"\n<p><em>Veuillez noter qu&rsquo;avec la mise \u00e0 jour de la qualification, de nouveaux supports de cours et examens seront mis en place \u00e0 compter du 1er ao\u00fbt 2026.<\/em><\/p>\n\n\n\n<p id=\"block-06d5a51e-dac2-4274-9ef6-a43be584d8ea\" class=\"block-editor-rich-text__editable block-editor-block-list__block wp-block rich-text\" tabindex=\"0\" role=\"group\" contenteditable=\"true\" aria-multiline=\"true\" aria-label=\"Paragraph block\" data-block=\"06d5a51e-dac2-4274-9ef6-a43be584d8ea\" data-type=\"core\/paragraph\" data-title=\"Paragraph\"><strong><em data-rich-text-format-boundary=\"true\">A qui s&rsquo;adresse-t-il?<\/em><\/strong><\/p>\n<p id=\"block-bc9df24c-0ecc-40cc-8967-877e97aa9370\" class=\"block-editor-rich-text__editable block-editor-block-list__block wp-block rich-text\" tabindex=\"0\" role=\"group\" contenteditable=\"true\" aria-multiline=\"true\" aria-label=\"Paragraph block\" data-block=\"bc9df24c-0ecc-40cc-8967-877e97aa9370\" data-type=\"core\/paragraph\" data-title=\"Paragraph\">Cette formation est ouverte aux \u00e9tudiants d\u00e9tenteurs du Dipl\u00f4me Niveau 2 du WSET\u00ae en vins, ou pouvant apporter la preuve des connaissances \u00e9quivalentes. Il est fortement conseill\u00e9 aux \u00e9tudiants de passer l&rsquo;examen de niveau 2 avant celui du niveau 3.<\/p>\n<p id=\"block-ded3663a-b5d2-459d-9c94-43edb4b9daf2\" class=\"block-editor-rich-text__editable block-editor-block-list__block wp-block rich-text\" tabindex=\"0\" role=\"group\" contenteditable=\"true\" aria-multiline=\"true\" aria-label=\"Paragraph block\" data-block=\"ded3663a-b5d2-459d-9c94-43edb4b9daf2\" data-type=\"core\/paragraph\" data-title=\"Paragraph\">La qualification est con\u00e7ue pour les employ\u00e9s dont le r\u00f4le commerciale est pr\u00e9pond\u00e9rant, et dont les d\u00e9cisions sur le choix de produit leur incombe directement, d\u00e9pendent de leur bon conseil \u00e0 leur direction, ainsi que s&rsquo;ils doivent dispenser des conseils \u00e0 leur client\u00e8le.<\/p>\n<p id=\"block-101fdd18-0589-42d6-adbf-5820a3dbe37e\" class=\"block-editor-rich-text__editable block-editor-block-list__block wp-block rich-text\" tabindex=\"0\" role=\"group\" contenteditable=\"true\" aria-multiline=\"true\" aria-label=\"Paragraph block\" data-block=\"101fdd18-0589-42d6-adbf-5820a3dbe37e\" data-type=\"core\/paragraph\" data-title=\"Paragraph\"><strong><em>Qu&rsquo;apporte-t-il?<\/em><\/strong><\/p>\n<p id=\"block-71eba26a-4f49-4999-8cfe-c67167b17414\" class=\"block-editor-rich-text__editable block-editor-block-list__block wp-block rich-text\" tabindex=\"0\" role=\"group\" contenteditable=\"true\" aria-multiline=\"true\" aria-label=\"Paragraph block\" data-block=\"71eba26a-4f49-4999-8cfe-c67167b17414\" data-type=\"core\/paragraph\" data-title=\"Paragraph\">Le WSET\u00ae Niveau 3 en Vins est con\u00e7u pour donner une compr\u00e9hension approfondie des facteurs qui expliquent le style, la qualit\u00e9 et le prix, des principaux vins tranquilles, mousseux et fortifi\u00e9s du monde. La qualification sera utile pour ceux qui sont n\u00e9cessaires pour faire des \u00e9valuations professionnelles des vins en ce qui concerne leur style, la qualit\u00e9 et le prix. La qualification fournit la connaissance du produit approfondie n\u00e9cessaire pour soutenir les aptitudes et les comp\u00e9tences professionnelles, par exemple dans la s\u00e9lection des produits dans les secteurs de vente au d\u00e9tail et de l&rsquo;h\u00f4tellerie.<\/p>\n<p id=\"block-b9eece7f-2752-47ad-b98f-f61e5b1c77fd\" class=\"block-editor-rich-text__editable block-editor-block-list__block wp-block rich-text\" tabindex=\"0\" role=\"group\" contenteditable=\"true\" aria-multiline=\"true\" aria-label=\"Paragraph block\" data-block=\"b9eece7f-2752-47ad-b98f-f61e5b1c77fd\" data-type=\"core\/paragraph\" data-title=\"Paragraph\">Les candidats retenus seront en mesure de d\u00e9crire les caract\u00e9ristiques des principaux vins du monde et donner des informations sur les facteurs cl\u00e9s qui influent sur le style, la qualit\u00e9 et le prix. Ils seront par cons\u00e9quent en mesure de conseiller la direction, pour r\u00e9pondre aux requ\u00eates des clients autoritairement, et de faire des s\u00e9lections de vins \u00e9clair\u00e9s dans une vari\u00e9t\u00e9 de situations.<\/p>\n<p id=\"block-5c8be62e-3e81-4a27-825b-2e405715c893\" class=\"block-editor-rich-text__editable block-editor-block-list__block wp-block rich-text\" tabindex=\"0\" role=\"group\" contenteditable=\"true\" aria-multiline=\"true\" aria-label=\"Paragraph block\" data-block=\"5c8be62e-3e81-4a27-825b-2e405715c893\" data-type=\"core\/paragraph\" data-title=\"Paragraph\">Ce cours apporte une analyse d\u00e9taill\u00e9e des principaux vins du monde. Les \u00e9tudiants b\u00e9n\u00e9ficieront \u00e9galement de d\u00e9gustations approfondies, o\u00f9 ils apprendront \u00e0 identifier le style du produit et sa qualit\u00e9. La d\u00e9gustation fait partie int\u00e9grale du cours.<\/p>\n<p id=\"block-b24f33e1-1d2c-4102-822b-911c118563e1\" class=\"block-editor-rich-text__editable block-editor-block-list__block wp-block rich-text\" tabindex=\"0\" role=\"group\" contenteditable=\"true\" aria-multiline=\"true\" aria-label=\"Paragraph block\" data-block=\"b24f33e1-1d2c-4102-822b-911c118563e1\" data-type=\"core\/paragraph\" data-title=\"Paragraph\"><strong><em>Les grandes lignes du programme<\/em><\/strong><\/p>\n<p id=\"block-02f37780-c5da-41db-acf2-75833754d369\" class=\"block-editor-rich-text__editable block-editor-block-list__block wp-block rich-text\" tabindex=\"0\" role=\"group\" contenteditable=\"true\" aria-multiline=\"true\" aria-label=\"Paragraph block\" data-block=\"02f37780-c5da-41db-acf2-75833754d369\" data-type=\"core\/paragraph\" data-title=\"Paragraph\"><strong>Unit\u00e9 1 &#8211; Vins du Monde<\/strong><\/p>\n<ul id=\"block-c04757b1-8b10-49d9-b356-b334ad84b8b4\" class=\"block-editor-rich-text__editable block-editor-block-list__block wp-block rich-text\" tabindex=\"0\" role=\"group\" contenteditable=\"true\" aria-multiline=\"true\" aria-label=\"Block: List\" data-block=\"c04757b1-8b10-49d9-b356-b334ad84b8b4\" data-type=\"core\/list\" data-title=\"List\">\n<li>la production de vin <em>(localisation, viticulture, vinification, maturation et embouteillage, r\u00e9glementation sur l&rsquo;\u00e9tiquetage)<\/em><\/li>\n<li>la France, l&rsquo;Italie, l&rsquo;Espagne et le Portugal<\/li>\n<li>l&rsquo;Allemagne, l&rsquo;Europe centrale et l&rsquo;Europe du Sud-est<\/li>\n<li>l&rsquo;Afrique du Sud<\/li>\n<li>l&rsquo;Australie et la Nouvelle-Z\u00e9lande<\/li>\n<li>l&rsquo;Am\u00e9rique du Nord, l&rsquo;Am\u00e9rique Centrale et l&rsquo;Am\u00e9rique du Sud<\/li>\n<li>les vins mousseux du monde<\/li>\n<li>les vins mut\u00e9s <em>(fortifi\u00e9s)<\/em><\/li>\n<li>informations et conseils pour les consommateurs et le personnel<\/li>\n<\/ul>\n<p id=\"block-b60e9f68-c420-4c94-8106-a7ff797fe5cc\" class=\"block-editor-rich-text__editable block-editor-block-list__block wp-block rich-text\" tabindex=\"0\" role=\"group\" contenteditable=\"true\" aria-multiline=\"true\" aria-label=\"Paragraph block\" data-block=\"b60e9f68-c420-4c94-8106-a7ff797fe5cc\" data-type=\"core\/paragraph\" data-title=\"Paragraph\"><strong>Unit\u00e9 2 &#8211; D\u00e9gustation et \u00e9valuation des vins du monde<\/strong><\/p>\n<ul id=\"block-269c9d98-1cb5-4dd6-bfbc-cc75b86502f2\" class=\"block-editor-rich-text__editable block-editor-block-list__block wp-block rich-text\" tabindex=\"0\" role=\"group\" contenteditable=\"true\" aria-multiline=\"true\" aria-label=\"Block: List\" data-block=\"269c9d98-1cb5-4dd6-bfbc-cc75b86502f2\" data-type=\"core\/list\" data-title=\"List\">\n<li>approche syst\u00e9matique de d\u00e9gustation &#8211; comment d\u00e9guster les vins et en \u00e9valuer la qualit\u00e9, le style et le prix<\/li>\n<\/ul>\n<p id=\"block-d2930369-41ea-4a47-9ba2-ca98e537dfe5\" class=\"block-editor-rich-text__editable block-editor-block-list__block wp-block rich-text\" tabindex=\"0\" role=\"group\" contenteditable=\"true\" aria-multiline=\"true\" aria-label=\"Paragraph block\" data-block=\"d2930369-41ea-4a47-9ba2-ca98e537dfe5\" data-type=\"core\/paragraph\" data-title=\"Paragraph\"><strong><em>Pour gagner la qualification Niveau 3, les \u00e9tudiants seront exig\u00e9 \u00e0:<\/em><\/strong><\/p>\n<p id=\"block-abcb5798-ff77-424f-a34c-1c7ff1913d68\" class=\"block-editor-rich-text__editable block-editor-block-list__block wp-block rich-text\" tabindex=\"0\" role=\"group\" contenteditable=\"true\" aria-multiline=\"true\" aria-label=\"Paragraph block\" data-block=\"abcb5798-ff77-424f-a34c-1c7ff1913d68\" data-type=\"core\/paragraph\" data-title=\"Paragraph\">Terminer avec succ\u00e9s<\/p>\n<p id=\"block-7b24de80-f4ed-44f4-b3cb-7e9982f40699\" class=\"block-editor-rich-text__editable block-editor-block-list__block wp-block rich-text\" tabindex=\"0\" role=\"group\" contenteditable=\"true\" aria-multiline=\"true\" aria-label=\"Paragraph block\" data-block=\"7b24de80-f4ed-44f4-b3cb-7e9982f40699\" data-type=\"core\/paragraph\" data-title=\"Paragraph\">Unit\u00e9 1<\/p>\n<ul id=\"block-7c7354b3-04d7-4ee6-b498-200dd27784af\" class=\"block-editor-rich-text__editable block-editor-block-list__block wp-block rich-text\" tabindex=\"0\" role=\"group\" contenteditable=\"true\" aria-multiline=\"true\" aria-label=\"Block: List\" data-block=\"7c7354b3-04d7-4ee6-b498-200dd27784af\" data-type=\"core\/list\" data-title=\"List\">\n<li>un examen \u00ab\u00a0choix multiple\u00a0\u00bb de 50 questions<\/li>\n<li>des questions exigeant des r\u00e9ponses \u00e9crites courtes<\/li>\n<\/ul>\n<p id=\"block-5fb14842-438e-49bc-a127-e3cdb3b5aef0\" class=\"block-editor-rich-text__editable block-editor-block-list__block wp-block rich-text\" tabindex=\"0\" role=\"group\" contenteditable=\"true\" aria-multiline=\"true\" aria-label=\"Paragraph block\" data-block=\"5fb14842-438e-49bc-a127-e3cdb3b5aef0\" data-type=\"core\/paragraph\" data-title=\"Paragraph\">Unit\u00e9 2<\/p>\n<ul id=\"block-1a768f52-b97f-497a-b205-4dc100548b32\" class=\"block-editor-rich-text__editable block-editor-block-list__block wp-block rich-text\" tabindex=\"0\" role=\"group\" contenteditable=\"true\" aria-multiline=\"true\" aria-label=\"Block: List\" data-block=\"1a768f52-b97f-497a-b205-4dc100548b32\" data-type=\"core\/list\" data-title=\"List\">\n<li>\u00e9valuation de deux vins \u00e0 l&rsquo;aveugle<\/li>\n<\/ul>\n<p>(<em>N.B. mat\u00e9riel d&rsquo;\u00e9tude, enseignement et examen en langue fran\u00e7aise) <\/em><\/p>\n<p><em><i>Veuillez noter qu&rsquo;\u00e0 partir du 1er ao\u00fbt 2025, le WSET\u00ae n&rsquo;\u00e9mettra plus que des certificats num\u00e9riques et qu&rsquo;il y a une proc\u00e9dure administrative \u00e0 suivre avant l&rsquo;examen pour s&rsquo;assurer que vous pouvez acc\u00e9der au certificat num\u00e9rique. Pour acc\u00e9der aux instructions \u00e9tape par \u00e9tape pour les certificats num\u00e9riques, veuillez t\u00e9l\u00e9charger ici\u2026 <a href=\"https:\/\/beverageinstitute.ch\/wp-content\/uploads\/2025\/07\/wset-digital-certificates-student-guidance-and-troubleshooting_fr.pdf\">wset-digital-certificates-student-guidance-and-troubleshooting_fr<\/a><\/i><\/em><\/p>\n<p id=\"block-796ff078-225a-4011-8c04-26bd2dcea1b1\" class=\"block-editor-rich-text__editable block-editor-block-list__block wp-block rich-text\" tabindex=\"0\" role=\"group\" contenteditable=\"true\" aria-multiline=\"true\" aria-label=\"Paragraph block\" data-block=\"796ff078-225a-4011-8c04-26bd2dcea1b1\" data-type=\"core\/paragraph\" data-title=\"Paragraph\"><strong>Inclus dans le prix du cours sont: <\/strong>&#8211; le mat\u00e9riel d&rsquo;\u00e9tude, les vins, l&rsquo;examen du Wine and Spirit Education Trust <em>(reconnue en plus que 80 pays du monde)<\/em>, l&rsquo;enseignement et l&rsquo;acc\u00e9s \u00e0 notre site de soutien d&rsquo;\u00e9tude pendant la dur\u00e9e du cours<\/p>\n<p id=\"block-fe3e771f-345f-4b0f-9f04-2829e768855f\" class=\"block-editor-rich-text__editable block-editor-block-list__block wp-block rich-text\" tabindex=\"0\" role=\"group\" contenteditable=\"true\" aria-multiline=\"true\" aria-label=\"Paragraph block\" data-block=\"fe3e771f-345f-4b0f-9f04-2829e768855f\" data-type=\"core\/paragraph\" data-title=\"Paragraph\">Nous vous conseillons de compl\u00e9ter le processus d&rsquo;inscription pour le cours au moins 4 semaines avant le d\u00e9but du cours afin que vous puissiez compl\u00e9ter le module eLearning en pr\u00e9paration pour le cours et commencer \u00e0 travailler sur le mat\u00e9riel de cours avant le d\u00e9but du cours.<\/p>\n<p id=\"block-388d7f0d-11ff-4bed-bb84-996d3d41b2e2\" class=\"block-editor-rich-text__editable block-editor-block-list__block wp-block rich-text\" tabindex=\"0\" role=\"group\" contenteditable=\"true\" aria-multiline=\"true\" aria-label=\"Paragraph block\" data-block=\"388d7f0d-11ff-4bed-bb84-996d3d41b2e2\" data-type=\"core\/paragraph\" data-title=\"Paragraph\"><strong>Connaissances requises pour acc\u00e9der au cours: <\/strong>&#8211; WSET\u00ae Niveau 2 en vins ou \u00e9quivalent<\/p>\n<p id=\"block-15bea91c-2eef-47ca-8623-ec725f573920\" class=\"block-editor-rich-text__editable block-editor-block-list__block wp-block rich-text\" tabindex=\"0\" role=\"group\" contenteditable=\"true\" aria-multiline=\"true\" aria-label=\"Paragraph block\" data-block=\"15bea91c-2eef-47ca-8623-ec725f573920\" data-type=\"core\/paragraph\" data-title=\"Paragraph\">(<em>N.B. si vous n&rsquo;\u00eates pas s\u00fbr, contactez-nous, afin que nous puissions vous aider \u00e0 choisir le niveau du cours en fonction de vos besoins et de vons objectifs)<\/em><\/p>\n<p id=\"block-2a9a0965-4473-4f2f-9fdc-230dc26c080c\" class=\"block-editor-rich-text__editable block-editor-block-list__block wp-block rich-text\" tabindex=\"0\" role=\"group\" contenteditable=\"true\" aria-multiline=\"true\" aria-label=\"Paragraph block\" data-block=\"2a9a0965-4473-4f2f-9fdc-230dc26c080c\" data-type=\"core\/paragraph\" data-title=\"Paragraph\"><strong>Heures d&rsquo;\u00e9tude guid\u00e9es: <\/strong>&#8211; il est recommand\u00e9 que l&rsquo;\u00e9tudiant attribue au moins 84 heures d&rsquo;\u00e9tude afin de compl\u00e9ter le programme entier de deux unit\u00e9s. Les heures vont normalement \u00eatre une combinaison des heures d&rsquo;enseignement et d&rsquo;\u00e9tudes personnelles. Il est recommand\u00e9 que l&rsquo;enseignement du programme ne soit pas inf\u00e9rieur \u00e0 30 heures.<\/p>\n<p id=\"block-79941677-5488-4ea5-9180-00a1bb56e9b8\" class=\"block-editor-rich-text__editable block-editor-block-list__block wp-block rich-text\" tabindex=\"0\" role=\"group\" contenteditable=\"true\" aria-multiline=\"true\" aria-label=\"Paragraph block\" data-block=\"79941677-5488-4ea5-9180-00a1bb56e9b8\" data-type=\"core\/paragraph\" data-title=\"Paragraph\"><strong>Objectifs du cours &#8211; sur l&rsquo;accomplissement de ce cours, le candidat sera capable de:<\/strong><\/p>\n<ul id=\"block-b6d2c4c0-ae48-4f61-89c9-dd9677512173\" class=\"block-editor-rich-text__editable block-editor-block-list__block wp-block rich-text\" tabindex=\"0\" role=\"group\" contenteditable=\"true\" aria-multiline=\"true\" aria-label=\"Block: List\" data-block=\"b6d2c4c0-ae48-4f61-89c9-dd9677512173\" data-type=\"core\/list\" data-title=\"List\">\n<li>Identifier les principaux facteurs naturels et humains dans le vignoble et les chais qui sont impliqu\u00e9s dans la production de vins tranquilles du monde et expliquer comment ils peuvent influencer le style, la qualit\u00e9 et le prix de ces vins<\/li>\n<li>Identifier et d\u00e9crire les caract\u00e9ristiques des vins tranquilles produites dans les principales r\u00e9gions productrices de vin du monde et expliquer comment les facteurs naturels et humains cl\u00e9s dans le vignoble, cave, le droit et le commerce peuvent influer sur le style, la qualit\u00e9 et le prix de ces vins<\/li>\n<li>Identifier et d\u00e9crire les caract\u00e9ristiques des principaus vins mousseux du monde et expliquer comment les facteurs naturels et humains cl\u00e9s dans le vignoble, cave, le droit et le commerce peuvent influer sur le style, la qualit\u00e9 et le prix de ces vins<\/li>\n<li>Identifier et d\u00e9crire les caract\u00e9ristiques des principaux vins fortifi\u00e9s du monde et expliquer comment les facteurs naturels et humains cl\u00e9s dans le vignoble, cave et le droit peuvent influencer le style, la qualit\u00e9 et le prix de ces vins<\/li>\n<li>D\u00e9montrer la capacit\u00e9 \u00e0 fournir des informations et des conseils aux clients et le personnel sur les vins<\/li>\n<li>D\u00e9crire avec pr\u00e9cision les principales caract\u00e9ristiques des vins tranquilles du monde et utiliser la description pour faire une \u00e9valuation de la qualit\u00e9 et une \u00e9valuation de la pr\u00e9paration \u00e0 la consommation<\/li>\n<\/ul>\n<p id=\"block-84494b92-c56b-435a-9e67-9039f6e62f72\" class=\"block-editor-rich-text__editable block-editor-block-list__block wp-block rich-text\" tabindex=\"0\" role=\"group\" contenteditable=\"true\" aria-multiline=\"true\" aria-label=\"Paragraph block\" data-block=\"84494b92-c56b-435a-9e67-9039f6e62f72\" data-type=\"core\/paragraph\" data-title=\"Paragraph\"><strong>\u00c9tude continue <\/strong>&#8211; sur l&rsquo;accomplissement r\u00e9ussi du Niveau 3 en vins, le candidat peut progresser aux qualification suivantes:<\/p>\n<p id=\"block-03f9b40c-a5c5-4658-bba5-e5d205afc937\" class=\"block-editor-rich-text__editable block-editor-block-list__block wp-block rich-text\" tabindex=\"0\" role=\"group\" contenteditable=\"true\" aria-multiline=\"true\" aria-label=\"Paragraph block\" data-block=\"03f9b40c-a5c5-4658-bba5-e5d205afc937\" data-type=\"core\/paragraph\" data-title=\"Paragraph\"><strong>Niveau 2 Certificat Sp\u00e9cialiste en spiritueux: <\/strong>&#8211; Le Niveau 2 Sp\u00e9cialiste en spiritueux offre des connaissances plus focalis\u00e9es et approfondies dans le domaine des spiritueux et liqueurs que le Niveau 2 &#8211; WSET\u00ae en vins. Toutes les cat\u00e9gories des produits dans le domaine des spiritueux sont inclus, l&rsquo;utilisation des produits identifi\u00e9s et la d\u00e9gustation de base.<\/p>\n<p id=\"block-7caeee0a-9002-49f1-a615-b06a3378fcd2\" class=\"block-editor-rich-text__editable block-editor-block-list__block wp-block rich-text\" tabindex=\"0\" role=\"group\" contenteditable=\"true\" aria-multiline=\"true\" aria-label=\"Paragraph block\" data-block=\"7caeee0a-9002-49f1-a615-b06a3378fcd2\" data-type=\"core\/paragraph\" data-title=\"Paragraph\"><strong><em>Veuillez noter que: <\/em><\/strong><em>&#8211; <\/em>Le WSET\u00ae&nbsp;Niveau 3 en vins est exig\u00e9 afin de pouvoir s&rsquo;inscrire au WSET\u00ae Niveau 4 Diploma in Wines<\/p>\n<p id=\"block-0614d16b-e78f-42f5-8412-2c67ba33619e\" class=\"block-editor-rich-text__editable block-editor-block-list__block wp-block rich-text\" tabindex=\"0\" role=\"group\" contenteditable=\"true\" aria-multiline=\"true\" aria-label=\"Paragraph block\" data-block=\"0614d16b-e78f-42f5-8412-2c67ba33619e\" data-type=\"core\/paragraph\" data-title=\"Paragraph\"><strong>Nos cours de gestion des op\u00e9rations:<\/strong><\/p>\n<ul id=\"block-9c338695-e273-4c0f-b5e2-77431ade618c\" class=\"block-editor-rich-text__editable block-editor-block-list__block wp-block rich-text\" tabindex=\"0\" role=\"group\" contenteditable=\"true\" aria-multiline=\"true\" aria-label=\"Block: List\" data-block=\"9c338695-e273-4c0f-b5e2-77431ade618c\" data-type=\"core\/list\" data-title=\"List\">\n<li>Techniques de service de vin avanc\u00e9<\/li>\n<li>La conception d&rsquo;une carte de vins ou de boissons<\/li>\n<li>Analyse de performance de la carte des vins et des boissons<\/li>\n<li>G\u00e9rer les op\u00e9rations de cave et de boissons<\/li>\n<\/ul>\n<div id=\"block-06e5163b-a4c5-43b4-8959-9a700995707f\" class=\"block-editor-block-list__block wp-block\" tabindex=\"0\" role=\"group\" aria-label=\"Block: Classic Paragraph\" data-block=\"06e5163b-a4c5-43b4-8959-9a700995707f\" data-type=\"tadv\/classic-paragraph\" data-title=\"Classic Paragraph\">&nbsp;<\/div>\n<div class=\"block-list-appender wp-block\" tabindex=\"-1\">&nbsp;<\/div>\n\n\n\n<p><strong><em><a href=\"https:\/\/beverageinstitute.ch\/fr\/product-category\/l3_wine_courses\/\" target=\"_blank\" rel=\"noopener\" data-type=\"page\" data-id=\"29255\">pour choisir et vous inscrire \u00e0 l&rsquo;un de nos cours de niveau 3 dans le domaine du vin, veuillez suivre ce lien\u2026<\/a><\/em><\/strong><\/p>\n","protected":false},"excerpt":{"rendered":"<p>Veuillez noter qu&rsquo;avec la mise \u00e0 jour de la qualification, de nouveaux supports de cours et examens seront mis en place \u00e0 compter du 1er ao\u00fbt 2026. A qui s&rsquo;adresse-t-il? Cette formation est ouverte aux \u00e9tudiants d\u00e9tenteurs du Dipl\u00f4me Niveau 2 du WSET\u00ae en vins, ou pouvant apporter la preuve des connaissances \u00e9quivalentes. Il est &hellip; <\/p>\n<p class=\"link-more\"><a href=\"https:\/\/beverageinstitute.ch\/fr\/wine_courses\/level-3-wset-in-wines\/\" class=\"more-link\">Continuer la lecture<span class=\"screen-reader-text\"> de &laquo;&nbsp;Niveau 3 &#8211; Dipl\u00f4me WSET\u00ae en vins&nbsp;&raquo;<\/span><\/a><\/p>\n","protected":false},"author":1,"featured_media":30791,"parent":28640,"menu_order":3,"comment_status":"closed","ping_status":"closed","template":"","meta":{"footnotes":""},"class_list":["post-29255","page","type-page","status-publish","has-post-thumbnail","hentry"],"translation":{"provider":"WPGlobus","version":"3.0.2","language":"fr","enabled_languages":["en","de","fr","it"],"languages":{"en":{"title":true,"content":true,"excerpt":false},"de":{"title":true,"content":true,"excerpt":false},"fr":{"title":true,"content":true,"excerpt":false},"it":{"title":true,"content":true,"excerpt":false}}},"_links":{"self":[{"href":"https:\/\/beverageinstitute.ch\/fr\/wp-json\/wp\/v2\/pages\/29255","targetHints":{"allow":["GET"]}}],"collection":[{"href":"https:\/\/beverageinstitute.ch\/fr\/wp-json\/wp\/v2\/pages"}],"about":[{"href":"https:\/\/beverageinstitute.ch\/fr\/wp-json\/wp\/v2\/types\/page"}],"author":[{"embeddable":true,"href":"https:\/\/beverageinstitute.ch\/fr\/wp-json\/wp\/v2\/users\/1"}],"replies":[{"embeddable":true,"href":"https:\/\/beverageinstitute.ch\/fr\/wp-json\/wp\/v2\/comments?post=29255"}],"version-history":[{"count":43,"href":"https:\/\/beverageinstitute.ch\/fr\/wp-json\/wp\/v2\/pages\/29255\/revisions"}],"predecessor-version":[{"id":38109,"href":"https:\/\/beverageinstitute.ch\/fr\/wp-json\/wp\/v2\/pages\/29255\/revisions\/38109"}],"up":[{"embeddable":true,"href":"https:\/\/beverageinstitute.ch\/fr\/wp-json\/wp\/v2\/pages\/28640"}],"wp:featuredmedia":[{"embeddable":true,"href":"https:\/\/beverageinstitute.ch\/fr\/wp-json\/wp\/v2\/media\/30791"}],"wp:attachment":[{"href":"https:\/\/beverageinstitute.ch\/fr\/wp-json\/wp\/v2\/media?parent=29255"}],"curies":[{"name":"wp","href":"https:\/\/api.w.org\/{rel}","templated":true}]}}