{"id":3,"date":"2020-12-26T11:42:44","date_gmt":"2020-12-26T11:42:44","guid":{"rendered":"https:\/\/beverageinstitute.ch\/?page_id=3"},"modified":"2021-01-12T09:30:33","modified_gmt":"2021-01-12T08:30:33","slug":"privacy-policy","status":"publish","type":"page","link":"https:\/\/beverageinstitute.ch\/fr\/privacy-policy\/","title":{"rendered":"Politique de confidentialit\u00e9"},"content":{"rendered":"\n<p id=\"block-c25a4831-a879-4267-be74-897032c97ee5\"><strong>Qui nous sommes<\/strong><br>L&rsquo;adresse de notre site web est: https:\/\/www.beverageinstitute.ch.<\/p>\n\n\n\n<p id=\"block-1dcf7449-f2d3-45f3-9c13-1a78cdeb551f\"><strong>Quelles sont les donn\u00e9es personnelles que nous recueillons et pourquoi nous les collectons<\/strong><\/p>\n\n\n\n<p id=\"block-b8b4c959-709b-451c-a13b-4f4b2d458a9f\"><strong>Commentaires<\/strong><br>Lorsque les visiteurs laissent des commentaires sur le site, nous collectons les donn\u00e9es affich\u00e9es dans le formulaire de commentaires, ainsi que l&rsquo;adresse IP du visiteur et la cha\u00eene de l&rsquo;agent utilisateur du navigateur pour aider \u00e0 la d\u00e9tection des spams.<\/p>\n\n\n\n<p id=\"block-f6e07ac0-60cc-40b5-acb8-fc7367fdf39d\">Une cha\u00eene anonymis\u00e9e cr\u00e9\u00e9e \u00e0 partir de votre adresse e-mail (\u00e9galement appel\u00e9e hash) peut \u00eatre fournie au service Gravatar pour voir si vous l&rsquo;utilisez. La politique de confidentialit\u00e9 du service Gravatar est disponible ici: https:\/\/automattic.com\/privacy\/. Apr\u00e8s approbation de votre commentaire, votre photo de profil est visible au public dans le cadre de votre commentaire.<\/p>\n\n\n\n<p id=\"block-0248b171-b3f7-494f-8602-e95ab3ddc168\"><strong>M\u00e9dias<\/strong><br>Si vous t\u00e9l\u00e9chargez des images sur le site Web, vous devez \u00e9viter de t\u00e9l\u00e9charger des images avec des donn\u00e9es de localisation int\u00e9gr\u00e9es (EXIF GPS) incluses. Les visiteurs du site Web peuvent t\u00e9l\u00e9charger et extraire toutes les donn\u00e9es de localisation \u00e0 partir d&rsquo;images sur le site Web.<\/p>\n\n\n\n<p id=\"block-a46efab4-90d2-49df-9260-001de4a8719b\"><strong>Formulaires de contact<\/strong><br>Nous pouvons utiliser vos informations personnelles pour vous contacter avec des bulletins d&rsquo;information, du mat\u00e9riel de marketing ou de promotion et d&rsquo;autres cours susceptibles de vous int\u00e9resser, apr\u00e8s votre s\u00e9lection pour nous accorder cette autorisation sous \u00ababonnement \u00e0 la newsletter\u00bb lors de votre inscription.<\/p>\n\n\n\n<p id=\"block-8f8397e7-5bb6-47cd-b05f-2aff64c7f934\"><strong>R\u00e9servations de cours<\/strong><\/p>\n\n\n\n<p id=\"block-73786332-193c-4351-90f3-cdbc05a06130\">Nous utilisons les services Google pour g\u00e9n\u00e9rer des cartes et fournir une saisie semi-automatique lors de la recherche d&rsquo;\u00e9v\u00e9nements par site, qui peut collecter des donn\u00e9es via votre navigateur conform\u00e9ment \u00e0 la<a rel=\"noreferrer noopener\" href=\"https:\/\/policies.google.com\/privacy\" target=\"_blank\"> politique de confidentialit\u00e9 de Google.<\/a><\/p>\n\n\n\n<p id=\"block-9c1ab54b-fb99-4595-a975-7d330814ecf9\">Nous collectons et stockons les informations que vous nous soumettez lors de la r\u00e9servation, dans le but de r\u00e9server vos espaces demand\u00e9s lors de notre \u00e9v\u00e9nement et de conserver un registre de pr\u00e9sence.<\/p>\n\n\n\n<p id=\"block-3a09dde5-4012-4b98-bfb4-1f6b849bde7c\">Nous collectons et stockons les informations que vous nous soumettez sur les \u00e9v\u00e9nements (et les emplacements correspondants) que vous souhaitez publier sur notre site.<\/p>\n\n\n\n<p id=\"block-13bc5568-3ad2-48fe-973b-17c903c8ff01\">Nous pouvons utiliser des cookies pour stocker temporairement des informations sur une r\u00e9servation en cours ainsi que des messages d&rsquo;erreur \/ de confirmation lors de la soumission ou de la gestion de vos \u00e9v\u00e9nements et emplacements.<\/p>\n\n\n\n<p id=\"block-9b365250-2d9a-4402-b404-b86f2c45b889\"><strong>Cookies<\/strong><br>Si vous laissez un commentaire sur notre site, vous pouvez choisir d&rsquo;enregistrer votre nom, votre adresse e-mail et votre site web dans des cookies. Ceux-ci sont pour votre commodit\u00e9 afin que vous n&rsquo;ayez pas \u00e0 remplir \u00e0 nouveau vos coordonn\u00e9es lorsque vous laissez un autre commentaire. Ces cookies dureront un an.<\/p>\n\n\n\n<p id=\"block-1d19d982-5173-461e-81bd-253b587953bf\">Si vous avez un compte et que vous vous connectez \u00e0 ce site, nous \u00e9tablirons un cookie temporaire pour d\u00e9terminer si votre navigateur accepte les cookies. Ce cookie ne contient aucune donn\u00e9e personnelle et est ignor\u00e9 lorsque vous fermez votre navigateur.<\/p>\n\n\n\n<p id=\"block-a20263b6-0a7f-415d-8e51-f1420cf5d2d2\">Lorsque vous vous connectez, nous allons \u00e9galement configurer plusieurs cookies pour enregistrer vos informations de connexion et vos choix d&rsquo;affichage \u00e0 l&rsquo;\u00e9cran. Les cookies de connexion durent deux jours et les cookies d&rsquo;options d&rsquo;\u00e9cran durent un an. Si vous s\u00e9lectionnez \u00ab\u00a0Se souvenir de moi\u00a0\u00bb, votre connexion persistera pendant deux semaines. Si vous vous d\u00e9connectez de votre compte, les cookies de connexion seront supprim\u00e9s.<\/p>\n\n\n\n<p id=\"block-8882da85-5bb2-45e4-bbcf-65c31ec280d1\">Si vous \u00e9ditez ou publiez un article, un cookie suppl\u00e9mentaire sera enregistr\u00e9 dans votre navigateur. Ce cookie ne contient aucune donn\u00e9e personnelle et indique simplement l&rsquo;identifiant de l&rsquo;article que vous venez d&rsquo;\u00e9diter. Il expire apr\u00e8s 1 jour.<\/p>\n\n\n\n<p id=\"block-e3b29bab-4a29-42fe-82ef-aa4acaa7e45c\"><strong>Contenu int\u00e9gr\u00e9 d&rsquo;autres sites Web<\/strong><br>Les articles sur ce site peuvent inclure du contenu int\u00e9gr\u00e9 (vid\u00e9os, images, articles, etc.). Le contenu int\u00e9gr\u00e9 d&rsquo;autres sites Web se comporte exactement de la m\u00eame mani\u00e8re que si le visiteur a visit\u00e9 l&rsquo;autre site Web.<\/p>\n\n\n\n<p id=\"block-68206914-3f77-4096-a124-3405c19cb499\">Ces sites Web peuvent collecter des donn\u00e9es vous concernant, utiliser des cookies, int\u00e9grer un suivi tiers suppl\u00e9mentaire et surveiller votre interaction avec ce contenu int\u00e9gr\u00e9, y compris le suivi de votre interaction avec le contenu int\u00e9gr\u00e9 si vous avez un compte et \u00eates connect\u00e9 \u00e0 ce site Web.<\/p>\n\n\n\n<p id=\"block-c3121a91-d188-4fea-b401-c6c9dcb20bea\"><strong>Analytique<\/strong><br>Comme de nombreux op\u00e9rateurs de sites, nous collectons les informations que votre navigateur envoie lorsque vous visitez notre site (\u00ab\u00a0Donn\u00e9es de journal\u00a0\u00bb).<\/p>\n\n\n\n<p id=\"block-286c60ec-61dc-4d47-a237-39e61597de98\">Ces donn\u00e9es de journal peuvent inclure des informations telles que l&rsquo;adresse IP de votre ordinateur, le type de navigateur, la version du navigateur, les pages de notre site visit\u00e9, l&rsquo;heure et la date de votre visite, le temps pass\u00e9 sur ces pages et d&rsquo;autres statistiques.<\/p>\n\n\n\n<p id=\"block-cabcbb0c-53b3-4170-a48c-c2133e264d49\">En outre, nous pouvons utiliser des services tiers tels que Google Analytics qui collectent, surveillent et analysent &#8230;<\/p>\n\n\n\n<p id=\"block-39909b13-9acf-496c-b2ed-e2907ffaf9bf\"><strong>Avec qui partageons-nous vos donn\u00e9es<\/strong><br>Nous utilisons vos informations personnelles uniquement pour fournir et am\u00e9liorer le site.<\/p>\n\n\n\n<p id=\"block-d1dd9803-386b-4a08-9dfa-b51ebe04c927\">Le cas \u00e9ch\u00e9ant, vous inscrire \u00e0 un examen aupr\u00e8s du Wine and Spirit Education Trust ou de l&rsquo;Institute of Brewing and Distilling.<\/p>\n\n\n\n<p id=\"block-7a358420-0656-4b5e-901c-b97f384f8bc5\">En utilisant le Site, vous acceptez la collecte et l&rsquo;utilisation des informations conform\u00e9ment \u00e0 cette politique.<\/p>\n\n\n\n<p id=\"block-6ab82489-c15c-4207-af29-b35c8406ac58\"><strong>Combien de temps nous conservons vos donn\u00e9es<\/strong><br>Si vous laissez un commentaire, le commentaire et ses m\u00e9tadonn\u00e9es sont conserv\u00e9s ind\u00e9finiment. C&rsquo;est ainsi que nous pouvons reconna\u00eetre et approuver tous les commentaires de suivi automatiquement au lieu de les maintenir dans une file d&rsquo;attente de mod\u00e9ration.<\/p>\n\n\n\n<p id=\"block-280fe114-6000-4f7f-9b93-805972244155\">Pour les utilisateurs qui s&rsquo;inscrivent sur notre site Web (le cas \u00e9ch\u00e9ant), nous stockons \u00e9galement les informations personnelles qu&rsquo;ils fournissent dans leur profil d&rsquo;utilisateur. Tous les utilisateurs peuvent voir, modifier ou supprimer leurs informations personnelles \u00e0 tout moment (sauf qu&rsquo;ils ne peuvent pas changer leur nom d&rsquo;utilisateur). Les administrateurs de site Web peuvent \u00e9galement voir et modifier ces informations.<\/p>\n\n\n\n<p id=\"block-142e74ee-4466-47f4-946e-2c0287c38f97\"><strong>Quels droits avez-vous sur vos donn\u00e9es<\/strong><br>Si vous avez un compte sur ce site, ou avez laiss\u00e9 des commentaires, vous pouvez demander \u00e0 recevoir un fichier export\u00e9 des donn\u00e9es personnelles que nous d\u00e9tenons \u00e0 votre sujet, y compris les donn\u00e9es que vous nous avez fournies. Vous pouvez \u00e9galement demander que nous effacions toutes les donn\u00e9es personnelles que nous d\u00e9tenons \u00e0 votre sujet. Cela n&rsquo;inclut pas les donn\u00e9es que nous sommes tenus de conserver \u00e0 des fins administratives, l\u00e9gales ou de s\u00e9curit\u00e9.<\/p>\n\n\n\n<p id=\"block-509f0e3f-ed9b-4694-8474-dc6536d49c57\"><strong>O\u00f9 envoyons-nous vos donn\u00e9es<\/strong><br>Les commentaires des visiteurs peuvent \u00eatre v\u00e9rifi\u00e9s via un service de d\u00e9tection automatique de spam.<\/p>\n\n\n\n<p id=\"block-7940b748-ea50-422d-91fb-54bd01759cb8\"><strong>Vos coordonn\u00e9es<\/strong><br>En utilisant notre site, nous pouvons vous demander de nous fournir certaines informations personnelles permettant de vous contacter ou de vous identifier. Les informations personnellement identifiables peuvent inclure, mais ne sont pas limit\u00e9es \u00e0 votre nom (\u00abInformations personnelles\u00bb).<\/p>\n\n\n\n<p id=\"block-5d5e2a33-ce81-4c91-9ec2-c92467e09d82\"><strong>Comment prot\u00e9geons-nous vos donn\u00e9es<\/strong><br>La s\u00e9curit\u00e9 de vos informations personnelles est importante pour nous, mais rappelez-vous qu&rsquo;aucune m\u00e9thode de transmission sur Internet, ou m\u00e9thode de stockage \u00e9lectronique, n&rsquo;est s\u00e9curis\u00e9e \u00e0 100%. Bien que nous nous efforcions d&rsquo;utiliser des moyens commercialement acceptables pour prot\u00e9ger vos informations personnelles, nous ne pouvons pas garantir leur s\u00e9curit\u00e9 absolue.<\/p>\n\n\n\n<p id=\"block-81ad1ddf-f659-4bff-8697-8bd0047addf1\"><strong>Modifications de cette politique de confidentialit\u00e9<\/strong><br>Cette politique de confidentialit\u00e9 est en vigueur depuis le 19 mai 2018 et restera en vigueur, sauf en ce qui concerne les modifications de ses dispositions \u00e0 l&rsquo;avenir, qui seront en vigueur imm\u00e9diatement apr\u00e8s avoir \u00e9t\u00e9 publi\u00e9 sur cette page.<\/p>\n\n\n\n<p id=\"block-3077498f-dece-4588-a93b-1ccd3128c0fc\">Nous nous r\u00e9servons le droit de mettre \u00e0 jour ou de modifier notre politique de confidentialit\u00e9 \u00e0 tout moment et vous devriez consulter cette politique de confidentialit\u00e9 p\u00e9riodiquement. Votre utilisation continue du Service apr\u00e8s que nous ayons publi\u00e9 des modifications \u00e0 la Politique de confidentialit\u00e9 sur cette page constituera votre reconnaissance des modifications et votre consentement \u00e0 respecter et \u00eatre li\u00e9 par la Politique de confidentialit\u00e9 modifi\u00e9e.<\/p>\n\n\n\n<p id=\"block-91182f07-f1b7-4845-a00f-37a1dee2dfe5\">Si nous apportons des changements mat\u00e9riels \u00e0 cette politique de confidentialit\u00e9, nous vous en informerons soit par l&rsquo;adresse e-mail que vous nous avez fournie, soit en pla\u00e7ant un avis visible sur notre site Web.<\/p>\n\n\n\n<p id=\"block-f0d8499d-c230-4007-905a-cce5a84ff3db\"><strong>Contactez nous<\/strong><\/p>\n\n\n\n<p id=\"block-28d30433-c342-4745-927d-b77837ba116d\">Si vous avez des questions concernant cette politique de confidentialit\u00e9, veuillez nous contacter.<\/p>\n","protected":false},"excerpt":{"rendered":"<p>Qui nous sommesL&rsquo;adresse de notre site web est: https:\/\/www.beverageinstitute.ch. Quelles sont les donn\u00e9es personnelles que nous recueillons et pourquoi nous les collectons CommentairesLorsque les visiteurs laissent des commentaires sur le site, nous collectons les donn\u00e9es affich\u00e9es dans le formulaire de commentaires, ainsi que l&rsquo;adresse IP du visiteur et la cha\u00eene de l&rsquo;agent utilisateur du navigateur &hellip; <\/p>\n<p class=\"link-more\"><a href=\"https:\/\/beverageinstitute.ch\/fr\/privacy-policy\/\" class=\"more-link\">Continuer la lecture<span class=\"screen-reader-text\"> de &laquo;&nbsp;Politique de confidentialit\u00e9&nbsp;&raquo;<\/span><\/a><\/p>\n","protected":false},"author":1,"featured_media":0,"parent":0,"menu_order":0,"comment_status":"closed","ping_status":"open","template":"","meta":{"footnotes":""},"class_list":["post-3","page","type-page","status-publish","hentry"],"translation":{"provider":"WPGlobus","version":"3.0.2","language":"fr","enabled_languages":["en","de","fr","it"],"languages":{"en":{"title":true,"content":true,"excerpt":false},"de":{"title":true,"content":true,"excerpt":false},"fr":{"title":true,"content":true,"excerpt":false},"it":{"title":true,"content":true,"excerpt":false}}},"_links":{"self":[{"href":"https:\/\/beverageinstitute.ch\/fr\/wp-json\/wp\/v2\/pages\/3","targetHints":{"allow":["GET"]}}],"collection":[{"href":"https:\/\/beverageinstitute.ch\/fr\/wp-json\/wp\/v2\/pages"}],"about":[{"href":"https:\/\/beverageinstitute.ch\/fr\/wp-json\/wp\/v2\/types\/page"}],"author":[{"embeddable":true,"href":"https:\/\/beverageinstitute.ch\/fr\/wp-json\/wp\/v2\/users\/1"}],"replies":[{"embeddable":true,"href":"https:\/\/beverageinstitute.ch\/fr\/wp-json\/wp\/v2\/comments?post=3"}],"version-history":[{"count":5,"href":"https:\/\/beverageinstitute.ch\/fr\/wp-json\/wp\/v2\/pages\/3\/revisions"}],"predecessor-version":[{"id":29996,"href":"https:\/\/beverageinstitute.ch\/fr\/wp-json\/wp\/v2\/pages\/3\/revisions\/29996"}],"wp:attachment":[{"href":"https:\/\/beverageinstitute.ch\/fr\/wp-json\/wp\/v2\/media?parent=3"}],"curies":[{"name":"wp","href":"https:\/\/api.w.org\/{rel}","templated":true}]}}