{"id":35642,"date":"2024-06-11T13:58:58","date_gmt":"2024-06-11T11:58:58","guid":{"rendered":"https:\/\/beverageinstitute.ch\/?page_id=35642"},"modified":"2025-07-21T16:19:36","modified_gmt":"2025-07-21T14:19:36","slug":"level-2-wset-award-in-beer","status":"publish","type":"page","link":"https:\/\/beverageinstitute.ch\/fr\/brewing-courses\/level-2-wset-award-in-beer\/","title":{"rendered":"Niveau 2 &#8211; dipl\u00f4me WSET\u00ae en bi\u00e8re"},"content":{"rendered":"\n\n\n<p class=\"p1\"><i>Ce cours n&rsquo;est actuellement disponible qu&rsquo;en langue anglaise. D\u00e8s que le cours sera disponible dans d&rsquo;autres langues, nous vous en informerons sur les pages descriptives des cours.<\/i><\/p>\n<p class=\"p1\"><b><i>\u00c0 qui s&rsquo;adresse ce cours ?<\/i><\/b><\/p>\n<p class=\"p1\">Le Niveau 2 dipl\u00f4me WSET@ en Bi\u00e8re se concentre sur la fa\u00e7on dont les ingr\u00e9dients cl\u00e9s et les processus de production influencent le style et la qualit\u00e9 de la bi\u00e8re. Il vous apprendra \u00e9galement \u00e0 go\u00fbter, d\u00e9crire et \u00e9valuer la qualit\u00e9 de la bi\u00e8re.<\/p>\n<p class=\"p1\">Si vous \u00eates un professionnel de la bi\u00e8re ou de l&rsquo;h\u00f4tellerie, vous serez en mesure d&rsquo;offrir \u00e0 vos coll\u00e8gues et \u00e0 vos clients des conseils pr\u00e9cieux en mati\u00e8re de s\u00e9lection et de service. Si vous \u00eates un amateur de bi\u00e8re, vous saurez exactement ce qu&rsquo;il faut rechercher lorsque vous choisissez des bi\u00e8res pour n&rsquo;importe quelle occasion.<\/p>\n<p class=\"p1\"><b><i>Qu\u2019apporte t-il? ?<\/i><\/b><\/p>\n<p class=\"p1\">\u00c0 l&rsquo;issue de ce cours, les participants seront en mesure de d\u00e9crire et de comparer les styles de bi\u00e8res brass\u00e9es avec des malts internationaux et r\u00e9gionaux importants, ainsi que d&rsquo;expliquer l&rsquo;utilisation et l&rsquo;importance du houblon et des adjuvants pour chaque style de bi\u00e8re.<\/p>\n<p class=\"p1\">Quels sont les sujets abord\u00e9s ?<\/p>\n<ul class=\"ul1\">\n<li class=\"li1\">Les principaux ingr\u00e9dients utilis\u00e9s dans la production de bi\u00e8re, leur traitement et leur influence sur le style de bi\u00e8re produit.<\/li>\n<li class=\"li1\">Le malt et les adjuvants, l&rsquo;eau, le houblon et les autres ar\u00f4mes, la levure et les bact\u00e9ries.<\/li>\n<li class=\"li1\">Comment la production de bi\u00e8re influence le style et la qualit\u00e9 de la bi\u00e8re.\n<ul class=\"ul1\">\n<li class=\"li1\">processus de fermentation alcoolique, processus de brassage, \u00e9quipement de brassage, options de production de la bi\u00e8re, options de fermentation spontan\u00e9e et de culture mixte.<\/li>\n<li class=\"li1\">Les principes et processus cl\u00e9s impliqu\u00e9s dans le stockage et le service de la bi\u00e8re.<\/li>\n<\/ul>\n<\/li>\n<li class=\"li1\">Conditions id\u00e9ales de stockage, conditionnement et dur\u00e9e de conservation, temp\u00e9ratures de service, verrerie, bi\u00e8re au robinet, bi\u00e8re en bouteille, d\u00e9fauts courants, bi\u00e8re et aliments.\n<ul class=\"ul1\">\n<li class=\"li1\">Comment plus de 60 styles de bi\u00e8res sont produits et \u00e9tiquet\u00e9s et leurs caract\u00e9ristiques typiques.<\/li>\n<\/ul>\n<\/li>\n<li class=\"li1\">Les Lagers \u00e0 base de malt, les ales \u00e0 base de malt, les Lagers \u00e0 base de houblon, les ales \u00e0 base de houblon, les ales \u00e0 base de levure, les styles \u00e0 fermentation mixte, les autres bi\u00e8res sp\u00e9ciales.<\/li>\n<\/ul>\n<p class=\"p1\">Conditions d&rsquo;examen pour le niveau 2 dipl\u00f4me WSET\u00ae en Bi\u00e8re : R\u00e9ussir un examen compos\u00e9 de 50 questions \u00e0 choix multiples.<\/p>\n<ul class=\"ul1\">\n<li class=\"li1\">un examen compos\u00e9 de 50 questions \u00e0 choix multiples<\/li>\n<\/ul>\n<p class=\"p1\"><i>N.B. L&rsquo;enseignement, le mat\u00e9riel de cours et l&rsquo;examen sont en langue anglaise.\u00a0 <\/i><\/p>\n<p class=\"p1\"><i>Veuillez noter qu&rsquo;\u00e0 partir du 1er ao\u00fbt 2025, le WSET\u00ae n&rsquo;\u00e9mettra plus que des certificats num\u00e9riques et qu&rsquo;il y a une proc\u00e9dure administrative \u00e0 suivre avant l&rsquo;examen pour s&rsquo;assurer que vous pouvez acc\u00e9der au certificat num\u00e9rique. Pour acc\u00e9der aux instructions \u00e9tape par \u00e9tape pour les certificats num\u00e9riques, veuillez t\u00e9l\u00e9charger ici\u2026 <a href=\"https:\/\/beverageinstitute.ch\/wp-content\/uploads\/2025\/07\/wset-digital-certificates-student-guidance-and-troubleshooting_fr.pdf\">wset-digital-certificates-student-guidance-and-troubleshooting_fr<\/a><br \/><\/i><br \/><b>Le prix du cours comprend :<\/b> La formation, les \u00e9chantillons de bi\u00e8re, le mat\u00e9riel de cours et l&rsquo;examen du niveau 2 dipl\u00f4me WSET\u00ae en bi\u00e8re<\/p>\n<p class=\"p1\"><b>Connaissances pr\u00e9alables requises :<\/b> Il est pr\u00e9f\u00e9rable d&rsquo;avoir suivi et r\u00e9ussi le niveau 1 &#8211; Introduction \u00e0 la bi\u00e8re et au service de la bi\u00e8re ou une autre qualification jug\u00e9e \u00e9quivalente.<br \/><br \/><i>N.B. Si vous n&rsquo;\u00eates pas s\u00fbr, veuillez nous contacter afin que nous puissions vous aider \u00e0 choisir un niveau de cours adapt\u00e9 \u00e0 vos besoins et \u00e0 vos objectifs.<\/i><br \/><br \/><b>Heures d&rsquo;apprentissage guid\u00e9 : <\/b>&#8211; Il est recommand\u00e9 que le candidat consacre au moins 28 heures d&rsquo;\u00e9tude pour compl\u00e9ter le programme. Le temps d&rsquo;\u00e9tude consiste g\u00e9n\u00e9ralement en une combinaison de cours magistraux et de temps d&rsquo;\u00e9tude. Il est \u00e9galement recommand\u00e9 que le temps de classe pour le programme ne soit pas inf\u00e9rieur \u00e0 16 heures.<br \/><br \/><b>R\u00e9sultats de l&rsquo;apprentissage<\/b> &#8211; \u00e0 l&rsquo;issue de ce cours, le candidat sera capable de :<\/p>\n<ul class=\"ul1\">\n<li class=\"li1\">Comprendre le style et la qualit\u00e9 des bi\u00e8res fabriqu\u00e9es \u00e0 partir de malts de base.<\/li>\n<li class=\"li1\">Comprendre comment le processus de brassage peut affecter le style d&rsquo;une bi\u00e8re.<\/li>\n<li class=\"li1\">Comprendre comment le choix de la levure influence le style de la bi\u00e8re.<\/li>\n<li class=\"li1\">Comprendre comment le choix du houblon influence le style de la bi\u00e8re.<\/li>\n<li class=\"li1\">Comprendre les principes et processus cl\u00e9s impliqu\u00e9s dans le stockage et le service de la bi\u00e8re.<\/li>\n<\/ul>\n<p class=\"p1\"><b>Voies de progression<\/b> &#8211; apr\u00e8s avoir termin\u00e9 avec succ\u00e8s le cours de niveau 2, le candidat peut acc\u00e9der aux qualifications suivantes :<\/p>\n<p class=\"p1\"><b>Introduction au brassage en pratique :<\/b> ce cours constitue une introduction pour les d\u00e9butants aux techniques de brassage et de conditionnement de la bi\u00e8re. Le cours fournit une introduction pratique aux aspects techniques du brassage et de la cr\u00e9ation de recettes de malt, ainsi qu&rsquo;aux principes de contr\u00f4le du processus de brassage et d&#8217;embouteillage. Une introduction \u00e0 l&#8217;embouteillage fait \u00e9galement partie du cours. <br \/><br \/><a href=\"https:\/\/beverageinstitute.ch\/fr\/product-category\/beer-courses\/\" target=\"_blank\" rel=\"noopener\"><em><strong>Pour vous inscrire \u00e0 la formation de niveau 2 &#8211; Bi\u00e8re, le monde de la bi\u00e8re, suivez ce lien&#8230;<\/strong><\/em><\/a><\/p>\n","protected":false},"excerpt":{"rendered":"<p>Ce cours n&rsquo;est actuellement disponible qu&rsquo;en langue anglaise. D\u00e8s que le cours sera disponible dans d&rsquo;autres langues, nous vous en informerons sur les pages descriptives des cours. \u00c0 qui s&rsquo;adresse ce cours ? Le Niveau 2 dipl\u00f4me WSET@ en Bi\u00e8re se concentre sur la fa\u00e7on dont les ingr\u00e9dients cl\u00e9s et les processus de production influencent &hellip; <\/p>\n<p class=\"link-more\"><a href=\"https:\/\/beverageinstitute.ch\/fr\/brewing-courses\/level-2-wset-award-in-beer\/\" class=\"more-link\">Continuer la lecture<span class=\"screen-reader-text\"> de &laquo;&nbsp;Niveau 2 &#8211; dipl\u00f4me WSET\u00ae en bi\u00e8re&nbsp;&raquo;<\/span><\/a><\/p>\n","protected":false},"author":1,"featured_media":35572,"parent":28850,"menu_order":3,"comment_status":"closed","ping_status":"closed","template":"","meta":{"footnotes":""},"class_list":["post-35642","page","type-page","status-publish","has-post-thumbnail","hentry"],"translation":{"provider":"WPGlobus","version":"3.0.2","language":"fr","enabled_languages":["en","de","fr","it"],"languages":{"en":{"title":true,"content":true,"excerpt":false},"de":{"title":true,"content":true,"excerpt":false},"fr":{"title":true,"content":true,"excerpt":false},"it":{"title":true,"content":true,"excerpt":false}}},"_links":{"self":[{"href":"https:\/\/beverageinstitute.ch\/fr\/wp-json\/wp\/v2\/pages\/35642","targetHints":{"allow":["GET"]}}],"collection":[{"href":"https:\/\/beverageinstitute.ch\/fr\/wp-json\/wp\/v2\/pages"}],"about":[{"href":"https:\/\/beverageinstitute.ch\/fr\/wp-json\/wp\/v2\/types\/page"}],"author":[{"embeddable":true,"href":"https:\/\/beverageinstitute.ch\/fr\/wp-json\/wp\/v2\/users\/1"}],"replies":[{"embeddable":true,"href":"https:\/\/beverageinstitute.ch\/fr\/wp-json\/wp\/v2\/comments?post=35642"}],"version-history":[{"count":18,"href":"https:\/\/beverageinstitute.ch\/fr\/wp-json\/wp\/v2\/pages\/35642\/revisions"}],"predecessor-version":[{"id":37659,"href":"https:\/\/beverageinstitute.ch\/fr\/wp-json\/wp\/v2\/pages\/35642\/revisions\/37659"}],"up":[{"embeddable":true,"href":"https:\/\/beverageinstitute.ch\/fr\/wp-json\/wp\/v2\/pages\/28850"}],"wp:featuredmedia":[{"embeddable":true,"href":"https:\/\/beverageinstitute.ch\/fr\/wp-json\/wp\/v2\/media\/35572"}],"wp:attachment":[{"href":"https:\/\/beverageinstitute.ch\/fr\/wp-json\/wp\/v2\/media?parent=35642"}],"curies":[{"name":"wp","href":"https:\/\/api.w.org\/{rel}","templated":true}]}}