{"id":36647,"date":"2025-01-09T17:08:30","date_gmt":"2025-01-09T16:08:30","guid":{"rendered":"https:\/\/beverageinstitute.ch\/?page_id=36647"},"modified":"2026-04-21T13:29:18","modified_gmt":"2026-04-21T11:29:18","slug":"niveau-2-einfuhrung-in-die-destillation-und-die-fachkunde-von-spirituosen-sowie-deren-anwendung-nach-kategorie","status":"publish","type":"page","link":"https:\/\/beverageinstitute.ch\/fr\/distilling-courses\/niveau-2-einfuhrung-in-die-destillation-und-die-fachkunde-von-spirituosen-sowie-deren-anwendung-nach-kategorie\/","title":{"rendered":"Niveau 2 &#8211; Certificat de Sp\u00e9cialiste en Spiritueux"},"content":{"rendered":"\n<p class=\"p1\"><i>Cat\u00e9gories, proc\u00e9d\u00e9s de production, tendances du march\u00e9 et service<\/i><i><\/i><\/p>\n<p class=\"p1\"><b><i>\u00c0 qui s&rsquo;adresse cette formation ?<\/i><\/b><b><i><\/i><\/b><\/p>\n<p class=\"p1\">Cette formation a \u00e9t\u00e9 con\u00e7ue pour r\u00e9pondre aux besoins de tous les professionnels du secteur des spiritueux : ambassadeurs de marque, commerciaux, responsables marketing chez les grossistes, ou tout personnel en contact direct avec la client\u00e8le dans le secteur de l&rsquo;h\u00f4tellerie-restauration, que ce soit dans un h\u00f4tel, un restaurant, un bar, une discoth\u00e8que ou dans le cadre d&rsquo;un service traiteur. Les tendances du march\u00e9 et les statistiques actuelles sur les marques et la consommation de boissons font partie int\u00e9grante de la formation.<\/p>\n<p class=\"p1\">La formation combine les m\u00e9thodes de production, les cat\u00e9gories de spiritueux et le choix des alambics disponibles. La l\u00e9gislation suisse relative \u00e0 la distillation et au service des boissons alcoolis\u00e9es fait partie int\u00e9grante de la formation.<\/p>\n<p class=\"p1\">Une approche professionnelle de la d\u00e9gustation et de l&rsquo;\u00e9valuation de toutes les principales cat\u00e9gories de spiritueux, ainsi que de la mani\u00e8re d&rsquo;\u00e9valuer leur qualit\u00e9.<\/p>\n<p class=\"p1\">Nous vous pr\u00e9senterons les principes du service et de la mixologie (cat\u00e9gorie des cocktails), en fonction de chaque type de spiritueux et des options de service disponibles.<\/p>\n<p class=\"p1\">La l\u00e9gislation et les tendances du march\u00e9 au sein de chaque cat\u00e9gorie de spiritueux font partie des connaissances sur les produits abord\u00e9es dans le cours.<\/p>\n<p class=\"p1\"><b><i>Quels avantages en tirerez-vous ?<\/i><\/b><\/p>\n<ul>\n<li class=\"p1\">Influence des m\u00e9thodes de production sur les caract\u00e9ristiques des spiritueux et des liqueurs<\/li>\n<li class=\"p1\">Caract\u00e9ristiques des principaux spiritueux et liqueurs du monde<\/li>\n<li class=\"p1\">\u00c9valuation d&rsquo;un spiritueux selon une approche professionnelle et rigoureuse, adapt\u00e9e \u00e0 chaque cat\u00e9gorie<\/li>\n<li class=\"p1\">Tendances en mati\u00e8re de service et de march\u00e9 pour les spiritueux<\/li>\n<li class=\"p1\">Connaissance de la l\u00e9gislation suisse relative \u00e0 la production et au service des boissons alcoolis\u00e9es<\/li>\n<\/ul>\n<p class=\"p1\"><b><i>Aper\u00e7u du programme<\/i><\/b><\/p>\n<ul>\n<li class=\"p1\"><b><i><\/i><\/b>Le march\u00e9 des spiritueux et ses tendances<\/li>\n<li class=\"p1\">Production &#8211; diff\u00e9rentes m\u00e9thodes de distillation<\/li>\n<li class=\"p1\">Brandy, cognac, armagnac, grappa, pisco, calvados, eaux-de-vie de fruits<\/li>\n<li class=\"p1\">Rhum, rhum agricole, rhum industriel<\/li>\n<li class=\"p1\">Spiritueux \u00e0 base d&rsquo;agave &#8211; tequila, mezcal, bacanora, raicilla, sotol<\/li>\n<li class=\"p1\">Whisky, whiskey, bourbon<\/li>\n<li class=\"p1\">Spiritueux asiatiques &#8211; baijiu, awamori, shochu\u2026<\/li>\n<li class=\"p1\">Vodka et spiritueux aromatis\u00e9s &#8211; gin, geni\u00e8vre, absinthe, pastis, ouzo, raki, cinc\u00f3n<\/li>\n<li class=\"p1\">Vermouths et bitters<\/li>\n<li class=\"p1\">Liqueurs<\/li>\n<\/ul>\n<p class=\"p1\"><b>Pour obtenir la certification de niveau 2, les candidats devront :<\/b><\/p>\n<p class=\"p1\"><b>R\u00e9ussir<\/b><\/p>\n<ul>\n<li class=\"p1\">Connaissances en spiritueux<b> &#8211;<\/b> un examen compos\u00e9 de questions \u00e0 choix multiples et de questions \u00e0 r\u00e9ponse courte<\/li>\n<\/ul>\n<p class=\"p1\"><b>Inclus dans le prix de la formation : <\/b>&#8211; le mat\u00e9riel p\u00e9dagogique, les \u00e9chantillons de spiritueux, les frais d&rsquo;inscription et l&rsquo;acc\u00e8s au site d&rsquo;aide \u00e0 l&rsquo;apprentissage pendant toute la dur\u00e9e de la formation<\/p>\n<p class=\"p1\"><b>Connaissances requises pour acc\u00e9der \u00e0 la formation :<\/b> aucune, mais nous vous recommandons vivement d&rsquo;avoir suivi et r\u00e9ussi le cours de niveau 1 \u00ab Introduction aux spiritueux \u00bb et, \u00e0 titre facultatif, le cours de niveau 1 \u00ab Introduction pratique \u00e0 la distillation et \u00e0 l&rsquo;aromatisation des spiritueux \u00bb.<\/p>\n<p class=\"p1\"><i>N.B. : en cas de doute, veuillez nous contacter afin que nous puissions vous aider \u00e0 choisir le niveau de formation adapt\u00e9 \u00e0 vos besoins et \u00e0 vos objectifs.<\/i><i><\/i><\/p>\n<p class=\"p1\"><b>Heures d&rsquo;apprentissage guid\u00e9 : <\/b>&#8211; Il est recommand\u00e9 au candidat de consacrer au moins 28 heures d&rsquo;\u00e9tude pour mener \u00e0 bien l&rsquo;ensemble du programme. Ces heures se r\u00e9partissent g\u00e9n\u00e9ralement entre cours magistraux et travail personnel. Il est recommand\u00e9 que les cours magistraux du programme ne soient pas inf\u00e9rieurs \u00e0 12 heures.<\/p>\n<p class=\"p1\"><b>Acquis d&rsquo;apprentissage<\/b> &#8211; \u00c0 l&rsquo;issue de cette formation, le candidat sera capable de :<\/p>\n<ul>\n<li class=\"p1\">d\u00e9montrer qu&rsquo;il comprend les facteurs qui influencent la production des spiritueux et des liqueurs, ainsi que la mani\u00e8re dont ces facteurs d\u00e9terminent leurs caract\u00e9ristiques<\/li>\n<li class=\"p1\">d\u00e9montrer une compr\u00e9hension de base du march\u00e9 mondial et local des spiritueux et des liqueurs, et explorer l&rsquo;importance de l&rsquo;\u00ab image de marque \u00bb sur ce march\u00e9<\/li>\n<li class=\"p1\">d\u00e9crire les caract\u00e9ristiques des spiritueux et liqueurs les plus populaires \u00e0 l&rsquo;\u00e9chelle internationale<\/li>\n<li class=\"p1\">r\u00e9diger des notes de d\u00e9gustation d&rsquo;un niveau coh\u00e9rent et professionnel<\/li>\n<li class=\"p1\">utiliser ses connaissances pour formuler des recommandations concernant la s\u00e9lection, le service et l&rsquo;utilisation des spiritueux et liqueurs<\/li>\n<li class=\"p1\">d\u00e9montrer sa connaissance de la l\u00e9gislation et des questions sanitaires, sociales et de s\u00e9curit\u00e9 li\u00e9es \u00e0 la production, \u00e0 la consommation et au service des spiritueux<\/li>\n<\/ul>\n\n\n","protected":false},"excerpt":{"rendered":"<p>Cat\u00e9gories, proc\u00e9d\u00e9s de production, tendances du march\u00e9 et service \u00c0 qui s&rsquo;adresse cette formation ? Cette formation a \u00e9t\u00e9 con\u00e7ue pour r\u00e9pondre aux besoins de tous les professionnels du secteur des spiritueux : ambassadeurs de marque, commerciaux, responsables marketing chez les grossistes, ou tout personnel en contact direct avec la client\u00e8le dans le secteur de &hellip; <\/p>\n<p class=\"link-more\"><a href=\"https:\/\/beverageinstitute.ch\/fr\/distilling-courses\/niveau-2-einfuhrung-in-die-destillation-und-die-fachkunde-von-spirituosen-sowie-deren-anwendung-nach-kategorie\/\" class=\"more-link\">Continuer la lecture<span class=\"screen-reader-text\"> de &laquo;&nbsp;Niveau 2 &#8211; Certificat de Sp\u00e9cialiste en Spiritueux&nbsp;&raquo;<\/span><\/a><\/p>\n","protected":false},"author":1,"featured_media":36701,"parent":28853,"menu_order":1,"comment_status":"closed","ping_status":"closed","template":"","meta":{"footnotes":""},"class_list":["post-36647","page","type-page","status-publish","has-post-thumbnail","hentry"],"translation":{"provider":"WPGlobus","version":"3.0.2","language":"fr","enabled_languages":["en","de","fr","it"],"languages":{"en":{"title":true,"content":true,"excerpt":false},"de":{"title":true,"content":true,"excerpt":false},"fr":{"title":true,"content":true,"excerpt":false},"it":{"title":true,"content":true,"excerpt":false}}},"_links":{"self":[{"href":"https:\/\/beverageinstitute.ch\/fr\/wp-json\/wp\/v2\/pages\/36647","targetHints":{"allow":["GET"]}}],"collection":[{"href":"https:\/\/beverageinstitute.ch\/fr\/wp-json\/wp\/v2\/pages"}],"about":[{"href":"https:\/\/beverageinstitute.ch\/fr\/wp-json\/wp\/v2\/types\/page"}],"author":[{"embeddable":true,"href":"https:\/\/beverageinstitute.ch\/fr\/wp-json\/wp\/v2\/users\/1"}],"replies":[{"embeddable":true,"href":"https:\/\/beverageinstitute.ch\/fr\/wp-json\/wp\/v2\/comments?post=36647"}],"version-history":[{"count":74,"href":"https:\/\/beverageinstitute.ch\/fr\/wp-json\/wp\/v2\/pages\/36647\/revisions"}],"predecessor-version":[{"id":38158,"href":"https:\/\/beverageinstitute.ch\/fr\/wp-json\/wp\/v2\/pages\/36647\/revisions\/38158"}],"up":[{"embeddable":true,"href":"https:\/\/beverageinstitute.ch\/fr\/wp-json\/wp\/v2\/pages\/28853"}],"wp:featuredmedia":[{"embeddable":true,"href":"https:\/\/beverageinstitute.ch\/fr\/wp-json\/wp\/v2\/media\/36701"}],"wp:attachment":[{"href":"https:\/\/beverageinstitute.ch\/fr\/wp-json\/wp\/v2\/media?parent=36647"}],"curies":[{"name":"wp","href":"https:\/\/api.w.org\/{rel}","templated":true}]}}