{"id":37820,"date":"2025-09-16T13:00:29","date_gmt":"2025-09-16T11:00:29","guid":{"rendered":"https:\/\/beverageinstitute.ch\/?post_type=product&#038;p=37820"},"modified":"2026-03-10T11:16:45","modified_gmt":"2026-03-10T10:16:45","slug":"niveau-1-introduction-au-vin-et-aux-vins-suisses-formation-a-distance","status":"publish","type":"product","link":"https:\/\/beverageinstitute.ch\/fr\/product\/niveau-1-introduction-au-vin-et-aux-vins-suisses-formation-a-distance\/","title":{"rendered":"Niveau 1 &#8211; Introduction au vin et aux vins Suisses, formation \u00e0 distance"},"content":{"rendered":"<p>apprenez \u00e0 votre rythme et selon votre propre emploi du temps, l&rsquo;examen se d\u00e9roule \u00e9galement en ligne.<\/p>\n<p>Vous pouvez commencer le cours \u00e0 tout moment, apprendre \u00e0 votre rythme et passer l&rsquo;examen en ligne.<br \/>\nL&rsquo;acc\u00e8s aux supports de cours en ligne et \u00e0 l&rsquo;examen est limit\u00e9 \u00e0 30 jours.<\/p>\n<ul>\n<li>\u00a0Veuillez cr\u00e9er votre profil et connectez-vous afin de pouvoir r\u00e9server votre place sur ce cours<\/li>\n<\/ul>\n<p><em>N.B. Nous acceptons les paiements par carte de d\u00e9bit ou de cartes de cr\u00e9dit \u00e0 travers le syst\u00e8me SumUp mais vous pouvez aussi payer par virement bancaire. <\/em><\/p>\n<p><em>V<\/em><em>euillez noter que nous aurons besoin que vous compl\u00e9tez les informations d&rsquo;inscription (qui incluent votre date de naissance), afin de terminer le processus d&rsquo;inscription le plus rapidement possible pour vous.<\/em><\/p>\n<p class=\"p2\">Les \u00e9chantillons de vin ne sont pas inclus dans le cours, mais vous allez pouvoir les commander aupr\u00e9s de Vinovae ou dans le commerce.<\/p>\n","protected":false},"excerpt":{"rendered":"<h6><strong>Niveau 1 &#8211; Introduction au vin et aux vins suisses<em><br \/>\n<\/em><\/strong><\/h6>\n<h6><strong><em>\u00c0 qui s&rsquo;adresse-t-il?<\/em><\/strong><\/h6>\n<p>Le cours s&rsquo;adresse \u00e0 tous ceux qui s&rsquo;int\u00e9ressent au vin mais qui n&rsquo;ont pas ou peu de connaissances en la mati\u00e8re. Comme nous sommes dans un pays producteur de vin, nous vous pr\u00e9senterons \u00e9galement les principaux c\u00e9pages produits en Suisse.<\/p>\n<h6><strong><em>Qu&rsquo;apporte-t-il?<\/em><\/strong><\/h6>\n<p>L&rsquo;objectif du cours est d&rsquo;offrir un niveau de connaissances de base sur la production du vin et les principaux styles de vin et de c\u00e9pages dans le monde. Les principes d&rsquo;association des mets et des vins sera aussi inclus au cours.<\/p>\n<p>apprenez \u00e0 votre rythme et selon votre propre emploi du temps, l&rsquo;examen se d\u00e9roule \u00e9galement en ligne.<\/p>\n<p>Vous pouvez commencer le cours \u00e0 tout moment, apprendre \u00e0 votre rythme et passer l&rsquo;examen en ligne.<br \/>\nL&rsquo;acc\u00e8s aux supports de cours en ligne et \u00e0 l&rsquo;examen est limit\u00e9 \u00e0 30 jours.<\/p>\n<p>&nbsp;<\/p>\n","protected":false},"featured_media":30619,"template":"","meta":[],"product_brand":[],"product_cat":[204,21],"product_tag":[210,208,209,79],"class_list":{"0":"post-37820","1":"product","2":"type-product","3":"status-publish","4":"has-post-thumbnail","6":"product_cat-formation-a-distance-fernstudium-formazione-a-distanza","7":"product_cat-l1-intro-wine","8":"product_tag-n1wset","9":"product_tag-niveau-1-vins-suisse","10":"product_tag-vin-suisse","11":"product_tag-wset","13":"first","14":"instock","15":"shipping-taxable","16":"purchasable","17":"product-type-simple"},"translation":{"provider":"WPGlobus","version":"3.0.2","language":"fr","enabled_languages":["en","de","fr","it"],"languages":{"en":{"title":true,"content":true,"excerpt":true},"de":{"title":false,"content":false,"excerpt":false},"fr":{"title":false,"content":false,"excerpt":false},"it":{"title":false,"content":false,"excerpt":false}}},"_links":{"self":[{"href":"https:\/\/beverageinstitute.ch\/fr\/wp-json\/wp\/v2\/product\/37820","targetHints":{"allow":["GET"]}}],"collection":[{"href":"https:\/\/beverageinstitute.ch\/fr\/wp-json\/wp\/v2\/product"}],"about":[{"href":"https:\/\/beverageinstitute.ch\/fr\/wp-json\/wp\/v2\/types\/product"}],"wp:featuredmedia":[{"embeddable":true,"href":"https:\/\/beverageinstitute.ch\/fr\/wp-json\/wp\/v2\/media\/30619"}],"wp:attachment":[{"href":"https:\/\/beverageinstitute.ch\/fr\/wp-json\/wp\/v2\/media?parent=37820"}],"wp:term":[{"taxonomy":"product_brand","embeddable":true,"href":"https:\/\/beverageinstitute.ch\/fr\/wp-json\/wp\/v2\/product_brand?post=37820"},{"taxonomy":"product_cat","embeddable":true,"href":"https:\/\/beverageinstitute.ch\/fr\/wp-json\/wp\/v2\/product_cat?post=37820"},{"taxonomy":"product_tag","embeddable":true,"href":"https:\/\/beverageinstitute.ch\/fr\/wp-json\/wp\/v2\/product_tag?post=37820"}],"curies":[{"name":"wp","href":"https:\/\/api.w.org\/{rel}","templated":true}]}}