{"id":37878,"date":"2025-10-15T11:11:11","date_gmt":"2025-10-15T09:11:11","guid":{"rendered":"https:\/\/beverageinstitute.ch\/?post_type=product&#038;p=37878"},"modified":"2026-03-11T11:23:46","modified_gmt":"2026-03-11T10:23:46","slug":"niveau-2-certificat-specialiste-en-spiritueux-zertifikat-spirituosen-spezialist-francais-deutsch-31-08-2026-fribourg","status":"publish","type":"product","link":"https:\/\/beverageinstitute.ch\/fr\/product\/niveau-2-certificat-specialiste-en-spiritueux-zertifikat-spirituosen-spezialist-francais-deutsch-31-08-2026-fribourg\/","title":{"rendered":"Niveau 2 &#8211; Certificat sp\u00e9cialiste en spiritueux \/ Zertifikat Spirituosen-Spezialist &#8211; fran\u00e7ais &#038; deutsch &#8211; 31.08.2026 &#8211; Fribourg"},"content":{"rendered":"<table class=\" aligncenter\" style=\"width: 122.118%; height: 2007px;\" align=\"center\">\n<tbody>\n<tr style=\"height: 156px;\">\n<td style=\"width: 54.3432%; height: 156px;\" colspan=\"2\"><strong>Niveau 2 &#8211; Certificat Sp\u00e9cialiste en Spiritueux<br \/>\n<\/strong>Instruction bilingue, mat\u00e9riel de cours et l&rsquo;examen en langue fran\u00e7aise ou allemande<\/td>\n<td style=\"width: 52.2425%; height: 156px;\" colspan=\"2\"><strong>Niveau 2 &#8211; Zertifikat Spirituosen-Spezialist<\/strong><strong><br \/>\n<\/strong>Zweisprachige Unterricht, Kursmaterial und Pr\u00fcfung in der deutsche oder franz\u00f6sische Sprache<\/td>\n<\/tr>\n<tr style=\"height: 26px;\">\n<td style=\"width: 54.3432%; height: 26px;\" colspan=\"2\"><strong>\u00a0Lundi, le 31 ao\u00fbt 2026<\/strong><\/td>\n<td style=\"width: 52.2425%; height: 26px;\" colspan=\"2\"><strong>Montag, den 31. August 2026<\/strong><\/td>\n<\/tr>\n<tr style=\"height: 79px;\">\n<td style=\"width: 11.189%; height: 79px;\"><em>\u00e0 partir de 08:15<br \/>\n<\/em><\/td>\n<td style=\"width: 43.1542%; height: 79px;\"><em>Bienvenue<\/em><\/td>\n<td style=\"width: 11.7387%; height: 79px;\"><em>ab 08:15<\/em><\/td>\n<td style=\"width: 40.5038%; height: 79px;\"><em>Willkommen<\/em><\/td>\n<\/tr>\n<tr style=\"height: 53px;\">\n<td style=\"width: 11.189%; height: 53px;\">08:30<\/td>\n<td style=\"width: 43.1542%; height: 53px;\">Introduction au cours et les objectifs<\/td>\n<td style=\"width: 11.7387%; height: 53px;\">08:30<\/td>\n<td style=\"width: 40.5038%; height: 53px;\">Kurseinf\u00fchrung und die Lernziele<\/td>\n<\/tr>\n<tr style=\"height: 26px;\">\n<td style=\"width: 11.189%; height: 26px;\">08:40<\/td>\n<td style=\"width: 43.1542%; height: 26px;\">Approche pratique de la d\u00e9gustation des spiritueux<\/td>\n<td style=\"width: 11.7387%; height: 26px;\">08:40<\/td>\n<td style=\"width: 40.5038%; height: 26px;\">Verkostungstechnik<\/td>\n<\/tr>\n<tr style=\"height: 79px;\">\n<td style=\"width: 11.189%; height: 79px;\">09:40<\/td>\n<td style=\"width: 43.1542%; height: 79px;\">Statistiques et tendances dans le monde des spiritueux<\/td>\n<td style=\"width: 11.7387%; height: 79px;\">09:40<\/td>\n<td style=\"width: 40.5038%; height: 79px;\">Statistiken und Trends in der Welt der Spirituosen<\/td>\n<\/tr>\n<tr>\n<td style=\"width: 11.189%;\">10:00<\/td>\n<td style=\"width: 43.1542%;\">Principes de la production des spiritueux<\/td>\n<td style=\"width: 11.7387%;\">10:00<\/td>\n<td style=\"width: 40.5038%;\">Prinzipien der Spirituosenherstellung<\/td>\n<\/tr>\n<tr style=\"height: 26px;\">\n<td style=\"width: 11.189%; height: 26px;\"><em>11:30<\/em><\/td>\n<td style=\"width: 43.1542%; height: 26px;\"><em>Pause d\u00e9jeuner<\/em><\/td>\n<td style=\"width: 11.7387%; height: 26px;\"><em>11:30<\/em><\/td>\n<td style=\"width: 40.5038%; height: 26px;\"><em>Mittagspause<\/em><\/td>\n<\/tr>\n<tr style=\"height: 79px;\">\n<td style=\"width: 11.189%; height: 79px;\">12:30<\/td>\n<td style=\"width: 43.1542%; height: 79px;\">Eaux-de-vie des fruits &#8211; Cognac, Armagnac<\/td>\n<td style=\"width: 11.7387%; height: 79px;\">12:30<\/td>\n<td style=\"width: 40.5038%; height: 79px;\">Fruchtbr\u00e4nde &#8211; Cognac, Armagnac<\/td>\n<\/tr>\n<tr style=\"height: 26px;\">\n<td style=\"width: 11.189%; height: 26px;\">14:00<\/td>\n<td style=\"width: 43.1542%; height: 26px;\">Marc, Pisco, Calvados<\/td>\n<td style=\"width: 11.7387%; height: 26px;\">14:00<\/td>\n<td style=\"width: 40.5038%; height: 26px;\">Trester, Pisco, Calvados<\/td>\n<\/tr>\n<tr style=\"height: 26px;\">\n<td style=\"width: 11.189%; height: 26px;\">15:00<\/td>\n<td style=\"width: 43.1542%; height: 26px;\">Rhum &amp; Rhum agricole<\/td>\n<td style=\"width: 11.7387%; height: 26px;\">15:00<\/td>\n<td style=\"width: 40.5038%; height: 26px;\">Rum &amp; Rhum agricole<\/td>\n<\/tr>\n<tr style=\"height: 53px;\">\n<td style=\"width: 11.189%; height: 53px;\">16:30<\/td>\n<td style=\"width: 43.1542%; height: 53px;\"><em>Questions et fin de la premi\u00e8re journ\u00e9e du cours<\/em><\/td>\n<td style=\"width: 11.7387%; height: 53px;\"><em>16:30<\/em><\/td>\n<td style=\"width: 40.5038%; height: 53px;\"><em>Fragen und Ende vom ersten Kurstag<\/em><\/td>\n<\/tr>\n<tr style=\"height: 53px;\">\n<td style=\"width: 54.3432%; height: 53px;\" colspan=\"2\"><strong>Lundi<\/strong><strong>, le 7 septembre 2026<\/strong><\/td>\n<td style=\"width: 52.2425%; height: 53px;\" colspan=\"2\"><strong><br \/>\n<\/strong><strong>Montag, den 7. September 2026<\/strong><\/td>\n<\/tr>\n<tr style=\"height: 79px;\">\n<td style=\"width: 11.189%; height: 79px;\"><em>\u00e0 partir de 08:15<\/em><\/td>\n<td style=\"width: 43.1542%; height: 79px;\"><em>Bienvenue<\/em><\/td>\n<td style=\"width: 11.7387%; height: 79px;\"><em>ab 08:15<\/em><\/td>\n<td style=\"width: 40.5038%; height: 79px;\"><em>Willkommen<\/em><\/td>\n<\/tr>\n<tr>\n<td style=\"width: 11.189%;\">08:30<\/td>\n<td style=\"width: 43.1542%;\">Spiritueux de fruits en Suisse et dans les pays voisins<\/td>\n<td style=\"width: 11.7387%;\">08:30<\/td>\n<td style=\"width: 40.5038%;\">Obstbr\u00e4nde in der Schweiz und im benachbarten Ausland<\/td>\n<\/tr>\n<tr style=\"height: 26px;\">\n<td style=\"width: 11.189%; height: 26px;\">09:30<\/td>\n<td style=\"width: 43.1542%; height: 26px;\">Scotch Whisky &#8211; Blended et Single Malt<\/td>\n<td style=\"width: 11.7387%; height: 26px;\">09:30<\/td>\n<td style=\"width: 40.5038%; height: 26px;\">Scotch Whisky &#8211; Blended und Single Malt<\/td>\n<\/tr>\n<tr style=\"height: 26px;\">\n<td style=\"width: 11.189%; height: 26px;\"><em>11:30<\/em><\/td>\n<td style=\"width: 43.1542%; height: 26px;\"><em>Pause d\u00e9jeuner<\/em><\/td>\n<td style=\"width: 11.7387%; height: 26px;\"><em>11:30<\/em><\/td>\n<td style=\"width: 40.5038%; height: 26px;\"><em>Mittagspause<\/em><\/td>\n<\/tr>\n<tr style=\"height: 26px;\">\n<td style=\"width: 11.189%; height: 26px;\">12:30<\/td>\n<td style=\"width: 43.1542%; height: 26px;\">Bourbon, Tennessee, Rye Whiskey<\/td>\n<td style=\"width: 11.7387%; height: 26px;\">12:30<\/td>\n<td style=\"width: 40.5038%; height: 26px;\">Bourbon, Tennessee, Rye Whiskey<\/td>\n<\/tr>\n<tr style=\"height: 26px;\">\n<td style=\"width: 11.189%; height: 26px;\">14:00<\/td>\n<td style=\"width: 43.1542%; height: 26px;\">Irish Whiskey, Canada &amp; Japon<\/td>\n<td style=\"width: 11.7387%; height: 26px;\">14:00<\/td>\n<td style=\"width: 40.5038%; height: 26px;\">Irish Whiskey, Kanada &amp; Japan<\/td>\n<\/tr>\n<tr>\n<td style=\"width: 11.189%;\">15:00<\/td>\n<td style=\"width: 43.1542%;\">Spiritueux d&rsquo;Agave &#8211; Tequila &amp; Mezcal<\/td>\n<td style=\"width: 11.7387%;\">15:00<\/td>\n<td style=\"width: 40.5038%;\">Agave Spirituosen &#8211; Tequila &amp; Mezcal<\/td>\n<\/tr>\n<tr style=\"height: 53px;\">\n<td style=\"width: 11.189%; height: 53px;\"><em>16:30<\/em><\/td>\n<td style=\"width: 43.1542%; height: 53px;\"><em>Questions et fin de la deuxi\u00e8me journ\u00e9e du cours<\/em><\/td>\n<td style=\"width: 11.7387%; height: 53px;\"><em>16:30<\/em><\/td>\n<td style=\"width: 40.5038%; height: 53px;\"><em>Fragen und Ende vom zweiten Kurstag<\/em><\/td>\n<\/tr>\n<tr style=\"height: 53px;\">\n<td style=\"width: 11.189%; height: 53px;\" colspan=\"2\"><strong>Lundi, le 14 septembre 2026<\/strong><\/td>\n<td style=\"width: 11.7387%; height: 53px;\" colspan=\"2\"><strong><br \/>\n<\/strong><strong>Montag, den 14. September 2026<\/strong><\/td>\n<\/tr>\n<tr style=\"height: 79px;\">\n<td style=\"width: 11.189%; height: 79px;\"><em>\u00e0 partir de 08:15<\/em><\/td>\n<td style=\"width: 43.1542%; height: 79px;\"><em>Bienvenue<\/em><\/td>\n<td style=\"width: 11.7387%; height: 79px;\"><em>ab 08:15<\/em><\/td>\n<td style=\"width: 40.5038%; height: 79px;\"><em>Willkommen<\/em><\/td>\n<\/tr>\n<tr style=\"height: 26px;\">\n<td style=\"width: 11.189%; height: 26px;\">08:30<\/td>\n<td style=\"width: 43.1542%; height: 26px;\">Spiritueux asiatiques<\/td>\n<td style=\"width: 11.7387%; height: 26px;\">08:30<\/td>\n<td style=\"width: 40.5038%; height: 26px;\">Asiatische Spirituosen<\/td>\n<\/tr>\n<tr style=\"height: 53px;\">\n<td style=\"width: 11.189%; height: 53px;\">10:30<\/td>\n<td style=\"width: 43.1542%; height: 53px;\">Vodka et spiritueux aromatis\u00e9s<\/td>\n<td style=\"width: 11.7387%; height: 53px;\">10:30<\/td>\n<td style=\"width: 40.5038%; height: 53px;\">Wodka und aromatisierte Spirituosen<\/td>\n<\/tr>\n<tr style=\"height: 26px;\">\n<td style=\"width: 11.189%; height: 26px;\">11:30<\/td>\n<td style=\"width: 43.1542%; height: 26px;\"><em>Pause d\u00e9jeuner<\/em><\/td>\n<td style=\"width: 11.7387%; height: 26px;\"><em>11:30<\/em><\/td>\n<td style=\"width: 40.5038%; height: 26px;\"><em>Mittagspause<\/em><\/td>\n<\/tr>\n<tr>\n<td style=\"width: 11.189%;\">12:30<\/td>\n<td style=\"width: 43.1542%;\">Vins aromatis\u00e9s &amp; liqueurs<\/td>\n<td style=\"width: 11.7387%;\">12:30<\/td>\n<td style=\"width: 40.5038%;\">Aromatisierte Weine &amp; Lik\u00f6re<\/td>\n<\/tr>\n<tr>\n<td style=\"width: 11.189%;\">15:00<\/td>\n<td style=\"width: 43.1542%;\">Questions et r\u00e9vision<\/td>\n<td style=\"width: 11.7387%;\">15:00<\/td>\n<td style=\"width: 40.5038%;\">Fragen und Revision<\/td>\n<\/tr>\n<tr>\n<td style=\"width: 11.189%;\"><em>15:20<\/em><\/td>\n<td style=\"width: 43.1542%;\"><em>Courte Pause<\/em><\/td>\n<td style=\"width: 11.7387%;\"><em>15:20<\/em><\/td>\n<td style=\"width: 40.5038%;\"><em>Kurze Pause<\/em><\/td>\n<\/tr>\n<tr style=\"height: 53px;\">\n<td style=\"width: 11.189%; height: 53px;\">15:00<\/td>\n<td style=\"width: 43.1542%; height: 53px;\">Niveau 2 &#8211; Certificat Sp\u00e9cialiste en spiritueux &#8211; examen<\/td>\n<td style=\"width: 11.7387%; height: 53px;\">15:00<\/td>\n<td style=\"width: 40.5038%; height: 53px;\">Niveau 2 &#8211; Zertifikat in Spirituosen Spezialist &#8211; Pr\u00fcfung<\/td>\n<\/tr>\n<tr style=\"height: 26px;\">\n<td style=\"width: 11.189%; height: 26px;\">16:30<\/td>\n<td style=\"width: 43.1542%; height: 26px;\"><em>Fin du cours et de l&rsquo;examen<\/em><\/td>\n<td style=\"width: 11.7387%; height: 26px;\"><em>16:30<\/em><\/td>\n<td style=\"width: 40.5038%; height: 26px;\"><em>Kursende und der Pr\u00fcfung<\/em><\/td>\n<\/tr>\n<\/tbody>\n<\/table>\n<ul>\n<li>Veuillez noter que ce cours est organis\u00e9 en partenariat avec GastroFribourg. Veuillez contacter le s\u00e9cretariat de <a href=\"https:\/\/www.gastrofribourg.ch\/fr\" target=\"_blank\" rel=\"noopener\">GastroFribourg pour r\u00e9server votre place<\/a><\/li>\n<li>Bitte merken Sie dass der Kurs wird in Zusammenarbeit mit GastroFribourg angeboten. Bitte kontaktieren Sie <a href=\"https:\/\/www.gastrofribourg.ch\/de\" target=\"_blank\" rel=\"noopener\">GastroFribourg um Ihren Platz auf den Kurs zu reservieren<\/a><\/li>\n<\/ul>\n","protected":false},"excerpt":{"rendered":"<h6><em><strong>Qu&rsquo;apporte-t-il?<\/strong><\/em><\/h6>\n<p>Ce cours a \u00e9t\u00e9 con\u00e7u pour r\u00e9pondre aux besoins de tous ceux qui travaillent dans l&rsquo;industrie des spiritueux : ambassadeurs de la marque <em>(Brand Ambassadors)<\/em>, ventes, marketing pour les grossistes, ou tous ceux qui travaillent en premi\u00e8re ligne dans l&rsquo;industrie des services, que ce soit dans un h\u00f4tel, un restaurant, un bar, une bo\u00eete de nuit ou un service de traiteur. Les tendances du march\u00e9 et les statistiques actuelles concernant les marques et la consommation de boissons font partie int\u00e9grante du cours.<\/p>\n<h6><em><strong>Was wird geboten?<\/strong><\/em><\/h6>\n<p><!-- wp:paragraph --><\/p>\n<p>Dieser Kurs wurde f\u00fcr alle konzipiert, die in der Spirituosenbranche t\u00e4tig sind: \u00ab\u00a0Brand Ambassadors\u00a0\u00bb<em> (Markenbotschafter)<\/em>, Vertrieb, Marketing f\u00fcr Gro\u00dfh\u00e4ndler oder alle, die in der Dienstleistungsbranche an der Rezeption arbeiten, sei es in einem Hotel, Restaurant, einer Bar, einem Nachtclub oder im Event-Catering. Markttrends und aktuelle Statistiken zu Marken und Getr\u00e4nkekonsum sind ein integraler Bestandteil des Kurses.<!-- \/wp:paragraph --><\/p>\n","protected":false},"featured_media":36701,"template":"","meta":[],"product_brand":[],"product_cat":[27],"product_tag":[162,224,213,225,228,227,223,222,229,230,115,215,216,155,226],"class_list":{"0":"post-37878","1":"product","2":"type-product","3":"status-publish","4":"has-post-thumbnail","6":"product_cat-spirits-courses","7":"product_tag-cours-spiritueux","8":"product_tag-eau-de-vie-cours","9":"product_tag-edelbrand-sommelier","10":"product_tag-expert-spiritueux","11":"product_tag-l2-wset-spirits","12":"product_tag-l2wset-spiritueux","13":"product_tag-sommelier-eau-de-vie","14":"product_tag-sommelier-spiritueux","15":"product_tag-specialiste-spiritueux","16":"product_tag-specialiste-eau-de-vie","17":"product_tag-spiritueux","18":"product_tag-spirituosen-sommelier","19":"product_tag-spirituosen-spezialist","20":"product_tag-spirituosenkurs","21":"product_tag-wset-spiritueux","23":"first","24":"instock","25":"shipping-taxable","26":"product-type-simple"},"translation":{"provider":"WPGlobus","version":"3.0.2","language":"fr","enabled_languages":["en","de","fr","it"],"languages":{"en":{"title":true,"content":true,"excerpt":true},"de":{"title":false,"content":false,"excerpt":false},"fr":{"title":false,"content":false,"excerpt":false},"it":{"title":false,"content":false,"excerpt":false}}},"_links":{"self":[{"href":"https:\/\/beverageinstitute.ch\/fr\/wp-json\/wp\/v2\/product\/37878","targetHints":{"allow":["GET"]}}],"collection":[{"href":"https:\/\/beverageinstitute.ch\/fr\/wp-json\/wp\/v2\/product"}],"about":[{"href":"https:\/\/beverageinstitute.ch\/fr\/wp-json\/wp\/v2\/types\/product"}],"wp:featuredmedia":[{"embeddable":true,"href":"https:\/\/beverageinstitute.ch\/fr\/wp-json\/wp\/v2\/media\/36701"}],"wp:attachment":[{"href":"https:\/\/beverageinstitute.ch\/fr\/wp-json\/wp\/v2\/media?parent=37878"}],"wp:term":[{"taxonomy":"product_brand","embeddable":true,"href":"https:\/\/beverageinstitute.ch\/fr\/wp-json\/wp\/v2\/product_brand?post=37878"},{"taxonomy":"product_cat","embeddable":true,"href":"https:\/\/beverageinstitute.ch\/fr\/wp-json\/wp\/v2\/product_cat?post=37878"},{"taxonomy":"product_tag","embeddable":true,"href":"https:\/\/beverageinstitute.ch\/fr\/wp-json\/wp\/v2\/product_tag?post=37878"}],"curies":[{"name":"wp","href":"https:\/\/api.w.org\/{rel}","templated":true}]}}