{"id":38057,"date":"2026-02-03T11:10:41","date_gmt":"2026-02-03T10:10:41","guid":{"rendered":"https:\/\/beverageinstitute.ch\/?post_type=product&#038;p=38057"},"modified":"2026-03-11T11:21:07","modified_gmt":"2026-03-11T10:21:07","slug":"niveau-1-introduction-aux-spiritueux-08-05-2026-berne-cloture-des-inscriptions-le-30-04-2026","status":"publish","type":"product","link":"https:\/\/beverageinstitute.ch\/fr\/product\/niveau-1-introduction-aux-spiritueux-08-05-2026-berne-cloture-des-inscriptions-le-30-04-2026\/","title":{"rendered":"Niveau 1 -Introduction aux spiritueux &#8211; 08.05.2026 Berne cl\u00f4ture des inscriptions le 30.04.2026"},"content":{"rendered":"<table style=\"border-collapse: collapse; width: 82.9283%;\">\n<tbody>\n<tr>\n<td style=\"text-align: center; width: 49.4143%;\" colspan=\"2\"><strong>Niveau 1 &#8211; Introduction aux Spiritueux<\/strong><\/p>\n<p>Instruction bilingue, mat\u00e9riel d&rsquo;\u00e9tude en langue fran\u00e7aise ou allemande<\/td>\n<\/tr>\n<tr>\n<td style=\"width: 49.4143%; text-align: center;\" colspan=\"2\"><strong>Vendre<\/strong><strong>di, le 8 mai 2026<\/strong><em><br \/>\n<\/em><\/td>\n<\/tr>\n<tr>\n<td style=\"width: 16.6282%; text-align: center;\"><em>\u00e0 partir de 08:15<\/em><\/td>\n<td style=\"width: 32.7861%; text-align: center;\"><em>Bienvenue<\/em><\/td>\n<\/tr>\n<tr>\n<td style=\"width: 16.6282%; text-align: center;\">08:30<\/td>\n<td style=\"width: 32.7861%; text-align: center;\">Introduction au cours et aux objectifs<\/td>\n<\/tr>\n<tr>\n<td style=\"width: 16.6282%; text-align: center;\">08:40<\/td>\n<td style=\"width: 32.7861%; text-align: center;\">Approche pratique de la d\u00e9gustation de spiritueux<\/td>\n<\/tr>\n<tr>\n<td style=\"width: 16.6282%; text-align: center;\">09:30<\/td>\n<td style=\"width: 32.7861%; text-align: center;\">Un bref aper\u00e7u du processus de distillation<\/td>\n<\/tr>\n<tr>\n<td style=\"width: 16.6282%; text-align: center;\">10:00<\/td>\n<td style=\"width: 32.7861%; text-align: center;\">Styles de spiritueux<\/td>\n<\/tr>\n<tr>\n<td style=\"width: 16.6282%; text-align: center;\"><em>11:30<\/em><\/td>\n<td style=\"width: 32.7861%; text-align: center;\"><em>Pause d\u00e9jeuner<\/em><\/td>\n<\/tr>\n<tr>\n<td style=\"width: 16.6282%; text-align: center;\">12:30<\/td>\n<td style=\"width: 32.7861%; text-align: center;\">L\u00e9gislation sur les spiritueux en Suisse<\/td>\n<\/tr>\n<tr>\n<td style=\"width: 16.6282%; text-align: center;\">14:00<\/td>\n<td style=\"width: 32.7861%; text-align: center;\">Autres styles de spiritueux<\/td>\n<\/tr>\n<tr>\n<td style=\"width: 16.6282%; text-align: center;\">15:00<\/td>\n<td style=\"width: 32.7861%; text-align: center;\">Questions &amp; r\u00e9vision<\/td>\n<\/tr>\n<tr>\n<td style=\"width: 16.6282%; text-align: center;\">15:10<\/td>\n<td style=\"width: 32.7861%; text-align: center;\">Examen<\/td>\n<\/tr>\n<tr>\n<td style=\"width: 16.6282%; text-align: center;\"><em>16:30<\/em><\/td>\n<td style=\"width: 32.7861%; text-align: center;\"><em>Fin de l&rsquo;examen et du cours<\/em><\/td>\n<\/tr>\n<\/tbody>\n<\/table>\n<ul>\n<li>Veuillez cr\u00e9er votre profil et connectez-vous afin de pouvoir r\u00e9server votre place sur ce cours.<\/li>\n<li><em>Nous avons besoin que vous pour compl\u00e9tez les informations d&rsquo;inscription, qui incluent votre date de naissance afin de terminer le processus d&rsquo;inscription le plus rapidement possible pour vous.<\/em><\/li>\n<\/ul>\n<p><em>N.B. Nous acceptons les paiements par carte de cr\u00e9dit \u00e0 travers le syst\u00e8me de SumUp, mais vous pouvez aussi payer par virement bancaire.\u00a0<\/em><\/p>\n<p class=\"p1\"><b>Aide financi\u00e8re:<\/b><\/p>\n<p class=\"p1\">Pour ceux d&rsquo;entre vous qui sont employ\u00e9s ou responsables d&rsquo;un restaurant, d&rsquo;un h\u00f4tel, d&rsquo;un bar ou d&rsquo;une bo\u00eete de nuit dans l&rsquo;un des cantons suivants, il est possible de b\u00e9n\u00e9ficier d&rsquo;une subvention pour le prix du cours.<\/p>\n<p class=\"p1\">Les cantons avec lesquels nous avons actuellement un accord sont:<\/p>\n<ul class=\"ul1\">\n<li class=\"li2\">Fribourg<\/li>\n<li class=\"li2\">Gen\u00e8ve &#8211; il est possible de demander \u00ab\u00a0<a href=\"https:\/\/www.ge.ch\/parcourir\/aides-financieres-argent-impots\/aides-formation\"><span class=\"s1\">une bourse ou un pr\u00eat<\/span><\/a>\u00a0\u00bb aupr\u00e9s du Canton<\/li>\n<li class=\"li2\">Jura<\/li>\n<li class=\"li2\">Neuch\u00e2tel<\/li>\n<li class=\"li2\">Valais &#8211; ritzy formation continue<\/li>\n<\/ul>\n<p class=\"p2\"><em>Pour les g\u00e9rants et employ\u00e9s d\u2019un restaurant, bar, h\u00f4tel ou un club de nuit (soumis \u00e0 la CCNT) dans un Canton qui n\u2019offre pas une subvention pour la formation continue, nous vous accordons un rabais de 10% sur le prix du cours dans nos locaux principaux et aussi dans le Canton de Ticino. Veuillez nous contacter pour en savoir plus.<\/em><\/p>\n<p>Veuillez utiliser le code: YP6W6WE2 pendant votre inscription.<\/p>\n<p class=\"p3\">Pour les cantons pour lesquels nous avons actuellement un accord, contactez-nous et nous vous aiderons dans vos d\u00e9marches. Nous nous r\u00e9jouissons de vous accueillir au prochain cours.<\/p>\n","protected":false},"excerpt":{"rendered":"<p><em><strong>Qui devrait participer ?<\/strong><\/em><\/p>\n<p>Ce cours s&rsquo;adresse aussi bien aux professionnels qu&rsquo;aux amateurs qui s&rsquo;int\u00e9ressent aux spiritueux et aux liqueurs.<\/p>\n<p>Au cours de ce cours, vous apprendrez \u00e0 d\u00e9guster des spiritueux (ce qui n&rsquo;est pas la m\u00eame chose que de d\u00e9guster du vin&#8230;) et \u00e0 comprendre les principes de la distillation et les effets de la maturation.<\/p>\n<p><em><strong>Qu&rsquo;est-ce qui est propos\u00e9 ?<\/strong><\/em><\/p>\n<p><em>A la fin du cours, vous serez en mesure de comprendre ce qui suit :<\/em><\/p>\n<ul>\n<li>l&rsquo;influence des m\u00e9thodes de production sur les caract\u00e9ristiques des spiritueux et des liqueurs<\/li>\n<li>l&rsquo;importance de la mati\u00e8re premi\u00e8re et son influence sur l&rsquo;approche du processus de production et les options appropri\u00e9s<\/li>\n<li>caract\u00e9ristiques des principaux spiritueux et liqueurs du monde<\/li>\n<li>\u00c9valuation d&rsquo;un spiritueux<\/li>\n<\/ul>\n<p><em>Contenu d&rsquo;apprentissage &#8211; aper\u00e7u<\/em><\/p>\n<ul>\n<li>Ingr\u00e9dients bruts<\/li>\n<li>Production<\/li>\n<li>Les principaux types de spiritueux<\/li>\n<li>D\u00e9gustation de spiritueux<\/li>\n<\/ul>\n<p><strong>Ce qui est inclus dans le cours :<\/strong> &#8211; mat\u00e9riel d&rsquo;\u00e9tude, \u00e9chantillons de spiritueux et enseignement<\/p>\n<p><strong>Connaissances pr\u00e9alables requises :<\/strong> Aucune connaissance pr\u00e9alable<\/p>\n<p><em>N.B. Si vous n&rsquo;\u00eates pas s\u00fbr, contactez-nous pour que nous puissions vous aider \u00e0 choisir le niveau de cours en fonction de vos besoins et de vos objectifs.<\/em><\/p>\n<p><em><strong>Lieu du cours:<img loading=\"lazy\" decoding=\"async\" class=\" wp-image-37100 alignright\" src=\"https:\/\/beverageinstitute.ch\/wp-content\/uploads\/2025\/03\/Screenshot-2025-03-28-at-17.21.36-300x260.png\" alt=\"\" width=\"174\" height=\"150\" srcset=\"https:\/\/beverageinstitute.ch\/wp-content\/uploads\/2025\/03\/Screenshot-2025-03-28-at-17.21.36-300x260.png 300w, https:\/\/beverageinstitute.ch\/wp-content\/uploads\/2025\/03\/Screenshot-2025-03-28-at-17.21.36-350x303.png 350w, https:\/\/beverageinstitute.ch\/wp-content\/uploads\/2025\/03\/Screenshot-2025-03-28-at-17.21.36-1024x887.png 1024w, https:\/\/beverageinstitute.ch\/wp-content\/uploads\/2025\/03\/Screenshot-2025-03-28-at-17.21.36-768x666.png 768w, https:\/\/beverageinstitute.ch\/wp-content\/uploads\/2025\/03\/Screenshot-2025-03-28-at-17.21.36.png 1244w\" sizes=\"auto, (max-width: 174px) 100vw, 174px\" \/><\/strong><\/em><\/p>\n<p>The Beverage Institute<\/p>\n<p>Bernapark 1<\/p>\n<p>CH-3066 Stettlen<\/p>\n<p><em>Arr\u00eat \u00e0 la gare de \u00ab\u00a0Deisswil\u00a0\u00bb, 14 minutes avec le S7 de la gare principale de Berne, train toutes les 15 minutes.<\/em><\/p>\n","protected":false},"featured_media":32789,"template":"","meta":[],"product_brand":[],"product_cat":[27],"product_tag":[162,224,225,228,227,223,222,229,230,115,226],"class_list":{"0":"post-38057","1":"product","2":"type-product","3":"status-publish","4":"has-post-thumbnail","6":"product_cat-spirits-courses","7":"product_tag-cours-spiritueux","8":"product_tag-eau-de-vie-cours","9":"product_tag-expert-spiritueux","10":"product_tag-l2-wset-spirits","11":"product_tag-l2wset-spiritueux","12":"product_tag-sommelier-eau-de-vie","13":"product_tag-sommelier-spiritueux","14":"product_tag-specialiste-spiritueux","15":"product_tag-specialiste-eau-de-vie","16":"product_tag-spiritueux","17":"product_tag-wset-spiritueux","19":"first","20":"instock","21":"shipping-taxable","22":"purchasable","23":"product-type-simple"},"translation":{"provider":"WPGlobus","version":"3.0.2","language":"fr","enabled_languages":["en","de","fr","it"],"languages":{"en":{"title":true,"content":true,"excerpt":true},"de":{"title":false,"content":false,"excerpt":false},"fr":{"title":false,"content":false,"excerpt":false},"it":{"title":false,"content":false,"excerpt":false}}},"_links":{"self":[{"href":"https:\/\/beverageinstitute.ch\/fr\/wp-json\/wp\/v2\/product\/38057","targetHints":{"allow":["GET"]}}],"collection":[{"href":"https:\/\/beverageinstitute.ch\/fr\/wp-json\/wp\/v2\/product"}],"about":[{"href":"https:\/\/beverageinstitute.ch\/fr\/wp-json\/wp\/v2\/types\/product"}],"wp:featuredmedia":[{"embeddable":true,"href":"https:\/\/beverageinstitute.ch\/fr\/wp-json\/wp\/v2\/media\/32789"}],"wp:attachment":[{"href":"https:\/\/beverageinstitute.ch\/fr\/wp-json\/wp\/v2\/media?parent=38057"}],"wp:term":[{"taxonomy":"product_brand","embeddable":true,"href":"https:\/\/beverageinstitute.ch\/fr\/wp-json\/wp\/v2\/product_brand?post=38057"},{"taxonomy":"product_cat","embeddable":true,"href":"https:\/\/beverageinstitute.ch\/fr\/wp-json\/wp\/v2\/product_cat?post=38057"},{"taxonomy":"product_tag","embeddable":true,"href":"https:\/\/beverageinstitute.ch\/fr\/wp-json\/wp\/v2\/product_tag?post=38057"}],"curies":[{"name":"wp","href":"https:\/\/api.w.org\/{rel}","templated":true}]}}