{"id":38081,"date":"2026-02-16T09:41:52","date_gmt":"2026-02-16T08:41:52","guid":{"rendered":"https:\/\/beverageinstitute.ch\/?post_type=product&#038;p=38081"},"modified":"2026-04-14T13:22:56","modified_gmt":"2026-04-14T11:22:56","slug":"niveau-3-wset-in-weine-deutsch-31-10-2026-bern-anmeldeschluss-am-16-10-2026","status":"publish","type":"product","link":"https:\/\/beverageinstitute.ch\/fr\/product\/niveau-3-wset-in-weine-deutsch-31-10-2026-bern-anmeldeschluss-am-16-10-2026\/","title":{"rendered":"Niveau 3 &#8211; WSET\u00ae in Weine &#8211; deutsch &#8211; 31.10.2026 &#8211; Bern &#8211; Anmeldeschluss am 16.10.2026"},"content":{"rendered":"<table class=\" aligncenter\" dir=\"ltr\" style=\"margin-left: auto; margin-right: auto; width: 102.938%; height: 2092px;\" align=\"center\">\n<tbody>\n<tr>\n<td style=\"text-align: center; width: 464.833px;\" colspan=\"2\"><span style=\"font-size: 12pt;\"><span style=\"font-family: 'trebuchet ms', geneva, sans-serif;\"><strong>Niveau 3 &#8211; WSET\u00ae in Weine<br \/>\n<\/strong><\/span><span style=\"font-family: 'trebuchet ms', geneva, sans-serif;\">Unterricht, Kursmaterial und Pr\u00fcfung in der deutschen Sprache.<\/span><\/span><\/td>\n<\/tr>\n<tr>\n<td style=\"text-align: center; width: 52px;\"><span style=\"font-family: 'trebuchet ms', geneva, sans-serif; font-size: 12pt;\">\u00a0<\/span><\/td>\n<td style=\"text-align: center; width: 412.833px;\"><span style=\"font-family: 'trebuchet ms', geneva, sans-serif; font-size: 12pt;\"><strong>Samstag, den 31. Oktober 2026<\/strong><\/span><\/td>\n<\/tr>\n<tr>\n<td style=\"text-align: center; width: 52px;\"><span style=\"font-family: 'trebuchet ms', geneva, sans-serif; font-size: 12pt;\"><em>ab 08:15<\/em><\/span><\/td>\n<td style=\"text-align: center; width: 412.833px;\"><span style=\"font-family: 'trebuchet ms', geneva, sans-serif; font-size: 12pt;\"><em>Willkommen<br \/>\n<\/em><\/span><\/td>\n<\/tr>\n<tr>\n<td style=\"text-align: center; width: 52px;\"><span style=\"font-family: 'trebuchet ms', geneva, sans-serif; font-size: 12pt;\">08:30<\/span><\/td>\n<td style=\"text-align: center; width: 412.833px;\"><span style=\"font-family: 'trebuchet ms', geneva, sans-serif; font-size: 12pt;\">Einf\u00fchrung zum Kurs und die Kursziele<\/span><\/td>\n<\/tr>\n<tr>\n<td style=\"text-align: center; width: 52px;\"><span style=\"font-family: 'trebuchet ms', geneva, sans-serif; font-size: 12pt;\">09:10<\/span><\/td>\n<td style=\"text-align: center; width: 412.833px;\"><span style=\"font-family: 'trebuchet ms', geneva, sans-serif; font-size: 12pt;\">Einf\u00fchrung in das WSET\u00ae Niveau 3 Systematic Approach to Tasting<\/span><\/td>\n<\/tr>\n<tr>\n<td style=\"text-align: center; width: 52px;\"><span style=\"font-family: 'trebuchet ms', geneva, sans-serif; font-size: 12pt;\">10:30<\/span><\/td>\n<td style=\"text-align: center; width: 412.833px;\"><span style=\"font-family: 'trebuchet ms', geneva, sans-serif; font-size: 12pt;\">Nat\u00fcrliche Faktoren &amp; Menschliche Einfl\u00fcsse im Weinberg<br \/>\n<\/span><\/td>\n<\/tr>\n<tr>\n<td style=\"text-align: center; width: 52px;\"><span style=\"font-family: 'trebuchet ms', geneva, sans-serif; font-size: 12pt;\">12:00<\/span><\/td>\n<td style=\"text-align: center; width: 412.833px;\"><span style=\"font-family: 'trebuchet ms', geneva, sans-serif; font-size: 12pt;\"><em>Mittagspause<br \/>\n<\/em><\/span><\/td>\n<\/tr>\n<tr>\n<td style=\"text-align: center; width: 52px;\"><span style=\"font-family: 'trebuchet ms', geneva, sans-serif; font-size: 12pt;\">13:00<\/span><\/td>\n<td style=\"text-align: center; width: 412.833px;\"><span style=\"font-family: 'trebuchet ms', geneva, sans-serif; font-size: 12pt;\">Menschliche Einfl\u00fcsse im Keller<br \/>\n<\/span><\/td>\n<\/tr>\n<tr>\n<td style=\"text-align: center; width: 52px;\"><span style=\"font-family: 'trebuchet ms', geneva, sans-serif; font-size: 12pt;\">16:30<\/span><\/td>\n<td style=\"text-align: center; width: 412.833px;\"><span style=\"font-family: 'trebuchet ms', geneva, sans-serif; font-size: 12pt;\"><em>Fragen und Ende vom ersten Kurstag<br \/>\n<\/em><\/span><\/td>\n<\/tr>\n<tr>\n<td style=\"text-align: center; width: 52px;\"><span style=\"font-family: 'trebuchet ms', geneva, sans-serif; font-size: 12pt;\">\u00a0<\/span><\/td>\n<td style=\"text-align: center; width: 412.833px;\"><span style=\"font-size: 12pt;\"><span style=\"font-family: 'trebuchet ms', geneva, sans-serif;\"><strong>Samstag<\/strong><\/span><\/span><span style=\"font-size: 12pt;\"><span style=\"font-family: 'trebuchet ms', geneva, sans-serif;\"><strong>, den 7. November<\/strong><\/span><span style=\"font-family: 'trebuchet ms', geneva, sans-serif;\"><strong>\u00a02026<\/strong><\/span><\/span><\/td>\n<\/tr>\n<tr>\n<td style=\"text-align: center; width: 52px;\"><span style=\"font-family: 'trebuchet ms', geneva, sans-serif; font-size: 12pt;\"><em>ab 08:15<\/em><\/span><\/td>\n<td style=\"text-align: center; width: 412.833px;\"><span style=\"font-family: 'trebuchet ms', geneva, sans-serif; font-size: 12pt;\"><em>Willkommen<br \/>\n<\/em><\/span><\/td>\n<\/tr>\n<tr>\n<td style=\"text-align: center; width: 52px;\"><span style=\"font-family: 'trebuchet ms', geneva, sans-serif; font-size: 12pt;\">08:30<\/span><\/td>\n<td style=\"text-align: center; width: 412.833px;\"><span style=\"font-family: 'trebuchet ms', geneva, sans-serif; font-size: 12pt;\">Weissweine aus Nord-Europa<\/span><\/td>\n<\/tr>\n<tr>\n<td style=\"text-align: center; width: 52px;\"><span style=\"font-family: 'trebuchet ms', geneva, sans-serif; font-size: 12pt;\">10:30<\/span><\/td>\n<td style=\"text-align: center; width: 412.833px;\"><span style=\"font-family: 'trebuchet ms', geneva, sans-serif; font-size: 12pt;\"><span style=\"font-family: 'trebuchet ms', geneva, sans-serif;\">Rotweine aus Nord-Europa<\/span><\/span><\/td>\n<\/tr>\n<tr>\n<td style=\"text-align: center; width: 52px;\"><span style=\"font-family: 'trebuchet ms', geneva, sans-serif; font-size: 12pt;\">12:00<\/span><\/td>\n<td style=\"text-align: center; width: 412.833px;\"><span style=\"font-family: 'trebuchet ms', geneva, sans-serif; font-size: 12pt;\"><em>Mittagspause<br \/>\n<\/em><\/span><\/td>\n<\/tr>\n<tr>\n<td style=\"text-align: center; width: 52px;\"><span style=\"font-family: 'trebuchet ms', geneva, sans-serif; font-size: 12pt;\">13:00<\/span><\/td>\n<td style=\"text-align: center; width: 412.833px;\"><span style=\"font-family: 'trebuchet ms', geneva, sans-serif; font-size: 12pt;\">Rotweine aus S\u00fcd-Frankreich<\/span><\/td>\n<\/tr>\n<tr>\n<td style=\"text-align: center; width: 52px;\"><span style=\"font-family: 'trebuchet ms', geneva, sans-serif; font-size: 12pt;\">16:30<\/span><\/td>\n<td style=\"text-align: center; width: 412.833px;\"><span style=\"font-family: 'trebuchet ms', geneva, sans-serif; font-size: 12pt;\"><em>Fragen und Ende vom zweiten Kurstag<br \/>\n<\/em><\/span><\/td>\n<\/tr>\n<tr>\n<td style=\"text-align: center; width: 52px;\"><span style=\"font-family: 'trebuchet ms', geneva, sans-serif; font-size: 12pt;\">\u00a0<\/span><\/td>\n<td style=\"text-align: center; width: 412.833px;\"><span style=\"font-family: 'trebuchet ms', geneva, sans-serif; font-size: 12pt;\"><strong>Samstag, den 14. November 2026<\/strong><\/span><\/td>\n<\/tr>\n<tr>\n<td style=\"text-align: center; width: 52px;\"><span style=\"font-family: 'trebuchet ms', geneva, sans-serif; font-size: 12pt;\"><em>ab 08:15<\/em><\/span><\/td>\n<td style=\"text-align: center; width: 412.833px;\"><span style=\"font-family: 'trebuchet ms', geneva, sans-serif; font-size: 12pt;\"><em>Willkommen<br \/>\n<\/em><\/span><\/td>\n<\/tr>\n<tr>\n<td style=\"text-align: center; width: 52px;\"><span style=\"font-family: 'trebuchet ms', geneva, sans-serif; font-size: 12pt;\">08:30<\/span><\/td>\n<td style=\"text-align: center; width: 412.833px;\"><span style=\"font-family: 'trebuchet ms', geneva, sans-serif; font-size: 12pt;\">Rotweine aus N\u00f6rdlichen Spanien<\/span><\/td>\n<\/tr>\n<tr>\n<td style=\"text-align: center; width: 52px;\"><span style=\"font-family: 'trebuchet ms', geneva, sans-serif; font-size: 12pt;\">10:30<\/span><\/td>\n<td style=\"text-align: center; width: 412.833px;\"><span style=\"font-family: 'trebuchet ms', geneva, sans-serif; font-size: 12pt;\">Weissweine aus Nord-Ost Spanien<\/span><\/td>\n<\/tr>\n<tr>\n<td style=\"text-align: center; width: 52px;\"><span style=\"font-family: 'trebuchet ms', geneva, sans-serif; font-size: 12pt;\">12:00<\/span><\/td>\n<td style=\"text-align: center; width: 412.833px;\"><span style=\"font-family: 'trebuchet ms', geneva, sans-serif; font-size: 12pt;\"><em>Mittagspause<br \/>\n<\/em><\/span><\/td>\n<\/tr>\n<tr>\n<td style=\"text-align: center; width: 52px;\"><span style=\"font-family: 'trebuchet ms', geneva, sans-serif; font-size: 12pt;\">13:00<\/span><\/td>\n<td style=\"text-align: center; width: 412.833px;\"><span style=\"font-family: 'trebuchet ms', geneva, sans-serif; font-size: 12pt;\">Rotweine aus S\u00fcd-Frankreich<br \/>\n<\/span><\/td>\n<\/tr>\n<tr>\n<td style=\"text-align: center; width: 52px;\"><span style=\"font-family: 'trebuchet ms', geneva, sans-serif; font-size: 12pt;\">15:00<\/span><\/td>\n<td style=\"text-align: center; width: 412.833px;\"><span style=\"font-family: 'trebuchet ms', geneva, sans-serif; font-size: 12pt;\">Weissweine und Rotweine aus Nord Italien<br \/>\n<\/span><\/td>\n<\/tr>\n<tr>\n<td style=\"text-align: center; width: 52px;\"><span style=\"font-family: 'trebuchet ms', geneva, sans-serif; font-size: 12pt;\">16:30<\/span><\/td>\n<td style=\"text-align: center; width: 412.833px;\"><span style=\"font-family: 'trebuchet ms', geneva, sans-serif; font-size: 12pt;\"><em>Fragen und Ende vom dritten Kurstag<br \/>\n<\/em><\/span><\/td>\n<\/tr>\n<tr>\n<td style=\"text-align: center; width: 52px;\"><span style=\"font-family: 'trebuchet ms', geneva, sans-serif; font-size: 12pt;\">\u00a0<\/span><\/td>\n<td style=\"text-align: center; width: 412.833px;\"><span style=\"font-family: 'trebuchet ms', geneva, sans-serif; font-size: 12pt;\"><strong>Samstag, den 21. November 2026<\/strong><\/span><\/td>\n<\/tr>\n<tr>\n<td style=\"text-align: center; width: 52px;\"><span style=\"font-family: 'trebuchet ms', geneva, sans-serif; font-size: 12pt;\"><em>ab 08:15<\/em><\/span><\/td>\n<td style=\"text-align: center; width: 412.833px;\"><span style=\"font-family: 'trebuchet ms', geneva, sans-serif; font-size: 12pt;\"><em>Willkommen<\/em><\/span><\/td>\n<\/tr>\n<tr>\n<td style=\"text-align: center; width: 52px;\"><span style=\"font-family: 'trebuchet ms', geneva, sans-serif; font-size: 12pt;\">08:30<\/span><\/td>\n<td style=\"text-align: center; width: 412.833px;\"><span style=\"font-family: 'trebuchet ms', geneva, sans-serif; font-size: 12pt;\">Feedback Test Blind-Verkostung<br \/>\n<\/span><\/td>\n<\/tr>\n<tr>\n<td style=\"text-align: center; width: 52px;\"><span style=\"font-family: 'trebuchet ms', geneva, sans-serif; font-size: 12pt;\">09:30<\/span><\/td>\n<td style=\"text-align: center; width: 412.833px;\"><span style=\"font-family: 'trebuchet ms', geneva, sans-serif; font-size: 12pt;\">Rotweine aus Zentral und S\u00fcd Italien, Griechenland und Portugal<\/span><\/td>\n<\/tr>\n<tr>\n<td style=\"text-align: center; width: 52px;\"><span style=\"font-family: 'trebuchet ms', geneva, sans-serif; font-size: 12pt;\">12:00<\/span><\/td>\n<td style=\"text-align: center; width: 412.833px;\"><span style=\"font-family: 'trebuchet ms', geneva, sans-serif; font-size: 12pt;\"><em>Mittagspause<br \/>\n<\/em><\/span><\/td>\n<\/tr>\n<tr>\n<td style=\"text-align: center; width: 52px;\"><span style=\"font-family: 'trebuchet ms', geneva, sans-serif; font-size: 12pt;\">13:00<\/span><\/td>\n<td style=\"text-align: center; width: 412.833px;\"><span style=\"font-family: 'trebuchet ms', geneva, sans-serif; font-size: 12pt;\">Premium Rotweine aus Australien, USA, Neuseeland<br \/>\n<\/span><\/td>\n<\/tr>\n<tr>\n<td style=\"text-align: center; width: 52px;\"><span style=\"font-family: 'trebuchet ms', geneva, sans-serif; font-size: 12pt;\">15:00<\/span><\/td>\n<td style=\"text-align: center; width: 412.833px;\"><span style=\"font-family: 'trebuchet ms', geneva, sans-serif; font-size: 12pt;\">Premium Weissweine aus der Neue Welt<\/span><\/td>\n<\/tr>\n<tr>\n<td style=\"text-align: center; width: 52px;\"><span style=\"font-family: 'trebuchet ms', geneva, sans-serif; font-size: 12pt;\">16:30<\/span><\/td>\n<td style=\"text-align: center; width: 412.833px;\"><span style=\"font-family: 'trebuchet ms', geneva, sans-serif; font-size: 12pt;\"><em>Fragen und Ende vom vierten Kurstag<br \/>\n<\/em><\/span><\/td>\n<\/tr>\n<tr>\n<td style=\"text-align: center; width: 52px;\"><span style=\"font-family: 'trebuchet ms', geneva, sans-serif; font-size: 12pt;\">\u00a0<\/span><\/td>\n<td style=\"text-align: center; width: 412.833px;\"><span style=\"font-family: 'trebuchet ms', geneva, sans-serif; font-size: 12pt;\"><strong>Samstag, den 28. November 2026<\/strong><\/span><\/td>\n<\/tr>\n<tr>\n<td style=\"text-align: center; width: 52px;\"><span style=\"font-family: 'trebuchet ms', geneva, sans-serif; font-size: 12pt;\"><em>ab 08:15<\/em><\/span><\/td>\n<td style=\"text-align: center; width: 412.833px;\"><span style=\"font-family: 'trebuchet ms', geneva, sans-serif; font-size: 12pt;\"><em>Willkommen<br \/>\n<\/em><\/span><\/td>\n<\/tr>\n<tr>\n<td style=\"text-align: center; width: 52px;\"><span style=\"font-family: 'trebuchet ms', geneva, sans-serif; font-size: 12pt;\">08:30<\/span><\/td>\n<td style=\"text-align: center; width: 412.833px;\"><span style=\"font-family: 'trebuchet ms', geneva, sans-serif; font-size: 12pt;\">Regionale Spezialit\u00e4ten aus der Neue Welt<br \/>\n<\/span><\/td>\n<\/tr>\n<tr>\n<td style=\"text-align: center; width: 52px;\"><span style=\"font-family: 'trebuchet ms', geneva, sans-serif; font-size: 12pt;\">10:30<\/span><\/td>\n<td style=\"text-align: center; width: 412.833px;\"><span style=\"font-family: 'trebuchet ms', geneva, sans-serif; font-size: 12pt;\">Schaumweine<\/span><\/td>\n<\/tr>\n<tr>\n<td style=\"text-align: center; width: 52px;\"><span style=\"font-family: 'trebuchet ms', geneva, sans-serif; font-size: 12pt;\">12:00<\/span><\/td>\n<td style=\"text-align: center; width: 412.833px;\"><span style=\"font-family: 'trebuchet ms', geneva, sans-serif; font-size: 12pt;\"><em>Mittagspause<\/em><\/span><\/td>\n<\/tr>\n<tr>\n<td style=\"text-align: center; width: 52px;\"><span style=\"font-family: 'trebuchet ms', geneva, sans-serif; font-size: 12pt;\">13:00<\/span><\/td>\n<td style=\"text-align: center; width: 412.833px;\"><span style=\"font-family: 'trebuchet ms', geneva, sans-serif; font-size: 12pt;\">Gespritete Weine<\/span><\/td>\n<\/tr>\n<tr>\n<td style=\"text-align: center; width: 52px;\"><span style=\"font-family: 'trebuchet ms', geneva, sans-serif; font-size: 12pt;\">15:00<\/span><\/td>\n<td style=\"text-align: center; width: 412.833px;\"><span style=\"font-family: 'trebuchet ms', geneva, sans-serif; font-size: 12pt;\">Workshop &#8211; Theoretischen Fragen<\/span><\/td>\n<\/tr>\n<tr>\n<td style=\"text-align: center; width: 52px;\"><span style=\"font-family: 'trebuchet ms', geneva, sans-serif; font-size: 12pt;\">16:45<\/span><\/td>\n<td style=\"text-align: center; width: 412.833px;\"><span style=\"font-family: 'trebuchet ms', geneva, sans-serif; font-size: 12pt;\"><em>Fragen und Feedback<\/em><\/span><\/td>\n<\/tr>\n<tr>\n<td style=\"text-align: center; width: 52px;\"><span style=\"font-family: 'trebuchet ms', geneva, sans-serif; font-size: 12pt;\">16:30<\/span><\/td>\n<td style=\"text-align: center; width: 412.833px;\"><span style=\"font-family: 'trebuchet ms', geneva, sans-serif; font-size: 12pt;\"><em>Ende vom f\u00fcnften Kurstag<\/em><\/span><\/td>\n<\/tr>\n<tr>\n<td style=\"text-align: center; width: 52px;\"><span style=\"font-family: 'trebuchet ms', geneva, sans-serif; font-size: 12pt;\">\u00a0<\/span><\/td>\n<td style=\"text-align: center; width: 412.833px;\"><span style=\"font-family: 'trebuchet ms', geneva, sans-serif; font-size: 12pt;\"><strong>Sonntag, den 6. Dezember 2026<\/strong><\/span><\/td>\n<\/tr>\n<tr>\n<td style=\"text-align: center; width: 52px;\"><span style=\"font-family: 'trebuchet ms', geneva, sans-serif; font-size: 12pt;\">13:45<\/span><\/td>\n<td style=\"text-align: center; width: 412.833px;\"><span style=\"font-family: 'trebuchet ms', geneva, sans-serif; font-size: 12pt;\">Willkommen<\/span><\/td>\n<\/tr>\n<tr>\n<td style=\"text-align: center; width: 52px;\"><span style=\"font-family: 'trebuchet ms', geneva, sans-serif; font-size: 12pt;\">\u00a014:00<\/span><\/td>\n<td style=\"text-align: center; width: 412.833px;\"><span style=\"font-family: 'trebuchet ms', geneva, sans-serif; font-size: 12pt;\">WSET\u00ae Niveau 3 Pr\u00fcfung &#8211; \u00ab\u00a0praktische Verkostung\u00a0\u00bb<\/span><\/td>\n<\/tr>\n<tr>\n<td style=\"text-align: center; width: 52px;\"><span style=\"font-family: 'trebuchet ms', geneva, sans-serif; font-size: 12pt;\">14:30<\/span><\/td>\n<td style=\"text-align: center; width: 412.833px;\"><span style=\"font-family: 'trebuchet ms', geneva, sans-serif; font-size: 12pt;\">WSET\u00ae Niveau 3 Pr\u00fcfung &#8211; schriftliche Pr\u00fcfung<\/span><\/td>\n<\/tr>\n<tr>\n<td style=\"text-align: center; width: 52px;\"><span style=\"font-family: 'trebuchet ms', geneva, sans-serif; font-size: 12pt;\">16:30<\/span><\/td>\n<td style=\"text-align: center; width: 412.833px;\"><span style=\"font-family: 'trebuchet ms', geneva, sans-serif; font-size: 12pt;\"><em>Kurs- und Pr\u00fcfungsende<\/em><\/span><\/td>\n<\/tr>\n<\/tbody>\n<\/table>\n<ul>\n<li style=\"text-align: left;\"><span style=\"font-family: 'trebuchet ms', geneva; font-size: 12pt;\"><span style=\"font-family: 'trebuchet ms', geneva, sans-serif;\">Bitte erstellen Sie Ihren Profil und dann einloggen, um Ihre Teilnahme beim Kurs zu reservieren.<\/span><\/span><\/li>\n<\/ul>\n<p><span style=\"font-family: 'trebuchet ms', geneva, sans-serif; font-size: 12pt;\"><em>N.B. Wir akzeptieren Zahlungen per Debitkarte und Kreditkarte durch das SumUp System aber eine Bank\u00fcberweisung w\u00e4re auch m\u00f6glich. Bitte f\u00fcllen Sie die Anmeldungsinformationen aus, damit wir den Registrierungsprozess f\u00fcr Sie so schnell wie m\u00f6glich abschliessen k\u00f6nnen.<\/em><\/span><\/p>\n<p class=\"p1\"><b>Finanzielle Unterst\u00fctzung:<\/b><\/p>\n<p class=\"p1\">F\u00fcr Personen, die in einem Restaurant, Hotel, einer Bar oder einem Nachtclub in einem der folgenden Kantone angestellt oder verantwortlich sind, besteht die M\u00f6glichkeit einer Subventionierung der Kursgeb\u00fchr.<\/p>\n<p class=\"p1\">Die Kantone, mit denen wir derzeit ein Abkommen haben, sind:<\/p>\n<ul class=\"ul1\">\n<li class=\"li2\">Fribourg<\/li>\n<li class=\"li2\">Genf &#8211; es ist m\u00f6glich, beim Kanton \u00ab\u00a0<a href=\"https:\/\/www.ge.ch\/parcourir\/aides-financieres-argent-impots\/aides-formation\"><span class=\"s1\">ein Stipendium oder ein Darlehen<\/span><\/a>\u00a0\u00bb zu beantragen<\/li>\n<li class=\"li2\">Jura<\/li>\n<li class=\"li2\">Neuenburg<\/li>\n<li class=\"li2\">Wallis &#8211; ritzy Weiterbildung<\/li>\n<\/ul>\n<p class=\"p1\"><em>F\u00fcr Gesch\u00e4ftsf\u00fchrer und Angestellte eines Restaurants, einer Bar, eines Hotels oder eines Nachtclubs in einem Kanton der keine Subventionen f\u00fcr die Weiterbildung anbietet, bieten wir eine Erm\u00e4\u00dfigung von 10% auf den Preis des Kurses in unserem Hauptgeb\u00e4ude und auch im Kanton Tessin. Bitte kontaktieren Sie uns, um mehr dar\u00fcber zu wissen.<\/em><\/p>\n<p>Bitte verwenden Sie bei Ihrer Anmeldung f\u00fcr den Kurs den Code: YP6W6WE2<\/p>\n<p class=\"p1\">F\u00fcr die Kantone, mit denen wir bereits eine Vereinbarung getroffen haben, k\u00f6nnen Sie sich mit uns in Verbindung setzen, und wir werden Sie bei der Abwicklung unterst\u00fctzen. Wir freuen uns darauf, Sie beim n\u00e4chsten Kurs begr\u00fcssen zu d\u00fcrfen<\/p>\n","protected":false},"excerpt":{"rendered":"<h6><em><strong>Wer kann teilnehmen?<\/strong><\/em><\/h6>\n<p>Der Kurs kann von Studierenden belegt werden, die das WSET\u00ae Niveau 2 in Weine erworben haben, oder gleichwertige Kenntnisse nachweisen k\u00f6nnen. Es wird dringend empfohlen, vor dem WSET\u00ae Niveau 3 das WSET\u00ae Niveau 2 in Weine vollst\u00e4ndig absolvieren.<\/p>\n<p><em><strong>Was wird geboten?<\/strong><\/em><\/p>\n<p>Diese Qualifikation vermittelt eine eingehende Analyse der wichtigsten Weine der Welt. Zum Kurs geh\u00f6ren auch eingehende Verkostungen, um Produktstile und Qualit\u00e4ten erkennen zu lernen. Die Verkostung ist ein integrales Bestandteil des Kurses.<\/p>\n<p>Der WSET\u00ae Niveau 3 in Weine vermittelt ein fundiertes Wissen \u00fcber die Faktoren, die sich auf Stil, Qualit\u00e4t und Preis der wichtigesten Still-, Schaum- und gespriteten Weine der Welt auswirken.<\/p>\n<p>Die Qualifikation wird ein detailliertes Produktwissen vermittelt, das zum Beispiel bei der Sortimentgestaltung im Einzelhandel oder in der Gastronomie helfen kann.<\/p>\n<p>Die erfolgreiche Kandidaten k\u00f6nnen den Charakter der wichtigsten Weine beschreiben und die Hauptfaktoren wiedergeben k\u00f6nnen, die Stil, Qualit\u00e4t und Preis beeinfl\u00fcssen. Dadurch sind sie in der Lage, direkt die Gesch\u00e4ftsleitung zu beraten, Kundenanfragen zu beantworten und Weine in den verschiedensten Situationen fachkundig auszuw\u00e4hlen.<\/p>\n<p><em><strong>Bitte beachten Sie dies und planen Sie entsprechend:<\/strong><\/em><\/p>\n<p>Wir empfehlen Ihnen, Ihr Kursmaterial so fr\u00fch wie m\u00f6glich zu bestellen, da Sie vor Kursbeginn mit dem Inhalt des Hauptlehrbuchs vertraut sein sollten.<\/p>\n<p>W\u00e4hrend des Kurses haben Sie Zugang zu unserer Lernunterst\u00fctzungsseite, auf der Sie Beispielfragen und -\u00fcbungen finden, um Ihr Wissen zu testen.<\/p>\n<p>Der Kurs ist so organisiert, dass jeder Kurstag eine Woche Abstand zum n\u00e4chsten hat und Sie jede Woche \u00ab\u00a0Hausaufgaben\u00a0\u00bb erhalten, die Sie erledigen m\u00fcssen. Sie erhalten eine R\u00fcckmeldung zu Ihrer Arbeit, um Ihr strategisches Vorgehen bei der Beantwortung der kurzen Antwortfragen f\u00fcr den theoretischen Teil der Pr\u00fcfung zu verbessern.<\/p>\n<p><strong>Ben\u00f6tigte Vorkenntnisse:\u00a0<\/strong>&#8211; WSET\u00ae Niveau 2 in Weine oder ein entsprechendes Erfahrungsniveau, ist bevorzugt um in das WSET\u00ae Niveau 3 in Weine anmelden zu d\u00fcrfen.<\/p>\n<p><em>(N.B. wenn Sie sich nicht sicher sind, kontaktieren Sie uns, damit wir Ihnen helfen k\u00f6nnen, die Kursstufe nach Ihren Bed\u00fcrfnissen und Zielen zu w\u00e4hlen).<\/em><\/p>\n<p><em><strong>Standort:<img loading=\"lazy\" decoding=\"async\" class=\" wp-image-37100 alignright\" src=\"https:\/\/beverageinstitute.ch\/wp-content\/uploads\/2025\/03\/Screenshot-2025-03-28-at-17.21.36-300x260.png\" alt=\"\" width=\"143\" height=\"124\" srcset=\"https:\/\/beverageinstitute.ch\/wp-content\/uploads\/2025\/03\/Screenshot-2025-03-28-at-17.21.36-300x260.png 300w, https:\/\/beverageinstitute.ch\/wp-content\/uploads\/2025\/03\/Screenshot-2025-03-28-at-17.21.36-350x303.png 350w, https:\/\/beverageinstitute.ch\/wp-content\/uploads\/2025\/03\/Screenshot-2025-03-28-at-17.21.36-1024x887.png 1024w, https:\/\/beverageinstitute.ch\/wp-content\/uploads\/2025\/03\/Screenshot-2025-03-28-at-17.21.36-768x666.png 768w, https:\/\/beverageinstitute.ch\/wp-content\/uploads\/2025\/03\/Screenshot-2025-03-28-at-17.21.36.png 1244w\" sizes=\"auto, (max-width: 143px) 100vw, 143px\" \/><\/strong><\/em><\/p>\n<p>The Beverage Institute<\/p>\n<p>Bernapark 1<\/p>\n<p>CH-3066 Stettlen<\/p>\n<p><em>Bahnhof \u00ab\u00a0Deisswil\u00a0\u00bb , 14 Minutes mit dem S7 vom Hauptbahnhof Bern, Zug alle 14 Minuten.<\/em><\/p>\n","protected":false},"featured_media":30799,"template":"","meta":[],"product_brand":[],"product_cat":[20,25],"product_tag":[196],"class_list":{"0":"post-38081","1":"product","2":"type-product","3":"status-publish","4":"has-post-thumbnail","6":"product_cat-wine-courses","7":"product_cat-l3_wine_courses","8":"product_tag-weinkurs","10":"first","11":"instock","12":"shipping-taxable","13":"purchasable","14":"product-type-simple"},"translation":{"provider":"WPGlobus","version":"3.0.2","language":"fr","enabled_languages":["en","de","fr","it"],"languages":{"en":{"title":true,"content":true,"excerpt":true},"de":{"title":false,"content":false,"excerpt":false},"fr":{"title":false,"content":false,"excerpt":false},"it":{"title":false,"content":false,"excerpt":false}}},"_links":{"self":[{"href":"https:\/\/beverageinstitute.ch\/fr\/wp-json\/wp\/v2\/product\/38081","targetHints":{"allow":["GET"]}}],"collection":[{"href":"https:\/\/beverageinstitute.ch\/fr\/wp-json\/wp\/v2\/product"}],"about":[{"href":"https:\/\/beverageinstitute.ch\/fr\/wp-json\/wp\/v2\/types\/product"}],"wp:featuredmedia":[{"embeddable":true,"href":"https:\/\/beverageinstitute.ch\/fr\/wp-json\/wp\/v2\/media\/30799"}],"wp:attachment":[{"href":"https:\/\/beverageinstitute.ch\/fr\/wp-json\/wp\/v2\/media?parent=38081"}],"wp:term":[{"taxonomy":"product_brand","embeddable":true,"href":"https:\/\/beverageinstitute.ch\/fr\/wp-json\/wp\/v2\/product_brand?post=38081"},{"taxonomy":"product_cat","embeddable":true,"href":"https:\/\/beverageinstitute.ch\/fr\/wp-json\/wp\/v2\/product_cat?post=38081"},{"taxonomy":"product_tag","embeddable":true,"href":"https:\/\/beverageinstitute.ch\/fr\/wp-json\/wp\/v2\/product_tag?post=38081"}],"curies":[{"name":"wp","href":"https:\/\/api.w.org\/{rel}","templated":true}]}}