{"id":38083,"date":"2026-02-16T09:52:35","date_gmt":"2026-02-16T08:52:35","guid":{"rendered":"https:\/\/beverageinstitute.ch\/?post_type=product&#038;p=38083"},"modified":"2026-04-14T13:21:40","modified_gmt":"2026-04-14T11:21:40","slug":"niveau-3-wset-en-vins-francais-30-10-2026-berne-cloture-des-inscriptions-le-16-10-2026","status":"publish","type":"product","link":"https:\/\/beverageinstitute.ch\/fr\/product\/niveau-3-wset-en-vins-francais-30-10-2026-berne-cloture-des-inscriptions-le-16-10-2026\/","title":{"rendered":"Niveau 3 &#8211; WSET\u00ae en vins &#8211; fran\u00e7ais &#8211; 30.10.2026 &#8211; Berne &#8211; cl\u00f4ture des inscriptions le 16.10.2026"},"content":{"rendered":"<table class=\" aligncenter\" dir=\"ltr\" style=\"margin-left: auto; margin-right: auto; width: 95.1525%; height: 2406px;\" align=\"center\">\n<tbody>\n<tr>\n<td style=\"text-align: center; width: 86.7754%;\" colspan=\"2\"><span style=\"font-family: 'trebuchet ms', geneva, sans-serif; font-size: 12pt;\"><strong>Niveau 3 &#8211; dipl\u00f4me WSET\u00ae en vins<br \/>\n<\/strong>Enseignement, mat\u00e9riel d&rsquo;\u00e9tude et examen en langue fran\u00e7aise.<\/span><\/td>\n<\/tr>\n<tr>\n<td style=\"text-align: center; width: 20.1087%;\"><span style=\"font-family: 'trebuchet ms', geneva, sans-serif; font-size: 12pt;\">\u00a0<\/span><\/td>\n<td style=\"text-align: center; width: 66.6667%;\"><span style=\"font-family: 'trebuchet ms', geneva, sans-serif; font-size: 12pt;\"><strong>Vendredi, le 30 octobre 2026<\/strong><\/span><\/td>\n<\/tr>\n<tr>\n<td style=\"text-align: center; width: 20.1087%;\"><span style=\"font-family: 'trebuchet ms', geneva, sans-serif; font-size: 12pt;\"><em>\u00e0 partir de 08:15<\/em><\/span><\/td>\n<td style=\"text-align: center; width: 66.6667%;\"><span style=\"font-family: 'trebuchet ms', geneva, sans-serif; font-size: 12pt;\"><em>Bienvenue<br \/>\n<\/em><\/span><\/td>\n<\/tr>\n<tr>\n<td style=\"text-align: center; width: 20.1087%;\"><span style=\"font-family: 'trebuchet ms', geneva, sans-serif; font-size: 12pt;\">08:30<\/span><\/td>\n<td style=\"text-align: center; width: 66.6667%;\"><span style=\"font-family: 'trebuchet ms', geneva, sans-serif; font-size: 12pt;\">Introduction au cours et aux objectifs<\/span><\/td>\n<\/tr>\n<tr>\n<td style=\"text-align: center; width: 20.1087%;\"><span style=\"font-family: 'trebuchet ms', geneva, sans-serif; font-size: 12pt;\">08:40<\/span><\/td>\n<td style=\"text-align: center; width: 66.6667%;\"><span style=\"font-family: 'trebuchet ms', geneva, sans-serif; font-size: 12pt;\">Introduction au WSET\u00ae Niveau 3 Systematic Approach to Tasting<\/span><\/td>\n<\/tr>\n<tr>\n<td style=\"text-align: center; width: 20.1087%;\"><span style=\"font-family: 'trebuchet ms', geneva, sans-serif; font-size: 12pt;\">10:30<\/span><\/td>\n<td style=\"text-align: center; width: 66.6667%;\"><span style=\"font-family: 'trebuchet ms', geneva, sans-serif; font-size: 12pt;\">Facteurs naturels et influences humaines dans le vignoble<br \/>\n<\/span><\/td>\n<\/tr>\n<tr>\n<td style=\"text-align: center; width: 20.1087%;\"><span style=\"font-family: 'trebuchet ms', geneva, sans-serif; font-size: 12pt;\">12:00<\/span><\/td>\n<td style=\"text-align: center; width: 66.6667%;\"><span style=\"font-family: 'trebuchet ms', geneva, sans-serif; font-size: 12pt;\"><em>Pause d\u00e9jeuner<br \/>\n<\/em><\/span><\/td>\n<\/tr>\n<tr>\n<td style=\"text-align: center; width: 20.1087%;\"><span style=\"font-family: 'trebuchet ms', geneva, sans-serif; font-size: 12pt;\">13:00<\/span><\/td>\n<td style=\"text-align: center; width: 66.6667%;\"><span style=\"font-family: 'trebuchet ms', geneva, sans-serif; font-size: 12pt;\">Influences humaines dans la cave<\/span><\/td>\n<\/tr>\n<tr>\n<td style=\"text-align: center; width: 20.1087%;\"><span style=\"font-family: 'trebuchet ms', geneva, sans-serif; font-size: 12pt;\">16:30<\/span><\/td>\n<td style=\"text-align: center; width: 66.6667%;\"><span style=\"font-family: 'trebuchet ms', geneva, sans-serif; font-size: 12pt;\"><em>Questions et fin de la premi\u00e8re journ\u00e9e du cours<br \/>\n<\/em><\/span><\/td>\n<\/tr>\n<tr>\n<td style=\"text-align: center; width: 20.1087%;\"><span style=\"font-family: 'trebuchet ms', geneva, sans-serif; font-size: 12pt;\">\u00a0<\/span><\/td>\n<td style=\"text-align: center; width: 66.6667%;\"><span style=\"font-family: 'trebuchet ms', geneva, sans-serif; font-size: 12pt;\"><strong>Vendredi, le 6 novembre<\/strong><strong>\u00a02026<\/strong><\/span><\/td>\n<\/tr>\n<tr>\n<td style=\"text-align: center; width: 20.1087%;\"><span style=\"font-family: 'trebuchet ms', geneva, sans-serif; font-size: 12pt;\"><em>\u00e0 partir de 08:15<\/em><\/span><\/td>\n<td style=\"text-align: center; width: 66.6667%;\"><span style=\"font-family: 'trebuchet ms', geneva, sans-serif; font-size: 12pt;\"><em>Bienvenue<\/em><\/span><\/td>\n<\/tr>\n<tr>\n<td style=\"text-align: center; width: 20.1087%;\"><span style=\"font-family: 'trebuchet ms', geneva, sans-serif; font-size: 12pt;\">08:30<\/span><\/td>\n<td style=\"text-align: center; width: 66.6667%;\"><span style=\"font-family: 'trebuchet ms', geneva, sans-serif; font-size: 12pt;\">Vins blancs d&rsquo;Europe du Nord<\/span><\/td>\n<\/tr>\n<tr>\n<td style=\"text-align: center; width: 20.1087%;\"><span style=\"font-family: 'trebuchet ms', geneva, sans-serif; font-size: 12pt;\">10:30<\/span><\/td>\n<td style=\"text-align: center; width: 66.6667%;\"><span style=\"font-family: 'trebuchet ms', geneva, sans-serif; font-size: 12pt;\">Vins rouges d&rsquo;Europe du Nord<\/span><\/td>\n<\/tr>\n<tr>\n<td style=\"text-align: center; width: 20.1087%;\"><span style=\"font-family: 'trebuchet ms', geneva, sans-serif; font-size: 12pt;\">12:00<\/span><\/td>\n<td style=\"text-align: center; width: 66.6667%;\"><span style=\"font-family: 'trebuchet ms', geneva, sans-serif; font-size: 12pt;\"><em>Pause d\u00e9jeuner<br \/>\n<\/em><\/span><\/td>\n<\/tr>\n<tr>\n<td style=\"text-align: center; width: 20.1087%;\"><span style=\"font-family: 'trebuchet ms', geneva, sans-serif; font-size: 12pt;\">13:00<\/span><\/td>\n<td style=\"text-align: center; width: 66.6667%;\"><span style=\"font-family: 'trebuchet ms', geneva, sans-serif; font-size: 12pt;\">Vins rouges du sud de la France<\/span><\/td>\n<\/tr>\n<tr>\n<td style=\"text-align: center; width: 20.1087%;\"><span style=\"font-family: 'trebuchet ms', geneva, sans-serif; font-size: 12pt;\">16:30<\/span><\/td>\n<td style=\"text-align: center; width: 66.6667%;\"><span style=\"font-family: 'trebuchet ms', geneva, sans-serif; font-size: 12pt;\"><i>Questions et fin de la deuxi\u00e8me journ\u00e9e du cours<\/i><\/span><\/td>\n<\/tr>\n<tr>\n<td style=\"text-align: center; width: 20.1087%;\"><span style=\"font-family: 'trebuchet ms', geneva, sans-serif; font-size: 12pt;\">\u00a0<\/span><\/td>\n<td style=\"text-align: center; width: 66.6667%;\"><span style=\"font-family: 'trebuchet ms', geneva, sans-serif; font-size: 12pt;\"><strong>Vendredi, le 13 novembre 2026<\/strong><\/span><\/td>\n<\/tr>\n<tr>\n<td style=\"text-align: center; width: 20.1087%;\"><span style=\"font-family: 'trebuchet ms', geneva, sans-serif; font-size: 12pt;\"><em>\u00e0 partir de 08:15<\/em><\/span><\/td>\n<td style=\"text-align: center; width: 66.6667%;\"><span style=\"font-family: 'trebuchet ms', geneva, sans-serif; font-size: 12pt;\"><i>Bienvenue<\/i><\/span><\/td>\n<\/tr>\n<tr>\n<td style=\"text-align: center; width: 20.1087%;\"><span style=\"font-family: 'trebuchet ms', geneva, sans-serif; font-size: 12pt;\">08:30<\/span><\/td>\n<td style=\"text-align: center; width: 66.6667%;\"><span style=\"font-family: 'trebuchet ms', geneva, sans-serif; font-size: 12pt;\">Vins rouges du nord de l&rsquo;Espagne<\/span><\/td>\n<\/tr>\n<tr>\n<td style=\"text-align: center; width: 20.1087%;\"><span style=\"font-family: 'trebuchet ms', geneva, sans-serif; font-size: 12pt;\">10:30<\/span><\/td>\n<td style=\"text-align: center; width: 66.6667%;\"><span style=\"font-family: 'trebuchet ms', geneva, sans-serif; font-size: 12pt;\">Vins blancs du nord-est de l&rsquo;Espagne<\/span><\/td>\n<\/tr>\n<tr>\n<td style=\"text-align: center; width: 20.1087%;\"><span style=\"font-family: 'trebuchet ms', geneva, sans-serif; font-size: 12pt;\">12:00<\/span><\/td>\n<td style=\"text-align: center; width: 66.6667%;\"><span style=\"font-family: 'trebuchet ms', geneva, sans-serif; font-size: 12pt;\"><em>Pause d\u00e9jeuner<br \/>\n<\/em><\/span><\/td>\n<\/tr>\n<tr>\n<td style=\"text-align: center; width: 20.1087%;\"><span style=\"font-family: 'trebuchet ms', geneva, sans-serif; font-size: 12pt;\">13:00<\/span><\/td>\n<td style=\"text-align: center; width: 66.6667%;\"><span style=\"font-family: 'trebuchet ms', geneva, sans-serif; font-size: 12pt;\">Vins rouges du sud de la France<\/span><\/td>\n<\/tr>\n<tr>\n<td style=\"text-align: center; width: 20.1087%;\"><span style=\"font-family: 'trebuchet ms', geneva, sans-serif; font-size: 12pt;\">15:00<\/span><\/td>\n<td style=\"text-align: center; width: 66.6667%;\"><span style=\"font-family: 'trebuchet ms', geneva, sans-serif; font-size: 12pt;\">Vins blancs et rouges du nord de l&rsquo;Italie<\/span><\/td>\n<\/tr>\n<tr>\n<td style=\"text-align: center; width: 20.1087%;\"><span style=\"font-family: 'trebuchet ms', geneva, sans-serif; font-size: 12pt;\">16:30<\/span><\/td>\n<td style=\"text-align: center; width: 66.6667%;\"><span style=\"font-family: 'trebuchet ms', geneva, sans-serif; font-size: 12pt;\"><em>Questions et fin de la troisi\u00e8me journ\u00e9e du cours<\/em><\/span><\/td>\n<\/tr>\n<tr>\n<td style=\"text-align: center; width: 20.1087%;\"><span style=\"font-family: 'trebuchet ms', geneva, sans-serif; font-size: 12pt;\">\u00a0<\/span><\/td>\n<td style=\"text-align: center; width: 66.6667%;\"><span style=\"font-family: 'trebuchet ms', geneva, sans-serif; font-size: 12pt;\"><strong>Vendredi, le 20 novembre 2026<\/strong><\/span><\/td>\n<\/tr>\n<tr>\n<td style=\"text-align: center; width: 20.1087%;\"><span style=\"font-family: 'trebuchet ms', geneva, sans-serif; font-size: 12pt;\"><em>\u00e0 partir de 08:15<\/em><\/span><\/td>\n<td style=\"text-align: center; width: 66.6667%;\"><span style=\"font-family: 'trebuchet ms', geneva, sans-serif; font-size: 12pt;\"><em>Bienvenue<\/em><\/span><\/td>\n<\/tr>\n<tr>\n<td style=\"text-align: center; width: 20.1087%;\"><span style=\"font-family: 'trebuchet ms', geneva, sans-serif; font-size: 12pt;\">08:30<\/span><\/td>\n<td style=\"text-align: center; width: 66.6667%;\"><span style=\"font-family: 'trebuchet ms', geneva, sans-serif; font-size: 12pt;\">Feedback Test D\u00e9gustation \u00e0 l&rsquo;aveugle<\/span><\/td>\n<\/tr>\n<tr>\n<td style=\"text-align: center; width: 20.1087%;\"><span style=\"font-family: 'trebuchet ms', geneva, sans-serif; font-size: 12pt;\">09:30<\/span><\/td>\n<td style=\"text-align: center; width: 66.6667%;\"><span style=\"font-family: 'trebuchet ms', geneva, sans-serif; font-size: 12pt;\">Vins rouges d&rsquo;Italie centrale et m\u00e9ridionale, de Gr\u00e8ce et du Portugal<\/span><\/td>\n<\/tr>\n<tr>\n<td style=\"text-align: center; width: 20.1087%;\"><span style=\"font-family: 'trebuchet ms', geneva, sans-serif; font-size: 12pt;\">12:00<\/span><\/td>\n<td style=\"text-align: center; width: 66.6667%;\"><span style=\"font-family: 'trebuchet ms', geneva, sans-serif; font-size: 12pt;\"><em>Pause d\u00e9jeuner<br \/>\n<\/em><\/span><\/td>\n<\/tr>\n<tr>\n<td style=\"text-align: center; width: 20.1087%;\"><span style=\"font-family: 'trebuchet ms', geneva, sans-serif; font-size: 12pt;\">13:00<\/span><\/td>\n<td style=\"text-align: center; width: 66.6667%;\"><span style=\"font-family: 'trebuchet ms', geneva, sans-serif; font-size: 12pt;\">Vins rouges premium d&rsquo;Australie, des \u00c9tats-Unis, de Nouvelle-Z\u00e9lande<\/span><\/td>\n<\/tr>\n<tr>\n<td style=\"text-align: center; width: 20.1087%;\"><span style=\"font-family: 'trebuchet ms', geneva, sans-serif; font-size: 12pt;\">15:00<\/span><\/td>\n<td style=\"text-align: center; width: 66.6667%;\"><span style=\"font-family: 'trebuchet ms', geneva, sans-serif; font-size: 12pt;\">Vins blancs premium du Nouveau Monde<\/span><\/td>\n<\/tr>\n<tr>\n<td style=\"text-align: center; width: 20.1087%;\"><span style=\"font-family: 'trebuchet ms', geneva, sans-serif; font-size: 12pt;\">16:30<\/span><\/td>\n<td style=\"text-align: center; width: 66.6667%;\"><span style=\"font-family: 'trebuchet ms', geneva, sans-serif; font-size: 12pt;\"><em>Questions et fin de la quatri\u00e8me journ\u00e9e du cours<br \/>\n<\/em><\/span><\/td>\n<\/tr>\n<tr>\n<td style=\"text-align: center; width: 20.1087%;\"><span style=\"font-family: 'trebuchet ms', geneva, sans-serif; font-size: 12pt;\">\u00a0<\/span><\/td>\n<td style=\"text-align: center; width: 66.6667%;\"><span style=\"font-family: 'trebuchet ms', geneva, sans-serif; font-size: 12pt;\"><strong>Vendredi, le 27 novembre 2026<\/strong><\/span><\/td>\n<\/tr>\n<tr>\n<td style=\"text-align: center; width: 20.1087%;\"><span style=\"font-family: 'trebuchet ms', geneva, sans-serif; font-size: 12pt;\"><em>\u00e0 partir de 08:15<\/em><\/span><\/td>\n<td style=\"text-align: center; width: 66.6667%;\"><span style=\"font-family: 'trebuchet ms', geneva, sans-serif; font-size: 12pt;\"><em>Bienvenue<\/em><\/span><\/td>\n<\/tr>\n<tr>\n<td style=\"text-align: center; width: 20.1087%;\"><span style=\"font-family: 'trebuchet ms', geneva, sans-serif; font-size: 12pt;\">08:30<\/span><\/td>\n<td style=\"text-align: center; width: 66.6667%;\"><span style=\"font-family: 'trebuchet ms', geneva, sans-serif; font-size: 12pt;\">Sp\u00e9cialit\u00e9s r\u00e9gionales du Nouveau Monde<\/span><\/td>\n<\/tr>\n<tr>\n<td style=\"text-align: center; width: 20.1087%;\"><span style=\"font-family: 'trebuchet ms', geneva, sans-serif; font-size: 12pt;\">10:30<\/span><\/td>\n<td style=\"text-align: center; width: 66.6667%;\"><span style=\"font-family: 'trebuchet ms', geneva, sans-serif; font-size: 12pt;\">Vins mousseux<\/span><\/td>\n<\/tr>\n<tr>\n<td style=\"text-align: center; width: 20.1087%;\"><span style=\"font-family: 'trebuchet ms', geneva, sans-serif; font-size: 12pt;\">12:00<\/span><\/td>\n<td style=\"text-align: center; width: 66.6667%;\"><span style=\"font-family: 'trebuchet ms', geneva, sans-serif; font-size: 12pt;\"><em>Pause d\u00e9jeuner<\/em><\/span><\/td>\n<\/tr>\n<tr>\n<td style=\"text-align: center; width: 20.1087%;\"><span style=\"font-family: 'trebuchet ms', geneva, sans-serif; font-size: 12pt;\">13:00<\/span><\/td>\n<td style=\"text-align: center; width: 66.6667%;\"><span style=\"font-family: 'trebuchet ms', geneva, sans-serif; font-size: 12pt;\">Les vins fortifi\u00e9s<\/span><\/td>\n<\/tr>\n<tr>\n<td style=\"text-align: center; width: 20.1087%;\"><span style=\"font-family: 'trebuchet ms', geneva, sans-serif; font-size: 12pt;\">15:00<\/span><\/td>\n<td style=\"text-align: center; width: 66.6667%;\"><span style=\"font-family: 'trebuchet ms', geneva, sans-serif; font-size: 12pt;\">Atelier &#8211; Questions th\u00e9oriques<\/span><\/td>\n<\/tr>\n<tr>\n<td style=\"text-align: center; width: 20.1087%;\"><span style=\"font-family: 'trebuchet ms', geneva, sans-serif; font-size: 12pt;\">16:45<\/span><\/td>\n<td style=\"text-align: center; width: 66.6667%;\"><span style=\"font-family: 'trebuchet ms', geneva, sans-serif; font-size: 12pt;\"><em>Questions et Feedback<\/em><\/span><\/td>\n<\/tr>\n<tr>\n<td style=\"text-align: center; width: 20.1087%;\"><span style=\"font-family: 'trebuchet ms', geneva, sans-serif; font-size: 12pt;\">16:30<\/span><\/td>\n<td style=\"text-align: center; width: 66.6667%;\"><span style=\"font-family: 'trebuchet ms', geneva, sans-serif; font-size: 12pt;\"><em>Fin de la cinqui\u00e8me journ\u00e9e du cours<\/em><\/span><\/td>\n<\/tr>\n<tr>\n<td style=\"text-align: center; width: 20.1087%;\"><span style=\"font-family: 'trebuchet ms', geneva, sans-serif; font-size: 12pt;\">\u00a0<\/span><\/td>\n<td style=\"text-align: center; width: 66.6667%;\"><span style=\"font-family: 'trebuchet ms', geneva, sans-serif; font-size: 12pt;\"><strong>Dimanche, le 6 d\u00e9cembre 2026<\/strong><\/span><\/td>\n<\/tr>\n<tr>\n<td style=\"text-align: center; width: 20.1087%;\"><span style=\"font-family: 'trebuchet ms', geneva, sans-serif; font-size: 12pt;\">08:45<\/span><\/td>\n<td style=\"text-align: center; width: 66.6667%;\"><span style=\"font-family: 'trebuchet ms', geneva, sans-serif; font-size: 12pt;\"><em>Bienvenue<\/em><\/span><\/td>\n<\/tr>\n<tr>\n<td style=\"text-align: center; width: 20.1087%;\"><span style=\"font-family: 'trebuchet ms', geneva, sans-serif; font-size: 12pt;\">\u00a009:00<\/span><\/td>\n<td style=\"text-align: center; width: 66.6667%;\"><span style=\"font-family: 'trebuchet ms', geneva, sans-serif; font-size: 12pt;\">WSET\u00ae Niveau 3 examen &#8211; partie pratique \u00ab\u00a0D\u00e9gustation\u00a0\u00bb<\/span><\/td>\n<\/tr>\n<tr>\n<td style=\"text-align: center; width: 20.1087%;\"><span style=\"font-family: 'trebuchet ms', geneva, sans-serif; font-size: 12pt;\">09:30<\/span><\/td>\n<td style=\"text-align: center; width: 66.6667%;\"><span style=\"font-family: 'trebuchet ms', geneva, sans-serif; font-size: 12pt;\">WSET\u00ae Niveau 3 examen &#8211; partie th\u00e9orie \u00ab\u00a0\u00e9crite\u00a0\u00bb<\/span><\/td>\n<\/tr>\n<tr>\n<td style=\"text-align: center; width: 20.1087%;\"><span style=\"font-family: 'trebuchet ms', geneva, sans-serif; font-size: 12pt;\">12:00<\/span><\/td>\n<td style=\"text-align: center; width: 66.6667%;\"><span style=\"font-family: 'trebuchet ms', geneva, sans-serif; font-size: 12pt;\"><em>Fin du cours et de l&rsquo;examen<\/em><\/span><\/td>\n<\/tr>\n<\/tbody>\n<\/table>\n<ul>\n<li style=\"text-align: left;\"><span style=\"font-family: 'trebuchet ms', geneva; font-size: 12pt;\"><span style=\"font-family: 'trebuchet ms', geneva, sans-serif;\">Veuillez cr\u00e9er votre profil et vous connecter pour r\u00e9server votre participation au cours.<\/span><\/span><\/li>\n<\/ul>\n<p><span style=\"font-family: 'trebuchet ms', geneva, sans-serif; font-size: 12pt;\"><em>N.B. Nous acceptons les paiements par carte de d\u00e9bit et de cr\u00e9dit via le syst\u00e8me SumUp mais un virement bancaire serait \u00e9galement possible. Veuillez remplir les informations d&rsquo;inscription afin que nous puissions terminer le processus d&rsquo;inscription pour vous le plus rapidement possible.<\/em><\/span><\/p>\n<p class=\"p1\"><span style=\"font-family: 'trebuchet ms', geneva, sans-serif;\"><b>Aide financi\u00e8re:<\/b><\/span><\/p>\n<p class=\"p1\"><span style=\"font-family: 'trebuchet ms', geneva, sans-serif;\">Pour ceux d&rsquo;entre vous qui sont employ\u00e9s ou responsables d&rsquo;un restaurant, d&rsquo;un h\u00f4tel, d&rsquo;un bar ou d&rsquo;une bo\u00eete de nuit dans l&rsquo;un des cantons suivants, il est possible de b\u00e9n\u00e9ficier d&rsquo;une subvention pour le prix du cours.<\/span><\/p>\n<p class=\"p1\"><span style=\"font-family: 'trebuchet ms', geneva, sans-serif;\">Les cantons avec lesquels nous avons actuellement un accord sont:<\/span><\/p>\n<ul class=\"ul1\">\n<li class=\"li2\"><span style=\"font-family: 'trebuchet ms', geneva, sans-serif;\">Fribourg<\/span><\/li>\n<li class=\"li2\"><span style=\"font-family: 'trebuchet ms', geneva, sans-serif;\">Gen\u00e8ve &#8211; il est possible de demander \u00ab\u00a0<a href=\"https:\/\/www.ge.ch\/parcourir\/aides-financieres-argent-impots\/aides-formation\"><span class=\"s1\">une bourse ou un pr\u00eat<\/span><\/a>\u00a0\u00bb aupr\u00e9s du Canton<\/span><\/li>\n<li class=\"li2\"><span style=\"font-family: 'trebuchet ms', geneva, sans-serif;\">Jura<\/span><\/li>\n<li class=\"li2\"><span style=\"font-family: 'trebuchet ms', geneva, sans-serif;\">Neuch\u00e2tel<\/span><\/li>\n<li class=\"li2\"><span style=\"font-family: 'trebuchet ms', geneva, sans-serif;\">Valais &#8211; ritzy formation continue<\/span><\/li>\n<\/ul>\n<p class=\"p1\"><em><span style=\"font-family: 'trebuchet ms', geneva, sans-serif;\">Pour les g\u00e9rants et employ\u00e9s d&rsquo;un restaurant, bar, h\u00f4tel ou une bo\u00eete de nuit dans un Canton qui n&rsquo;offre pas une subvention pour la formation continue, nous vous accordons un rabais de 10% sur le prix du cours dans nos locaux principaux et aussi dans le Canton de Ticino. Veuillez nous contacter pour en savoir plus.<\/span><\/em><\/p>\n<p>Veuillez utiliser le code: YP6W6WE2 pendant votre inscription au cours.<\/p>\n<p class=\"p2\"><span style=\"font-family: 'trebuchet ms', geneva, sans-serif;\">Pour les cantons pour lesquels nous avons actuellement un accord, contactez-nous et nous vous aiderons dans vos d\u00e9marches. Nous nous r\u00e9jouissons de vous accueillir au prochain cours.<\/span><\/p>\n","protected":false},"excerpt":{"rendered":"<p><em><strong>Qui peut participer ?<\/strong><\/em><\/p>\n<p>Le cours peut \u00eatre suivi par les \u00e9tudiants qui ont obtenu le WSET\u00ae Niveau 2 dipl\u00f4me en vins ou qui peuvent prouver des connaissances \u00e9quivalentes. Il est fortement recommand\u00e9 de suivre le WSET\u00ae Niveau 2 dipl\u00f4me en vins dans son int\u00e9gralit\u00e9 avant de suivre le WSET\u00ae Niveau 3.<\/p>\n<p><em><strong>Qu&rsquo;est-ce qui est propos\u00e9 ?<\/strong><\/em><\/p>\n<p>Cette qualification fournit une analyse approfondie des principaux vins du monde. Le cours comprend \u00e9galement des d\u00e9gustations approfondies afin d&rsquo;apprendre \u00e0 reconna\u00eetre les styles et les qualit\u00e9s des produits. La d\u00e9gustation fait partie int\u00e9grante du cours.<\/p>\n<p>Le WSET\u00ae Niveau 3 en vins permet d&rsquo;acqu\u00e9rir une connaissance approfondie des facteurs qui influencent le style, la qualit\u00e9 et le prix des principaux vins tranquilles, mousseux et p\u00e9tillants du monde. La qualification permet d&rsquo;acqu\u00e9rir une connaissance d\u00e9taill\u00e9e des produits, qui peut par exemple aider \u00e0 la cr\u00e9ation d&rsquo;un assortiment dans le commerce de d\u00e9tail ou la restauration.<\/p>\n<p>Les candidats retenus seront capables de d\u00e9crire le caract\u00e8re des principaux vins et de rendre compte des principaux facteurs qui influencent le style, la qualit\u00e9 et le prix. Ils sont ainsi en mesure de conseiller directement la direction, de r\u00e9pondre aux demandes des clients et de choisir des vins de mani\u00e8re comp\u00e9tente dans les situations les plus diverses.<\/p>\n<p><strong>Connaissances pr\u00e9alables requises:\u00a0<\/strong>&#8211; Le WSET\u00ae Niveau 2 dipl\u00f4me en vins ou un niveau d&rsquo;exp\u00e9rience \u00e9quivalent est pr\u00e9f\u00e9rable pour pouvoir s&rsquo;inscrire au WSET\u00ae Niveau 3 dipl\u00f4me en vins.<\/p>\n<p><em>(N.B. si vous n&rsquo;\u00eates pas s\u00fbr, contactez-nous pour que nous puissions vous aider \u00e0 choisir le niveau du cours en fonction de vos besoins et de vos objectifs).<\/em><\/p>\n<p><em><strong>Lieu du cours:<img loading=\"lazy\" decoding=\"async\" class=\" wp-image-37100 alignright\" src=\"https:\/\/beverageinstitute.ch\/wp-content\/uploads\/2025\/03\/Screenshot-2025-03-28-at-17.21.36-300x260.png\" alt=\"\" width=\"174\" height=\"150\" srcset=\"https:\/\/beverageinstitute.ch\/wp-content\/uploads\/2025\/03\/Screenshot-2025-03-28-at-17.21.36-300x260.png 300w, https:\/\/beverageinstitute.ch\/wp-content\/uploads\/2025\/03\/Screenshot-2025-03-28-at-17.21.36-350x303.png 350w, https:\/\/beverageinstitute.ch\/wp-content\/uploads\/2025\/03\/Screenshot-2025-03-28-at-17.21.36-1024x887.png 1024w, https:\/\/beverageinstitute.ch\/wp-content\/uploads\/2025\/03\/Screenshot-2025-03-28-at-17.21.36-768x666.png 768w, https:\/\/beverageinstitute.ch\/wp-content\/uploads\/2025\/03\/Screenshot-2025-03-28-at-17.21.36.png 1244w\" sizes=\"auto, (max-width: 174px) 100vw, 174px\" \/><\/strong><\/em><\/p>\n<p>The Beverage Institute<\/p>\n<p>Bernapark 1<\/p>\n<p>CH-3066 Stettlen<\/p>\n<p><em>Arr\u00eat \u00e0 la gare de \u00ab\u00a0Deisswil\u00a0\u00bb, 14 minutes avec le S7 de la gare principale de Berne, train toutes les 15 minutes.<\/em><\/p>\n","protected":false},"featured_media":30799,"template":"","meta":[],"product_brand":[],"product_cat":[20,25],"product_tag":[210,208,209,79],"class_list":{"0":"post-38083","1":"product","2":"type-product","3":"status-publish","4":"has-post-thumbnail","6":"product_cat-wine-courses","7":"product_cat-l3_wine_courses","8":"product_tag-n1wset","9":"product_tag-niveau-1-vins-suisse","10":"product_tag-vin-suisse","11":"product_tag-wset","13":"first","14":"instock","15":"shipping-taxable","16":"purchasable","17":"product-type-simple"},"translation":{"provider":"WPGlobus","version":"3.0.2","language":"fr","enabled_languages":["en","de","fr","it"],"languages":{"en":{"title":true,"content":true,"excerpt":true},"de":{"title":false,"content":false,"excerpt":false},"fr":{"title":false,"content":false,"excerpt":false},"it":{"title":false,"content":false,"excerpt":false}}},"_links":{"self":[{"href":"https:\/\/beverageinstitute.ch\/fr\/wp-json\/wp\/v2\/product\/38083","targetHints":{"allow":["GET"]}}],"collection":[{"href":"https:\/\/beverageinstitute.ch\/fr\/wp-json\/wp\/v2\/product"}],"about":[{"href":"https:\/\/beverageinstitute.ch\/fr\/wp-json\/wp\/v2\/types\/product"}],"wp:featuredmedia":[{"embeddable":true,"href":"https:\/\/beverageinstitute.ch\/fr\/wp-json\/wp\/v2\/media\/30799"}],"wp:attachment":[{"href":"https:\/\/beverageinstitute.ch\/fr\/wp-json\/wp\/v2\/media?parent=38083"}],"wp:term":[{"taxonomy":"product_brand","embeddable":true,"href":"https:\/\/beverageinstitute.ch\/fr\/wp-json\/wp\/v2\/product_brand?post=38083"},{"taxonomy":"product_cat","embeddable":true,"href":"https:\/\/beverageinstitute.ch\/fr\/wp-json\/wp\/v2\/product_cat?post=38083"},{"taxonomy":"product_tag","embeddable":true,"href":"https:\/\/beverageinstitute.ch\/fr\/wp-json\/wp\/v2\/product_tag?post=38083"}],"curies":[{"name":"wp","href":"https:\/\/api.w.org\/{rel}","templated":true}]}}