{"id":38090,"date":"2026-02-16T10:31:34","date_gmt":"2026-02-16T09:31:34","guid":{"rendered":"https:\/\/beverageinstitute.ch\/?post_type=product&#038;p=38090"},"modified":"2026-03-28T18:01:50","modified_gmt":"2026-03-28T17:01:50","slug":"fernstudium-niveau-2-qualifikation-wset-in-weine-deutsch-prufung-in-bern-am-04-07-2026-anmeldeschluss-am-15-05-2026","status":"publish","type":"product","link":"https:\/\/beverageinstitute.ch\/fr\/product\/fernstudium-niveau-2-qualifikation-wset-in-weine-deutsch-prufung-in-bern-am-04-07-2026-anmeldeschluss-am-15-05-2026\/","title":{"rendered":"Fernstudium Niveau 2 &#8211; Qualifikation WSET\u00ae in Weine &#8211; deutsch &#8211; Pr\u00fcfung in Bern am 04.07.2026 &#8211; Anmeldeschluss am 15.05.2026"},"content":{"rendered":"<table class=\" aligncenter\" align=\"center\">\n<tbody>\n<tr>\n<td colspan=\"2\"><strong>Niveau 2 &#8211; Qualifikation WSET\u00ae in Weine<br \/>\n<\/strong>Unterricht, Kursmaterial und Pr\u00fcfung in der deutsche Sprache<\/td>\n<\/tr>\n<tr>\n<td><\/td>\n<td><strong>Samstag, den 4. Juli 2026<\/strong><\/td>\n<\/tr>\n<tr>\n<td><em>ab 08:15<\/em><\/td>\n<td><em>Willkommen<\/em><\/td>\n<\/tr>\n<tr>\n<td>08:30<\/td>\n<td>WSET\u00ae Niveau 2 Verkostungsmethode<\/p>\n<p>Wein und Speisen Harmonie<\/td>\n<\/tr>\n<tr>\n<td>10:30<\/td>\n<td>Niveau 2 WSET\u00ae in Weine &#8211; Pr\u00fcfung<\/td>\n<\/tr>\n<tr>\n<td>11:30<\/td>\n<td>Ende der Pr\u00fcfung<\/td>\n<\/tr>\n<\/tbody>\n<\/table>\n<ul>\n<li>Bitte erstellen Sie Ihren Profil und dann einloggen, um Ihre Teilnahme beim Kurs zu reservieren. Danach, folgen Sie diesen Link um den Anmeldungsprozess zu vervollst\u00e4ndigen, in dem Sie f\u00fcr den Kurs ihrer Wahl bezahlen<\/li>\n<\/ul>\n<p><em>N.B. Wir akzeptieren Zahlungen per Debitkarte und Kreditkarte durch das SumUp System aber eine Bank\u00fcberweisung w\u00e4re auch m\u00f6glich. Bitte f\u00fcllen Sie die Anmeldungsinformationen aus, damit wir den Registrierungsprozess f\u00fcr Sie so schnell wie m\u00f6glich abschliessen k\u00f6nnen.<\/em><\/p>\n<p class=\"p1\"><b>Finanzielle Unterst\u00fctzung:<\/b><\/p>\n<p class=\"p1\">F\u00fcr Personen, die in einem Restaurant, Hotel, einer Bar oder einem Nachtclub in einem der folgenden Kantone angestellt oder verantwortlich sind, besteht die M\u00f6glichkeit einer Subventionierung der Kursgeb\u00fchr.<\/p>\n<p class=\"p1\">Die Kantone, mit denen wir derzeit ein Abkommen haben, sind:<\/p>\n<ul class=\"ul1\">\n<li class=\"li2\">Fribourg<\/li>\n<li class=\"li2\">Genf &#8211; es ist m\u00f6glich, beim Kanton \u00ab\u00a0<a href=\"https:\/\/www.ge.ch\/parcourir\/aides-financieres-argent-impots\/aides-formation\"><span class=\"s1\">ein Stipendium oder ein Darlehen<\/span><\/a>\u00a0\u00bb zu beantragen<\/li>\n<li class=\"li2\">Jura<\/li>\n<li class=\"li2\">Neuenburg<\/li>\n<li class=\"li2\">Wallis &#8211; ritzy Weiterbildung<\/li>\n<\/ul>\n<p class=\"p1\"><em>F\u00fcr Gesch\u00e4ftsf\u00fchrer und Angestellte eines Restaurants, einer Bar, eines Hotels oder eines Nachtclubs (dem L-GAV unterstellt) in einem Kanton der keine Subventionen f\u00fcr die Weiterbildung anbietet, bieten wir eine Erm\u00e4\u00dfigung von 10% auf den Preis des Kurses in unserem Hauptgeb\u00e4ude und auch im Kanton Tessin. Bitte kontaktieren Sie uns, um mehr dar\u00fcber zu wissen.<\/em><\/p>\n<p>Bitte verwenden Sie bei der Anmeldung zum Kurs den Code: <strong>YP6W6WE2<\/strong><\/p>\n<p class=\"p1\">F\u00fcr die Kantone, mit denen wir bereits eine Vereinbarung getroffen haben, k\u00f6nnen Sie sich mit uns in Verbindung setzen, und wir werden Sie bei der Abwicklung unterst\u00fctzen. Wir freuen uns darauf, Sie beim n\u00e4chsten Kurs begr\u00fcssen zu d\u00fcrfen<\/p>\n","protected":false},"excerpt":{"rendered":"<p>Dieser Fernstudiengang folgt dem Ansatz des selbstgesteuerten Lernens. Das bedeutet, dass Sie f\u00fcr Ihr Lernen selbst verantwortlich sind und die einzelnen Lektionen der Reihe nach absolvieren m\u00fcssen. Am Ende jeder \u201eLektion\u201c gibt es einen kurzen \u201eTest\u201c, den Sie bestehen m\u00fcssen, um zur n\u00e4chsten Lektion \u00fcberzugehen.<\/p>\n<p>Da unsere Kandidaten aus verschiedenen Berufen kommen und unterschiedliche Arbeitszeiten haben, gibt es keine festgelegte Zeit, zu der Sie f\u00fcr eine Videokonferenz online sein m\u00fcssen. Die einzelnen Lektionen unterst\u00fctzen und begleiten Sie durch den Lernprozess und geben Ihnen Hinweise, wann Sie welche Weine verkosten sollten.<\/p>\n<p>Wir empfehlen Ihnen, Ihre Weine bei der Anmeldung zum Kurs bei <em><strong><a href=\"https:\/\/e-tasting.com\/en\/products\/level-2-wines-tasting-kit\" target=\"_blank\" rel=\"noopener\">Vinovae<\/a> <\/strong><\/em>zu bestellen und den Code <strong>BEVERAGE5<\/strong> zu verwenden.<\/p>\n<p>Damit erhalten Sie einen kleinen Rabatt auf Ihre Vinovae-Bestellung.<\/p>\n<p>Au\u00dferdem erhalten Sie von uns in einem separaten Umschlag eine Reihe von schriftlichen offenen Fragen, um Ihren Lernfortschritt auf andere Weise zu bewerten. Die Antworten auf unsere Fragen finden Sie in Ihrem Online-Modul zum Kurs, sodass Sie sie \u00fcberpr\u00fcfen k\u00f6nnen, wann immer Sie bereit sind.<\/p>\n<p>Wenn Sie die Pr\u00fcfung lieber bequem von zu Hause oder Ihrem B\u00fcro aus ablegen m\u00f6chten, ist dies m\u00f6glich, jedoch m\u00fcssen wir dies separat mit WSET\u00ae vereinbaren und es fallen zus\u00e4tzlich zur Kursgeb\u00fchr Kosten in H\u00f6he von CHF 160.&#8211; an. (<em>Dieser Service wird Ihnen separat in Rechnung gestellt).<\/em> Bitte beachten Sie: <em>Die Anweisungen f\u00fcr die Fern\u00fcberwachung sowie die Pr\u00fcfung, sind nur in englischer Sprache verf\u00fcgbar \u2013 Sie m\u00fcssen sich vor und w\u00e4hrend der Pr\u00fcfung mit Ihrem Mobiltelefon filmen.<\/em><\/p>\n<p><strong><em data-rich-text-format-boundary=\"true\">Wer kann teilnehmen?<\/em><\/strong><\/p>\n<p>Der WSET\u00ae Niveau 2 in Weine richtet sich an Personen mit geringen oder keinen Vorkenntnissen. Sie eignet sich \u00fcberall dort, wo gute Kenntnisse im Bereich Wein erforderlich sind, um berufliche F\u00e4higkeiten und Kompetenzen zu untermauern, beispielsweise in den Kundendienst- und Vertriebsfunktionen der Hotellerie, im Einzelhandel und im Gro\u00dfhandel. Es ist auch n\u00fctzlich f\u00fcr diejenigen, die ein allgemeines Interesse an Wein haben und ihr Wissen erweitern m\u00f6chten.<\/p>\n<p><strong><em data-rich-text-format-boundary=\"true\">Was wird geboten<\/em><\/strong>?<\/p>\n<p>Kandidaten, die sich daf\u00fcr qualifizieren, k\u00f6nnen die Stile von Weinen aus international und regional bedeutenden Rebsorten beschreiben und vergleichen, Weinetiketten aus den wichtigsten Weinanbaugebieten der Welt interpretieren und grundlegende Richtlinien f\u00fcr die Auswahl und den richtigen Service geben sowie verstehen die Prinzipien der Weinprobe und Weinbewertung.<\/p>\n<p><strong data-rich-text-format-boundary=\"true\">Ben\u00f6tigte Vorkenntnisse:<\/strong>\u00a0&#8211; Keine Vorkenntnisse. Aber, ein Vorteil, dass Niveau 1 Einf\u00fchrung in Weine und Schweizer Weine erfolgreich bestanden zu haben. Oder eine Lehre in der Schweiz absolviert haben.<\/p>\n<p><em data-rich-text-format-boundary=\"true\">(N.B. wenn Sie sich nicht sicher sind, kontaktieren Sie uns, damit wir Ihnen helfen k\u00f6nnen, die Kursstufe nach Ihren Bed\u00fcrfnissen und Zielen zu w\u00e4hlen).<\/em><\/p>\n<p><em><strong>Standort f\u00fcr die Pr\u00fcfung:<img loading=\"lazy\" decoding=\"async\" class=\" wp-image-37100 alignright\" src=\"https:\/\/beverageinstitute.ch\/wp-content\/uploads\/2025\/03\/Screenshot-2025-03-28-at-17.21.36-300x260.png\" alt=\"\" width=\"143\" height=\"124\" srcset=\"https:\/\/beverageinstitute.ch\/wp-content\/uploads\/2025\/03\/Screenshot-2025-03-28-at-17.21.36-300x260.png 300w, https:\/\/beverageinstitute.ch\/wp-content\/uploads\/2025\/03\/Screenshot-2025-03-28-at-17.21.36-350x303.png 350w, https:\/\/beverageinstitute.ch\/wp-content\/uploads\/2025\/03\/Screenshot-2025-03-28-at-17.21.36-1024x887.png 1024w, https:\/\/beverageinstitute.ch\/wp-content\/uploads\/2025\/03\/Screenshot-2025-03-28-at-17.21.36-768x666.png 768w, https:\/\/beverageinstitute.ch\/wp-content\/uploads\/2025\/03\/Screenshot-2025-03-28-at-17.21.36.png 1244w\" sizes=\"auto, (max-width: 143px) 100vw, 143px\" \/><\/strong><\/em><\/p>\n<p>The Beverage Institute<\/p>\n<p>Bernapark 1<\/p>\n<p>CH-3066 Stettlen<\/p>\n<p><em>Bahnhof \u00ab\u00a0Deisswil\u00a0\u00bb , 14 Minuten mit dem S7 vom Hauptbahnhof Bern, Zug alle 14 Minuten.<\/em><\/p>\n","protected":false},"featured_media":30797,"template":"","meta":[],"product_brand":[],"product_cat":[204,20,22],"product_tag":[196],"class_list":{"0":"post-38090","1":"product","2":"type-product","3":"status-publish","4":"has-post-thumbnail","6":"product_cat-formation-a-distance-fernstudium-formazione-a-distanza","7":"product_cat-wine-courses","8":"product_cat-l2-wset-wines","9":"product_tag-weinkurs","11":"first","12":"instock","13":"shipping-taxable","14":"purchasable","15":"product-type-simple"},"translation":{"provider":"WPGlobus","version":"3.0.2","language":"fr","enabled_languages":["en","de","fr","it"],"languages":{"en":{"title":true,"content":true,"excerpt":true},"de":{"title":false,"content":false,"excerpt":false},"fr":{"title":false,"content":false,"excerpt":false},"it":{"title":false,"content":false,"excerpt":false}}},"_links":{"self":[{"href":"https:\/\/beverageinstitute.ch\/fr\/wp-json\/wp\/v2\/product\/38090","targetHints":{"allow":["GET"]}}],"collection":[{"href":"https:\/\/beverageinstitute.ch\/fr\/wp-json\/wp\/v2\/product"}],"about":[{"href":"https:\/\/beverageinstitute.ch\/fr\/wp-json\/wp\/v2\/types\/product"}],"wp:featuredmedia":[{"embeddable":true,"href":"https:\/\/beverageinstitute.ch\/fr\/wp-json\/wp\/v2\/media\/30797"}],"wp:attachment":[{"href":"https:\/\/beverageinstitute.ch\/fr\/wp-json\/wp\/v2\/media?parent=38090"}],"wp:term":[{"taxonomy":"product_brand","embeddable":true,"href":"https:\/\/beverageinstitute.ch\/fr\/wp-json\/wp\/v2\/product_brand?post=38090"},{"taxonomy":"product_cat","embeddable":true,"href":"https:\/\/beverageinstitute.ch\/fr\/wp-json\/wp\/v2\/product_cat?post=38090"},{"taxonomy":"product_tag","embeddable":true,"href":"https:\/\/beverageinstitute.ch\/fr\/wp-json\/wp\/v2\/product_tag?post=38090"}],"curies":[{"name":"wp","href":"https:\/\/api.w.org\/{rel}","templated":true}]}}