{"id":38098,"date":"2026-02-16T17:17:36","date_gmt":"2026-02-16T16:17:36","guid":{"rendered":"https:\/\/beverageinstitute.ch\/?post_type=product&#038;p=38098"},"modified":"2026-03-10T07:19:43","modified_gmt":"2026-03-10T06:19:43","slug":"formation-champagne-specialiste-23-11-2026-berne-cloture-des-inscriptions-le-09-11-2026","status":"publish","type":"product","link":"https:\/\/beverageinstitute.ch\/fr\/product\/formation-champagne-specialiste-23-11-2026-berne-cloture-des-inscriptions-le-09-11-2026\/","title":{"rendered":"Formation Champagne Sp\u00e9cialiste &#8211; 23.11.2026 &#8211; Berne, cl\u00f4ture des inscriptions le 09.11.2026"},"content":{"rendered":"<p><em><strong>\u00ab\u00a0Champagne Sp\u00e9cialiste\u00a0\u00bb<\/strong> &#8211; comprendre et conseiller les vins de Champagne<\/em><\/p>\n<table style=\"border-collapse: collapse; width: 100%;\">\n<tbody>\n<tr>\n<td style=\"width: 12.5862%; text-align: center;\" colspan=\"2\"><strong>Lundi, le 23 novembre 2026<\/strong><\/td>\n<\/tr>\n<tr>\n<td style=\"width: 12.5862%;\"><em>08:15<\/em><\/td>\n<td style=\"width: 87.4138%;\"><em>Bienvenue<\/em><\/td>\n<\/tr>\n<tr>\n<td style=\"width: 12.5862%;\">08:30<\/td>\n<td style=\"width: 87.4138%;\">Introduction au cours et aux objectifs<\/td>\n<\/tr>\n<tr>\n<td style=\"width: 12.5862%;\">08:40<\/td>\n<td style=\"width: 87.4138%;\">Champagne &#8211; la r\u00e9gion<\/td>\n<\/tr>\n<tr>\n<td style=\"width: 12.5862%;\">09:20<\/td>\n<td style=\"width: 87.4138%;\">L&rsquo;appellation Champagne<\/td>\n<\/tr>\n<tr>\n<td style=\"width: 12.5862%;\">09:45<\/td>\n<td style=\"width: 87.4138%;\">D\u00e9gustation<\/td>\n<\/tr>\n<tr>\n<td style=\"width: 12.5862%;\">10:30<\/td>\n<td style=\"width: 87.4138%;\">Association Champagne et les mets avec exercice pratique<\/td>\n<\/tr>\n<tr>\n<td style=\"width: 12.5862%;\"><em>11:30<\/em><\/td>\n<td style=\"width: 87.4138%;\"><em>Pause d\u00e9jeuner<\/em><\/td>\n<\/tr>\n<tr>\n<td style=\"width: 12.5862%;\">12:30<\/td>\n<td style=\"width: 87.4138%;\">Champagne &#8211; le terroir<\/td>\n<\/tr>\n<tr>\n<td style=\"width: 12.5862%;\">13:30<\/td>\n<td style=\"width: 87.4138%;\">Les c\u00e9pages<\/td>\n<\/tr>\n<tr>\n<td style=\"width: 12.5862%;\">14:00<\/td>\n<td style=\"width: 87.4138%;\">D\u00e9gustation<\/td>\n<\/tr>\n<tr>\n<td style=\"width: 12.5862%;\">14:30<\/td>\n<td style=\"width: 87.4138%;\">exercice pratique &#8211; connaissances Champagne<\/td>\n<\/tr>\n<tr>\n<td style=\"width: 12.5862%;\">15:30<\/td>\n<td style=\"width: 87.4138%;\">Champagne &#8211; la vinification<\/td>\n<\/tr>\n<tr>\n<td style=\"width: 12.5862%;\"><em>16:30<\/em><\/td>\n<td style=\"width: 87.4138%;\"><em>fin de la premi\u00e8re journ\u00e9e du cours<\/em><\/td>\n<\/tr>\n<tr>\n<td style=\"width: 12.5862%; text-align: center;\" colspan=\"2\"><strong>Lundi, le 30 novembre 2026<\/strong><\/td>\n<\/tr>\n<tr>\n<td style=\"width: 12.5862%;\"><em>08:15<\/em><\/td>\n<td style=\"width: 87.4138%;\"><em>Bienvenue<\/em><\/td>\n<\/tr>\n<tr>\n<td style=\"width: 12.5862%;\">08:30<\/td>\n<td style=\"width: 87.4138%;\">Champagne &#8211; la vinification et les styles de Champagne<\/td>\n<\/tr>\n<tr>\n<td style=\"width: 12.5862%;\">10:00<\/td>\n<td style=\"width: 87.4138%;\">D\u00e9gustation<\/td>\n<\/tr>\n<tr>\n<td style=\"width: 12.5862%;\">10:30<\/td>\n<td style=\"width: 87.4138%;\">exercice pratique &#8211; le caviste<\/td>\n<\/tr>\n<tr>\n<td style=\"width: 12.5862%;\"><em>11:30<\/em><\/td>\n<td style=\"width: 87.4138%;\"><em>Pause d\u00e9jeuner<\/em><\/td>\n<\/tr>\n<tr>\n<td style=\"width: 12.5862%;\">12:30<\/td>\n<td style=\"width: 87.4138%;\">Champagne &#8211; recommendations, le service et le stockage<\/td>\n<\/tr>\n<tr>\n<td style=\"width: 12.5862%;\">13:00<\/td>\n<td style=\"width: 87.4138%;\">D\u00e9gustation<\/td>\n<\/tr>\n<tr>\n<td style=\"width: 12.5862%;\">13:30<\/td>\n<td style=\"width: 87.4138%;\">exercice pratique &#8211; le n\u00e9gociant<\/td>\n<\/tr>\n<tr>\n<td style=\"width: 12.5862%;\">14:15<\/td>\n<td style=\"width: 87.4138%;\">R\u00e9vision<\/td>\n<\/tr>\n<tr>\n<td style=\"width: 12.5862%;\"><em>14:30<\/em><\/td>\n<td style=\"width: 87.4138%;\"><em>Courte pause<\/em><\/td>\n<\/tr>\n<tr>\n<td style=\"width: 12.5862%;\">15:00<\/td>\n<td style=\"width: 87.4138%;\">Examen<\/td>\n<\/tr>\n<tr>\n<td style=\"width: 12.5862%;\"><em>16:30<\/em><\/td>\n<td style=\"width: 87.4138%;\"><em>Fin de l&rsquo;examen et du cours<\/em><\/td>\n<\/tr>\n<\/tbody>\n<\/table>\n<ul>\n<li>Veuillez cr\u00e9er votre profil et connectez-vous afin de pouvoir r\u00e9server votre place sur ce cours.<\/li>\n<li><em>Nous avons besoin que vous pour compl\u00e9tez les informations d&rsquo;inscription, qui incluent votre date de naissance afin de terminer le processus d&rsquo;inscription le plus rapidement possible pour vous.<\/em><\/li>\n<\/ul>\n<p><em>N.B. Nous acceptons les paiements par carte de cr\u00e9dit \u00e0 travers le syst\u00e8me de SumUp, mais vous pouvez aussi payer par virement bancaire.\u00a0<\/em><\/p>\n<p class=\"p1\"><b>Aide financi\u00e8re:<\/b><\/p>\n<p class=\"p1\">Pour ceux d&rsquo;entre vous qui sont employ\u00e9s ou responsables d&rsquo;un restaurant, d&rsquo;un h\u00f4tel, d&rsquo;un bar ou d&rsquo;une bo\u00eete de nuit dans l&rsquo;un des cantons suivants, il est possible de b\u00e9n\u00e9ficier d&rsquo;une subvention pour le prix du cours.<\/p>\n<p class=\"p1\">Les cantons avec lesquels nous avons actuellement un accord sont:<\/p>\n<ul class=\"ul1\">\n<li class=\"li2\">Fribourg<\/li>\n<li class=\"li2\">Gen\u00e8ve &#8211; il est possible de demander \u00ab\u00a0<a href=\"https:\/\/www.ge.ch\/parcourir\/aides-financieres-argent-impots\/aides-formation\"><span class=\"s1\">une bourse ou un pr\u00eat<\/span><\/a>\u00a0\u00bb aupr\u00e9s du Canton<\/li>\n<li class=\"li2\">Jura<\/li>\n<li class=\"li2\">Neuch\u00e2tel<\/li>\n<li class=\"li2\">Valais &#8211; ritzy formation continue<\/li>\n<\/ul>\n<p class=\"p2\"><em>Pour les g\u00e9rants et employ\u00e9s d\u2019un restaurant, bar, h\u00f4tel ou un club de nuit (soumis \u00e0 la CCNT) dans un Canton qui n\u2019offre pas une subvention pour la formation continue, nous vous accordons un rabais de 10% sur le prix du cours dans nos locaux principaux et aussi dans le Canton de Ticino. Veuillez nous contacter pour en savoir plus.<\/em><\/p>\n<p>Lors de votre inscription au cours, veuillez utiliser le code : YP6W6WE2<\/p>\n<p class=\"p3\">Pour les cantons pour lesquels nous avons actuellement un accord, contactez-nous et nous vous aiderons dans vos d\u00e9marches. Nous nous r\u00e9jouissons de vous accueillir au prochain cours.<\/p>\n<p>Lieu du cours: The Beverage Institute<\/p>\n<p>Bernapark 1<\/p>\n<p>CH-3066 Stettlen<\/p>\n<p><em>Arr\u00eat \u00e0 la gare de \u00ab\u00a0Deisswil\u00a0\u00bb, 15 minutes avec le S7 de la gare principale de Berne, train toutes les 15 minutes.<\/em><\/p>\n","protected":false},"excerpt":{"rendered":"<p class=\"p1\"><em><strong>\u00ab\u00a0Sp\u00e9cialiste du champagne\u00a0\u00bb &#8211; comprendre et recommander le champagne<\/strong><\/em><\/p>\n<ul>\n<li><strong>Une formation d&rsquo;approfondissement <\/strong>sur les divers vins de Champagne et\u00a0l&rsquo;acquisition de solides comp\u00e9tences en d\u00e9gustation et conseil en vins de Champagne<\/li>\n<li><strong>Un Certificat propos\u00e9 par le Comit\u00e9 Champagne,\u00a0<\/strong>autorit\u00e9 officielle des vins de Champagne<\/li>\n<\/ul>\n<p class=\"p1\"><b><i>qui doit participer ?<\/i><\/b><\/p>\n<p class=\"p1\">Ce cours s&rsquo;adresse aux cavistes, sommeliers, professionnels de la restauration, professionnels et cadres de la distribution alimentaire, acheteurs et vendeurs de l&rsquo;industrie des vins et spiritueux, professionnels de la viticulture, professionnels de l&rsquo;\u0153notourisme, journalistes du vin, importateurs, formateurs en \u0153nologie, \u00e9tudiants de l&rsquo;h\u00f4tellerie, de la restauration et de l&rsquo;industrie du luxe.<\/p>\n<p class=\"p1\">Plus g\u00e9n\u00e9ralement, toute personne souhaitant approfondir ses connaissances dans le domaine de la recommandation des vins de Champagne.<\/p>\n<p class=\"p1\"><b><i>quels sont les avantages de cette formation ?<\/i><\/b><\/p>\n<p class=\"p1\">Les candidats retenus seront capables de<\/p>\n<ul>\n<li class=\"p1\">comprendre et interpr\u00e9ter les \u00e9tiquettes des vins de Champagne<\/li>\n<li class=\"p1\">d\u00e9crire et \u00e9valuer les vins de Champagne<\/li>\n<li class=\"p1\">savoir comment conserver et servir les vins de Champagne dans des conditions optimales<\/li>\n<li class=\"p1\">recommander un vin de Champagne en d\u00e9terminant les attentes et les besoins d&rsquo;un client, puis lui faire une s\u00e9rie de propositions en fonction de ses besoins<\/li>\n<li class=\"p1\">savoir assicier les mets et les vins de Champagne<\/li>\n<\/ul>\n<p class=\"p1\"><em><strong>Pour obtenir cette qualification, les candidats devront<\/strong><\/em> &#8211; r\u00e9ussir :<\/p>\n<p class=\"p1\">une \u00e9valuation th\u00e9orique<span class=\"Apple-converted-space\">\u00a0<\/span><\/p>\n<ul>\n<li class=\"p1\">trente questions \u00e0 choix multiples<\/li>\n<li class=\"p1\">un cas pratique sous forme de deux questions \u00e0 r\u00e9ponse \u00e9crite courte<\/li>\n<\/ul>\n<p class=\"p1\">une \u00e9valuation pratique<\/p>\n<ul>\n<li class=\"p1\">une d\u00e9gustation \u00e0 l&rsquo;aveugle de deux Champagnes<\/li>\n<\/ul>\n<p><strong>Connaissances pr\u00e9alables requises pour ce cours:<\/strong>Tous les participants au cours doivent avoir suivi et r\u00e9ussi la certification gratuite de niveau 1 \u00e0 3 de <a href=\"https:\/\/www.champagne.education\/fr\/e-learning-champagne-mooc\" target=\"_blank\" rel=\"noopener\">Champagne Education E-Learning<\/a> avant le cours. Il est fortement recommand\u00e9 d&rsquo;avoir au moins r\u00e9ussi le niveau 2 &#8211; WSET\u00ae Award en vins <em>(ou une qualification \u00e9quivalente)<\/em>.<\/p>\n<p class=\"p1\">N.B. L&rsquo;examen sera not\u00e9 et le certificat sera d\u00e9livr\u00e9 par le Comit\u00e9 Champagne en France<\/p>\n<p><em><strong>Lieu du cours:<img loading=\"lazy\" decoding=\"async\" class=\" wp-image-37100 alignright\" src=\"https:\/\/beverageinstitute.ch\/wp-content\/uploads\/2025\/03\/Screenshot-2025-03-28-at-17.21.36-300x260.png\" alt=\"\" width=\"174\" height=\"150\" srcset=\"https:\/\/beverageinstitute.ch\/wp-content\/uploads\/2025\/03\/Screenshot-2025-03-28-at-17.21.36-300x260.png 300w, https:\/\/beverageinstitute.ch\/wp-content\/uploads\/2025\/03\/Screenshot-2025-03-28-at-17.21.36-350x303.png 350w, https:\/\/beverageinstitute.ch\/wp-content\/uploads\/2025\/03\/Screenshot-2025-03-28-at-17.21.36-1024x887.png 1024w, https:\/\/beverageinstitute.ch\/wp-content\/uploads\/2025\/03\/Screenshot-2025-03-28-at-17.21.36-768x666.png 768w, https:\/\/beverageinstitute.ch\/wp-content\/uploads\/2025\/03\/Screenshot-2025-03-28-at-17.21.36.png 1244w\" sizes=\"auto, (max-width: 174px) 100vw, 174px\" \/><\/strong><\/em><\/p>\n<p>The Beverage Institute<\/p>\n<p>Bernapark 1<\/p>\n<p>CH-3066 Stettlen<\/p>\n<p><em>Arr\u00eat \u00e0 la gare de \u00ab\u00a0Deisswil\u00a0\u00bb, 14 minutes avec le S7 de la gare principale de Berne, train toutes les 15 minutes.<\/em><\/p>\n","protected":false},"featured_media":34927,"template":"","meta":[],"product_brand":[],"product_cat":[173],"product_tag":[205],"class_list":{"0":"post-38098","1":"product","2":"type-product","3":"status-publish","4":"has-post-thumbnail","6":"product_cat-champagne-specialist","7":"product_tag-cours-sommelier","9":"first","10":"instock","11":"shipping-taxable","12":"purchasable","13":"product-type-simple"},"translation":{"provider":"WPGlobus","version":"3.0.2","language":"fr","enabled_languages":["en","de","fr","it"],"languages":{"en":{"title":true,"content":true,"excerpt":true},"de":{"title":false,"content":false,"excerpt":false},"fr":{"title":false,"content":false,"excerpt":false},"it":{"title":false,"content":false,"excerpt":false}}},"_links":{"self":[{"href":"https:\/\/beverageinstitute.ch\/fr\/wp-json\/wp\/v2\/product\/38098","targetHints":{"allow":["GET"]}}],"collection":[{"href":"https:\/\/beverageinstitute.ch\/fr\/wp-json\/wp\/v2\/product"}],"about":[{"href":"https:\/\/beverageinstitute.ch\/fr\/wp-json\/wp\/v2\/types\/product"}],"wp:featuredmedia":[{"embeddable":true,"href":"https:\/\/beverageinstitute.ch\/fr\/wp-json\/wp\/v2\/media\/34927"}],"wp:attachment":[{"href":"https:\/\/beverageinstitute.ch\/fr\/wp-json\/wp\/v2\/media?parent=38098"}],"wp:term":[{"taxonomy":"product_brand","embeddable":true,"href":"https:\/\/beverageinstitute.ch\/fr\/wp-json\/wp\/v2\/product_brand?post=38098"},{"taxonomy":"product_cat","embeddable":true,"href":"https:\/\/beverageinstitute.ch\/fr\/wp-json\/wp\/v2\/product_cat?post=38098"},{"taxonomy":"product_tag","embeddable":true,"href":"https:\/\/beverageinstitute.ch\/fr\/wp-json\/wp\/v2\/product_tag?post=38098"}],"curies":[{"name":"wp","href":"https:\/\/api.w.org\/{rel}","templated":true}]}}