{"id":38193,"date":"2026-05-06T17:00:15","date_gmt":"2026-05-06T15:00:15","guid":{"rendered":"https:\/\/beverageinstitute.ch\/?post_type=product&#038;p=38193"},"modified":"2026-05-06T18:49:39","modified_gmt":"2026-05-06T16:49:39","slug":"niveau-2-diplome-wset-en-vins-francais-22-06-2026-sierre-vs-cloture-des-inscriptions-le-08-06-2026","status":"publish","type":"product","link":"https:\/\/beverageinstitute.ch\/fr\/product\/niveau-2-diplome-wset-en-vins-francais-22-06-2026-sierre-vs-cloture-des-inscriptions-le-08-06-2026\/","title":{"rendered":"Niveau 2 &#8211; dipl\u00f4me WSET\u00ae en Vins &#8211; fran\u00e7ais &#8211; 22.06.2026 &#8211; Sierre VS &#8211; cl\u00f4ture des inscriptions le 08.06.2026"},"content":{"rendered":"<table style=\"border-collapse: collapse; width: 100%; height: 694px;\">\n<tbody>\n<tr style=\"height: 101px;\">\n<td style=\"text-align: center; height: 101px;\" colspan=\"2\"><strong>Niveau 2 dipl\u00f4me WSET\u00ae en vins<\/strong><\/p>\n<p>instruction, mat\u00e9riel d&rsquo;\u00e9tude et examen en langue fran\u00e7aise ou allemande<\/td>\n<\/tr>\n<tr style=\"height: 26px;\">\n<td style=\"width: 50%; text-align: center; height: 26px;\" colspan=\"2\"><strong>Lundi, le 22 juin 2026<\/strong><strong>\u00a0<\/strong><\/td>\n<\/tr>\n<tr style=\"height: 26px;\">\n<td style=\"width: 50%; text-align: center; height: 26px;\"><em>\u00e0 partir de 08:15<\/em><\/td>\n<td style=\"width: 50%; text-align: center; height: 26px;\"><em>Bienvenue<\/em><\/td>\n<\/tr>\n<tr style=\"height: 178px;\">\n<td style=\"width: 50%; text-align: center; height: 178px;\">08:30<\/td>\n<td style=\"width: 50%; text-align: center; height: 178px;\">Introduction au cours et aux objectifs<\/p>\n<p>Niveau 2 WSET\u00ae t\u00e9chnique de d\u00e9gustation<\/p>\n<p>association des vins et des mets<\/td>\n<\/tr>\n<tr style=\"height: 26px;\">\n<td style=\"width: 50%; text-align: center; height: 26px;\">10:30<\/td>\n<td style=\"width: 50%; text-align: center; height: 26px;\">Pinot Noir, Zinfandel<\/td>\n<\/tr>\n<tr style=\"height: 26px;\">\n<td style=\"width: 50%; text-align: center; height: 26px;\"><em>12:00<\/em><\/td>\n<td style=\"width: 50%; text-align: center; height: 26px;\"><em>Pause d\u00e9jeuner<\/em><\/td>\n<\/tr>\n<tr>\n<td style=\"width: 50%; text-align: center;\">13:00<\/td>\n<td style=\"width: 50%; text-align: center;\">Facteurs qui influencent la production des vins rouges<\/p>\n<p>Pinot Noir, Zinfandel<\/td>\n<\/tr>\n<tr style=\"height: 180px;\">\n<td style=\"width: 50%; text-align: center; height: 180px;\">14:30<\/td>\n<td style=\"width: 50%; text-align: center; height: 180px;\">Facteurs qui influencent la production des vins blancs, des vins doux et des vins ros\u00e9s<\/p>\n<p>Riesling, Chenin Blanc, S\u00e9millon, Furmint<\/td>\n<\/tr>\n<tr style=\"height: 53px;\">\n<td style=\"width: 50%; text-align: center; height: 53px;\"><em>16:30<\/em><\/td>\n<td style=\"width: 50%; text-align: center; height: 53px;\"><em>Questions et fin de la premi\u00e8re journ\u00e9e<\/em><\/td>\n<\/tr>\n<tr style=\"height: 26px;\">\n<td style=\"width: 50%; text-align: center; height: 26px;\" colspan=\"2\"><strong>Lundi 29 juin 2026<\/strong><\/td>\n<\/tr>\n<tr style=\"height: 26px;\">\n<td style=\"width: 50%; text-align: center; height: 26px;\"><em>\u00e0 partir de: 08:15<\/em><\/td>\n<td style=\"width: 50%; text-align: center; height: 26px;\"><em>Bienvenue<\/em><\/td>\n<\/tr>\n<tr style=\"height: 26px;\">\n<td style=\"width: 50%; text-align: center; height: 26px;\">08:30<\/td>\n<td style=\"width: 50%; text-align: center; height: 26px;\">Chardonnay, Sauvignon Blanc, Pinot Gris, Gewurztraminer, Viognier, Albari\u00f1o<\/td>\n<\/tr>\n<tr>\n<td style=\"width: 50%; text-align: center;\">10:30<\/td>\n<td style=\"width: 50%; text-align: center;\">Merlot, Cabernet Sauvignon, Syrah \/ Shiraz<\/td>\n<\/tr>\n<tr>\n<td style=\"width: 50%; text-align: center;\"><em>12:00<\/em><\/td>\n<td style=\"width: 50%; text-align: center;\"><em>Pause d\u00e9jeuner<\/em><\/td>\n<\/tr>\n<tr>\n<td style=\"width: 50%; text-align: center;\">13:00<\/td>\n<td style=\"width: 50%; text-align: center;\">Gamay, Grenache, Tempranillo, Carmen\u00e8re, Malbec, Pinotage<\/td>\n<\/tr>\n<tr>\n<td style=\"width: 50%; text-align: center;\"><em>16:30<\/em><\/td>\n<td style=\"width: 50%; text-align: center;\"><em>Questions et fin de la deuxi\u00e8me journ\u00e9e<\/em><\/td>\n<\/tr>\n<tr>\n<td style=\"width: 50%; text-align: center;\" colspan=\"2\"><strong>Lundi, 6 juillet 2026<\/strong><\/td>\n<\/tr>\n<tr>\n<td style=\"width: 50%; text-align: center;\"><em>\u00e0 partir de: 08:15<\/em><\/td>\n<td style=\"width: 50%; text-align: center;\"><em>Bienvenue<\/em><\/td>\n<\/tr>\n<tr>\n<td style=\"width: 50%; text-align: center;\">08:30<\/td>\n<td style=\"width: 50%; text-align: center;\">Cortese, Garganega, Verdicchio, Fiano<\/p>\n<p>Nebbiolo, Barbera, Corvina, Sangiovese, Montepulciano<\/td>\n<\/tr>\n<tr>\n<td style=\"width: 50%; text-align: center;\">10:30<\/td>\n<td style=\"width: 50%; text-align: center;\">Les vins mousseux<\/td>\n<\/tr>\n<tr>\n<td style=\"width: 50%; text-align: center;\"><em>12:00<\/em><\/td>\n<td style=\"width: 50%; text-align: center;\"><em>Pause d\u00e9jeuner<\/em><\/td>\n<\/tr>\n<tr>\n<td style=\"width: 50%; text-align: center;\">13:00<\/td>\n<td style=\"width: 50%; text-align: center;\">Les vins fortifi\u00e9s<\/td>\n<\/tr>\n<tr>\n<td style=\"width: 50%; text-align: center;\">14:35<\/td>\n<td style=\"width: 50%; text-align: center;\">Questions et feedback<\/td>\n<\/tr>\n<tr>\n<td style=\"width: 50%; text-align: center;\">14:45<\/td>\n<td style=\"width: 50%; text-align: center;\"><em>courte pause<\/em><\/td>\n<\/tr>\n<tr>\n<td style=\"width: 50%; text-align: center;\">15:00<\/td>\n<td style=\"width: 50%; text-align: center;\">Examen &#8211; Niveau 2 WSET\u00ae en vins<\/td>\n<\/tr>\n<tr>\n<td style=\"width: 50%; text-align: center;\"><em>16:30<\/em><\/td>\n<td style=\"width: 50%; text-align: center;\"><em>Fin de l&rsquo;examen et le cours<\/em><\/td>\n<\/tr>\n<\/tbody>\n<\/table>\n<ul>\n<li style=\"list-style-type: none;\">\n<ul>\n<li>Veuillez noter que ce cours est organis\u00e9 en partenariat avec ritzy formation continue. Veuillez contacter le s\u00e9cretariat de ritzy formation continue pour r\u00e9server votre place et pour voir si c&rsquo;est possible de b\u00e9n\u00e9ficier d&rsquo;une subvention (seulement pour les personnes qui sont actifs dans le secteur h\u00f4tellerie voir un \u00e9tablissement publique dans le Canton du Valais, veuillez t\u00e9l\u00e9charger, completez et envoyer le formulaire d\u00fbment rempli \u00e0 info(at)ritzy.ch<\/li>\n<li><a href=\"https:\/\/beverageinstitute.ch\/?attachment_id=38194\" target=\"_blank\" rel=\"attachment noopener wp-att-38194\">Demande_daide_au_financement_2024<\/a><\/li>\n<\/ul>\n<\/li>\n<\/ul>\n<p>Le prix de la formation, hors subvention, est de CHF 990.&#8211;<\/p>\n","protected":false},"excerpt":{"rendered":"<p><span style=\"font-size: 10pt;\">Lieu du cours \/ Kursstandort:<\/span><\/p>\n<p><span style=\"font-size: 10pt;\">ritzy formation continue<\/span><\/p>\n<p><span style=\"font-size: 10pt;\">Technoark, Technop\u00f4le 3<\/span><\/p>\n<p><span style=\"font-size: 10pt;\">CH-3960 Sierre<\/span><\/p>\n","protected":false},"featured_media":30797,"template":"","meta":[],"product_brand":[],"product_cat":[20,22],"product_tag":[208,79,80],"class_list":{"0":"post-38193","1":"product","2":"type-product","3":"status-publish","4":"has-post-thumbnail","6":"product_cat-wine-courses","7":"product_cat-l2-wset-wines","8":"product_tag-niveau-1-vins-suisse","9":"product_tag-wset","10":"product_tag-wset-niveau-2","12":"first","13":"instock","14":"shipping-taxable","15":"product-type-simple"},"translation":{"provider":"WPGlobus","version":"3.0.2","language":"fr","enabled_languages":["en","de","fr","it"],"languages":{"en":{"title":true,"content":true,"excerpt":true},"de":{"title":false,"content":false,"excerpt":false},"fr":{"title":false,"content":false,"excerpt":false},"it":{"title":false,"content":false,"excerpt":false}}},"_links":{"self":[{"href":"https:\/\/beverageinstitute.ch\/fr\/wp-json\/wp\/v2\/product\/38193","targetHints":{"allow":["GET"]}}],"collection":[{"href":"https:\/\/beverageinstitute.ch\/fr\/wp-json\/wp\/v2\/product"}],"about":[{"href":"https:\/\/beverageinstitute.ch\/fr\/wp-json\/wp\/v2\/types\/product"}],"wp:featuredmedia":[{"embeddable":true,"href":"https:\/\/beverageinstitute.ch\/fr\/wp-json\/wp\/v2\/media\/30797"}],"wp:attachment":[{"href":"https:\/\/beverageinstitute.ch\/fr\/wp-json\/wp\/v2\/media?parent=38193"}],"wp:term":[{"taxonomy":"product_brand","embeddable":true,"href":"https:\/\/beverageinstitute.ch\/fr\/wp-json\/wp\/v2\/product_brand?post=38193"},{"taxonomy":"product_cat","embeddable":true,"href":"https:\/\/beverageinstitute.ch\/fr\/wp-json\/wp\/v2\/product_cat?post=38193"},{"taxonomy":"product_tag","embeddable":true,"href":"https:\/\/beverageinstitute.ch\/fr\/wp-json\/wp\/v2\/product_tag?post=38193"}],"curies":[{"name":"wp","href":"https:\/\/api.w.org\/{rel}","templated":true}]}}