{"id":38260,"date":"2026-05-14T15:59:38","date_gmt":"2026-05-14T13:59:38","guid":{"rendered":"https:\/\/beverageinstitute.ch\/?post_type=product&#038;p=38260"},"modified":"2026-05-14T16:00:25","modified_gmt":"2026-05-14T14:00:25","slug":"niveau-2-diplome-wset-en-spiritueux-formation-a-distance-examen-le-21-10-2026-cloture-des-inscriptions-le-20-09-2026","status":"publish","type":"product","link":"https:\/\/beverageinstitute.ch\/fr\/product\/niveau-2-diplome-wset-en-spiritueux-formation-a-distance-examen-le-21-10-2026-cloture-des-inscriptions-le-20-09-2026\/","title":{"rendered":"Niveau 2 dipl\u00f4me WSET\u00ae en spiritueux &#8211; Formation \u00e0 distance &#8211; examen le 21.10.2026 &#8211; clot\u00fbre des inscriptions le 20.09.2026"},"content":{"rendered":"<table style=\"border-collapse: collapse; width: 100%;\">\n<tbody>\n<tr>\n<td style=\"width: 66.6666%; text-align: center;\" colspan=\"2\"><strong>Mercredi, le 21 octobre 2026<\/strong><\/td>\n<\/tr>\n<tr>\n<td style=\"width: 33.3333%; text-align: center;\"><em>\u00e0 partir de 13:30<\/em><\/td>\n<td style=\"width: 33.3333%; text-align: center;\"><em>Bienvenue<\/em><\/td>\n<\/tr>\n<tr>\n<td style=\"width: 33.3333%; text-align: center;\">13:45<\/td>\n<td style=\"width: 33.3333%; text-align: center;\">D\u00e9gustation guid\u00e9e des spiritueux par cat\u00e9gorie<\/td>\n<\/tr>\n<tr>\n<td style=\"width: 33.3333%; text-align: center;\"><em>14:50<\/em><\/td>\n<td style=\"width: 33.3333%; text-align: center;\"><em>courte pause<\/em><\/td>\n<\/tr>\n<tr>\n<td style=\"width: 33.3333%; text-align: center;\">15:00<\/td>\n<td style=\"width: 33.3333%; text-align: center;\">Examen &#8211; Niveau 2 dipl\u00f4me WSET\u00ae en spiritueux<\/td>\n<\/tr>\n<tr>\n<td style=\"width: 33.3333%; text-align: center;\"><em>16:00<\/em><\/td>\n<td style=\"width: 33.3333%; text-align: center;\"><em>fin de l&rsquo;examen<\/em><\/td>\n<\/tr>\n<\/tbody>\n<\/table>\n<ul>\n<li>Veuillez cr\u00e9er votre profil et connectez-vous afin de pouvoir r\u00e9server votre place sur ce cours.<\/li>\n<li><em>Nous avons besoin que vous pour compl\u00e9tez les informations d&rsquo;inscription, qui incluent votre date de naissance afin de terminer le processus d&rsquo;inscription le plus rapidement possible pour vous.<\/em><\/li>\n<\/ul>\n<p><em>N.B. Nous acceptons les paiements par carte de cr\u00e9dit \u00e0 travers le syst\u00e8me de SumUp, mais vous pouvez aussi payer par virement bancaire.\u00a0<\/em><\/p>\n<p class=\"p1\"><b>Aide financi\u00e8re:<\/b><\/p>\n<p class=\"p1\">Pour ceux d&rsquo;entre vous qui sont employ\u00e9s ou responsables d&rsquo;un restaurant, d&rsquo;un h\u00f4tel, d&rsquo;un bar ou d&rsquo;une bo\u00eete de nuit dans l&rsquo;un des cantons suivants, il est possible de b\u00e9n\u00e9ficier d&rsquo;une subvention pour le prix du cours.<\/p>\n<p class=\"p1\">Les cantons avec lesquels nous avons actuellement un accord sont:<\/p>\n<ul class=\"ul1\">\n<li class=\"li2\">Fribourg<\/li>\n<li class=\"li2\">Gen\u00e8ve &#8211; il est possible de demander \u00ab\u00a0<a href=\"https:\/\/www.ge.ch\/parcourir\/aides-financieres-argent-impots\/aides-formation\"><span class=\"s1\">une bourse ou un pr\u00eat<\/span><\/a>\u00a0\u00bb aupr\u00e9s du Canton<\/li>\n<li class=\"li2\">Jura<\/li>\n<li class=\"li2\">Neuch\u00e2tel<\/li>\n<li class=\"li2\">Valais &#8211; ritzy formation continue<\/li>\n<\/ul>\n<p class=\"p2\"><em>Pour les g\u00e9rants et employ\u00e9s d\u2019un restaurant, bar, h\u00f4tel ou un club de nuit (soumis \u00e0 la CCNT) dans un Canton qui n\u2019offre pas une subvention pour la formation continue, nous vous accordons un rabais de 10% sur le prix du cours dans nos locaux principaux et aussi dans le Canton de Ticino. Veuillez nous contacter pour en savoir plus.<\/em><\/p>\n<p>Veuillez utiliser le code: YP6W6WE2 pendant votre inscription.<\/p>\n<p class=\"p3\">Pour les cantons pour lesquels nous avons actuellement un accord, contactez-nous et nous vous aiderons dans vos d\u00e9marches. Nous nous r\u00e9jouissons de vous accueillir au prochain cours.<\/p>\n","protected":false},"excerpt":{"rendered":"<p><em><strong>\u00c0 qui s&rsquo;addresse-t-il?<\/strong><\/em><\/p>\n<p>Une formation \u00e0 la d\u00e9couverte des spiritueux et liqueurs \u00e0 l&rsquo;intention des professionnels du secteur, mais aussi de celles et ceux qui se passionnent pour cet univers.<\/p>\n<p>Pendant ce cours, vous apprendrez les avantages et les inconv\u00e9nients de chaque type d&rsquo;alambic ainsi que les principes de la distillation. Une approche professionnelle de la d\u00e9gustation et de l&rsquo;\u00e9valuation de toutes les grandes cat\u00e9gories de spiritueux et de la mani\u00e8re d&rsquo;\u00e9valuer leur qualit\u00e9.<br \/>\nNous vous pr\u00e9senterons les principes du service et de la mixologie (cat\u00e9gorie des cocktails) en fonction de chaque style de spiritueux et des choix disponibles pour le service.<br \/>\nLa l\u00e9gislation de chaque cat\u00e9gorie de spiritueux fait partie de la connaissance des produits couverte par le cours.<\/p>\n<p><em><strong>Qu&rsquo;apporte-t-il?<\/strong><\/em><\/p>\n<p>Influence des m\u00e9thodes de production sur les caract\u00e9ristiques des spiritueux et liqueurs<br \/>\nCaract\u00e9ristiques des principaux spiritueux et liqueurs dans le monde<br \/>\n\u00c9valuation d&rsquo;un spiritueux selon l&rsquo;Approche syst\u00e9matique de la d\u00e9gustation de spiritueux\u00ae du WSET (niveau 2)<\/p>\n<p><em data-rich-text-format-boundary=\"true\">(N.B. si vous n&rsquo;\u00eates pas s\u00fbr, contactez-nous, afin que nous puissions vous aider \u00e0 choisir le niveau du cours en fonction de vos besoins et de vos objectifs).<\/em><\/p>\n<p><em><strong>Lieu du cours:<a href=\"https:\/\/beverageinstitute.ch\/course-locations\/screenshot-2026-05-01-at-13-58-50\/\" rel=\"attachment wp-att-38169\"><img loading=\"lazy\" decoding=\"async\" class=\" wp-image-38169 alignright\" src=\"https:\/\/beverageinstitute.ch\/wp-content\/uploads\/2020\/12\/Screenshot-2026-05-01-at-13.58.50.png\" alt=\"\" width=\"292\" height=\"241\" srcset=\"https:\/\/beverageinstitute.ch\/wp-content\/uploads\/2020\/12\/Screenshot-2026-05-01-at-13.58.50.png 523w, https:\/\/beverageinstitute.ch\/wp-content\/uploads\/2020\/12\/Screenshot-2026-05-01-at-13.58.50-300x248.png 300w, https:\/\/beverageinstitute.ch\/wp-content\/uploads\/2020\/12\/Screenshot-2026-05-01-at-13.58.50-350x289.png 350w\" sizes=\"auto, (max-width: 292px) 100vw, 292px\" \/><\/a><\/strong><\/em><\/p>\n<p>HSO Wirtschafts- &amp; Informatikschule Bern<\/p>\n<p>L\u00e4nggasssstrasse 37<\/p>\n<p>CH-3012 Bern<\/p>\n<p><em>14 minutes \u00e0 pied de la gare principale de Berne ou 2 minutes en bus. Entr\u00e9e \u00e0 c\u00f4t\u00e9 du CooP.<\/em><\/p>\n","protected":false},"featured_media":30801,"template":"","meta":[],"product_brand":[],"product_cat":[27],"product_tag":[116,224,221,79,244,245],"class_list":{"0":"post-38260","1":"product","2":"type-product","3":"status-publish","4":"has-post-thumbnail","6":"product_cat-spirits-courses","7":"product_tag-eau-de-vie","8":"product_tag-eau-de-vie-cours","9":"product_tag-l2-spirits-wset","10":"product_tag-wset","11":"product_tag-wsetspirits","12":"product_tag-wsetspiritueux","14":"first","15":"instock","16":"shipping-taxable","17":"purchasable","18":"product-type-simple"},"translation":{"provider":"WPGlobus","version":"3.0.2","language":"fr","enabled_languages":["en","de","fr","it"],"languages":{"en":{"title":true,"content":true,"excerpt":true},"de":{"title":false,"content":false,"excerpt":false},"fr":{"title":false,"content":false,"excerpt":false},"it":{"title":false,"content":false,"excerpt":false}}},"_links":{"self":[{"href":"https:\/\/beverageinstitute.ch\/fr\/wp-json\/wp\/v2\/product\/38260","targetHints":{"allow":["GET"]}}],"collection":[{"href":"https:\/\/beverageinstitute.ch\/fr\/wp-json\/wp\/v2\/product"}],"about":[{"href":"https:\/\/beverageinstitute.ch\/fr\/wp-json\/wp\/v2\/types\/product"}],"wp:featuredmedia":[{"embeddable":true,"href":"https:\/\/beverageinstitute.ch\/fr\/wp-json\/wp\/v2\/media\/30801"}],"wp:attachment":[{"href":"https:\/\/beverageinstitute.ch\/fr\/wp-json\/wp\/v2\/media?parent=38260"}],"wp:term":[{"taxonomy":"product_brand","embeddable":true,"href":"https:\/\/beverageinstitute.ch\/fr\/wp-json\/wp\/v2\/product_brand?post=38260"},{"taxonomy":"product_cat","embeddable":true,"href":"https:\/\/beverageinstitute.ch\/fr\/wp-json\/wp\/v2\/product_cat?post=38260"},{"taxonomy":"product_tag","embeddable":true,"href":"https:\/\/beverageinstitute.ch\/fr\/wp-json\/wp\/v2\/product_tag?post=38260"}],"curies":[{"name":"wp","href":"https:\/\/api.w.org\/{rel}","templated":true}]}}