{"id":38261,"date":"2026-05-14T16:01:33","date_gmt":"2026-05-14T14:01:33","guid":{"rendered":"https:\/\/beverageinstitute.ch\/?post_type=product&#038;p=38261"},"modified":"2026-05-14T16:09:46","modified_gmt":"2026-05-14T14:09:46","slug":"niveau-2-qualifikation-wset-in-spirituosen-fernstudium-prufun-am-21-10-2026-anmeldungsfrist-20-09-2026","status":"publish","type":"product","link":"https:\/\/beverageinstitute.ch\/fr\/product\/niveau-2-qualifikation-wset-in-spirituosen-fernstudium-prufun-am-21-10-2026-anmeldungsfrist-20-09-2026\/","title":{"rendered":"Niveau 2 Qualifikation WSET\u00ae in Spirituosen &#8211; Fernstudium &#8211; Pr\u00fcfun am 21.10.2026 &#8211; Anmeldungsfrist 20.09.2026"},"content":{"rendered":"<table style=\"border-collapse: collapse; width: 100%;\">\n<tbody>\n<tr>\n<td style=\"width: 66.6666%; text-align: center;\" colspan=\"2\"><strong>Mittwoch, den 21. Oktober 2026<\/strong><\/td>\n<\/tr>\n<tr>\n<td style=\"width: 33.3333%; text-align: center;\"><em>ab 13:30<\/em><\/td>\n<td style=\"width: 33.3333%; text-align: center;\"><em>Willkommen<\/em><\/td>\n<\/tr>\n<tr>\n<td style=\"width: 33.3333%; text-align: center;\">13:45<\/td>\n<td style=\"width: 33.3333%; text-align: center;\">Gef\u00fchrte Spirituosenverstung nach Kategorie<\/td>\n<\/tr>\n<tr>\n<td style=\"width: 33.3333%; text-align: center;\"><em>14:50<\/em><\/td>\n<td style=\"width: 33.3333%; text-align: center;\"><em>kurze Pause<\/em><\/td>\n<\/tr>\n<tr>\n<td style=\"width: 33.3333%; text-align: center;\">15:00<\/td>\n<td style=\"width: 33.3333%; text-align: center;\">Pr\u00fcfung &#8211; Niveau 2 Qualifikation WSET\u00ae in Spirituosen<\/td>\n<\/tr>\n<tr>\n<td style=\"width: 33.3333%; text-align: center;\"><em>16:00<\/em><\/td>\n<td style=\"width: 33.3333%; text-align: center;\"><i>Ende der Pr\u00fcfung<\/i><\/td>\n<\/tr>\n<\/tbody>\n<\/table>\n<ul>\n<li>Bitte erstellen Sie Ihren Profil und dann einloggen, um Ihre Teilnahme beim Kurs zu reservieren. Danach, folgen Sie diesen Link um den Anmeldungsprozess zu vervollst\u00e4ndigen, in dem Sie f\u00fcr den Kurs ihrer Wahl bezahlen<\/li>\n<\/ul>\n<p><em>N.B. Wir akzeptieren Zahlungen per Debitkarte und Kreditkarte durch das SumUp System aber eine Bank\u00fcberweisung w\u00e4re auch m\u00f6glich. Bitte f\u00fcllen Sie die Anmeldungsinformationen aus, damit wir den Registrierungsprozess f\u00fcr Sie so schnell wie m\u00f6glich abschliessen k\u00f6nnen.<\/em><\/p>\n<p class=\"p1\"><b>Finanzielle Unterst\u00fctzung:<\/b><\/p>\n<p class=\"p1\">F\u00fcr Personen, die in einem Restaurant, Hotel, einer Bar oder einem Nachtclub in einem der folgenden Kantone angestellt oder verantwortlich sind, besteht die M\u00f6glichkeit einer Subventionierung der Kursgeb\u00fchr.<\/p>\n<p class=\"p1\">Die Kantone, mit denen wir derzeit ein Abkommen haben, sind:<\/p>\n<ul class=\"ul1\">\n<li class=\"li2\">Fribourg<\/li>\n<li class=\"li2\">Genf &#8211; es ist m\u00f6glich, beim Kanton \u00ab\u00a0<a href=\"https:\/\/www.ge.ch\/parcourir\/aides-financieres-argent-impots\/aides-formation\"><span class=\"s1\">ein Stipendium oder ein Darlehen<\/span><\/a>\u00a0\u00bb zu beantragen<\/li>\n<li class=\"li2\">Jura<\/li>\n<li class=\"li2\">Neuenburg<\/li>\n<li class=\"li2\">Wallis &#8211; ritzy Weiterbildung<\/li>\n<\/ul>\n<p class=\"p1\"><em>F\u00fcr Gesch\u00e4ftsf\u00fchrer und Angestellte eines Restaurants, einer Bar, eines Hotels oder eines Nachtclubs (dem L-GAV unterstellt) in einem Kanton der keine Subventionen f\u00fcr die Weiterbildung anbietet, bieten wir eine Erm\u00e4\u00dfigung von 10% auf den Preis des Kurses in unserem Hauptgeb\u00e4ude und auch im Kanton Tessin. Bitte kontaktieren Sie uns, um mehr dar\u00fcber zu wissen.<\/em><\/p>\n<p>Bitte verwenden Sie bei der Anmeldung zum Kurs den Code: <strong>YP6W6WE2<\/strong><\/p>\n<p class=\"p1\">F\u00fcr die Kantone, mit denen wir bereits eine Vereinbarung getroffen haben, k\u00f6nnen Sie sich mit uns in Verbindung setzen, und wir werden Sie bei der Abwicklung unterst\u00fctzen. Wir freuen uns darauf, Sie beim n\u00e4chsten Kurs begr\u00fcssen zu d\u00fcrfen<\/p>\n","protected":false},"excerpt":{"rendered":"<p>Dieser Fernstudiengang folgt dem Ansatz des selbstgesteuerten Lernens. Das bedeutet, dass Sie f\u00fcr Ihr Lernen selbst verantwortlich sind und die einzelnen Lektionen der Reihe nach absolvieren m\u00fcssen. Am Ende jeder \u201eLektion\u201c gibt es einen kurzen \u201eTest\u201c, den Sie bestehen m\u00fcssen, um zur n\u00e4chsten Lektion \u00fcberzugehen.<\/p>\n<p>Da unsere Kandidaten aus verschiedenen Berufen kommen und unterschiedliche Arbeitszeiten haben, gibt es keine festgelegte Zeit, zu der Sie f\u00fcr eine Videokonferenz online sein m\u00fcssen. Die einzelnen Lektionen unterst\u00fctzen und begleiten Sie durch den Lernprozess und geben Ihnen Hinweise, wann Sie welche Weine verkosten sollten.<\/p>\n<p>Wir empfehlen Ihnen, Ihre Weine bei der Anmeldung zum Kurs bei <em><strong><a href=\"https:\/\/e-tasting.com\/en\/products\/level-2-spirits-tasting-kit\" target=\"_blank\" rel=\"noopener\">Vinovae<\/a> <\/strong><\/em>zu bestellen und den Code <strong>BEVERAGE5<\/strong> zu verwenden.<\/p>\n<p>Damit erhalten Sie einen kleinen Rabatt auf Ihre Vinovae-Bestellung.<\/p>\n<p><em><strong>\u00c0 qui s&rsquo;addresse-t-il?<\/strong><\/em><\/p>\n<p>Une formation \u00e0 la d\u00e9couverte des spiritueux et liqueurs \u00e0 l&rsquo;intention des professionnels du secteur, mais aussi de celles et ceux qui se passionnent pour cet univers.<\/p>\n<p>Pendant ce cours, vous apprendrez les avantages et les inconv\u00e9nients de chaque type d&rsquo;alambic ainsi que les principes de la distillation. Une approche professionnelle de la d\u00e9gustation et de l&rsquo;\u00e9valuation de toutes les grandes cat\u00e9gories de spiritueux et de la mani\u00e8re d&rsquo;\u00e9valuer leur qualit\u00e9.<br \/>\nNous vous pr\u00e9senterons les principes du service et de la mixologie (cat\u00e9gorie des cocktails) en fonction de chaque style de spiritueux et des choix disponibles pour le service.<br \/>\nLa l\u00e9gislation de chaque cat\u00e9gorie de spiritueux fait partie de la connaissance des produits couverte par le cours.<\/p>\n<p><em><strong>Qu&rsquo;apporte-t-il?<\/strong><\/em><\/p>\n<p>Influence des m\u00e9thodes de production sur les caract\u00e9ristiques des spiritueux et liqueurs<br \/>\nCaract\u00e9ristiques des principaux spiritueux et liqueurs dans le monde<br \/>\n\u00c9valuation d&rsquo;un spiritueux selon l&rsquo;Approche syst\u00e9matique de la d\u00e9gustation de spiritueux\u00ae du WSET (niveau 2)<\/p>\n<p><strong data-rich-text-format-boundary=\"true\">Ben\u00f6tigte Vorkenntnisse:<\/strong> &#8211; Keine Vorkenntnisse. Aber, ein Vorteil, dass Niveau 1 Einf\u00fchrung in Spirituosen erfolgreich bestanden zu haben. Oder eine Lehre in der Schweiz absolviert haben.<\/p>\n<p><em data-rich-text-format-boundary=\"true\">(N.B. wenn Sie sich nicht sicher sind, kontaktieren Sie uns, damit wir Ihnen helfen k\u00f6nnen, die Kursstufe nach Ihren Bed\u00fcrfnissen und Zielen zu w\u00e4hlen).<\/em><\/p>\n<p><em><strong>Standort:<img loading=\"lazy\" decoding=\"async\" class=\"size-medium wp-image-38169 alignright\" src=\"https:\/\/beverageinstitute.ch\/wp-content\/uploads\/2020\/12\/Screenshot-2026-05-01-at-13.58.50-300x248.png\" alt=\"\" width=\"300\" height=\"248\" srcset=\"https:\/\/beverageinstitute.ch\/wp-content\/uploads\/2020\/12\/Screenshot-2026-05-01-at-13.58.50-300x248.png 300w, https:\/\/beverageinstitute.ch\/wp-content\/uploads\/2020\/12\/Screenshot-2026-05-01-at-13.58.50-350x289.png 350w, https:\/\/beverageinstitute.ch\/wp-content\/uploads\/2020\/12\/Screenshot-2026-05-01-at-13.58.50.png 523w\" sizes=\"auto, (max-width: 300px) 100vw, 300px\" \/><\/strong><\/em><\/p>\n<p>HSO Wirtschafts- &amp; Informatikschule<\/p>\n<p>L\u00e4nggassstrasse 35<\/p>\n<p>CH-3012 Bern<\/p>\n<p><em>14 Minuten zu Fuss vom Hauptbahnhof Bern, oder 2 Minuten mit dem Bus. Eingang neben den CooP<\/em><\/p>\n","protected":false},"featured_media":30801,"template":"","meta":[],"product_brand":[],"product_cat":[27],"product_tag":[116,224,221,79,244,245],"class_list":{"0":"post-38261","1":"product","2":"type-product","3":"status-publish","4":"has-post-thumbnail","6":"product_cat-spirits-courses","7":"product_tag-eau-de-vie","8":"product_tag-eau-de-vie-cours","9":"product_tag-l2-spirits-wset","10":"product_tag-wset","11":"product_tag-wsetspirits","12":"product_tag-wsetspiritueux","14":"first","15":"instock","16":"shipping-taxable","17":"purchasable","18":"product-type-simple"},"translation":{"provider":"WPGlobus","version":"3.0.2","language":"fr","enabled_languages":["en","de","fr","it"],"languages":{"en":{"title":true,"content":true,"excerpt":true},"de":{"title":false,"content":false,"excerpt":false},"fr":{"title":false,"content":false,"excerpt":false},"it":{"title":false,"content":false,"excerpt":false}}},"_links":{"self":[{"href":"https:\/\/beverageinstitute.ch\/fr\/wp-json\/wp\/v2\/product\/38261","targetHints":{"allow":["GET"]}}],"collection":[{"href":"https:\/\/beverageinstitute.ch\/fr\/wp-json\/wp\/v2\/product"}],"about":[{"href":"https:\/\/beverageinstitute.ch\/fr\/wp-json\/wp\/v2\/types\/product"}],"wp:featuredmedia":[{"embeddable":true,"href":"https:\/\/beverageinstitute.ch\/fr\/wp-json\/wp\/v2\/media\/30801"}],"wp:attachment":[{"href":"https:\/\/beverageinstitute.ch\/fr\/wp-json\/wp\/v2\/media?parent=38261"}],"wp:term":[{"taxonomy":"product_brand","embeddable":true,"href":"https:\/\/beverageinstitute.ch\/fr\/wp-json\/wp\/v2\/product_brand?post=38261"},{"taxonomy":"product_cat","embeddable":true,"href":"https:\/\/beverageinstitute.ch\/fr\/wp-json\/wp\/v2\/product_cat?post=38261"},{"taxonomy":"product_tag","embeddable":true,"href":"https:\/\/beverageinstitute.ch\/fr\/wp-json\/wp\/v2\/product_tag?post=38261"}],"curies":[{"name":"wp","href":"https:\/\/api.w.org\/{rel}","templated":true}]}}