{"id":29017,"date":"2020-12-29T13:24:21","date_gmt":"2020-12-29T12:24:21","guid":{"rendered":"https:\/\/beverageinstitute.ch\/?page_id=29017"},"modified":"2024-08-17T15:02:22","modified_gmt":"2024-08-17T13:02:22","slug":"beverage-list-development","status":"publish","type":"page","link":"https:\/\/beverageinstitute.ch\/it\/operations-courses\/beverage-list-development\/","title":{"rendered":"Gestione della carta dei vini e della cantina"},"content":{"rendered":"\n<p class=\"p1\"><b><i>chi dovrebbe partecipare?<\/i><\/b><\/p>\n<p class=\"p1\">Il corso \u00e8 aperto agli studenti in possesso del WSET\u00ae Livello 2 in Vini o che possono dimostrare di possedere conoscenze equivalenti. Si raccomanda vivamente agli studenti di completare la qualifica WSET\u00ae Livello 3 in Vini prima di iscriversi a questo corso.<\/p>\n<p class=\"p1\">Il corso \u00e8 aperto a tutti coloro che hanno almeno tre anni di esperienza nel settore della ristorazione, dei bar, degli alberghi e del catering. Lo studente \u00e8 in procinto di passare o \u00e8 gi\u00e0 passato a una posizione di supervisione all&#8217;interno del reparto e ha bisogno di imparare di pi\u00f9 sui diversi metodi per aumentare le vendite, monitorare le vendite attuali con l&#8217;obiettivo di migliorare i profitti dell&#8217;azienda in futuro.<\/p>\n<p class=\"p1\"><b><i>Quali vantaggi ne trarrete?<\/i><\/b><\/p>\n<p class=\"p1\">Il corso vi permetter\u00e0 di acquisire la comprensione e le competenze necessarie per gestire la carta dei vini a complemento dell&#8217;offerta gastronomica e dell&#8217;immagine dell&#8217;azienda. Lo studente sar\u00e0 inoltre in grado di spiegare e seguire i requisiti legislativi e normativi relativi ai servizi di ristorazione.<\/p>\n<p class=\"p1\">Inoltre, comprender\u00e0 e sar\u00e0 in grado di gestire la cantina al fine di ottimizzare le vendite e rispettare il budget per gli acquisti di bevande alcoliche.<\/p>\n<p class=\"p1\"><strong>Obiettivi della qualifica<\/strong><\/p>\n<p class=\"p1\">Al termine del modulo, il candidato sar\u00e0 in grado di:<\/p>\n<ul class=\"ul1\">\n<li class=\"li1\">Fornire al team di servizio informazioni per consigliare i clienti sulle bevande disponibili.<\/li>\n<li class=\"li1\">controllare la pertinenza degli elenchi delle bevande rispetto alle voci del menu<\/li>\n<li class=\"li1\">identificare le variet\u00e0 di bevande considerate complementari a ciascun gruppo alimentare<\/li>\n<li class=\"li1\">utilizzare le informazioni sui prodotti fornite dai fornitori di alimenti per aiutare a identificare le bevande complementari ai loro prodotti<\/li>\n<li class=\"li1\">sviluppare liste di bevande alternative per occasioni speciali e periodi diversi dell&#8217;anno<\/li>\n<li class=\"li1\">sviluppare liste di bevande separate quando sono in funzione menu alimentari diversi (o nessun menu)<\/li>\n<li class=\"li1\">sviluppare liste di bevande che siano complementari a menu diversi<\/li>\n<li class=\"li1\">controllare che il design visivo delle liste di bevande sia complementare ai menu dei cibi e allo stile dell&#8217;organizzazione<\/li>\n<li class=\"li1\">spiegare l&#8217;impatto che la legislazione relativa alle licenze, ai pesi e alle misure ha sullo sviluppo delle liste delle bevande<\/li>\n<li class=\"li1\">spiegare il contributo dell&#8217;offerta di bevande al margine di profitto lordo di un&#8217;organizzazione<\/li>\n<li class=\"li1\">gestire le scorte di bevande in cantina in modo efficace e rispettando i principi di rotazione delle scorte<\/li>\n<\/ul>\n\n\n\n<p><em><strong><a href=\"https:\/\/beverageinstitute.ch\/it\/contact\/\" target=\"_blank\" rel=\"noopener\">contattateci, se siete interessati a questo corso<\/a><\/strong><\/em><\/p>\n","protected":false},"excerpt":{"rendered":"<p>chi dovrebbe partecipare? Il corso \u00e8 aperto agli studenti in possesso del WSET\u00ae Livello 2 in Vini o che possono dimostrare di possedere conoscenze equivalenti. Si raccomanda vivamente agli studenti di completare la qualifica WSET\u00ae Livello 3 in Vini prima di iscriversi a questo corso. Il corso \u00e8 aperto a tutti coloro che hanno almeno &hellip; <\/p>\n<p class=\"link-more\"><a href=\"https:\/\/beverageinstitute.ch\/it\/operations-courses\/beverage-list-development\/\" class=\"more-link\">Leggi tutto<span class=\"screen-reader-text\"> &#8220;Gestione della carta dei vini e della cantina&#8221;<\/span><\/a><\/p>\n","protected":false},"author":1,"featured_media":28981,"parent":28855,"menu_order":3,"comment_status":"closed","ping_status":"closed","template":"","meta":{"footnotes":""},"class_list":["post-29017","page","type-page","status-publish","has-post-thumbnail","hentry"],"translation":{"provider":"WPGlobus","version":"3.0.2","language":"it","enabled_languages":["en","de","fr","it"],"languages":{"en":{"title":true,"content":true,"excerpt":false},"de":{"title":true,"content":true,"excerpt":false},"fr":{"title":true,"content":true,"excerpt":false},"it":{"title":true,"content":true,"excerpt":false}}},"_links":{"self":[{"href":"https:\/\/beverageinstitute.ch\/it\/wp-json\/wp\/v2\/pages\/29017","targetHints":{"allow":["GET"]}}],"collection":[{"href":"https:\/\/beverageinstitute.ch\/it\/wp-json\/wp\/v2\/pages"}],"about":[{"href":"https:\/\/beverageinstitute.ch\/it\/wp-json\/wp\/v2\/types\/page"}],"author":[{"embeddable":true,"href":"https:\/\/beverageinstitute.ch\/it\/wp-json\/wp\/v2\/users\/1"}],"replies":[{"embeddable":true,"href":"https:\/\/beverageinstitute.ch\/it\/wp-json\/wp\/v2\/comments?post=29017"}],"version-history":[{"count":30,"href":"https:\/\/beverageinstitute.ch\/it\/wp-json\/wp\/v2\/pages\/29017\/revisions"}],"predecessor-version":[{"id":35980,"href":"https:\/\/beverageinstitute.ch\/it\/wp-json\/wp\/v2\/pages\/29017\/revisions\/35980"}],"up":[{"embeddable":true,"href":"https:\/\/beverageinstitute.ch\/it\/wp-json\/wp\/v2\/pages\/28855"}],"wp:featuredmedia":[{"embeddable":true,"href":"https:\/\/beverageinstitute.ch\/it\/wp-json\/wp\/v2\/media\/28981"}],"wp:attachment":[{"href":"https:\/\/beverageinstitute.ch\/it\/wp-json\/wp\/v2\/media?parent=29017"}],"curies":[{"name":"wp","href":"https:\/\/api.w.org\/{rel}","templated":true}]}}