{"id":29255,"date":"2020-12-31T16:42:55","date_gmt":"2020-12-31T15:42:55","guid":{"rendered":"https:\/\/beverageinstitute.ch\/?page_id=29255"},"modified":"2026-02-27T13:25:58","modified_gmt":"2026-02-27T12:25:58","slug":"level-3-wset-in-wines","status":"publish","type":"page","link":"https:\/\/beverageinstitute.ch\/it\/wine_courses\/level-3-wset-in-wines\/","title":{"rendered":"Livello 3 &#8211; Qualifica WSET\u00ae in vini"},"content":{"rendered":"\n<p><em>Si prega di notare che, con l&#8217;aggiornamento della qualifica, dal 1\u00b0 agosto 2026 saranno disponibili nuovi materiali didattici e nuovi esami.<\/em><\/p>\n\n\n\n<p>Questo \u00e8 un corso di impostazione decisamente professionale, progettato per portare a una conoscenza approfondita di una vasta gamma di vini. L&#8217;attenzione \u00e8 concetrata sugli elementi che influenzano lo stile, la qualit\u00e0 e il prezzo di vini prodotti nelle principali regioni vitivinicoli del mondo.<\/p>\n<p>Grande importanza \u00e8 inoltre data alle dettagliate degustazioni, nel corso del quali imparete ad indeficare lo stile e il livello qualitativo di vini del mondo.<\/p>\n<p>La Qualifica WSET\u00ae livello 3 &#8211; vini \u00e8 progettato per fornire una conoscenza approfondita dei fattori che rappresentano lo stile, la qualit\u00e0 e il prezzo dei principali vini tranquili, spumanti e fortificate del mondo. La qualifica sar\u00e0 aiutare coloro che sono tenuti a effettuare le valutazioni professionali dei vini per quanto riguarda il loro stile, qualit\u00e0 e prezzo. La qualifica fornisce le conoscenze di prodotto in-profondit\u00e0 richiesta per sostenere competenze professionali e le competenze, ad esempio nella scelta dei prodotti nei settori del commercio al dettaglio e alberghiero.<\/p>\n<p>I candidati saranno in grado di descrivere le caratteristiche dei principali vini del mondo e di fornire informazioni sui fattori chiave che influenzano lo stile, qualit\u00e0 e prezzo. Saranno di consequenza in grado di consigliare la gestione, per rispondere alle richieste dei clienti autorevlmente, e per effetuare le selezioni informate di vini in una variet\u00e0 di situazioni.<\/p>\n<p><strong>Principali argomenti trattati<\/strong><\/p>\n\n\n\n<ul class=\"wp-block-list\">\n<li>La produzione del vino <em>(territorio, viticoltura, vinificazione, affinamento e imbottigliamento, norme per l&#8217;etichettatura)<\/em><\/li>\n\n\n\n<li>Francia, Italia, Spagna e Portogallo<\/li>\n\n\n\n<li>Sud Africa<\/li>\n\n\n\n<li>Australia e Nova Zelanda<\/li>\n\n\n\n<li>Nord, Sud e Centro America<\/li>\n\n\n\n<li>Vini effervescenti del mondo<\/li>\n\n\n\n<li>Vini fortificati  (liquorosi)<\/li>\n\n\n\n<li>Informare e consigliare clienti e dipendenti<\/li>\n\n\n\n<li>L&#8217;approcio Sistematico all&#8217; d\u00e9gustazione &#8211; come adagiare i vini per valutarne la qualit\u00e0, lo stile e il prezzo<\/li>\n<\/ul>\n\n\n\n<p>Lo student pack contenente i libri di testo viene inviato a domicilio al momento dell&#8217;iscrizione. \u00c8 vivamente consigliato iscriversi con almeno 4 settimane di anticipo per poter studiare il materiale in maniera adeguata.<\/p>\n\n\n\n<p><strong>Esame finale<\/strong><\/p>\n\n\n\n<p>\u00e8 composto di due parti, una di teoria e una degustazione alla cieca.<\/p>\n\n\n\n<p>L&#8217;esame di teoria \u00e8 a sua volta subdiviso in due parti, un questionario a risposta multipla con 50 domande, pi\u00f9 4 domande aperte a risposta libera. Il tempo complessivo a disposizione per queste due parte \u00e8 di 2 ore.<\/p>\n\n\n\n<p>L&#8217;esame di degustazione prevede l&#8217;assaggio all cieca di due vini e la redazione delle relative note di degustazione. Il tempo a disposizione \u00e8 di 30 minuti.<\/p>\n\n\n\n<p>Per ottenere il certificato \u00e8 necessario un punteggio minimo del 56% sia per la teoria sia per la parte pratica.<\/p>\n\n\n\n<p><i>Si prega di notare che a partire dal 1\u00b0 agosto 2025, il WSET\u00ae emette solo certificati digitali e c&#8217;\u00e9 un processo amministrativo da completare prima dell&#8217;esame per assicurarsi di poter accedere al certificato digitale. Per accedere alle istruzioni passo-passo per i certificati digitali, acaricare qui\u2026<\/i><\/p>\n\n\n\n<p><em>N.B. I nostri corsi sono forniti in una delle sequenti lingue: francese, tedesco e inglese, si prega di tener conto della lingua, cos\u00ec come la data del corso al momento della registrazione.<\/em><\/p>\n\n\n\n<p><strong>Il prezzo di corso comprende: <\/strong>&#8211; La materia del studio, l&#8217;esame del Wine and Spirit Education Trust <em>(riconosciuto in oltre 80 paesi nel mondo)<\/em>, l&#8217;accesso al sito di studio e l&#8217;instruzione<\/p>\n\n\n\n<p>Ti consigliamo di completare la procedura di registrazione per il corso almeno 4 settimane prima dell&#8217;inizio del corso in modo da poter completare il modulo eLearning in preparazione per il corso e iniziare a lavorare sul materiale del corso prima dell&#8217;inizio del corso in aula.<\/p>\n\n\n\n<p><strong>Richiesta conoscenza preliminare per il corso: <\/strong>&#8211; il corso \u00e8 aperto agli studenti che possiedono la qualifica Livello 2 &#8211; WSET\u00ae in Vini o che possono dimostrare un equivalente livello di conoscenza<\/p>\n\n\n\n<p><em>N.B. se non sei sicuro, contattaci, affinch\u00e9 possiamo aiutarti a scegliere il livello del corso secondo le tue esigenze e obiettivi.<\/em><\/p>\n\n\n\n<p><strong>Ore di apprendimento guidati: <\/strong>&#8211; Si raccomanda che un studente dovrebbe stanziare al meno 84 ore di studio per completare il programma. Le ore di solito \u00e8 una combinazione di tempo di studio insegnato e privato. Si raccomanda inoltre ci che i tempi di consegna per il programme di insegnamento unit\u00e0 no \u00e8 inferiore a 30 ore.<\/p>\n\n\n\n<p><strong>Risultati di apprendimento &#8211; al termine de questo corso, il candidato sar\u00e0 in grado di:<\/strong><\/p>\n\n\n\n<ul class=\"wp-block-list\">\n<li>Identificare i principali fattori naturali ed umani in vigna e in cantina che sono coinvolti nella produzione di vini tranquili del mondo e spiegare come possono influenzare lo stile, la qualit\u00e0 e il prezzo di questi vini<\/li>\n\n\n\n<li>Identificare e descrivere le caratteristiche dei vini tranquili prodotti nelle principali regioni produttrici di vino del mondo e il commercio possono influenzare lo stile, la qualit\u00e0 e il prezzo di questi vini<\/li>\n\n\n\n<li>Identificare le caratteristiche dei principali vini spumanti del mondo e spiegano come i principali fattori naturali ed umani in vigna, la cantina, il diritto e il commercio possono influenzare lo stile, la qualit\u00e0 e il prezzo di questi vini<\/li>\n\n\n\n<li>Identificare e descrivere le caratteristiche dei principali vini liquorosi del mondo e spiegano come i principali fattori naturali ed umani in vigna, cantina e il diritto possono influenzare lo stile, la qualit\u00e0 e il prezzo di questi vini<\/li>\n\n\n\n<li>Dimostrare la capacit\u00e0 di fornire informazioni e consulenza ai clienti e il personale sui vini<\/li>\n\n\n\n<li>Descrivere con precisione le caratteristicche principali del principale vini tranquili del mondo e utilizzare la descrizione per effetuare una valutazione della qualit\u00e0 e una valutazione di preparazione per bere<\/li>\n<\/ul>\n\n\n\n<p><strong>Precorso di apprendimento: <\/strong>&#8211; in caso di superamento del Livello 3 &#8211; WSET\u00ae in Vini, lo candidato pu\u00f2 progredire per le seguente qualifiche:<\/p>\n\n\n\n<p><strong>Livello 2 &#8211; Certificato Specialista in distillati: <\/strong>&#8211; La qualifica offre una maggiore ampiezza e la profondit\u00e0 delle conoscenze nel settore specifico di distillati e liquori. Esso offre mirato di tutte le categorie di prodotti nel campo degli distillati, destinazione finale dei prodotti identificati unitamente alla tecnica di degustazione di base<\/p>\n\n\n\n<p><strong>Livello 4 &#8211; Diploma di vini : <\/strong>&#8211; la qualifica Livello 3 &#8211; WSET\u00ae dei vini \u00e8 necessaria per la progressione alla qualifica &#8211; Livello 4 Diploma di vini<\/p>\n\n\n\n<p><a href=\"https:\/\/beverageinstitute.ch\/it\/product-category\/l3_wine_courses\/\" target=\"_blank\" rel=\"noopener\"><strong><em>per scegliere e iscriversi ad uno dei nostri corsi di livello 3 di vino, segui questo link\u2026<\/em><\/strong><\/a><\/p>\n","protected":false},"excerpt":{"rendered":"<p>Si prega di notare che, con l&#8217;aggiornamento della qualifica, dal 1\u00b0 agosto 2026 saranno disponibili nuovi materiali didattici e nuovi esami. Questo \u00e8 un corso di impostazione decisamente professionale, progettato per portare a una conoscenza approfondita di una vasta gamma di vini. L&#8217;attenzione \u00e8 concetrata sugli elementi che influenzano lo stile, la qualit\u00e0 e il &hellip; <\/p>\n<p class=\"link-more\"><a href=\"https:\/\/beverageinstitute.ch\/it\/wine_courses\/level-3-wset-in-wines\/\" class=\"more-link\">Leggi tutto<span class=\"screen-reader-text\"> &#8220;Livello 3 &#8211; Qualifica WSET\u00ae in vini&#8221;<\/span><\/a><\/p>\n","protected":false},"author":1,"featured_media":30791,"parent":28640,"menu_order":3,"comment_status":"closed","ping_status":"closed","template":"","meta":{"footnotes":""},"class_list":["post-29255","page","type-page","status-publish","has-post-thumbnail","hentry"],"translation":{"provider":"WPGlobus","version":"3.0.2","language":"it","enabled_languages":["en","de","fr","it"],"languages":{"en":{"title":true,"content":true,"excerpt":false},"de":{"title":true,"content":true,"excerpt":false},"fr":{"title":true,"content":true,"excerpt":false},"it":{"title":true,"content":true,"excerpt":false}}},"_links":{"self":[{"href":"https:\/\/beverageinstitute.ch\/it\/wp-json\/wp\/v2\/pages\/29255","targetHints":{"allow":["GET"]}}],"collection":[{"href":"https:\/\/beverageinstitute.ch\/it\/wp-json\/wp\/v2\/pages"}],"about":[{"href":"https:\/\/beverageinstitute.ch\/it\/wp-json\/wp\/v2\/types\/page"}],"author":[{"embeddable":true,"href":"https:\/\/beverageinstitute.ch\/it\/wp-json\/wp\/v2\/users\/1"}],"replies":[{"embeddable":true,"href":"https:\/\/beverageinstitute.ch\/it\/wp-json\/wp\/v2\/comments?post=29255"}],"version-history":[{"count":44,"href":"https:\/\/beverageinstitute.ch\/it\/wp-json\/wp\/v2\/pages\/29255\/revisions"}],"predecessor-version":[{"id":38140,"href":"https:\/\/beverageinstitute.ch\/it\/wp-json\/wp\/v2\/pages\/29255\/revisions\/38140"}],"up":[{"embeddable":true,"href":"https:\/\/beverageinstitute.ch\/it\/wp-json\/wp\/v2\/pages\/28640"}],"wp:featuredmedia":[{"embeddable":true,"href":"https:\/\/beverageinstitute.ch\/it\/wp-json\/wp\/v2\/media\/30791"}],"wp:attachment":[{"href":"https:\/\/beverageinstitute.ch\/it\/wp-json\/wp\/v2\/media?parent=29255"}],"curies":[{"name":"wp","href":"https:\/\/api.w.org\/{rel}","templated":true}]}}