{"id":32921,"date":"2022-10-03T11:24:31","date_gmt":"2022-10-03T09:24:31","guid":{"rendered":"https:\/\/beverageinstitute.ch\/?page_id=32921"},"modified":"2025-07-23T18:26:17","modified_gmt":"2025-07-23T16:26:17","slug":"level-2-in-beer-the-world-of-beer","status":"publish","type":"page","link":"https:\/\/beverageinstitute.ch\/it\/brewing-courses\/level-2-in-beer-the-world-of-beer\/","title":{"rendered":"Livello 2 &#8211; Il mondo della birra"},"content":{"rendered":"\n<p><em><strong>Chi dovrebbe partecipare ?<\/strong><\/em><\/p>\n<p>Il corso di Livello 2 &#8211; Il mondo della birra \u00e8 rivolto a colore che vogliono o devono approfondire la conoscenza dei principali stili di birra disponibili sul mercato e sono in grado di suggerire una birra adatta e di spiegare il profilo gustativo delle birre disponibili in modo professionale.<\/p>\n<p>Il corso \u00e8 adatto a tutti i casi in cui \u00e8 richiesto un buon livello di conoscenza della birra a supporto delle capacit\u00e0 e competenze professionali nel servizio al cliente e nella vendita nei settori dell&#8217;ospitalit\u00e0, della ristorazione e della vendita all&#8217;ingrosso.<\/p>\n<p>Il corso \u00e8 utile anche per coloro che hanno un interesse general per la birra e desiderano ampliare le proprie conoscenze.<\/p>\n<p><em><strong>Quali vantaggi ne trarrete ?<\/strong><\/em><\/p>\n<p>Al termine del corso, i partecipanti saranno in grado di descrivere e confrontare gli stili di birra prodotti con malti importantin a livello internazional e regionale, noch\u00e9 di spiegare l&#8217;uso e l&#8217;importanza del luppolo e degli additivi per ogni stile di birra.<\/p>\n<p><strong>Schema del programma<\/strong><\/p>\n<ul>\n<li>come degustare e descrivere la birra in modo professionale<\/li>\n<li>come la scelta del malto influenza il gusto della birra<\/li>\n<li>spiegare in termini semplici come la scelta del lievito influisce sullo stile di produzione della birra<\/li>\n<li>come i fattori ambientali, il malto in grani, le opzioni di birrificazione e di maturazione influenzano lo stile e la qualit\u00e0 della birra prodotta con i &#8220;malti di base&#8221;:\n<ul>\n<li>malto Vienna<\/li>\n<li>malto Pilsner<\/li>\n<li>malto pallido\u00a0<em>(Maris Otter \/ Golden Promise)<\/em><\/li>\n<\/ul>\n<\/li>\n<li>come vengono utilizzati i malti speciali per influenzare il gusto, la consistenza e il colore di una birra<\/li>\n<li>i difetti pi\u00fb comuni della birra<\/li>\n<li>i principali termini di etichettatura utilizzati per indicare l&#8217;origine, lo stile e la qualit\u00e0 della birra<\/li>\n<li>principi e procedure per conservare e servire la birra<\/li>\n<li>prinicipi di abbinamento della birra con il cibo<\/li>\n<\/ul>\n<p><em><strong>Requisiti d&#8217;esame per il livello 2 nella birra\u00a0<\/strong><\/em>&#8211; completare con successo :<\/p>\n<p>Sezione 1 &#8211; esame teorico<\/p>\n<ul>\n<li>45 domande a scelta multipla<\/li>\n<li>2 domande a risposta breve<\/li>\n<\/ul>\n<p>Sezione 2 &#8211; esame pratico<\/p>\n<ul>\n<li>degustazione alle cieca di due birre<\/li>\n<li>riconoscimento di un difetto importante in una birra<\/li>\n<\/ul>\n<p><em>N.B. Le lezioni, il materiale didattico e l&#8217;esame sono in lingua italiana.<\/em><\/p>\n<p><strong>Il prezzo del corso comprende :\u00a0<\/strong>istruzioni, campioni di birra, materiale didattico e accesso al sito di supporto allo studio per tutta la durata del corso e dell&#8217;esame<\/p>\n<p><strong>Conoscenze pregresse richieste : <\/strong>\u00e8 preferibile aver completato e superato il Livello 1 &#8211; Introduzione alla birra e al servizio della birra o un&#8217;altra qualifica ritenuta equivalente.<\/p>\n<p><em>N.B. Se non siete sicuri, conttateci per aiutarvi a scegliere il livello di corso pu\u00f9 adatto alle vostre esigenze e ai vostri obiettivi.<\/em><\/p>\n<p><strong>Ore di apprendimento guidate : <\/strong> &#8211; si raccomanda che il candidato dedichi almeno 28 ore di studio per completare il programma. Raccomandiamo che ogni candidato preveda 16 ore di studio personale oltre alle normali ore di lezione per superare il corso.<\/p>\n<p><strong>Risultati dell&#8217;apprendimento<\/strong> &#8211; al termine di questo corso, il candidato sar\u00e0 in grado di:<\/p>\n<ul>\n<li>\u00a0comprendere lo stile e la qualit\u00e0 delle birre prodotte con malti di base<\/li>\n<li>comprendere come il processo di produzione della birra pu\u00f2 influenzare lo stile di una birra<\/li>\n<li>comprendere come la scelta del lievito influenzi lo stile della birra<\/li>\n<li>comprendere come la scelta del luppolo influenzi lo stille della birra<\/li>\n<li>riconoscere i principali difetti riscontrati nella birra a livello commerciale<\/li>\n<li>comprendere i principi e i processi chiave coinvolti nella conservazione e nel servizio della birra<\/li>\n<\/ul>\n<p><strong>Percorsi di avanzamento\u00a0<\/strong>&#8211; una volta completato con successo il corso di livello 2, il candidato pu\u00f2 passare alle seguenti qualifiche :<\/p>\n<p><strong>Introduzione alla produzione di birra in pratica :\u00a0<\/strong> il corso fornisce un&#8217;introduzione per i principianti alle tecniche di produzione e confezionamento della birra. Il corso fornisce un^&#8217;introduzione pratica agli aspetti tecnici della produzione di birra e della crazione di ricette di malto, nonch\u00e9 ai principi di controllo del processo di produzione e impbottigliamento. Il corso prevede anche un&#8217;introduzione al utilizzo dei fusti nella produzione di birra per il servizio e lo stoccaggio.<\/p>\n<p><strong>Certificato &#8211; Birra artigianale in pratica :\u00a0<\/strong> il corso copre le conoscenze necessarie per essere in grado di progettare la propria birra, calcolando il plato mirato, l&#8217;IBU e anche il profilo aromatico di diverse birre. Impararete anche perch\u00e9 il controllo di tutti i parametri relativi alla fermentazione\u00a0<em>(compresa la termperatura)\u00a0<\/em> \u00e8 fondamentale per poter ottenere sempre gli stessi risultati.<\/p>\n<p><em>Per iscriversi al corso di livello 2 &#8211; Il Mondo della birra, <a href=\"https:\/\/beverageinstitute.ch\/it\/product-category\/beer-courses\/\" target=\"_blank\" rel=\"noopener\">seguite questo link\u2026<\/a><\/em><\/p>\n<p>\u00a0<\/p>\n\n\n","protected":false},"excerpt":{"rendered":"<p>Chi dovrebbe partecipare ? Il corso di Livello 2 &#8211; Il mondo della birra \u00e8 rivolto a colore che vogliono o devono approfondire la conoscenza dei principali stili di birra disponibili sul mercato e sono in grado di suggerire una birra adatta e di spiegare il profilo gustativo delle birre disponibili in modo professionale. Il &hellip; <\/p>\n<p class=\"link-more\"><a href=\"https:\/\/beverageinstitute.ch\/it\/brewing-courses\/level-2-in-beer-the-world-of-beer\/\" class=\"more-link\">Leggi tutto<span class=\"screen-reader-text\"> &#8220;Livello 2 &#8211; Il mondo della birra&#8221;<\/span><\/a><\/p>\n","protected":false},"author":1,"featured_media":32872,"parent":28850,"menu_order":3,"comment_status":"closed","ping_status":"closed","template":"","meta":{"footnotes":""},"class_list":["post-32921","page","type-page","status-publish","has-post-thumbnail","hentry"],"translation":{"provider":"WPGlobus","version":"3.0.2","language":"it","enabled_languages":["en","de","fr","it"],"languages":{"en":{"title":true,"content":true,"excerpt":false},"de":{"title":true,"content":true,"excerpt":false},"fr":{"title":true,"content":true,"excerpt":false},"it":{"title":true,"content":true,"excerpt":false}}},"_links":{"self":[{"href":"https:\/\/beverageinstitute.ch\/it\/wp-json\/wp\/v2\/pages\/32921","targetHints":{"allow":["GET"]}}],"collection":[{"href":"https:\/\/beverageinstitute.ch\/it\/wp-json\/wp\/v2\/pages"}],"about":[{"href":"https:\/\/beverageinstitute.ch\/it\/wp-json\/wp\/v2\/types\/page"}],"author":[{"embeddable":true,"href":"https:\/\/beverageinstitute.ch\/it\/wp-json\/wp\/v2\/users\/1"}],"replies":[{"embeddable":true,"href":"https:\/\/beverageinstitute.ch\/it\/wp-json\/wp\/v2\/comments?post=32921"}],"version-history":[{"count":27,"href":"https:\/\/beverageinstitute.ch\/it\/wp-json\/wp\/v2\/pages\/32921\/revisions"}],"predecessor-version":[{"id":37693,"href":"https:\/\/beverageinstitute.ch\/it\/wp-json\/wp\/v2\/pages\/32921\/revisions\/37693"}],"up":[{"embeddable":true,"href":"https:\/\/beverageinstitute.ch\/it\/wp-json\/wp\/v2\/pages\/28850"}],"wp:featuredmedia":[{"embeddable":true,"href":"https:\/\/beverageinstitute.ch\/it\/wp-json\/wp\/v2\/media\/32872"}],"wp:attachment":[{"href":"https:\/\/beverageinstitute.ch\/it\/wp-json\/wp\/v2\/media?parent=32921"}],"curies":[{"name":"wp","href":"https:\/\/api.w.org\/{rel}","templated":true}]}}